{"id":22,"date":"2020-06-16T06:55:49","date_gmt":"2020-06-16T06:55:49","guid":{"rendered":"https:\/\/zakra-agency.sites.qsandbox.com\/?page_id=22"},"modified":"2021-02-09T15:03:00","modified_gmt":"2021-02-09T15:03:00","slug":"about","status":"publish","type":"page","link":"http:\/\/www.kiehlturkey.com\/index.php\/about\/","title":{"rendered":"Hakk\u0131m\u0131zda"},"content":{"rendered":"\t\t<div data-elementor-type=\"wp-page\" data-elementor-id=\"22\" class=\"elementor elementor-22\" data-elementor-settings=\"[]\">\r\n\t\t\t\t\t\t<div class=\"elementor-inner\">\r\n\t\t\t\t\t\t\t<div class=\"elementor-section-wrap\">\r\n\t\t\t\t\t\t\t<section class=\"elementor-section elementor-top-section elementor-element elementor-element-c664bfd elementor-section-boxed elementor-section-height-default elementor-section-height-default\" data-id=\"c664bfd\" data-element_type=\"section\">\r\n\t\t\t\t\t\t<div class=\"elementor-container elementor-column-gap-default\">\r\n\t\t\t\t\t\t\t<div class=\"elementor-row\">\r\n\t\t\t\t\t<div class=\"elementor-column elementor-col-100 elementor-top-column elementor-element elementor-element-cba7402\" data-id=\"cba7402\" data-element_type=\"column\">\r\n\t\t\t<div class=\"elementor-column-wrap elementor-element-populated\">\r\n\t\t\t\t\t\t\t<div class=\"elementor-widget-wrap\">\r\n\t\t\t\t\t\t<section class=\"elementor-section elementor-inner-section elementor-element elementor-element-a16f995 elementor-section-boxed elementor-section-height-default elementor-section-height-default\" data-id=\"a16f995\" data-element_type=\"section\">\r\n\t\t\t\t\t\t<div class=\"elementor-container elementor-column-gap-default\">\r\n\t\t\t\t\t\t\t<div class=\"elementor-row\">\r\n\t\t\t\t\t<div class=\"elementor-column elementor-col-50 elementor-inner-column elementor-element elementor-element-b126ffb\" data-id=\"b126ffb\" data-element_type=\"column\">\r\n\t\t\t<div class=\"elementor-column-wrap elementor-element-populated\">\r\n\t\t\t\t\t\t\t<div class=\"elementor-widget-wrap\">\r\n\t\t\t\t\t\t<div class=\"elementor-element elementor-element-c7b4a79 elementor-pagination-position-outside elementor-widget elementor-widget-image-carousel\" data-id=\"c7b4a79\" data-element_type=\"widget\" data-settings=\"{&quot;navigation&quot;:&quot;dots&quot;,&quot;slides_to_show&quot;:&quot;1&quot;,&quot;slides_to_show_tablet&quot;:&quot;1&quot;,&quot;autoplay&quot;:&quot;yes&quot;,&quot;pause_on_hover&quot;:&quot;yes&quot;,&quot;pause_on_interaction&quot;:&quot;yes&quot;,&quot;autoplay_speed&quot;:5000,&quot;infinite&quot;:&quot;yes&quot;,&quot;effect&quot;:&quot;slide&quot;,&quot;speed&quot;:500}\" data-widget_type=\"image-carousel.default\">\r\n\t\t\t\t<div class=\"elementor-widget-container\">\r\n\t\t\t\t\t<div class=\"elementor-image-carousel-wrapper swiper-container\" dir=\"ltr\">\r\n\t\t\t<div class=\"elementor-image-carousel swiper-wrapper\">\r\n\t\t\t\t<div class=\"swiper-slide\"><figure class=\"swiper-slide-inner\"><img class=\"swiper-slide-image\" src=\"http:\/\/www.kiehlturkey.com\/wp-content\/uploads\/2021\/01\/Adsiz-tasarim.png\" alt=\"Ads\u0131z tasar\u0131m\" \/><\/figure><\/div>\t\t\t<\/div>\r\n\t\t\t\t\t<\/div>\r\n\t\t\t\t<\/div>\r\n\t\t\t\t<\/div>\r\n\t\t\t\t\t\t<\/div>\r\n\t\t\t\t\t<\/div>\r\n\t\t<\/div>\r\n\t\t\t\t<div class=\"elementor-column elementor-col-50 elementor-inner-column elementor-element elementor-element-01d724e\" data-id=\"01d724e\" data-element_type=\"column\">\r\n\t\t\t<div class=\"elementor-column-wrap elementor-element-populated\">\r\n\t\t\t\t\t\t\t<div class=\"elementor-widget-wrap\">\r\n\t\t\t\t\t\t<div class=\"elementor-element elementor-element-7bd9b99 elementor-widget elementor-widget-heading\" data-id=\"7bd9b99\" data-element_type=\"widget\" data-widget_type=\"heading.default\">\r\n\t\t\t\t<div class=\"elementor-widget-container\">\r\n\t\t\t<h4 class=\"elementor-heading-title elementor-size-default\">HAKKIMIZDA<\/h4>\t\t<\/div>\r\n\t\t\t\t<\/div>\r\n\t\t\t\t<div class=\"elementor-element elementor-element-765a321 elementor-widget elementor-widget-text-editor\" data-id=\"765a321\" data-element_type=\"widget\" data-widget_type=\"text-editor.default\">\r\n\t\t\t\t<div class=\"elementor-widget-container\">\r\n\t\t\t\t\t<div class=\"elementor-text-editor elementor-clearfix\"><p>Firmam\u0131z 2007 y\u0131l\u0131ndan beri END\u00dcSTR\u0130YEL TEM\u0130ZL\u0130K K\u0130MYASALLARI ve YARDIMCI MALZEMELER\u0130 sekt\u00f6r\u00fcn\u00fcn i\u00e7erisinde\u00a0 yer almaktad\u0131r. 2009 y\u0131l\u0131ndan itibaren de microfiber mop \u00fcretimi ger\u00e7ekle\u015ftirerek yurt d\u0131\u015f\u0131na ihra\u00e7 etmeye ba\u015flam\u0131\u015ft\u0131r.<\/p><p>Tam anlam\u0131 ile s\u0131f\u0131rdan ba\u015flayan firmam\u0131z \u00fclke ekonomisinin zorluklar\u0131n\u0131 g\u00f6z \u00f6n\u00fcnde bulundurarak ad\u0131m ad\u0131m ilerleyen\u00a0 kendine yol bilmi\u015ftir. Firmam\u0131z bu \u015fartlar i\u00e7erisinde firmalar\u0131m\u0131z\u0131n gereksinimi olam t\u00fcm profesyonel end\u00fcstriyel kimyasal\u00a0 ve malzemelerini tedarik etmektedir.<\/p><\/div>\r\n\t\t\t\t<\/div>\r\n\t\t\t\t<\/div>\r\n\t\t\t\t\t\t<\/div>\r\n\t\t\t\t\t<\/div>\r\n\t\t<\/div>\r\n\t\t\t\t\t\t\t\t<\/div>\r\n\t\t\t\t\t<\/div>\r\n\t\t<\/section>\r\n\t\t\t\t<section class=\"elementor-section elementor-inner-section elementor-element elementor-element-2bd198d elementor-section-boxed elementor-section-height-default elementor-section-height-default\" data-id=\"2bd198d\" data-element_type=\"section\">\r\n\t\t\t\t\t\t<div class=\"elementor-container elementor-column-gap-default\">\r\n\t\t\t\t\t\t\t<div class=\"elementor-row\">\r\n\t\t\t\t\t<div class=\"elementor-column elementor-col-100 elementor-inner-column elementor-element elementor-element-16750f1\" data-id=\"16750f1\" data-element_type=\"column\">\r\n\t\t\t<div class=\"elementor-column-wrap elementor-element-populated\">\r\n\t\t\t\t\t\t\t<div class=\"elementor-widget-wrap\">\r\n\t\t\t\t\t\t<div class=\"elementor-element elementor-element-0c6c007 elementor-widget elementor-widget-text-editor\" data-id=\"0c6c007\" data-element_type=\"widget\" data-widget_type=\"text-editor.default\">\r\n\t\t\t\t<div class=\"elementor-widget-container\">\r\n\t\t\t\t\t<div class=\"elementor-text-editor elementor-clearfix\"><p>Bunlar\u0131 sa\u011flarken 2007 ve 2009 y\u0131llar\u0131 i\u00e7erisinde K\u0130EHL &#8211; GERMANY gibi sekt\u00f6r\u00fcn lider firmalar\u0131ndan K\u0130EHL markas\u0131n\u0131, yard\u0131mc\u0131 \u00fcr\u00fcnlerde F\u0130LMOP &#8211; \u0130TALY gibi kat ve hizmet, araba ve aksesuarlar\u0131nda \u00f6nde gelen F\u0130LMOP markas\u0131n\u0131, microfiber bez ve padlerde GOFFEX-AQUA&nbsp; CLEAN&nbsp; markas\u0131n\u0131n ana da\u011f\u0131t\u0131c\u0131l\u0131\u011f\u0131n\u0131 \u00fcstlenmi\u015f&nbsp; bulunmaktad\u0131r. Ve bir\u00e7ok yenilik\u00e7i giri\u015fimlerin i\u00e7erisinde bulunmaktad\u0131r. Ayn\u0131 zamanda DEMOP mop sistemleri ve Unger Temizlik apartalar\u0131n\u0131n da ithalat\u0131n\u0131 yaparak da\u011f\u0131t\u0131m\u0131n\u0131 ger\u00e7ekle\u015ftirmektedir.<\/p>\n<p>K\u0130EHL 1904 y\u0131l\u0131nda Almanya&#8217;da kurulmu\u015ftur. Sekt\u00f6rde 100 y\u0131ldan fazlad\u0131r &#8220;Temizlik \u00e7\u00f6z\u00fcmleyici&#8221;&nbsp; olarak tan\u0131nmaktad\u0131r ve yeniliklerin \u00f6nc\u00fcs\u00fc olarak bilinmektedir.Bu yeniliklere \u00f6rnek olarak;<\/p>\n<ul>\n<li>\u0130lk alkol bazl\u0131 temizleyici,<\/li>\n<li>\u0130lk asitsiz ve klorsuz s\u0131hhi temizleyici,<\/li>\n<li>\u0130lk metal i\u00e7ermeyen zemin kaplamas\u0131,<\/li>\n<li>\u0130lk eco-label \u00f6d\u00fcll\u00fc \u00fcr\u00fcn,<\/li>\n<li>\u0130lk bula\u015f\u0131k makinesi i\u00e7inde y\u0131kama yapan \u00f6n dald\u0131rma maddesi,<\/li>\n<li>\u0130lk su bazl\u0131 ah\u015fap ya\u011f\u0131,<\/li>\n<li>\u0130lk kendinden dozajlamal\u0131 konsantre \u00fcr\u00fcn ambalaj\u0131,<\/li>\n<li>\u0130lk maksimum hastane hijyeni i\u00e7i &#8220;Promop&#8221; isimli sistem.(Web Sayfas\u0131nda videosu mevcut &#8211; http:\/\/www.kiehltr.com\/tan\u0131t\u0131m.htm)<\/li>\n<\/ul>\n<p>Gibi daha bir \u00e7ok yenili\u011fin \u00f6nc\u00fcs\u00fc olmu\u015ftur. T\u00fcrkiye de oldu\u011fu gibi d\u00fcnyan\u0131n 70&#8217;den fazla&nbsp; \u00fclkesine faaliyet g\u00f6stermektedir. \u00dcr\u00fcn kalitesi d\u00fcnyan\u0131n her yerinde ayn\u0131 olsun ve \u00fcr\u00fcn kalitesi bozulmas\u0131n diye sadece M\u00fcnih fabrikalar\u0131nda \u00fcretimini ger\u00e7ekle\u015ftirmektedir.<\/p>\n<p>\u015eirketimiz geli\u015fimi i\u00e7erisinde; hizmet anlay\u0131\u015f\u0131n\u0131 \u00fcst seviyeye \u00e7\u0131karabilmek i\u00e7in profesyonel bir kadro olu\u015fturma yoluna gitmi\u015f, gerekli departmanlar\u0131n\u0131 kurarak aktif hale getirmi\u015ftir. Bizim i\u00e7in esas: M\u00fc\u015fterinin g\u00fcvenini kazanmakt\u0131r.<\/p>\n<p>Bug\u00fcn ve yar\u0131nlarda da siz m\u00fc\u015fterilerimize daha iyi hizmet verebilmek dile\u011fiyle&#8230;<\/p>\n<p><strong>SAYGILARIMLA<\/strong><\/p><\/div>\r\n\t\t\t\t<\/div>\r\n\t\t\t\t<\/div>\r\n\t\t\t\t\t\t<\/div>\r\n\t\t\t\t\t<\/div>\r\n\t\t<\/div>\r\n\t\t\t\t\t\t\t\t<\/div>\r\n\t\t\t\t\t<\/div>\r\n\t\t<\/section>\r\n\t\t\t\t\t\t<\/div>\r\n\t\t\t\t\t<\/div>\r\n\t\t<\/div>\r\n\t\t\t\t\t\t\t\t<\/div>\r\n\t\t\t\t\t<\/div>\r\n\t\t<\/section>\r\n\t\t\t\t<section class=\"elementor-section elementor-top-section elementor-element elementor-element-2b13e15 elementor-section-boxed elementor-section-height-default elementor-section-height-default\" data-id=\"2b13e15\" data-element_type=\"section\">\r\n\t\t\t\t\t\t<div class=\"elementor-container elementor-column-gap-default\">\r\n\t\t\t\t\t\t\t<div class=\"elementor-row\">\r\n\t\t\t\t\t<div class=\"elementor-column elementor-col-100 elementor-top-column elementor-element elementor-element-e3089de\" data-id=\"e3089de\" data-element_type=\"column\">\r\n\t\t\t<div class=\"elementor-column-wrap elementor-element-populated\">\r\n\t\t\t\t\t\t\t<div class=\"elementor-widget-wrap\">\r\n\t\t\t\t\t\t<div class=\"elementor-element elementor-element-ef87f84 elementor-arrows-position-inside elementor-pagination-position-outside elementor-widget elementor-widget-image-carousel\" data-id=\"ef87f84\" data-element_type=\"widget\" data-settings=\"{&quot;slides_to_show&quot;:&quot;1&quot;,&quot;navigation&quot;:&quot;both&quot;,&quot;autoplay&quot;:&quot;yes&quot;,&quot;pause_on_hover&quot;:&quot;yes&quot;,&quot;pause_on_interaction&quot;:&quot;yes&quot;,&quot;autoplay_speed&quot;:5000,&quot;infinite&quot;:&quot;yes&quot;,&quot;effect&quot;:&quot;slide&quot;,&quot;speed&quot;:500}\" data-widget_type=\"image-carousel.default\">\r\n\t\t\t\t<div class=\"elementor-widget-container\">\r\n\t\t\t\t\t<div class=\"elementor-image-carousel-wrapper swiper-container\" dir=\"ltr\">\r\n\t\t\t<div class=\"elementor-image-carousel swiper-wrapper\">\r\n\t\t\t\t<div class=\"swiper-slide\"><figure class=\"swiper-slide-inner\"><img class=\"swiper-slide-image\" src=\"http:\/\/www.kiehlturkey.com\/wp-content\/uploads\/2021\/01\/a3b6cb1e-bbec-4033-9dbb-666dc0a2ec18-768x432.jpg\" alt=\"a3b6cb1e-bbec-4033-9dbb-666dc0a2ec18\" \/><\/figure><\/div><div class=\"swiper-slide\"><figure class=\"swiper-slide-inner\"><img class=\"swiper-slide-image\" src=\"http:\/\/www.kiehlturkey.com\/wp-content\/uploads\/2021\/01\/fbb32edc-cbf3-4913-b574-b9dd68829174-1-768x432.jpg\" alt=\"fbb32edc-cbf3-4913-b574-b9dd68829174\" \/><\/figure><\/div><div class=\"swiper-slide\"><figure class=\"swiper-slide-inner\"><img class=\"swiper-slide-image\" src=\"http:\/\/www.kiehlturkey.com\/wp-content\/uploads\/2021\/01\/84952a8b-2826-4ec0-9d65-f65e8ab86a67-768x432.jpg\" alt=\"84952a8b-2826-4ec0-9d65-f65e8ab86a67\" \/><\/figure><\/div><div class=\"swiper-slide\"><figure class=\"swiper-slide-inner\"><img class=\"swiper-slide-image\" src=\"http:\/\/www.kiehlturkey.com\/wp-content\/uploads\/2021\/01\/753f2692-c350-4b48-8539-6ebc32fb0f60-768x432.jpg\" alt=\"753f2692-c350-4b48-8539-6ebc32fb0f60\" \/><\/figure><\/div><div class=\"swiper-slide\"><figure class=\"swiper-slide-inner\"><img class=\"swiper-slide-image\" src=\"http:\/\/www.kiehlturkey.com\/wp-content\/uploads\/2021\/01\/3b6bdbb6-7296-4eb4-af9c-55a5d98b16a6-768x432.jpg\" alt=\"3b6bdbb6-7296-4eb4-af9c-55a5d98b16a6\" \/><\/figure><\/div>\t\t\t<\/div>\r\n\t\t\t\t\t\t\t\t\t\t\t\t<div class=\"swiper-pagination\"><\/div>\r\n\t\t\t\t\t\t\t\t\t\t\t\t\t<div class=\"elementor-swiper-button elementor-swiper-button-prev\">\r\n\t\t\t\t\t\t<i class=\"eicon-chevron-left\" aria-hidden=\"true\"><\/i>\r\n\t\t\t\t\t\t<span class=\"elementor-screen-only\">Previous<\/span>\r\n\t\t\t\t\t<\/div>\r\n\t\t\t\t\t<div class=\"elementor-swiper-button elementor-swiper-button-next\">\r\n\t\t\t\t\t\t<i class=\"eicon-chevron-right\" aria-hidden=\"true\"><\/i>\r\n\t\t\t\t\t\t<span class=\"elementor-screen-only\">Next<\/span>\r\n\t\t\t\t\t<\/div>\r\n\t\t\t\t\t\t\t\t\t<\/div>\r\n\t\t\t\t<\/div>\r\n\t\t\t\t<\/div>\r\n\t\t\t\t\t\t<\/div>\r\n\t\t\t\t\t<\/div>\r\n\t\t<\/div>\r\n\t\t\t\t\t\t\t\t<\/div>\r\n\t\t\t\t\t<\/div>\r\n\t\t<\/section>\r\n\t\t\t\t<section class=\"elementor-section elementor-top-section elementor-element elementor-element-cc729b6 elementor-section-boxed elementor-section-height-default elementor-section-height-default\" data-id=\"cc729b6\" data-element_type=\"section\" data-settings=\"{&quot;background_background&quot;:&quot;gradient&quot;}\">\r\n\t\t\t\t\t\t<div class=\"elementor-container elementor-column-gap-no\">\r\n\t\t\t\t\t\t\t<div class=\"elementor-row\">\r\n\t\t\t\t\t<div class=\"elementor-column elementor-col-50 elementor-top-column elementor-element elementor-element-138209b\" data-id=\"138209b\" data-element_type=\"column\">\r\n\t\t\t<div class=\"elementor-column-wrap elementor-element-populated\">\r\n\t\t\t\t\t\t\t<div class=\"elementor-widget-wrap\">\r\n\t\t\t\t\t\t<div class=\"elementor-element elementor-element-0d1b5fa elementor-widget elementor-widget-heading\" data-id=\"0d1b5fa\" data-element_type=\"widget\" data-widget_type=\"heading.default\">\r\n\t\t\t\t<div class=\"elementor-widget-container\">\r\n\t\t\t<h3 class=\"elementor-heading-title elementor-size-default\">Bizimle \u0130leti\u015fime Ge\u00e7<\/h3>\t\t<\/div>\r\n\t\t\t\t<\/div>\r\n\t\t\t\t\t\t<\/div>\r\n\t\t\t\t\t<\/div>\r\n\t\t<\/div>\r\n\t\t\t\t<div class=\"elementor-column elementor-col-50 elementor-top-column elementor-element elementor-element-7dfbc5c\" data-id=\"7dfbc5c\" data-element_type=\"column\">\r\n\t\t\t<div class=\"elementor-column-wrap elementor-element-populated\">\r\n\t\t\t\t\t\t\t<div class=\"elementor-widget-wrap\">\r\n\t\t\t\t\t\t<div class=\"elementor-element elementor-element-2119459 elementor-align-right elementor-mobile-align-center elementor-widget elementor-widget-button\" data-id=\"2119459\" data-element_type=\"widget\" data-widget_type=\"button.default\">\r\n\t\t\t\t<div class=\"elementor-widget-container\">\r\n\t\t\t\t\t<div class=\"elementor-button-wrapper\">\r\n\t\t\t<a href=\"https:\/\/kiehl.mcsajans.com\/index.php\/contact\/\" class=\"elementor-button-link elementor-button elementor-size-sm elementor-animation-grow\" role=\"button\">\r\n\t\t\t\t\t\t<span class=\"elementor-button-content-wrapper\">\r\n\t\t\t\t\t\t<span class=\"elementor-button-icon elementor-align-icon-left\">\r\n\t\t\t\t<i aria-hidden=\"true\" class=\"fas fa-phone-alt\"><\/i>\t\t\t<\/span>\r\n\t\t\t\t\t\t<span class=\"elementor-button-text\">\u0130LET\u0130\u015e\u0130ME GE\u00c7<\/span>\r\n\t\t<\/span>\r\n\t\t\t\t\t<\/a>\r\n\t\t<\/div>\r\n\t\t\t\t<\/div>\r\n\t\t\t\t<\/div>\r\n\t\t\t\t\t\t<\/div>\r\n\t\t\t\t\t<\/div>\r\n\t\t<\/div>\r\n\t\t\t\t\t\t\t\t<\/div>\r\n\t\t\t\t\t<\/div>\r\n\t\t<\/section>\r\n\t\t\t\t<section class=\"elementor-section elementor-top-section elementor-element elementor-element-6ccd762 elementor-section-boxed elementor-section-height-default elementor-section-height-default\" data-id=\"6ccd762\" data-element_type=\"section\">\r\n\t\t\t\t\t\t<div class=\"elementor-container elementor-column-gap-default\">\r\n\t\t\t\t\t\t\t<div class=\"elementor-row\">\r\n\t\t\t\t\t<div class=\"elementor-column elementor-col-100 elementor-top-column elementor-element elementor-element-5b207c9\" data-id=\"5b207c9\" data-element_type=\"column\">\r\n\t\t\t<div class=\"elementor-column-wrap elementor-element-populated\">\r\n\t\t\t\t\t\t\t<div class=\"elementor-widget-wrap\">\r\n\t\t\t\t\t\t<div class=\"elementor-element elementor-element-0fd5487 elementor-icon-list--layout-inline elementor-align-center elementor-list-item-link-full_width elementor-widget elementor-widget-icon-list\" data-id=\"0fd5487\" data-element_type=\"widget\" data-widget_type=\"icon-list.default\">\r\n\t\t\t\t<div class=\"elementor-widget-container\">\r\n\t\t\t\t\t<ul class=\"elementor-icon-list-items elementor-inline-items\">\r\n\t\t\t\t\t\t\t<li class=\"elementor-icon-list-item elementor-inline-item\">\r\n\t\t\t\t\t<a href=\"https:\/\/www.facebook.com\/zakratheme\">\t\t\t\t\t\t<span class=\"elementor-icon-list-icon\">\r\n\t\t\t\t\t\t\t<i aria-hidden=\"true\" class=\"fab fa-facebook-f\"><\/i>\t\t\t\t\t\t<\/span>\r\n\t\t\t\t\t\t\t\t\t\t<span class=\"elementor-icon-list-text\"><\/span>\r\n\t\t\t\t\t\t\t\t\t\t\t<\/a>\r\n\t\t\t\t\t\t\t\t\t<\/li>\r\n\t\t\t\t\t\t\t\t<li class=\"elementor-icon-list-item elementor-inline-item\">\r\n\t\t\t\t\t<a href=\"https:\/\/twitter.com\/zakratheme\/\">\t\t\t\t\t\t<span class=\"elementor-icon-list-icon\">\r\n\t\t\t\t\t\t\t<i aria-hidden=\"true\" class=\"fab fa-twitter\"><\/i>\t\t\t\t\t\t<\/span>\r\n\t\t\t\t\t\t\t\t\t\t<span class=\"elementor-icon-list-text\"><\/span>\r\n\t\t\t\t\t\t\t\t\t\t\t<\/a>\r\n\t\t\t\t\t\t\t\t\t<\/li>\r\n\t\t\t\t\t\t\t\t<li class=\"elementor-icon-list-item elementor-inline-item\">\r\n\t\t\t\t\t<a href=\"https:\/\/www.linkedin.com\/company\/themegrill-pvt.-ltd.\/\">\t\t\t\t\t\t<span class=\"elementor-icon-list-icon\">\r\n\t\t\t\t\t\t\t<i aria-hidden=\"true\" class=\"fab fa-linkedin-in\"><\/i>\t\t\t\t\t\t<\/span>\r\n\t\t\t\t\t\t\t\t\t\t<span class=\"elementor-icon-list-text\"><\/span>\r\n\t\t\t\t\t\t\t\t\t\t\t<\/a>\r\n\t\t\t\t\t\t\t\t\t<\/li>\r\n\t\t\t\t\t\t\t\t<li class=\"elementor-icon-list-item elementor-inline-item\">\r\n\t\t\t\t\t<a href=\"https:\/\/www.youtube.com\/channel\/UCxxUb-k2cT43fNXY-V39LXw\">\t\t\t\t\t\t<span class=\"elementor-icon-list-icon\">\r\n\t\t\t\t\t\t\t<i aria-hidden=\"true\" class=\"fab fa-youtube\"><\/i>\t\t\t\t\t\t<\/span>\r\n\t\t\t\t\t\t\t\t\t\t<span class=\"elementor-icon-list-text\"><\/span>\r\n\t\t\t\t\t\t\t\t\t\t\t<\/a>\r\n\t\t\t\t\t\t\t\t\t<\/li>\r\n\t\t\t\t\t\t\t\t<li class=\"elementor-icon-list-item elementor-inline-item\">\r\n\t\t\t\t\t<a href=\"https:\/\/www.pinterest.co.uk\/themegrill\">\t\t\t\t\t\t<span class=\"elementor-icon-list-icon\">\r\n\t\t\t\t\t\t\t<i aria-hidden=\"true\" class=\"fab fa-pinterest\"><\/i>\t\t\t\t\t\t<\/span>\r\n\t\t\t\t\t\t\t\t\t\t<span class=\"elementor-icon-list-text\"><\/span>\r\n\t\t\t\t\t\t\t\t\t\t\t<\/a>\r\n\t\t\t\t\t\t\t\t\t<\/li>\r\n\t\t\t\t\t\t<\/ul>\r\n\t\t\t\t<\/div>\r\n\t\t\t\t<\/div>\r\n\t\t\t\t\t\t<\/div>\r\n\t\t\t\t\t<\/div>\r\n\t\t<\/div>\r\n\t\t\t\t\t\t\t\t<\/div>\r\n\t\t\t\t\t<\/div>\r\n\t\t<\/section>\r\n\t\t\t\t\t\t<\/div>\r\n\t\t\t\t\t\t<\/div>\r\n\t\t\t\t\t<\/div>\r\n\t\t","protected":false},"excerpt":{"rendered":"<p>HAKKIMIZDA Firmam\u0131z 2007 y\u0131l\u0131ndan beri END\u00dcSTR\u0130YEL TEM\u0130ZL\u0130K K\u0130MYASALLARI ve YARDIMCI MALZEMELER\u0130 sekt\u00f6r\u00fcn\u00fcn i\u00e7erisinde\u00a0 yer almaktad\u0131r. 2009 y\u0131l\u0131ndan itibaren de microfiber mop \u00fcretimi ger\u00e7ekle\u015ftirerek yurt d\u0131\u015f\u0131na ihra\u00e7 etmeye ba\u015flam\u0131\u015ft\u0131r. Tam anlam\u0131 ile s\u0131f\u0131rdan ba\u015flayan firmam\u0131z \u00fclke ekonomisinin zorluklar\u0131n\u0131 g\u00f6z \u00f6n\u00fcnde bulundurarak ad\u0131m ad\u0131m ilerleyen\u00a0 kendine yol bilmi\u015ftir. Firmam\u0131z bu \u015fartlar i\u00e7erisinde firmalar\u0131m\u0131z\u0131n gereksinimi olam t\u00fcm profesyonel [&hellip;]<\/p>\n","protected":false},"author":1,"featured_media":0,"parent":0,"menu_order":0,"comment_status":"closed","ping_status":"closed","template":"page-templates\/pagebuilder.php","meta":[],"yoast_head":"<!-- This site is optimized with the Yoast SEO plugin v15.9 - https:\/\/yoast.com\/wordpress\/plugins\/seo\/ -->\r\n<title>Hakk\u0131m\u0131zda | K\u0130EHL<\/title>\r\n<meta name=\"robots\" content=\"noindex, follow\" \/>\r\n<meta property=\"og:locale\" content=\"tr_TR\" \/>\r\n<meta property=\"og:type\" content=\"article\" \/>\r\n<meta property=\"og:title\" content=\"Hakk\u0131m\u0131zda | K\u0130EHL\" \/>\r\n<meta property=\"og:description\" content=\"HAKKIMIZDA Firmam\u0131z 2007 y\u0131l\u0131ndan beri END\u00dcSTR\u0130YEL TEM\u0130ZL\u0130K K\u0130MYASALLARI ve YARDIMCI MALZEMELER\u0130 sekt\u00f6r\u00fcn\u00fcn i\u00e7erisinde\u00a0 yer almaktad\u0131r. 2009 y\u0131l\u0131ndan itibaren de microfiber mop \u00fcretimi ger\u00e7ekle\u015ftirerek yurt d\u0131\u015f\u0131na ihra\u00e7 etmeye ba\u015flam\u0131\u015ft\u0131r. Tam anlam\u0131 ile s\u0131f\u0131rdan ba\u015flayan firmam\u0131z \u00fclke ekonomisinin zorluklar\u0131n\u0131 g\u00f6z \u00f6n\u00fcnde bulundurarak ad\u0131m ad\u0131m ilerleyen\u00a0 kendine yol bilmi\u015ftir. Firmam\u0131z bu \u015fartlar i\u00e7erisinde firmalar\u0131m\u0131z\u0131n gereksinimi olam t\u00fcm profesyonel [&hellip;]\" \/>\r\n<meta property=\"og:url\" content=\"http:\/\/www.kiehlturkey.com\/index.php\/about\/\" \/>\r\n<meta property=\"og:site_name\" content=\"K\u0130EHL\" \/>\r\n<meta property=\"article:modified_time\" content=\"2021-02-09T15:03:00+00:00\" \/>\r\n<meta property=\"og:image\" content=\"https:\/\/kiehl.mcsajans.com\/wp-content\/uploads\/2021\/01\/Adsiz-tasarim.png\" \/>\r\n<meta name=\"twitter:card\" content=\"summary_large_image\" \/>\r\n<meta name=\"twitter:label1\" content=\"Tahmini okuma s\u00fcresi\">\n\t<meta name=\"twitter:data1\" content=\"3 dakika\">\r\n<script type=\"application\/ld+json\" class=\"yoast-schema-graph\">{\"@context\":\"https:\/\/schema.org\",\"@graph\":[{\"@type\":\"WebSite\",\"@id\":\"http:\/\/www.kiehlturkey.com\/#website\",\"url\":\"http:\/\/www.kiehlturkey.com\/\",\"name\":\"K\\u0130EHL\",\"description\":\"die saubere L\\u00f6sung\",\"potentialAction\":[{\"@type\":\"SearchAction\",\"target\":\"http:\/\/www.kiehlturkey.com\/?s={search_term_string}\",\"query-input\":\"required name=search_term_string\"}],\"inLanguage\":\"tr\"},{\"@type\":\"ImageObject\",\"@id\":\"http:\/\/www.kiehlturkey.com\/index.php\/about\/#primaryimage\",\"inLanguage\":\"tr\",\"url\":\"https:\/\/kiehl.mcsajans.com\/wp-content\/uploads\/2021\/01\/Adsiz-tasarim.png\"},{\"@type\":\"WebPage\",\"@id\":\"http:\/\/www.kiehlturkey.com\/index.php\/about\/#webpage\",\"url\":\"http:\/\/www.kiehlturkey.com\/index.php\/about\/\",\"name\":\"Hakk\\u0131m\\u0131zda | K\\u0130EHL\",\"isPartOf\":{\"@id\":\"http:\/\/www.kiehlturkey.com\/#website\"},\"primaryImageOfPage\":{\"@id\":\"http:\/\/www.kiehlturkey.com\/index.php\/about\/#primaryimage\"},\"datePublished\":\"2020-06-16T06:55:49+00:00\",\"dateModified\":\"2021-02-09T15:03:00+00:00\",\"breadcrumb\":{\"@id\":\"http:\/\/www.kiehlturkey.com\/index.php\/about\/#breadcrumb\"},\"inLanguage\":\"tr\",\"potentialAction\":[{\"@type\":\"ReadAction\",\"target\":[\"http:\/\/www.kiehlturkey.com\/index.php\/about\/\"]}]},{\"@type\":\"BreadcrumbList\",\"@id\":\"http:\/\/www.kiehlturkey.com\/index.php\/about\/#breadcrumb\",\"itemListElement\":[{\"@type\":\"ListItem\",\"position\":1,\"item\":{\"@type\":\"WebPage\",\"@id\":\"http:\/\/www.kiehlturkey.com\/\",\"url\":\"http:\/\/www.kiehlturkey.com\/\",\"name\":\"Ana sayfa\"}},{\"@type\":\"ListItem\",\"position\":2,\"item\":{\"@type\":\"WebPage\",\"@id\":\"http:\/\/www.kiehlturkey.com\/index.php\/about\/\",\"url\":\"http:\/\/www.kiehlturkey.com\/index.php\/about\/\",\"name\":\"Hakk\\u0131m\\u0131zda\"}}]}]}<\/script>\r\n<!-- \/ Yoast SEO plugin. -->","_links":{"self":[{"href":"http:\/\/www.kiehlturkey.com\/index.php\/wp-json\/wp\/v2\/pages\/22"}],"collection":[{"href":"http:\/\/www.kiehlturkey.com\/index.php\/wp-json\/wp\/v2\/pages"}],"about":[{"href":"http:\/\/www.kiehlturkey.com\/index.php\/wp-json\/wp\/v2\/types\/page"}],"author":[{"embeddable":true,"href":"http:\/\/www.kiehlturkey.com\/index.php\/wp-json\/wp\/v2\/users\/1"}],"replies":[{"embeddable":true,"href":"http:\/\/www.kiehlturkey.com\/index.php\/wp-json\/wp\/v2\/comments?post=22"}],"version-history":[{"count":28,"href":"http:\/\/www.kiehlturkey.com\/index.php\/wp-json\/wp\/v2\/pages\/22\/revisions"}],"predecessor-version":[{"id":1386,"href":"http:\/\/www.kiehlturkey.com\/index.php\/wp-json\/wp\/v2\/pages\/22\/revisions\/1386"}],"wp:attachment":[{"href":"http:\/\/www.kiehlturkey.com\/index.php\/wp-json\/wp\/v2\/media?parent=22"}],"curies":[{"name":"wp","href":"https:\/\/api.w.org\/{rel}","templated":true}]}}