{"id":1185,"date":"2021-01-20T21:30:08","date_gmt":"2021-01-20T21:30:08","guid":{"rendered":"https:\/\/kiehl.mcsajans.com\/?post_type=product&#038;p=1185"},"modified":"2021-01-20T21:31:27","modified_gmt":"2021-01-20T21:31:27","slug":"kiehl-parkettin-konsantre","status":"publish","type":"product","link":"http:\/\/www.kiehlturkey.com\/index.php\/urun\/kiehl-parkettin-konsantre\/","title":{"rendered":"Kiehl-Parkettin Konsantre"},"content":{"rendered":"<p><span class=\"urun_text_02\"><strong>\u00d6zellikleri :<\/strong>\u00a0<\/span>Yo\u011fun temizleme ve anti-\u00e7\u00f6kelme ajanlar\u0131 i\u00e7erir, ho\u015f ve ferah kokuludur. Bak\u0131m<br \/>\nmaddeleri p\u00fcr\u00fczs\u00fcz bir \u015fekilde kurur ve kirlenmeye kar\u015f\u0131 olduk\u00e7a dayan\u0131kl\u0131 parlak ve sert bir koruyucu tabaka olu\u015fturur. Siyah topuk izleri b\u00fcy\u00fck \u00f6l\u00e7\u00fcde \u00f6nlenir. Cilalanmam\u0131\u015f parke ve laminat y\u00fczeylerin kenarlar\u0131 neme kar\u015f\u0131 \u00e7ok iyi bir \u015fekilde orunur. Parlatma i\u015flemi, bak\u0131m \u00f6zelliklerini g\u00fc\u00e7lendirir ve dayan\u0131kl\u0131l\u0131\u011f\u0131 ve g\u00f6r\u00fcn\u00fcm\u00fcn g\u00fczelli\u011fini artt\u0131r\u0131r.<\/p>\n<p><strong><span class=\"urun_text_02\">\u0130\u00e7indekiler :<\/span><\/strong>\u00a0Non-iyonik y\u00fczey etkin maddeler 5-15%, suda \u00e7\u00f6z\u00fcnebilen solventler, sentetik sabun, bak\u0131m maddeleri, katk\u0131 maddeleri, boyar maddeler, esanslar (heksil sinamal,<br \/>\nbenzil salisilat, liliyal, hidroksisoheksil-3-siklo-hekzan-karboksaldehid, sitronelol). pH value (concentrate): approx. 4,5 pH value (ready-to-use solution): approx. 7<br \/>\n<span class=\"urun_text_02\"><br \/>\n<strong>Kullan\u0131m Alanlar\u0131 :<\/strong>\u00a0<\/span>Kiehl-Wax-Ex, solvent mumu, zift, ya\u011f, katran ve topuk izlerini gidermek i\u00e7in uygundur. \u00d6zellikle ah\u015fap, mantar ve tu\u011fla (cotto) gibi solventlere dayan\u0131kl\u0131<br \/>\nzemin kaplamalar\u0131nda kullan\u0131m i\u00e7indir.<\/p>\n<p><strong><span class=\"urun_text_02\">Kullan\u0131m \u015eekli :<\/span>\u00a0<\/strong>1 \u00f6l\u00e7ek (\u00f6l\u00e7ek kapa\u011f\u0131) = 25 ml<\/p>\n<p><strong>Mikro koruma :<\/strong> Kiehl-Parkettin Konsantre&#8217;yi uygulamadan \u00f6nce zeminin temiz, kuru ve cila, mum cilas\u0131, silikon, toz gibi \u00f6\u011felerden ar\u0131nd\u0131r\u0131lm\u0131\u015f olmas\u0131 \u015fartt\u0131r. 500 ml suya 1 \u00f6l\u00e7ek kat\u0131n. Paspas\u0131 temizleme sol\u00fcsyonuna dald\u0131r\u0131n, iyice s\u0131k\u0131n ve y\u00fczeyi temizleyin. Y\u00fczeyde su kalmamas\u0131na dikkat edin!<\/p>\n<p><strong><span class=\"urun_text_02\">Aral\u0131kl\u0131 bak\u0131m :<\/span><\/strong>\u00a08 litre so\u011fuk suya 1 \u00f6l\u00e7ek kat\u0131n. Paspas\u0131 temizleme sol\u00fcsyonuna dald\u0131r\u0131n,<br \/>\niyice s\u0131k\u0131n ve y\u00fczeyi temizleyin.<\/p>\n<p><strong><span class=\"urun_text_02\">Sprey perdahlama :<\/span><\/strong>\u00a0500 ml so\u011fuk suya 1 \u00f6l\u00e7ek kat\u0131n, sprey kutusu ve y\u00fcksek devirli makine ile \u00e7al\u0131\u015f\u0131n (yakla\u015f\u0131k 1,000 r.p.m.).<\/p>\n<p><strong><span class=\"urun_text_02\">Cilalama :<\/span>\u00a0<\/strong>Y\u00fczeyin cilalanmas\u0131 (yakla\u015f\u0131k 1,000 r.p.m. devir ile), bak\u0131m \u00f6zelliklerini yo\u011funla\u015ft\u0131r\u0131r, ayak izlerini elimine eder ve kaymazl\u0131k sa\u011flayarak dayan\u0131kl\u0131l\u0131\u011f\u0131 artt\u0131r\u0131r.<\/p>\n<p><strong><span class=\"urun_text_02\">Not :<\/span><\/strong>\u00a0A\u015f\u0131r\u0131 miktarda su ile temizlemek ve y\u00fczeyde su b\u0131rakmak ah\u015fap y\u00fczeye zarar verebilir.<\/p>\n","protected":false},"excerpt":{"rendered":"<h1>Kiehl-Parkettin Konsantre<\/h1>\n<p><em><span class=\"urun_text_02\">Ah\u015fap y\u00fczeyler i\u00e7in bak\u0131m temizleyicisi<\/span><\/em><\/p>\n<p><span class=\"urun_text_02\"><strong>\u00d6zellikleri :<\/strong>\u00a0<\/span>Yo\u011fun temizleme ve anti-\u00e7\u00f6kelme ajanlar\u0131 i\u00e7erir, ho\u015f ve ferah kokuludur. Bak\u0131m<br \/>\nmaddeleri p\u00fcr\u00fczs\u00fcz bir \u015fekilde kurur ve kirlenmeye kar\u015f\u0131 olduk\u00e7a dayan\u0131kl\u0131 parlak ve sert bir koruyucu tabaka olu\u015fturur. Siyah topuk izleri b\u00fcy\u00fck \u00f6l\u00e7\u00fcde \u00f6nlenir. Cilalanmam\u0131\u015f parke ve laminat y\u00fczeylerin kenarlar\u0131 neme kar\u015f\u0131 \u00e7ok iyi bir \u015fekilde orunur. Parlatma i\u015flemi, bak\u0131m \u00f6zelliklerini g\u00fc\u00e7lendirir ve dayan\u0131kl\u0131l\u0131\u011f\u0131 ve g\u00f6r\u00fcn\u00fcm\u00fcn g\u00fczelli\u011fini artt\u0131r\u0131r.<\/p>\n<hr \/>\n<p><img loading=\"lazy\" class=\"alignnone size-full wp-image-1188\" src=\"https:\/\/kiehl.mcsajans.com\/wp-content\/uploads\/2021\/01\/kiehl-parkettin_konsantre_icon.jpg\" alt=\"\" width=\"215\" height=\"49\" \/><\/p>\n<p><strong>Metrekare ba\u015f\u0131na t\u00fcketim:<\/strong> Silme: 0,12-0,15 ml &#8211; Mikro koruma: 0,75 ml &#8211; Sprey perdahlama: 0,25 ml<\/p>\n<p><strong>Paketleme:<\/strong> Profesyonel kullan\u0131mlar i\u00e7indir! 6 x 1 litre \u00f6l\u00e7ek \u015fi\u015felik koli \u00dcr. No. j 22 12 02<\/p>\n","protected":false},"featured_media":1186,"comment_status":"open","ping_status":"closed","template":"","meta":[],"yoast_head":"<!-- This site is optimized with the Yoast SEO plugin v15.9 - https:\/\/yoast.com\/wordpress\/plugins\/seo\/ -->\r\n<title>Kiehl-Parkettin Konsantre | K\u0130EHL<\/title>\r\n<meta name=\"description\" content=\"Kiehl-Parkettin Konsantre \u00fcr\u00fcn\u00fcn\u00fc inceleyebilirsiniz. Yo\u011fun temizleme ve anti-\u00e7\u00f6kelme ajanlar\u0131 i\u00e7erir, ho\u015f ve ferah kokuludur.\" \/>\r\n<meta name=\"robots\" content=\"index, follow, max-snippet:-1, max-image-preview:large, max-video-preview:-1\" \/>\r\n<link rel=\"canonical\" href=\"http:\/\/www.kiehlturkey.com\/index.php\/urun\/kiehl-parkettin-konsantre\/\" \/>\r\n<meta property=\"og:locale\" content=\"tr_TR\" \/>\r\n<meta property=\"og:type\" content=\"article\" \/>\r\n<meta property=\"og:title\" content=\"Kiehl-Parkettin Konsantre | K\u0130EHL\" \/>\r\n<meta property=\"og:description\" content=\"Kiehl-Parkettin Konsantre \u00fcr\u00fcn\u00fcn\u00fc inceleyebilirsiniz. Yo\u011fun temizleme ve anti-\u00e7\u00f6kelme ajanlar\u0131 i\u00e7erir, ho\u015f ve ferah kokuludur.\" \/>\r\n<meta property=\"og:url\" content=\"http:\/\/www.kiehlturkey.com\/index.php\/urun\/kiehl-parkettin-konsantre\/\" \/>\r\n<meta property=\"og:site_name\" content=\"K\u0130EHL\" \/>\r\n<meta property=\"article:modified_time\" content=\"2021-01-20T21:31:27+00:00\" \/>\r\n<meta property=\"og:image\" content=\"http:\/\/www.kiehlturkey.com\/wp-content\/uploads\/2021\/01\/kiehl-parkettin_konsantre.jpg\" \/>\r\n\t<meta property=\"og:image:width\" content=\"73\" \/>\r\n\t<meta property=\"og:image:height\" content=\"275\" \/>\r\n<meta name=\"twitter:card\" content=\"summary_large_image\" \/>\r\n<meta name=\"twitter:label1\" content=\"Tahmini okuma s\u00fcresi\">\n\t<meta name=\"twitter:data1\" content=\"2 dakika\">\r\n<script type=\"application\/ld+json\" class=\"yoast-schema-graph\">{\"@context\":\"https:\/\/schema.org\",\"@graph\":[{\"@type\":\"WebSite\",\"@id\":\"http:\/\/www.kiehlturkey.com\/#website\",\"url\":\"http:\/\/www.kiehlturkey.com\/\",\"name\":\"K\\u0130EHL\",\"description\":\"die saubere L\\u00f6sung\",\"potentialAction\":[{\"@type\":\"SearchAction\",\"target\":\"http:\/\/www.kiehlturkey.com\/?s={search_term_string}\",\"query-input\":\"required name=search_term_string\"}],\"inLanguage\":\"tr\"},{\"@type\":\"ImageObject\",\"@id\":\"http:\/\/www.kiehlturkey.com\/index.php\/urun\/kiehl-parkettin-konsantre\/#primaryimage\",\"inLanguage\":\"tr\",\"url\":\"http:\/\/www.kiehlturkey.com\/wp-content\/uploads\/2021\/01\/kiehl-parkettin_konsantre.jpg\",\"width\":73,\"height\":275},{\"@type\":\"WebPage\",\"@id\":\"http:\/\/www.kiehlturkey.com\/index.php\/urun\/kiehl-parkettin-konsantre\/#webpage\",\"url\":\"http:\/\/www.kiehlturkey.com\/index.php\/urun\/kiehl-parkettin-konsantre\/\",\"name\":\"Kiehl-Parkettin Konsantre | K\\u0130EHL\",\"isPartOf\":{\"@id\":\"http:\/\/www.kiehlturkey.com\/#website\"},\"primaryImageOfPage\":{\"@id\":\"http:\/\/www.kiehlturkey.com\/index.php\/urun\/kiehl-parkettin-konsantre\/#primaryimage\"},\"datePublished\":\"2021-01-20T21:30:08+00:00\",\"dateModified\":\"2021-01-20T21:31:27+00:00\",\"description\":\"Kiehl-Parkettin Konsantre \\u00fcr\\u00fcn\\u00fcn\\u00fc inceleyebilirsiniz. Yo\\u011fun temizleme ve anti-\\u00e7\\u00f6kelme ajanlar\\u0131 i\\u00e7erir, ho\\u015f ve ferah kokuludur.\",\"breadcrumb\":{\"@id\":\"http:\/\/www.kiehlturkey.com\/index.php\/urun\/kiehl-parkettin-konsantre\/#breadcrumb\"},\"inLanguage\":\"tr\",\"potentialAction\":[{\"@type\":\"ReadAction\",\"target\":[\"http:\/\/www.kiehlturkey.com\/index.php\/urun\/kiehl-parkettin-konsantre\/\"]}]},{\"@type\":\"BreadcrumbList\",\"@id\":\"http:\/\/www.kiehlturkey.com\/index.php\/urun\/kiehl-parkettin-konsantre\/#breadcrumb\",\"itemListElement\":[{\"@type\":\"ListItem\",\"position\":1,\"item\":{\"@type\":\"WebPage\",\"@id\":\"http:\/\/www.kiehlturkey.com\/\",\"url\":\"http:\/\/www.kiehlturkey.com\/\",\"name\":\"Ana sayfa\"}},{\"@type\":\"ListItem\",\"position\":2,\"item\":{\"@type\":\"WebPage\",\"@id\":\"http:\/\/www.kiehlturkey.com\/index.php\/urunler\/\",\"url\":\"http:\/\/www.kiehlturkey.com\/index.php\/urunler\/\",\"name\":\"\\u00dcr\\u00fcnler\"}},{\"@type\":\"ListItem\",\"position\":3,\"item\":{\"@type\":\"WebPage\",\"@id\":\"http:\/\/www.kiehlturkey.com\/index.php\/urun\/kiehl-parkettin-konsantre\/\",\"url\":\"http:\/\/www.kiehlturkey.com\/index.php\/urun\/kiehl-parkettin-konsantre\/\",\"name\":\"Kiehl-Parkettin Konsantre\"}}]}]}<\/script>\r\n<!-- \/ Yoast SEO plugin. -->","_links":{"self":[{"href":"http:\/\/www.kiehlturkey.com\/index.php\/wp-json\/wp\/v2\/product\/1185"}],"collection":[{"href":"http:\/\/www.kiehlturkey.com\/index.php\/wp-json\/wp\/v2\/product"}],"about":[{"href":"http:\/\/www.kiehlturkey.com\/index.php\/wp-json\/wp\/v2\/types\/product"}],"replies":[{"embeddable":true,"href":"http:\/\/www.kiehlturkey.com\/index.php\/wp-json\/wp\/v2\/comments?post=1185"}],"version-history":[{"count":1,"href":"http:\/\/www.kiehlturkey.com\/index.php\/wp-json\/wp\/v2\/product\/1185\/revisions"}],"predecessor-version":[{"id":1189,"href":"http:\/\/www.kiehlturkey.com\/index.php\/wp-json\/wp\/v2\/product\/1185\/revisions\/1189"}],"wp:featuredmedia":[{"embeddable":true,"href":"http:\/\/www.kiehlturkey.com\/index.php\/wp-json\/wp\/v2\/media\/1186"}],"wp:attachment":[{"href":"http:\/\/www.kiehlturkey.com\/index.php\/wp-json\/wp\/v2\/media?parent=1185"}],"curies":[{"name":"wp","href":"https:\/\/api.w.org\/{rel}","templated":true}]}}