{"id":1220,"date":"2021-01-21T13:15:20","date_gmt":"2021-01-21T13:15:20","guid":{"rendered":"https:\/\/kiehl.mcsajans.com\/?post_type=product&#038;p=1220"},"modified":"2021-01-21T15:46:23","modified_gmt":"2021-01-21T15:46:23","slug":"kiehl-parketto-clean-konsantre","status":"publish","type":"product","link":"http:\/\/www.kiehlturkey.com\/index.php\/urun\/kiehl-parketto-clean-konsantre\/","title":{"rendered":"Kiehl-Parketto-clean Konsantre"},"content":{"rendered":"<p><strong><span class=\"urun_text_02\">\u00d6zellikleri : <\/span><\/strong><span class=\"urun_text_02\">M\u00fckemmel temizleme ve kir emme \u00f6zelli\u011fine sahip, sabun ve mum i\u00e7ermeyen<\/span><span class=\"urun_text_02\"><br \/>\nah\u015fap ve laminat zemin temizleyici. Materyali korur, cilt dostudur. Hafif kokuludur ve ADR&#8217;ye ba\u011fl\u0131 de\u011fildir<\/span><\/p>\n<p><strong><span class=\"urun_text_02\">\u0130\u00e7indekiler :<\/span><\/strong><span class=\"urun_text_02\">Aniyonik y\u00fczey etkin maddeler &lt; 5%, non-iyonik y\u00fczey etkin maddeler &lt; 5%,<\/span><span class=\"urun_text_02\"><br \/>\nsuda \u00e7\u00f6z\u00fcnebilen solventler, polikarboksilat &lt; 5%, boyar maddeler, esanslar (liliyal, alfa-isometil-iyonon), koruyucular (metil-\/metilkloroisothiazolinone). pH-de\u011feri (konsantre): yakla\u015f\u0131k 7 pH-de\u011feri (kullan\u0131ma haz\u0131r sol\u00fcsyon): yakla\u015f\u0131k 7<\/span><\/p>\n<p><span class=\"urun_text_02\"><strong>Kullan\u0131m Alanlar\u0131 :<\/strong> \u00a0T\u00fcm su yal\u0131t\u0131ml\u0131, kaplamal\u0131, emprenyeli, ya\u011fl\u0131, cilal\u0131, i\u015flenmemi\u015f ve perdah\u0131 at\u0131lmam\u0131\u015f parke ve laminat ah\u015fap y\u00fczeylerde kullan\u0131ma uygundur.<br \/>\n<\/span><\/p>\n<p><strong><span class=\"urun_text_02\">Kullan\u0131m \u015eekli :<\/span><\/strong><span class=\"urun_text_02\">1 \u00f6l\u00e7ek (\u00f6l\u00e7ek kapa\u011f\u0131) = 25 ml<\/span><\/p>\n<p><span class=\"urun_text_02\"><strong>Rutin temizlik (nemli paspaslama) :<\/strong>\u00a0<\/span>8 litre so\u011fuk suya 1 \u00f6l\u00e7ek. Paspas\u0131 temizleme sol\u00fcsyonuna dald\u0131r\u0131n ve iyice s\u0131k\u0131n. \u00dczerinde su kalmamas\u0131na dikkat edin! \u0130nat\u00e7\u0131 kirlerin \u00fczerinden tekrar ge\u00e7in.<\/p>\n","protected":false},"excerpt":{"rendered":"<h1>Kiehl-Parketto-clean Konsantre<\/h1>\n<p>Parke ve laminat zemin temizli\u011fi<\/p>\n<p><span class=\"urun_text_02\"><strong>\u00d6zellikleri :<\/strong>\u00a0<\/span>M\u00fckemmel temizleme ve kir emme \u00f6zelli\u011fine sahip, sabun ve mum i\u00e7ermeyen<br \/>\nah\u015fap ve laminat zemin temizleyici. Materyali korur, cilt dostudur. Hafif kokuludur ve ADR&#8217;ye ba\u011fl\u0131 de\u011fildir<\/p>\n<hr \/>\n<p><img loading=\"lazy\" class=\"alignnone size-full wp-image-1229\" src=\"https:\/\/kiehl.mcsajans.com\/wp-content\/uploads\/2021\/01\/kiehl-parketto-clean_.jpg\" alt=\"\" width=\"54\" height=\"49\" \/><\/p>\n<p><em><span class=\"urun_text_02\"><strong>Metrekare ba\u015f\u0131na t\u00fcketim =<\/strong>Nemli paspaslama: 0,1 ml<\/span><\/em><\/p>\n<p><em><strong><span class=\"urun_text_02\">Paketleme =<\/span><\/strong><\/em><span class=\"urun_text_02\"> Profesyonel kullan\u0131mlar i\u00e7indir!<br \/>\n6 x 1 litre \u015fi\u015felik koli \u00dcr. No. j 22 09 02<\/span><\/p>\n<p>&nbsp;<\/p>\n<p>&nbsp;<\/p>\n<p>&nbsp;<\/p>\n","protected":false},"featured_media":1230,"comment_status":"open","ping_status":"closed","template":"elementor_theme","meta":[],"yoast_head":"<!-- This site is optimized with the Yoast SEO plugin v15.9 - https:\/\/yoast.com\/wordpress\/plugins\/seo\/ -->\r\n<title>Kiehl-Parketto-clean Konsantre | K\u0130EHL<\/title>\r\n<meta name=\"description\" content=\"M\u00fckemmel temizleme ve kir emme \u00f6zelli\u011fine sahip, sabun ve mum i\u00e7ermeyenah\u015fap ve laminat zemin temizleyici.\" \/>\r\n<meta name=\"robots\" content=\"index, follow, max-snippet:-1, max-image-preview:large, max-video-preview:-1\" \/>\r\n<link rel=\"canonical\" href=\"http:\/\/www.kiehlturkey.com\/index.php\/urun\/kiehl-parketto-clean-konsantre\/\" \/>\r\n<meta property=\"og:locale\" content=\"tr_TR\" \/>\r\n<meta property=\"og:type\" content=\"article\" \/>\r\n<meta property=\"og:title\" content=\"Kiehl-Parketto-clean Konsantre | K\u0130EHL\" \/>\r\n<meta property=\"og:description\" content=\"M\u00fckemmel temizleme ve kir emme \u00f6zelli\u011fine sahip, sabun ve mum i\u00e7ermeyenah\u015fap ve laminat zemin temizleyici.\" \/>\r\n<meta property=\"og:url\" content=\"http:\/\/www.kiehlturkey.com\/index.php\/urun\/kiehl-parketto-clean-konsantre\/\" \/>\r\n<meta property=\"og:site_name\" content=\"K\u0130EHL\" \/>\r\n<meta property=\"article:modified_time\" content=\"2021-01-21T15:46:23+00:00\" \/>\r\n<meta property=\"og:image\" content=\"http:\/\/www.kiehlturkey.com\/wp-content\/uploads\/2021\/01\/kiehl-parketto-clean.jpg\" \/>\r\n\t<meta property=\"og:image:width\" content=\"78\" \/>\r\n\t<meta property=\"og:image:height\" content=\"275\" \/>\r\n<meta name=\"twitter:card\" content=\"summary_large_image\" \/>\r\n<meta name=\"twitter:label1\" content=\"Tahmini okuma s\u00fcresi\">\n\t<meta name=\"twitter:data1\" content=\"1 dakika\">\r\n<script type=\"application\/ld+json\" class=\"yoast-schema-graph\">{\"@context\":\"https:\/\/schema.org\",\"@graph\":[{\"@type\":\"WebSite\",\"@id\":\"http:\/\/www.kiehlturkey.com\/#website\",\"url\":\"http:\/\/www.kiehlturkey.com\/\",\"name\":\"K\\u0130EHL\",\"description\":\"die saubere L\\u00f6sung\",\"potentialAction\":[{\"@type\":\"SearchAction\",\"target\":\"http:\/\/www.kiehlturkey.com\/?s={search_term_string}\",\"query-input\":\"required name=search_term_string\"}],\"inLanguage\":\"tr\"},{\"@type\":\"ImageObject\",\"@id\":\"http:\/\/www.kiehlturkey.com\/index.php\/urun\/kiehl-parketto-clean-konsantre\/#primaryimage\",\"inLanguage\":\"tr\",\"url\":\"http:\/\/www.kiehlturkey.com\/wp-content\/uploads\/2021\/01\/kiehl-parketto-clean.jpg\",\"width\":78,\"height\":275},{\"@type\":\"WebPage\",\"@id\":\"http:\/\/www.kiehlturkey.com\/index.php\/urun\/kiehl-parketto-clean-konsantre\/#webpage\",\"url\":\"http:\/\/www.kiehlturkey.com\/index.php\/urun\/kiehl-parketto-clean-konsantre\/\",\"name\":\"Kiehl-Parketto-clean Konsantre | K\\u0130EHL\",\"isPartOf\":{\"@id\":\"http:\/\/www.kiehlturkey.com\/#website\"},\"primaryImageOfPage\":{\"@id\":\"http:\/\/www.kiehlturkey.com\/index.php\/urun\/kiehl-parketto-clean-konsantre\/#primaryimage\"},\"datePublished\":\"2021-01-21T13:15:20+00:00\",\"dateModified\":\"2021-01-21T15:46:23+00:00\",\"description\":\"M\\u00fckemmel temizleme ve kir emme \\u00f6zelli\\u011fine sahip, sabun ve mum i\\u00e7ermeyenah\\u015fap ve laminat zemin temizleyici.\",\"breadcrumb\":{\"@id\":\"http:\/\/www.kiehlturkey.com\/index.php\/urun\/kiehl-parketto-clean-konsantre\/#breadcrumb\"},\"inLanguage\":\"tr\",\"potentialAction\":[{\"@type\":\"ReadAction\",\"target\":[\"http:\/\/www.kiehlturkey.com\/index.php\/urun\/kiehl-parketto-clean-konsantre\/\"]}]},{\"@type\":\"BreadcrumbList\",\"@id\":\"http:\/\/www.kiehlturkey.com\/index.php\/urun\/kiehl-parketto-clean-konsantre\/#breadcrumb\",\"itemListElement\":[{\"@type\":\"ListItem\",\"position\":1,\"item\":{\"@type\":\"WebPage\",\"@id\":\"http:\/\/www.kiehlturkey.com\/\",\"url\":\"http:\/\/www.kiehlturkey.com\/\",\"name\":\"Ana sayfa\"}},{\"@type\":\"ListItem\",\"position\":2,\"item\":{\"@type\":\"WebPage\",\"@id\":\"http:\/\/www.kiehlturkey.com\/index.php\/urunler\/\",\"url\":\"http:\/\/www.kiehlturkey.com\/index.php\/urunler\/\",\"name\":\"\\u00dcr\\u00fcnler\"}},{\"@type\":\"ListItem\",\"position\":3,\"item\":{\"@type\":\"WebPage\",\"@id\":\"http:\/\/www.kiehlturkey.com\/index.php\/urun\/kiehl-parketto-clean-konsantre\/\",\"url\":\"http:\/\/www.kiehlturkey.com\/index.php\/urun\/kiehl-parketto-clean-konsantre\/\",\"name\":\"Kiehl-Parketto-clean Konsantre\"}}]}]}<\/script>\r\n<!-- \/ Yoast SEO plugin. -->","_links":{"self":[{"href":"http:\/\/www.kiehlturkey.com\/index.php\/wp-json\/wp\/v2\/product\/1220"}],"collection":[{"href":"http:\/\/www.kiehlturkey.com\/index.php\/wp-json\/wp\/v2\/product"}],"about":[{"href":"http:\/\/www.kiehlturkey.com\/index.php\/wp-json\/wp\/v2\/types\/product"}],"replies":[{"embeddable":true,"href":"http:\/\/www.kiehlturkey.com\/index.php\/wp-json\/wp\/v2\/comments?post=1220"}],"version-history":[{"count":2,"href":"http:\/\/www.kiehlturkey.com\/index.php\/wp-json\/wp\/v2\/product\/1220\/revisions"}],"predecessor-version":[{"id":1233,"href":"http:\/\/www.kiehlturkey.com\/index.php\/wp-json\/wp\/v2\/product\/1220\/revisions\/1233"}],"wp:featuredmedia":[{"embeddable":true,"href":"http:\/\/www.kiehlturkey.com\/index.php\/wp-json\/wp\/v2\/media\/1230"}],"wp:attachment":[{"href":"http:\/\/www.kiehlturkey.com\/index.php\/wp-json\/wp\/v2\/media?parent=1220"}],"curies":[{"name":"wp","href":"https:\/\/api.w.org\/{rel}","templated":true}]}}