{"id":1221,"date":"2021-01-21T13:16:17","date_gmt":"2021-01-21T13:16:17","guid":{"rendered":"https:\/\/kiehl.mcsajans.com\/?post_type=product&#038;p=1221"},"modified":"2021-01-21T16:11:41","modified_gmt":"2021-01-21T16:11:41","slug":"kiehl-refresher-brillant","status":"publish","type":"product","link":"http:\/\/www.kiehlturkey.com\/index.php\/urun\/kiehl-refresher-brillant\/","title":{"rendered":"Kiehl-Refresher-brillant"},"content":{"rendered":"<p><strong><span class=\"urun_text_02\">\u00d6zellikleri : <\/span><\/strong><span class=\"urun_text_02\">Ah\u015fab\u0131n do\u011fal rengini g\u00fc\u00e7lendirir. Parf\u00fcm ya da pigment i\u00e7ermez, oksidatif olarak kurur ve yay\u0131lmaya a\u00e7\u0131kt\u0131r. Kolay kullan\u0131ml\u0131d\u0131r, film tabakas\u0131 olu\u015fturur, y\u00fcksek dolgulama kapasitelidir, kendili\u011finden parlar, 2-3 g\u00fcnl\u00fck sertle\u015fme s\u00fcresi sonunda \u00fczerinde y\u00fcr\u00fcnebilir ve silinebilir hale gelir. Zemin sertle\u015ftikten sonra, Kiehl-Legnodur veya Kiehl-Parketta ile ileri koruma i\u015flemi uygulayabilirsiniz.<\/span><\/p>\n<p><strong><span class=\"urun_text_02\">\u0130\u00e7indekiler :<\/span><\/strong> Ya\u011flar, kurutucu maddeler, organik solventler.<\/p>\n<p><span class=\"urun_text_02\"><strong>Kullan\u0131m Alanlar\u0131 :<\/strong> T\u00fcm Avrupa tipi ah\u015fap y\u00fczeylerin bak\u0131m\u0131 i\u00e7in uygundur. \u0130\u015flenmemi\u015f egzotik ah\u015fap y\u00fczeylerde, kullanmadan \u00f6nce daima k\u00fc\u00e7\u00fck bir b\u00f6lgeyi test ediniz. Parke, kalas, kaplama, end\u00fcstriyel parke, UV-ya\u011fl\u0131 parke, merdiven, OSB tahta, laminat vb. gibi ah\u015fap y\u00fczeylerin temel bak\u0131m\u0131 i\u00e7in kullan\u0131ma uygundur. Su ge\u00e7irmez, kaplamal\u0131 ya da cilal\u0131 ah\u015fap y\u00fczeyler i\u00e7in uygun de\u011fildir.<\/span><\/p>\n<p><strong><span class=\"urun_text_02\">Kullan\u0131m \u015eekli :<\/span><\/strong> Kiehl-Holz\u00f6l&#8217;\u00fc uygulamadan \u00f6nce zeminin temiz, kuru ve cila, mum cilas\u0131, silikon, toz gibi \u00f6\u011felerden ar\u0131nd\u0131r\u0131lm\u0131\u015f olmas\u0131 \u015fartt\u0131r. Zemin \u0131s\u0131s\u0131 10\u00b0C and 25\u00b0C aras\u0131nda olmal\u0131d\u0131r. Hem uygulama esnas\u0131nda hemde uygulama sonras\u0131nda mekanlar \u00e7ok iyi havaland\u0131r\u0131lmal\u0131d\u0131r ve sigara i\u00e7ilmemelidir. Kullanmadan \u00f6nce iyice \u00e7alkalay\u0131n\u0131z! Sertle\u015fme zaman\u0131 s\u00fcresince (2 ila 3 g\u00fcn) zemin silinmemelidir.<\/p>\n<p><strong><span class=\"urun_text_02\">Temel bak\u0131m :<\/span>\u00a0<\/strong>Sadece i\u015flenmemi\u015f, temiz, tozlardan ar\u0131nd\u0131r\u0131lm\u0131\u015f ve profesyonel olarak z\u0131mparalanm\u0131\u015f ah\u015fap zeminlerde kullan\u0131ma uygundur (ya da ah\u015fap cilas\u0131 ve 100-120&#8217;lik ince z\u0131mpara ile onar\u0131lm\u0131\u015f).<\/p>\n<p><strong><span class=\"urun_text_02\">Nas\u0131l kullan\u0131l\u0131r?\u00a0<\/span><\/strong>Yakla\u015f\u0131k 500 ml \u00fcr\u00fcn\u00fc 10 metrekarelik bir alana ince bir tabaka halinde bir cilalay\u0131c\u0131 ya da d\u00fcz paspas kullanarak zemine yay\u0131n. Yakla\u015f\u0131k olarak 24 saat kurumaya b\u0131rak\u0131n. Gerekirse prosed\u00fcr\u00fc tekrarlay\u0131n. \u0130lk kattan sonra, Kiehl-Legno-Ped kullanarak zemin mat bir g\u00f6r\u00fcn\u00fcm alana kadar bir ara z\u0131mparalama i\u015flemi ger\u00e7ekle\u015ftirin (d\u00f6ner ba\u015fl\u0131kl\u0131 makine, vakumlama \u00fcnitesi, emme halkas\u0131 ile).<\/p>\n<p><strong><span class=\"urun_text_02\">Tekrar ya\u011flama :\u00a0<\/span><\/strong>A\u015f\u0131r\u0131 derecede y\u0131pranm\u0131\u015f ah\u015fap y\u00fczeyler \u00f6ncelikle mekanik kuru temizlemeye tabi tutulmal\u0131d\u0131r (d\u00f6ner ba\u015fl\u0131kl\u0131 makine, vakumlama \u00fcnitesi, emme halkas\u0131, Kiehl-Legno-Ped ile). Makineyi dairesel hareketlerle y\u00fczey kirleri tamamen temizlenip, zemin temiz ve d\u00fczg\u00fcn bir g\u00f6r\u00fcn\u00fcm alana kadar \u00e7al\u0131\u015ft\u0131r\u0131n.<\/p>\n<p><strong><span class=\"urun_text_02\">Uyar\u0131 :<\/span>\u00a0<\/strong>Kiehl \u00fcr\u00fcn\u00fcn us\u00fcle uygun olmayan kullan\u0131m\u0131 ve bundan do\u011facak zararlar i\u00e7in hi\u00e7bir sorumlulu\u011fu kabul etmez.<\/p>\n<p><span class=\"urun_text_02\"><strong>Uyar\u0131 etiketi :<\/strong>\u00a0<\/span>Ya\u011fl\u0131 bezler ve pedler aniden tutu\u015fabilir. Bu y\u00fczden su i\u00e7inde bekletilmeli ve hava ge\u00e7irmeyen bir kutu i\u00e7inde \u00e7\u00f6pe at\u0131lmal\u0131d\u0131rlar. Lokal at\u0131k kurallar\u0131n\u0131 okuyunuz..<\/p>\n","protected":false},"excerpt":{"rendered":"<h1>Kiehl-Refresher-brillant<\/h1>\n<p>Kendili\u011finden parlayan film tabakal\u0131 ah\u015fap ya\u011f\u0131<\/p>\n<p><strong><span class=\"urun_text_02\">\u00d6zellikleri : <\/span><\/strong><span class=\"urun_text_02\">Ah\u015fab\u0131n do\u011fal rengini g\u00fc\u00e7lendirir. Parf\u00fcm ya da pigment i\u00e7ermez, oksidatif olarak kurur ve yay\u0131lmaya a\u00e7\u0131kt\u0131r. Kolay kullan\u0131ml\u0131d\u0131r, film tabakas\u0131 olu\u015fturur, y\u00fcksek dolgulama kapasitelidir, kendili\u011finden parlar, 2-3 g\u00fcnl\u00fck sertle\u015fme s\u00fcresi sonunda \u00fczerinde y\u00fcr\u00fcnebilir ve silinebilir hale gelir. Zemin sertle\u015ftikten sonra, Kiehl-Legnodur veya Kiehl-Parketta ile ileri koruma i\u015flemi uygulayabilirsiniz.<\/span><\/p>\n<hr \/>\n<p><img loading=\"lazy\" class=\"alignnone size-full wp-image-1239\" src=\"https:\/\/kiehl.mcsajans.com\/wp-content\/uploads\/2021\/01\/kiehl-refresher-brillant_.jpg\" alt=\"\" width=\"141\" height=\"67\" \/><\/p>\n<p><em><span class=\"urun_text_02\"><strong>Metrekare ba\u015f\u0131na t\u00fcketim =<\/strong> Tekrar ya\u011flama: Zeminin emicilik d\u00fczeyine g\u00f6re 20-30 ml.<\/span><\/em><\/p>\n<p><em><strong><span class=\"urun_text_02\">Paketleme =<\/span><\/strong><\/em><span class=\"urun_text_02\"> Profesyonel kullan\u0131mlar i\u00e7indir!<br \/>\n2&#215;5 litre metal bidonluk koli \u00dcr. No. j 22 05 70<\/span><\/p>\n<p><img loading=\"lazy\" class=\"alignnone size-full wp-image-1240\" src=\"https:\/\/kiehl.mcsajans.com\/wp-content\/uploads\/2021\/01\/Kiehl-Refresher-brillant...jpg\" alt=\"\" width=\"69\" height=\"79\" \/><\/p>\n<ul>\n<li>R 10 Yan\u0131c\u0131.<\/li>\n<li>R 65 Yutulmas\u0131 halinde akci\u011ferlere zarar verebilir.<\/li>\n<li>S 24 Deriye temas etmemesine dikkat ediniz.<\/li>\n<li>S 43 Yang\u0131n durumunda s\u00f6nd\u00fcrmek i\u00e7in su de\u011fil toz kullan\u0131n\u0131z.<\/li>\n<li>S 51 Sadece \u00e7ok iyi havaland\u0131rman\u0131n bulundu\u011fu yerlerde kullan\u0131n\u0131z.<\/li>\n<li>S 62 Yutan ki\u015fiyi kusturmaya \u00e7al\u0131\u015fmay\u0131n\u0131z: hemen bir t\u0131p merkezine ba\u015fvurunuz ve madde etiketini veya\u00a0 \u00a0 \u00a0 kab\u0131n\u0131 doktora g\u00f6steriniz. Solvent nafta i\u00e7erir.<\/li>\n<\/ul>\n","protected":false},"featured_media":1238,"comment_status":"open","ping_status":"closed","template":"elementor_theme","meta":[],"yoast_head":"<!-- This site is optimized with the Yoast SEO plugin v15.9 - https:\/\/yoast.com\/wordpress\/plugins\/seo\/ -->\r\n<title>Kiehl-Refresher-brillant | K\u0130EHL<\/title>\r\n<meta name=\"description\" content=\"Kiehl Wax Ex \u00fcr\u00fcn\u00fc hakk\u0131nda detayl\u0131 bilgi i\u00e7in sayfay\u0131 ziyaret edin. Sadece kokusuz solventler i\u00e7erir. En uygun fiyatl\u0131 \u00fcr\u00fcnler bizde.\" \/>\r\n<meta name=\"robots\" content=\"index, follow, max-snippet:-1, max-image-preview:large, max-video-preview:-1\" \/>\r\n<link rel=\"canonical\" href=\"http:\/\/www.kiehlturkey.com\/index.php\/urun\/kiehl-refresher-brillant\/\" \/>\r\n<meta property=\"og:locale\" content=\"tr_TR\" \/>\r\n<meta property=\"og:type\" content=\"article\" \/>\r\n<meta property=\"og:title\" content=\"Kiehl-Refresher-brillant | K\u0130EHL\" \/>\r\n<meta property=\"og:description\" content=\"Kiehl Wax Ex \u00fcr\u00fcn\u00fc hakk\u0131nda detayl\u0131 bilgi i\u00e7in sayfay\u0131 ziyaret edin. Sadece kokusuz solventler i\u00e7erir. En uygun fiyatl\u0131 \u00fcr\u00fcnler bizde.\" \/>\r\n<meta property=\"og:url\" content=\"http:\/\/www.kiehlturkey.com\/index.php\/urun\/kiehl-refresher-brillant\/\" \/>\r\n<meta property=\"og:site_name\" content=\"K\u0130EHL\" \/>\r\n<meta property=\"article:modified_time\" content=\"2021-01-21T16:11:41+00:00\" \/>\r\n<meta property=\"og:image\" content=\"http:\/\/www.kiehlturkey.com\/wp-content\/uploads\/2021\/01\/kiehl-refresher-brillant.jpg\" \/>\r\n\t<meta property=\"og:image:width\" content=\"172\" \/>\r\n\t<meta property=\"og:image:height\" content=\"275\" \/>\r\n<meta name=\"twitter:card\" content=\"summary_large_image\" \/>\r\n<meta name=\"twitter:label1\" content=\"Tahmini okuma s\u00fcresi\">\n\t<meta name=\"twitter:data1\" content=\"2 dakika\">\r\n<script type=\"application\/ld+json\" class=\"yoast-schema-graph\">{\"@context\":\"https:\/\/schema.org\",\"@graph\":[{\"@type\":\"WebSite\",\"@id\":\"http:\/\/www.kiehlturkey.com\/#website\",\"url\":\"http:\/\/www.kiehlturkey.com\/\",\"name\":\"K\\u0130EHL\",\"description\":\"die saubere L\\u00f6sung\",\"potentialAction\":[{\"@type\":\"SearchAction\",\"target\":\"http:\/\/www.kiehlturkey.com\/?s={search_term_string}\",\"query-input\":\"required name=search_term_string\"}],\"inLanguage\":\"tr\"},{\"@type\":\"ImageObject\",\"@id\":\"http:\/\/www.kiehlturkey.com\/index.php\/urun\/kiehl-refresher-brillant\/#primaryimage\",\"inLanguage\":\"tr\",\"url\":\"http:\/\/www.kiehlturkey.com\/wp-content\/uploads\/2021\/01\/kiehl-refresher-brillant.jpg\",\"width\":172,\"height\":275},{\"@type\":\"WebPage\",\"@id\":\"http:\/\/www.kiehlturkey.com\/index.php\/urun\/kiehl-refresher-brillant\/#webpage\",\"url\":\"http:\/\/www.kiehlturkey.com\/index.php\/urun\/kiehl-refresher-brillant\/\",\"name\":\"Kiehl-Refresher-brillant | K\\u0130EHL\",\"isPartOf\":{\"@id\":\"http:\/\/www.kiehlturkey.com\/#website\"},\"primaryImageOfPage\":{\"@id\":\"http:\/\/www.kiehlturkey.com\/index.php\/urun\/kiehl-refresher-brillant\/#primaryimage\"},\"datePublished\":\"2021-01-21T13:16:17+00:00\",\"dateModified\":\"2021-01-21T16:11:41+00:00\",\"description\":\"Kiehl Wax Ex \\u00fcr\\u00fcn\\u00fc hakk\\u0131nda detayl\\u0131 bilgi i\\u00e7in sayfay\\u0131 ziyaret edin. Sadece kokusuz solventler i\\u00e7erir. En uygun fiyatl\\u0131 \\u00fcr\\u00fcnler bizde.\",\"breadcrumb\":{\"@id\":\"http:\/\/www.kiehlturkey.com\/index.php\/urun\/kiehl-refresher-brillant\/#breadcrumb\"},\"inLanguage\":\"tr\",\"potentialAction\":[{\"@type\":\"ReadAction\",\"target\":[\"http:\/\/www.kiehlturkey.com\/index.php\/urun\/kiehl-refresher-brillant\/\"]}]},{\"@type\":\"BreadcrumbList\",\"@id\":\"http:\/\/www.kiehlturkey.com\/index.php\/urun\/kiehl-refresher-brillant\/#breadcrumb\",\"itemListElement\":[{\"@type\":\"ListItem\",\"position\":1,\"item\":{\"@type\":\"WebPage\",\"@id\":\"http:\/\/www.kiehlturkey.com\/\",\"url\":\"http:\/\/www.kiehlturkey.com\/\",\"name\":\"Ana sayfa\"}},{\"@type\":\"ListItem\",\"position\":2,\"item\":{\"@type\":\"WebPage\",\"@id\":\"http:\/\/www.kiehlturkey.com\/index.php\/urunler\/\",\"url\":\"http:\/\/www.kiehlturkey.com\/index.php\/urunler\/\",\"name\":\"\\u00dcr\\u00fcnler\"}},{\"@type\":\"ListItem\",\"position\":3,\"item\":{\"@type\":\"WebPage\",\"@id\":\"http:\/\/www.kiehlturkey.com\/index.php\/urun\/kiehl-refresher-brillant\/\",\"url\":\"http:\/\/www.kiehlturkey.com\/index.php\/urun\/kiehl-refresher-brillant\/\",\"name\":\"Kiehl-Refresher-brillant\"}}]}]}<\/script>\r\n<!-- \/ Yoast SEO plugin. -->","_links":{"self":[{"href":"http:\/\/www.kiehlturkey.com\/index.php\/wp-json\/wp\/v2\/product\/1221"}],"collection":[{"href":"http:\/\/www.kiehlturkey.com\/index.php\/wp-json\/wp\/v2\/product"}],"about":[{"href":"http:\/\/www.kiehlturkey.com\/index.php\/wp-json\/wp\/v2\/types\/product"}],"replies":[{"embeddable":true,"href":"http:\/\/www.kiehlturkey.com\/index.php\/wp-json\/wp\/v2\/comments?post=1221"}],"version-history":[{"count":1,"href":"http:\/\/www.kiehlturkey.com\/index.php\/wp-json\/wp\/v2\/product\/1221\/revisions"}],"predecessor-version":[{"id":1241,"href":"http:\/\/www.kiehlturkey.com\/index.php\/wp-json\/wp\/v2\/product\/1221\/revisions\/1241"}],"wp:featuredmedia":[{"embeddable":true,"href":"http:\/\/www.kiehlturkey.com\/index.php\/wp-json\/wp\/v2\/media\/1238"}],"wp:attachment":[{"href":"http:\/\/www.kiehlturkey.com\/index.php\/wp-json\/wp\/v2\/media?parent=1221"}],"curies":[{"name":"wp","href":"https:\/\/api.w.org\/{rel}","templated":true}]}}