{"id":1225,"date":"2021-01-21T13:21:05","date_gmt":"2021-01-21T13:21:05","guid":{"rendered":"https:\/\/kiehl.mcsajans.com\/?post_type=product&#038;p=1225"},"modified":"2021-01-21T15:58:35","modified_gmt":"2021-01-21T15:58:35","slug":"kiehl-pflegeol","status":"publish","type":"product","link":"http:\/\/www.kiehlturkey.com\/index.php\/urun\/kiehl-pflegeol\/","title":{"rendered":"Kiehl-Pflege\u00f6l"},"content":{"rendered":"<p><strong><span class=\"urun_text_02\">\u00d6zellikleri : <\/span><\/strong><span class=\"urun_text_02\">Do\u011fal hammaddelerden \u00fcretilmi\u015f solvent bazl\u0131 ah\u015fap koruma \u00fcr\u00fcn\u00fc. Solmu\u015f ya\u011fl\u0131 ah\u015fap zeminlerin renklerini canl\u0131la\u015ft\u0131r\u0131r. Parf\u00fcm ya da pigment i\u00e7ermez, oksidatif olarak kurur ve yay\u0131lmaya a\u00e7\u0131kt\u0131r. Kolay kullan\u0131ml\u0131d\u0131r, iyi n\u00fcfuz eder, h\u0131zla sertle\u015fir (24 saat i\u00e7inde).<\/span><\/p>\n<p><strong><span class=\"urun_text_02\">\u0130\u00e7indekiler :<\/span><\/strong><span class=\"urun_text_02\">Do\u011fal ya\u011f ve re\u00e7ineler, kurutucu ajanlar, solventler.<\/span><\/p>\n<p><span class=\"urun_text_02\"><strong>Kullan\u0131m Alanlar\u0131 :<\/strong> Ya\u011f ile emprenye edilmi\u015f ah\u015fap y\u00fczeylerin tekrar ya\u011flanmas\u0131 i\u00e7indir Su ge\u00e7irmez yap\u0131lm\u0131\u015f, kaplanm\u0131\u015f, mumlanm\u0131\u015f ve \u00fczerinde film tabakas\u0131 olu\u015facak \u015fekilde ya\u011flanm\u0131\u015f ah\u015fap y\u00fczeylerde kullan\u0131ma uygun de\u011fildir.<\/span><\/p>\n<p><strong><span class=\"urun_text_02\">Kullan\u0131m \u015eekli :<\/span><\/strong> Kiehl-Pflege\u00f6l&#8217;\u00fc uygulamadan \u00f6nce zeminin temiz, kuru ve cila, mum cilas\u0131, silikon, toz gibi \u00f6\u011felerden ar\u0131nd\u0131r\u0131lm\u0131\u015f olmas\u0131 \u015fartt\u0131r. Zemin \u0131s\u0131s\u0131 10\u00b0C and 25\u00b0C aras\u0131nda olmal\u0131d\u0131r. Hem uygulama esnas\u0131nda hemde uygulama sonras\u0131nda mekanlar \u00e7ok iyi havaland\u0131r\u0131lmal\u0131d\u0131r ve sigara i\u00e7ilmemelidir. Kullanmadan \u00f6nce iyice \u00e7alkalay\u0131n\u0131z! Sertle\u015fme zaman\u0131 s\u00fcresince (yakla\u015f\u0131k 24 saat) zemin silinmemelidir.<br \/>\n<span class=\"urun_text_02\"><br \/>\n<\/span>A\u015f\u0131r\u0131 derecede y\u0131pranm\u0131\u015f ah\u015fap y\u00fczeyler \u00f6ncelikle mekanik kuru temizlemeye tabi tutulmal\u0131d\u0131r (d\u00f6ner ba\u015fl\u0131kl\u0131 makine, vakumlama \u00fcnitesi, emme halkas\u0131, Kiehl-Legno-Ped ile). Makineyi dairesel hareketlerle y\u00fczey kirleri tamamen temizlenip, zemin temiz ve d\u00fczg\u00fcn bir g\u00f6r\u00fcn\u00fcm alana kadar \u00e7al\u0131\u015ft\u0131r\u0131n. Son olarak, Y\u00fczeyde kalan kum zerreciklerini nemli bir bezle silin.<\/p>\n<p><strong><span class=\"urun_text_02\">Nas\u0131l kullan\u0131l\u0131r?<\/span><\/strong>\u00a0Yakla\u015f\u0131k 250 ml \u00fcr\u00fcn\u00fc 10 metrekarelik bir alana ince bir tabaka halinde bir cilalay\u0131c\u0131 ya da d\u00fcz paspas kullanarak zemine yay\u0131n. Yakla\u015f\u0131k olarak 30 akika zemine n\u00fcfuz etmesini bekleyin. Bu s\u00fcre\u00e7te, baz\u0131 b\u00f6lgeler kurursa di\u011fer yerlerden alaca\u011f\u0131n\u0131z Kiehl-Holz\u00f6l ile bu b\u00f6lgeleri tekrar \u0131slat\u0131n. \u0130htiya\u00e7 duyulursa bir miktar daha Kiehl-Holz\u00f6l ekleyin.<br \/>\n30 dakika sonra, zeminde arta kalan Kiehl-Pflege\u00f6l&#8217;\u00fc bir neopren su\u00e7ekle(solventlere dayan\u0131kl\u0131) ve \u00fcst\u00fcp\u00fc, k\u00fc\u00e7\u00fck bir k\u00fcrek ya da benzeri bir aletle iyice \u00e7ektirin. Y\u00fczeydeki ince ya\u011f tabakas\u0131 sertle\u015fmesine f\u0131rsat verilmeden tamamen ortadan kald\u0131r\u0131lmal\u0131d\u0131r. Son-Ped ile donat\u0131lm\u0131\u015f d\u00f6ner ba\u015fl\u0131kl\u0131 makine kullan\u0131n. Ya\u011f tabakas\u0131n\u0131n \u00e7ok iyi bir \u015fekilde kald\u0131r\u0131l\u0131p d\u00fczg\u00fcn bir kuruma sa\u011flanaca\u011f\u0131ndan emin olmak i\u00e7in pedi ters \u00e7evirin veya yenisiyl\u015fe de\u011fi\u015ftirin. 10 metrekare i\u00e7in ortalama t\u00fcketim 1 peddir (her iki y\u00fcz\u00fc de kullan\u0131larak). Uyar\u0131 etiketini okuyun!<\/p>\n<p>6 saatlik kuruma s\u00fcresinden sonra, zeminin d\u00f6ner ba\u015fl\u0131kl\u0131 makine ve birle\u015fme yerlerinden s\u0131zan \u00fcr\u00fcn\u00fcn kald\u0131r\u0131lmas\u0131 ve bak\u0131m\u0131 yap\u0131lan y\u00fczeyin optimal g\u00f6r\u00fcn\u00fcm\u00fcn\u00fcn ortaya \u00e7\u0131kar\u0131lmas\u0131 i\u00e7in yine bir Son-Ped kullan\u0131larak parlat\u0131lmas\u0131 tavsiye edilir.<\/p>\n<p>Kulland\u0131\u011f\u0131n\u0131z aletleri temizlemek i\u00e7in Kiehl-Wax-Ex kullan\u0131n. A\u00e7\u0131lan bidonlar h\u0131zla t\u00fcketilmelidir.<\/p>\n<p><strong><span class=\"urun_text_02\">Uyar\u0131:<\/span>\u00a0<\/strong>Kiehl \u00fcr\u00fcn\u00fcn us\u00fcle uygun olmayan kullan\u0131m\u0131 ve bundan do\u011facak zararlar i\u00e7in hi\u00e7bir sorumlulu\u011fu kabul etmez.<\/p>\n<p><strong><span class=\"urun_text_02\">Uyar\u0131 etiketi:\u00a0<\/span><\/strong>Ya\u011fl\u0131 bezler ve pedler aniden tutu\u015fabilir. Bu y\u00fczden su i\u00e7inde bekletilmeli ve<br \/>\nhava ge\u00e7irmeyen bir kutu i\u00e7inde \u00e7\u00f6pe at\u0131lmal\u0131d\u0131rlar. Lokal at\u0131k kurallar\u0131n\u0131 okuyunuz.<\/p>\n","protected":false},"excerpt":{"rendered":"<div id=\"sb_04\">\n<h1 id=\"sb_yazi\">Kiehl-Pflege\u00f6l<\/h1>\n<\/div>\n<p>Tekrar ya\u011flama i\u00e7in ya\u011f emprenyesi<\/p>\n<p><strong><span class=\"urun_text_02\">\u00d6zellikleri :\u00a0<\/span><\/strong>Do\u011fal hammaddelerden \u00fcretilmi\u015f solvent bazl\u0131 ah\u015fap koruma \u00fcr\u00fcn\u00fc. Solmu\u015f ya\u011fl\u0131 ah\u015fap zeminlerin renklerini canl\u0131la\u015ft\u0131r\u0131r. Parf\u00fcm ya da pigment i\u00e7ermez, oksidatif olarak kurur ve yay\u0131lmaya a\u00e7\u0131kt\u0131r. Kolay kullan\u0131ml\u0131d\u0131r, iyi n\u00fcfuz eder, h\u0131zla sertle\u015fir (24 saat i\u00e7inde).<\/p>\n<hr \/>\n<p><img loading=\"lazy\" class=\"alignnone size-full wp-image-1234\" src=\"https:\/\/kiehl.mcsajans.com\/wp-content\/uploads\/2021\/01\/kiehl-pflegeol_.jpg\" alt=\"\" width=\"141\" height=\"67\" \/><\/p>\n<p><em><span class=\"urun_text_02\"><strong>Metrekare ba\u015f\u0131na t\u00fcketim =<\/strong> Tekrar ya\u011flama: Zeminin emicilik d\u00fczeyine g\u00f6re 20-30 ml.<\/span><\/em><\/p>\n<p><em><strong><span class=\"urun_text_02\">Paketleme =<\/span><\/strong><\/em><span class=\"urun_text_02\"> Profesyonel kullan\u0131mlar i\u00e7indir!<br \/>\n2 x 5 litre bidonluk koli \u00dcr. No. j 22 04 05<br \/>\nDonmaya kar\u015f\u0131 koruyunuz!<\/span><\/p>\n<p>&nbsp;<\/p>\n<p><img loading=\"lazy\" class=\"alignnone size-full wp-image-1235\" src=\"https:\/\/kiehl.mcsajans.com\/wp-content\/uploads\/2021\/01\/kiehl-pflegeol...jpg\" alt=\"\" width=\"69\" height=\"79\" \/><\/p>\n<ul>\n<li>R 43 Deri temas\u0131 yoluyla duyarl\u0131l\u0131\u011f\u0131n artmas\u0131na neden olabilir.<\/li>\n<li>R 53 Akuatik \u00e7evrede uzun s\u00fcreli k\u00f6t\u00fc etkilere neden olabilir.<\/li>\n<li>R 65 Yutulmas\u0131 halinde akci\u011ferlere zarar verebilir.<\/li>\n<li>R 66 Yinelenen temas hallerinde ciltte yar\u0131k veya \u00e7atlaklara neden olabilir.<\/li>\n<li>S 24 Deriye temas etmemesine dikkat ediniz.<\/li>\n<li>S 51 Sadece \u00e7ok iyi havaland\u0131rman\u0131n bulundu\u011fu yerlerde kullan\u0131n\u0131z.<\/li>\n<li>S 62 Yutan ki\u015fiyi kusturmaya \u00e7al\u0131\u015fmay\u0131n\u0131z: hemen bir t\u0131p merkezine ba\u015fvurunuz ve madde etiketini veya kab\u0131n\u0131 doktora g\u00f6steriniz.<\/li>\n<li>Solvent nafta i\u00e7erir.<\/li>\n<\/ul>\n","protected":false},"featured_media":1236,"comment_status":"open","ping_status":"closed","template":"elementor_theme","meta":[],"yoast_head":"<!-- This site is optimized with the Yoast SEO plugin v15.9 - https:\/\/yoast.com\/wordpress\/plugins\/seo\/ -->\r\n<title>Kiehl-Pflege\u00f6l | K\u0130EHL<\/title>\r\n<meta name=\"description\" content=\"Do\u011fal hammaddelerden \u00fcretilmi\u015f solvent bazl\u0131 ah\u015fap koruma \u00fcr\u00fcn\u00fc. Solmu\u015f ya\u011fl\u0131 ah\u015fap zeminlerin renklerini canl\u0131la\u015ft\u0131r\u0131r.\" \/>\r\n<meta name=\"robots\" content=\"index, follow, max-snippet:-1, max-image-preview:large, max-video-preview:-1\" \/>\r\n<link rel=\"canonical\" href=\"http:\/\/www.kiehlturkey.com\/index.php\/urun\/kiehl-pflegeol\/\" \/>\r\n<meta property=\"og:locale\" content=\"tr_TR\" \/>\r\n<meta property=\"og:type\" content=\"article\" \/>\r\n<meta property=\"og:title\" content=\"Kiehl-Pflege\u00f6l | K\u0130EHL\" \/>\r\n<meta property=\"og:description\" content=\"Do\u011fal hammaddelerden \u00fcretilmi\u015f solvent bazl\u0131 ah\u015fap koruma \u00fcr\u00fcn\u00fc. Solmu\u015f ya\u011fl\u0131 ah\u015fap zeminlerin renklerini canl\u0131la\u015ft\u0131r\u0131r.\" \/>\r\n<meta property=\"og:url\" content=\"http:\/\/www.kiehlturkey.com\/index.php\/urun\/kiehl-pflegeol\/\" \/>\r\n<meta property=\"og:site_name\" content=\"K\u0130EHL\" \/>\r\n<meta property=\"article:modified_time\" content=\"2021-01-21T15:58:35+00:00\" \/>\r\n<meta property=\"og:image\" content=\"http:\/\/www.kiehlturkey.com\/wp-content\/uploads\/2021\/01\/kiehl-pflegeol.jpg\" \/>\r\n\t<meta property=\"og:image:width\" content=\"204\" \/>\r\n\t<meta property=\"og:image:height\" content=\"275\" \/>\r\n<meta name=\"twitter:card\" content=\"summary_large_image\" \/>\r\n<meta name=\"twitter:label1\" content=\"Tahmini okuma s\u00fcresi\">\n\t<meta name=\"twitter:data1\" content=\"2 dakika\">\r\n<script type=\"application\/ld+json\" class=\"yoast-schema-graph\">{\"@context\":\"https:\/\/schema.org\",\"@graph\":[{\"@type\":\"WebSite\",\"@id\":\"http:\/\/www.kiehlturkey.com\/#website\",\"url\":\"http:\/\/www.kiehlturkey.com\/\",\"name\":\"K\\u0130EHL\",\"description\":\"die saubere L\\u00f6sung\",\"potentialAction\":[{\"@type\":\"SearchAction\",\"target\":\"http:\/\/www.kiehlturkey.com\/?s={search_term_string}\",\"query-input\":\"required name=search_term_string\"}],\"inLanguage\":\"tr\"},{\"@type\":\"ImageObject\",\"@id\":\"http:\/\/www.kiehlturkey.com\/index.php\/urun\/kiehl-pflegeol\/#primaryimage\",\"inLanguage\":\"tr\",\"url\":\"http:\/\/www.kiehlturkey.com\/wp-content\/uploads\/2021\/01\/kiehl-pflegeol.jpg\",\"width\":204,\"height\":275},{\"@type\":\"WebPage\",\"@id\":\"http:\/\/www.kiehlturkey.com\/index.php\/urun\/kiehl-pflegeol\/#webpage\",\"url\":\"http:\/\/www.kiehlturkey.com\/index.php\/urun\/kiehl-pflegeol\/\",\"name\":\"Kiehl-Pflege\\u00f6l | K\\u0130EHL\",\"isPartOf\":{\"@id\":\"http:\/\/www.kiehlturkey.com\/#website\"},\"primaryImageOfPage\":{\"@id\":\"http:\/\/www.kiehlturkey.com\/index.php\/urun\/kiehl-pflegeol\/#primaryimage\"},\"datePublished\":\"2021-01-21T13:21:05+00:00\",\"dateModified\":\"2021-01-21T15:58:35+00:00\",\"description\":\"Do\\u011fal hammaddelerden \\u00fcretilmi\\u015f solvent bazl\\u0131 ah\\u015fap koruma \\u00fcr\\u00fcn\\u00fc. Solmu\\u015f ya\\u011fl\\u0131 ah\\u015fap zeminlerin renklerini canl\\u0131la\\u015ft\\u0131r\\u0131r.\",\"breadcrumb\":{\"@id\":\"http:\/\/www.kiehlturkey.com\/index.php\/urun\/kiehl-pflegeol\/#breadcrumb\"},\"inLanguage\":\"tr\",\"potentialAction\":[{\"@type\":\"ReadAction\",\"target\":[\"http:\/\/www.kiehlturkey.com\/index.php\/urun\/kiehl-pflegeol\/\"]}]},{\"@type\":\"BreadcrumbList\",\"@id\":\"http:\/\/www.kiehlturkey.com\/index.php\/urun\/kiehl-pflegeol\/#breadcrumb\",\"itemListElement\":[{\"@type\":\"ListItem\",\"position\":1,\"item\":{\"@type\":\"WebPage\",\"@id\":\"http:\/\/www.kiehlturkey.com\/\",\"url\":\"http:\/\/www.kiehlturkey.com\/\",\"name\":\"Ana sayfa\"}},{\"@type\":\"ListItem\",\"position\":2,\"item\":{\"@type\":\"WebPage\",\"@id\":\"http:\/\/www.kiehlturkey.com\/index.php\/urunler\/\",\"url\":\"http:\/\/www.kiehlturkey.com\/index.php\/urunler\/\",\"name\":\"\\u00dcr\\u00fcnler\"}},{\"@type\":\"ListItem\",\"position\":3,\"item\":{\"@type\":\"WebPage\",\"@id\":\"http:\/\/www.kiehlturkey.com\/index.php\/urun\/kiehl-pflegeol\/\",\"url\":\"http:\/\/www.kiehlturkey.com\/index.php\/urun\/kiehl-pflegeol\/\",\"name\":\"Kiehl-Pflege\\u00f6l\"}}]}]}<\/script>\r\n<!-- \/ Yoast SEO plugin. -->","_links":{"self":[{"href":"http:\/\/www.kiehlturkey.com\/index.php\/wp-json\/wp\/v2\/product\/1225"}],"collection":[{"href":"http:\/\/www.kiehlturkey.com\/index.php\/wp-json\/wp\/v2\/product"}],"about":[{"href":"http:\/\/www.kiehlturkey.com\/index.php\/wp-json\/wp\/v2\/types\/product"}],"replies":[{"embeddable":true,"href":"http:\/\/www.kiehlturkey.com\/index.php\/wp-json\/wp\/v2\/comments?post=1225"}],"version-history":[{"count":1,"href":"http:\/\/www.kiehlturkey.com\/index.php\/wp-json\/wp\/v2\/product\/1225\/revisions"}],"predecessor-version":[{"id":1237,"href":"http:\/\/www.kiehlturkey.com\/index.php\/wp-json\/wp\/v2\/product\/1225\/revisions\/1237"}],"wp:featuredmedia":[{"embeddable":true,"href":"http:\/\/www.kiehlturkey.com\/index.php\/wp-json\/wp\/v2\/media\/1236"}],"wp:attachment":[{"href":"http:\/\/www.kiehlturkey.com\/index.php\/wp-json\/wp\/v2\/media?parent=1225"}],"curies":[{"name":"wp","href":"https:\/\/api.w.org\/{rel}","templated":true}]}}