{"id":1247,"date":"2021-01-21T19:27:11","date_gmt":"2021-01-21T19:27:11","guid":{"rendered":"https:\/\/kiehl.mcsajans.com\/?post_type=product&#038;p=1247"},"modified":"2021-01-21T19:40:42","modified_gmt":"2021-01-21T19:40:42","slug":"kiehl-wax-ex-2","status":"publish","type":"product","link":"http:\/\/www.kiehlturkey.com\/index.php\/urun\/kiehl-wax-ex-2\/","title":{"rendered":"Kiehl-Wax-Ex"},"content":{"rendered":"<p><strong><span class=\"urun_text_02\">\u00d6zellikleri :<\/span><\/strong><span class=\"urun_text_02\">Sadece kokusuz solventler i\u00e7erir. Suya duyarl\u0131 zemin kaplamalar\u0131n\u0131n kabarmas\u0131n\u0131 \u00f6nler. \u00dcr\u00fcn suyla kar\u0131\u015ft\u0131r\u0131lmamal\u0131d\u0131r! \u00dcr\u00fcn\u00fc kanalizasyona d\u00f6kmeyiniz.<\/span><\/p>\n<p><strong><span class=\"urun_text_02\">\u0130\u00e7indekiler :<\/span><\/strong><span class=\"urun_text_02\">Suda \u00e7\u00f6z\u00fcnmeyen solventler.<\/span><\/p>\n<p><span class=\"urun_text_02\"><strong>Kullan\u0131m Alanlar\u0131 :<\/strong>Kiehl-Wax-Ex, solvent mumu, zift, ya\u011f, katran ve topuk izlerini gidermek i\u00e7in uygundur. \u00d6zellikle ah\u015fap, mantar ve tu\u011fla (cotto) gibi solventlere dayan\u0131kl\u0131<br \/>\nzemin kaplamalar\u0131nda kullan\u0131m i\u00e7indir.<\/span><\/p>\n<p><strong><span class=\"urun_text_02\">Kullan\u0131m \u015eekli :<\/span><\/strong><span class=\"urun_text_02\">Zeminin \u0131s\u0131s\u0131 15\u00b0C ila 25\u00b0C aras\u0131nda olmal\u0131d\u0131r. Hem kullan\u0131m esnas\u0131nda hemde kullan\u0131m sonras\u0131nda mekanlar \u00e7ok iyi havaland\u0131r\u0131lmal\u0131 ve sigara i\u00e7ilmemelidir.<\/span><\/p>\n<p><strong><span class=\"urun_text_02\">Mum cilas\u0131 giderme :<\/span>\u00a0<\/strong>Kiehl-Wax-Ex&#8217;i 5 metrekarelik bir y\u00fczeye yay\u0131n. El ile ya da d\u00f6ner ba\u015fl\u0131kl\u0131 makine ile \u00fcr\u00fcn\u00fc uygulay\u0131n. \u00c7\u00f6z\u00fcnd\u00fcr\u00fclen kirleri \u00fcst\u00fcp\u00fc ya da ba\u015fka bir emici materyal ile temizleyin. Islak vakumlu s\u00fcp\u00fcrge ile vakumlamay\u0131n. Ayn\u0131 prosed\u00fcr\u00fc di\u011fer 5 metrekarelik alanlarda tekrarlay\u0131n.<\/p>\n<p><strong><span class=\"urun_text_02\">Topuk izlerini giderilmesi i\u00e7in sprey bak\u0131m\u0131 :<\/span><\/strong>\u00a0\u00dcr\u00fcn\u00fc seyreltmeden d\u00f6ner ba\u015fl\u0131kl\u0131 makineyle uygulay\u0131n.<\/p>\n<p><strong><span class=\"urun_text_02\">Uyar\u0131 :<\/span><\/strong><span class=\"urun_text_02\">Kiehl \u00fcr\u00fcn\u00fcn us\u00fcle uygun olmayan kullan\u0131m\u0131 ve bundan<\/span><span class=\"urun_text_02\"><br \/>\ndo\u011facak zararlar i\u00e7in hi\u00e7bir sorumlulu\u011fu kabul etmez.<\/span><\/p>\n<p>&nbsp;<\/p>\n","protected":false},"excerpt":{"rendered":"<h1>Kiehl-Wax-Ex<\/h1>\n<p>Mum cilas\u0131 giderici<\/p>\n<p><span class=\"urun_text_02\"><strong>\u00d6zellikleri :<\/strong>\u00a0<\/span>Sadece kokusuz solventler i\u00e7erir. Suya duyarl\u0131 zemin kaplamalar\u0131n\u0131n kabarmas\u0131n\u0131 \u00f6nler. \u00dcr\u00fcn suyla kar\u0131\u015ft\u0131r\u0131lmamal\u0131d\u0131r! \u00dcr\u00fcn\u00fc kanalizasyona d\u00f6kmeyiniz.<\/p>\n<hr \/>\n<p><img loading=\"lazy\" class=\"alignnone size-full wp-image-1249\" src=\"https:\/\/kiehl.mcsajans.com\/wp-content\/uploads\/2021\/01\/kiehl-wax-ex_icon-1.jpg\" alt=\"\" width=\"139\" height=\"67\" \/><\/p>\n<p><em><span class=\"urun_text_02\"><strong>Metrekare ba\u015f\u0131na t\u00fcketim =<\/strong>Mum cilas\u0131 giderme: 150-200 ml<br \/>\nSprey bak\u0131m\u0131: 3-5 ml<\/span><\/em><\/p>\n<p><em><strong><span class=\"urun_text_02\">Paketleme =<\/span><\/strong><\/em><span class=\"urun_text_02\"> Profesyonel kullan\u0131mlar i\u00e7indir!<br \/>\n10 litre metal bidon \u00dcr. No. j 22 02 60<\/span><\/p>\n<p><img loading=\"lazy\" class=\"alignnone size-full wp-image-1250\" src=\"https:\/\/kiehl.mcsajans.com\/wp-content\/uploads\/2021\/01\/tahris-2.jpg\" alt=\"\" width=\"69\" height=\"79\" \/><\/p>\n<p>R 53 Akuatik \u00e7evrede uzun s\u00fcreli k\u00f6t\u00fc etkilere neden olabilir.<br \/>\nR 65 Yutulmas\u0131 halinde akci\u011ferlere zarar verebilir.<br \/>\nR 66 Yinelenen temas hallerinde ciltte yar\u0131k veya \u00e7atlaklara neden olabilir.<br \/>\nS 24 Deriye temas etmemesine dikkat ediniz.<br \/>\nS 51 Sadece \u00e7ok iyi havaland\u0131rman\u0131n bulundu\u011fu yerlerde kullan\u0131n\u0131z.<br \/>\nS 62 Yutan ki\u015fiyi kusturmaya \u00e7al\u0131\u015fmay\u0131n\u0131z: hemen bir t\u0131p merkezine ba\u015fvurunuz ve madde<br \/>\netiketini veya kab\u0131n\u0131 doktora g\u00f6steriniz.<br \/>\nSolvent nafta i\u00e7erir.<\/p>\n<p>&nbsp;<\/p>\n","protected":false},"featured_media":1251,"comment_status":"open","ping_status":"closed","template":"elementor_theme","meta":[],"yoast_head":"<!-- This site is optimized with the Yoast SEO plugin v15.9 - https:\/\/yoast.com\/wordpress\/plugins\/seo\/ -->\r\n<title>Kiehl-Wax-Ex | K\u0130EHL<\/title>\r\n<meta name=\"description\" content=\"Sadece kokusuz solventler i\u00e7erir. Suya duyarl\u0131 zemin kaplamalar\u0131n\u0131n kabarmas\u0131n\u0131 \u00f6nler.\u00dcr\u00fcn suyla kar\u0131\u015ft\u0131r\u0131lmamal\u0131d\u0131r!\" \/>\r\n<meta name=\"robots\" content=\"index, follow, max-snippet:-1, max-image-preview:large, max-video-preview:-1\" \/>\r\n<link rel=\"canonical\" href=\"http:\/\/www.kiehlturkey.com\/index.php\/urun\/kiehl-wax-ex-2\/\" \/>\r\n<meta property=\"og:locale\" content=\"tr_TR\" \/>\r\n<meta property=\"og:type\" content=\"article\" \/>\r\n<meta property=\"og:title\" content=\"Kiehl-Wax-Ex | K\u0130EHL\" \/>\r\n<meta property=\"og:description\" content=\"Sadece kokusuz solventler i\u00e7erir. Suya duyarl\u0131 zemin kaplamalar\u0131n\u0131n kabarmas\u0131n\u0131 \u00f6nler.\u00dcr\u00fcn suyla kar\u0131\u015ft\u0131r\u0131lmamal\u0131d\u0131r!\" \/>\r\n<meta property=\"og:url\" content=\"http:\/\/www.kiehlturkey.com\/index.php\/urun\/kiehl-wax-ex-2\/\" \/>\r\n<meta property=\"og:site_name\" content=\"K\u0130EHL\" \/>\r\n<meta property=\"article:modified_time\" content=\"2021-01-21T19:40:42+00:00\" \/>\r\n<meta property=\"og:image\" content=\"http:\/\/www.kiehlturkey.com\/wp-content\/uploads\/2021\/01\/kiehl-wax-ex-1.jpg\" \/>\r\n\t<meta property=\"og:image:width\" content=\"173\" \/>\r\n\t<meta property=\"og:image:height\" content=\"275\" \/>\r\n<meta name=\"twitter:card\" content=\"summary_large_image\" \/>\r\n<meta name=\"twitter:label1\" content=\"Tahmini okuma s\u00fcresi\">\n\t<meta name=\"twitter:data1\" content=\"1 dakika\">\r\n<script type=\"application\/ld+json\" class=\"yoast-schema-graph\">{\"@context\":\"https:\/\/schema.org\",\"@graph\":[{\"@type\":\"WebSite\",\"@id\":\"http:\/\/www.kiehlturkey.com\/#website\",\"url\":\"http:\/\/www.kiehlturkey.com\/\",\"name\":\"K\\u0130EHL\",\"description\":\"die saubere L\\u00f6sung\",\"potentialAction\":[{\"@type\":\"SearchAction\",\"target\":\"http:\/\/www.kiehlturkey.com\/?s={search_term_string}\",\"query-input\":\"required name=search_term_string\"}],\"inLanguage\":\"tr\"},{\"@type\":\"ImageObject\",\"@id\":\"http:\/\/www.kiehlturkey.com\/index.php\/urun\/kiehl-wax-ex-2\/#primaryimage\",\"inLanguage\":\"tr\",\"url\":\"http:\/\/www.kiehlturkey.com\/wp-content\/uploads\/2021\/01\/kiehl-wax-ex-1.jpg\",\"width\":173,\"height\":275},{\"@type\":\"WebPage\",\"@id\":\"http:\/\/www.kiehlturkey.com\/index.php\/urun\/kiehl-wax-ex-2\/#webpage\",\"url\":\"http:\/\/www.kiehlturkey.com\/index.php\/urun\/kiehl-wax-ex-2\/\",\"name\":\"Kiehl-Wax-Ex | K\\u0130EHL\",\"isPartOf\":{\"@id\":\"http:\/\/www.kiehlturkey.com\/#website\"},\"primaryImageOfPage\":{\"@id\":\"http:\/\/www.kiehlturkey.com\/index.php\/urun\/kiehl-wax-ex-2\/#primaryimage\"},\"datePublished\":\"2021-01-21T19:27:11+00:00\",\"dateModified\":\"2021-01-21T19:40:42+00:00\",\"description\":\"Sadece kokusuz solventler i\\u00e7erir. Suya duyarl\\u0131 zemin kaplamalar\\u0131n\\u0131n kabarmas\\u0131n\\u0131 \\u00f6nler.\\u00dcr\\u00fcn suyla kar\\u0131\\u015ft\\u0131r\\u0131lmamal\\u0131d\\u0131r!\",\"breadcrumb\":{\"@id\":\"http:\/\/www.kiehlturkey.com\/index.php\/urun\/kiehl-wax-ex-2\/#breadcrumb\"},\"inLanguage\":\"tr\",\"potentialAction\":[{\"@type\":\"ReadAction\",\"target\":[\"http:\/\/www.kiehlturkey.com\/index.php\/urun\/kiehl-wax-ex-2\/\"]}]},{\"@type\":\"BreadcrumbList\",\"@id\":\"http:\/\/www.kiehlturkey.com\/index.php\/urun\/kiehl-wax-ex-2\/#breadcrumb\",\"itemListElement\":[{\"@type\":\"ListItem\",\"position\":1,\"item\":{\"@type\":\"WebPage\",\"@id\":\"http:\/\/www.kiehlturkey.com\/\",\"url\":\"http:\/\/www.kiehlturkey.com\/\",\"name\":\"Ana sayfa\"}},{\"@type\":\"ListItem\",\"position\":2,\"item\":{\"@type\":\"WebPage\",\"@id\":\"http:\/\/www.kiehlturkey.com\/index.php\/urunler\/\",\"url\":\"http:\/\/www.kiehlturkey.com\/index.php\/urunler\/\",\"name\":\"\\u00dcr\\u00fcnler\"}},{\"@type\":\"ListItem\",\"position\":3,\"item\":{\"@type\":\"WebPage\",\"@id\":\"http:\/\/www.kiehlturkey.com\/index.php\/urun\/kiehl-wax-ex-2\/\",\"url\":\"http:\/\/www.kiehlturkey.com\/index.php\/urun\/kiehl-wax-ex-2\/\",\"name\":\"Kiehl-Wax-Ex\"}}]}]}<\/script>\r\n<!-- \/ Yoast SEO plugin. -->","_links":{"self":[{"href":"http:\/\/www.kiehlturkey.com\/index.php\/wp-json\/wp\/v2\/product\/1247"}],"collection":[{"href":"http:\/\/www.kiehlturkey.com\/index.php\/wp-json\/wp\/v2\/product"}],"about":[{"href":"http:\/\/www.kiehlturkey.com\/index.php\/wp-json\/wp\/v2\/types\/product"}],"replies":[{"embeddable":true,"href":"http:\/\/www.kiehlturkey.com\/index.php\/wp-json\/wp\/v2\/comments?post=1247"}],"version-history":[{"count":1,"href":"http:\/\/www.kiehlturkey.com\/index.php\/wp-json\/wp\/v2\/product\/1247\/revisions"}],"predecessor-version":[{"id":1252,"href":"http:\/\/www.kiehlturkey.com\/index.php\/wp-json\/wp\/v2\/product\/1247\/revisions\/1252"}],"wp:featuredmedia":[{"embeddable":true,"href":"http:\/\/www.kiehlturkey.com\/index.php\/wp-json\/wp\/v2\/media\/1251"}],"wp:attachment":[{"href":"http:\/\/www.kiehlturkey.com\/index.php\/wp-json\/wp\/v2\/media?parent=1247"}],"curies":[{"name":"wp","href":"https:\/\/api.w.org\/{rel}","templated":true}]}}