{"id":1257,"date":"2021-01-21T19:59:45","date_gmt":"2021-01-21T19:59:45","guid":{"rendered":"https:\/\/kiehl.mcsajans.com\/?post_type=product&#038;p=1257"},"modified":"2023-10-21T00:52:36","modified_gmt":"2023-10-21T00:52:36","slug":"arcandis-craft","status":"publish","type":"product","link":"http:\/\/www.kiehlturkey.com\/index.php\/urun\/arcandis-craft\/","title":{"rendered":"ARCANDIS\u00ae-Craft"},"content":{"rendered":"<p><strong><span class=\"urun_text_02\">\u00d6zellikleri <\/span><\/strong><span class=\"urun_text_02\">:<\/span><span class=\"urun_text_02\">End\u00fcstriyel bula\u015f\u0131k makineleri i\u00e7in konsantre,y\u00fcksek alkali s\u0131v\u0131 bula\u015f\u0131k deterjan\u0131d\u0131r.<br \/>\nARCAND\u0130S-Craft inat\u00e7\u0131 ni\u015fasta tabakalar\u0131n\u0131 ve yiyecek art\u0131klar\u0131n\u0131 ortadan kald\u0131r\u0131r.Bu \u00fcr\u00fcn\u00fcn bula\u015f\u0131k makinelerinde periyodik olarak kullan\u0131lmas\u0131 durumunda,zaman harcanan temel dald\u0131rma temizli\u011fine gerek kalmaz.<\/span><\/p>\n<p><strong><span class=\"urun_text_02\">\u0130\u00e7indekiler <\/span><\/strong><span class=\"urun_text_02\">: \u00a0648\/2004\/EG)<br \/>\nAlkaliler,noniyonik y\u00fczey aktif maddeler,amfoter y\u00fczey aktif maddeler,katk\u0131 maddeleri.<br \/>\npH de\u011feri(konsantre):yak.14 pH de\u011feri(kullan\u0131ma haz\u0131r sol\u00fcsyon):yak.12,5<\/span><span class=\"urun_text_02\"><br \/>\n<\/span><\/p>\n<p><span class=\"urun_text_02\"><strong>Kullan\u0131m Alanlar\u0131 :<\/strong>Porselen,cam,plastik ve paslanmaz \u00e7elikten yap\u0131lm\u0131\u015f t\u00fcm alkaliye dayan\u0131kl\u0131 bula\u015f\u0131k grubu i\u00e7in uygundur.Al\u00fcminyum ve g\u00fcm\u00fc\u015f \u00fczerinde kullanmay\u0131n\u0131z.<strong><br \/>\n<\/strong><\/span><\/p>\n<p><strong><span class=\"urun_text_02\">Kullan\u0131m \u015eekli :<\/span><\/strong><span class=\"urun_text_02\">Manuel Temel Temezlik:<br \/>\nARCANDIS-Craft temiz su ile doldurulmu\u015f makine i\u00e7ine manuel olarak seyreltilir.<br \/>\n(Litre ba\u015f\u0131na 10-40 ml seyreltilir)Bula\u015f\u0131klar\u0131 temizlemek i\u00e7in bula\u015f\u0131k makinesini \u00e7al\u0131\u015ft\u0131r\u0131n.Daha sonra temiz su ile makineyi tekrar doldurun ve normal \u00e7evrimle bir kez daha bula\u015f\u0131klar\u0131 temizleyin.<\/span><strong><span class=\"urun_text_02\"><br \/>\n<\/span><\/strong><\/p>\n<p><strong>Mekanik Temel Temizlik:<\/strong><br \/>\nARCANDIS-Craft,programlanbilir K\u0130EHL dozaj \u00fcnitesi ARCANDIS-Peredos 3L(Dozajlama \u00fcnitesi) \u00fczerinden periyodik olarak seyreltilmi\u015f olacak.Seyreltme belirli ko\u015fullara g\u00f6re K\u0130EHL servis teknisyeni taraf\u0131ndan ayarlan\u0131cakt\u0131r.<br \/>\nG\u00fcvenlik nedeniyle,L\u00fctfen sadece e\u011fitimli personel ile \u00e7al\u0131\u015f\u0131n\u0131z.<\/p>\n<p><span class=\"urun_text_02\"><strong>T\u00fcketim<\/strong>i :\u00a0:\u00a0Kimyasal t\u00fcketimi belirli ko\u015fullara ba\u011fl\u0131d\u0131r.<br \/>\n<\/span><\/p>\n<p>&nbsp;<\/p>\n","protected":false},"excerpt":{"rendered":"<h1>ARCANDIS\u00ae-Craft<\/h1>\n<p>Temel Temizleyici<\/p>\n<p><span class=\"urun_text_02\"><strong>\u00d6zellikleri :<\/strong>End\u00fcstriyel bula\u015f\u0131k makineleri i\u00e7in konsantre,y\u00fcksek alkali s\u0131v\u0131 bula\u015f\u0131k deterjan\u0131d\u0131r.<br \/>\nARCAND\u0130S-Craft inat\u00e7\u0131 ni\u015fasta tabakalar\u0131n\u0131 ve yiyecek art\u0131klar\u0131n\u0131 ortadan kald\u0131r\u0131r.Bu \u00fcr\u00fcn\u00fcn bula\u015f\u0131k makinelerinde periyodik olarak kullan\u0131lmas\u0131 durumunda,zaman harcanan temel dald\u0131rma temizli\u011fine gerek kalmaz<br \/>\n<\/span><\/p>\n<hr \/>\n<p><img loading=\"lazy\" class=\"alignnone size-full wp-image-1258\" src=\"https:\/\/kiehl.mcsajans.com\/wp-content\/uploads\/2021\/01\/arcandis_classic-2.jpg\" alt=\"\" width=\"152\" height=\"67\" srcset=\"http:\/\/www.kiehlturkey.com\/wp-content\/uploads\/2021\/01\/arcandis_classic-2.jpg 152w, http:\/\/www.kiehlturkey.com\/wp-content\/uploads\/2021\/01\/arcandis_classic-2-150x67.jpg 150w\" sizes=\"(max-width: 152px) 100vw, 152px\" \/><\/p>\n<p><em><strong><span class=\"urun_text_02\">Paketleme =<\/span><\/strong><span class=\"urun_text_02\">2&#215;5 litrelik koli Art.-Nr. j 56 21 05<br \/>\n10 L Bidon Art.-Nr. j 56 21 10<\/span><\/em><\/p>\n<p><img loading=\"lazy\" class=\"alignnone size-full wp-image-1250\" src=\"https:\/\/kiehl.mcsajans.com\/wp-content\/uploads\/2021\/01\/tahris-2.jpg\" alt=\"\" width=\"69\" height=\"79\" \/><\/p>\n<p>C, Konsantre bi\u00e7imde a\u015f\u0131nd\u0131r\u0131c\u0131;<br \/>\nR 35 Yan\u0131klara neden olur.S 24\/25 G\u00f6z ve cilt temas\u0131ndan ka\u00e7\u0131n\u0131n.S 26 G\u00f6zle temas halinde bol su ile y\u0131kay\u0131n ve doktora ba\u015fvurun.S 45 Kaza halinde veya kendinizi iyi hissetmezseniz doktora ba\u015fvurun(m\u00fcmk\u00fcnse etiketi g\u00f6sterin).S 36\/37\/39 \u00c7al\u0131\u015f\u0131rken uygun koruyucu giysi,eldiven ve y\u00fcz\/g\u00f6z koruyucusu kullan\u0131n.<br \/>\nProfesyonel kullan\u0131mlar i\u00e7indir!<\/p>\n","protected":false},"featured_media":1259,"comment_status":"open","ping_status":"closed","template":"elementor_theme","meta":[],"yoast_head":"<!-- This site is optimized with the Yoast SEO plugin v15.9 - https:\/\/yoast.com\/wordpress\/plugins\/seo\/ -->\r\n<title>ARCANDIS\u00ae-Craft | K\u0130EHL<\/title>\r\n<meta name=\"description\" content=\"End\u00fcstriyel bula\u015f\u0131k makineleri i\u00e7in konsantre,y\u00fcksek alkali s\u0131v\u0131 bula\u015f\u0131k deterjan\u0131d\u0131r.inat\u00e7\u0131 lekeleri ve yiyecek art\u0131klar\u0131n\u0131 ortadan kald\u0131r\u0131r\" \/>\r\n<meta name=\"robots\" content=\"index, follow, max-snippet:-1, max-image-preview:large, max-video-preview:-1\" \/>\r\n<link rel=\"canonical\" href=\"http:\/\/www.kiehlturkey.com\/index.php\/urun\/arcandis-craft\/\" \/>\r\n<meta property=\"og:locale\" content=\"tr_TR\" \/>\r\n<meta property=\"og:type\" content=\"article\" \/>\r\n<meta property=\"og:title\" content=\"ARCANDIS\u00ae-Craft | K\u0130EHL\" \/>\r\n<meta property=\"og:description\" content=\"End\u00fcstriyel bula\u015f\u0131k makineleri i\u00e7in konsantre,y\u00fcksek alkali s\u0131v\u0131 bula\u015f\u0131k deterjan\u0131d\u0131r.inat\u00e7\u0131 lekeleri ve yiyecek art\u0131klar\u0131n\u0131 ortadan kald\u0131r\u0131r\" \/>\r\n<meta property=\"og:url\" content=\"http:\/\/www.kiehlturkey.com\/index.php\/urun\/arcandis-craft\/\" \/>\r\n<meta property=\"og:site_name\" content=\"K\u0130EHL\" \/>\r\n<meta property=\"article:modified_time\" content=\"2023-10-21T00:52:36+00:00\" \/>\r\n<meta property=\"og:image\" content=\"http:\/\/www.kiehlturkey.com\/wp-content\/uploads\/2021\/01\/arcandis_craft.jpg\" \/>\r\n\t<meta property=\"og:image:width\" content=\"165\" \/>\r\n\t<meta property=\"og:image:height\" content=\"220\" \/>\r\n<meta name=\"twitter:card\" content=\"summary_large_image\" \/>\r\n<meta name=\"twitter:label1\" content=\"Tahmini okuma s\u00fcresi\">\n\t<meta name=\"twitter:data1\" content=\"1 dakika\">\r\n<script type=\"application\/ld+json\" class=\"yoast-schema-graph\">{\"@context\":\"https:\/\/schema.org\",\"@graph\":[{\"@type\":\"WebSite\",\"@id\":\"http:\/\/www.kiehlturkey.com\/#website\",\"url\":\"http:\/\/www.kiehlturkey.com\/\",\"name\":\"K\\u0130EHL\",\"description\":\"die saubere L\\u00f6sung\",\"potentialAction\":[{\"@type\":\"SearchAction\",\"target\":\"http:\/\/www.kiehlturkey.com\/?s={search_term_string}\",\"query-input\":\"required name=search_term_string\"}],\"inLanguage\":\"tr\"},{\"@type\":\"ImageObject\",\"@id\":\"http:\/\/www.kiehlturkey.com\/index.php\/urun\/arcandis-craft\/#primaryimage\",\"inLanguage\":\"tr\",\"url\":\"http:\/\/www.kiehlturkey.com\/wp-content\/uploads\/2021\/01\/arcandis_craft.jpg\",\"width\":165,\"height\":220},{\"@type\":\"WebPage\",\"@id\":\"http:\/\/www.kiehlturkey.com\/index.php\/urun\/arcandis-craft\/#webpage\",\"url\":\"http:\/\/www.kiehlturkey.com\/index.php\/urun\/arcandis-craft\/\",\"name\":\"ARCANDIS\\u00ae-Craft | K\\u0130EHL\",\"isPartOf\":{\"@id\":\"http:\/\/www.kiehlturkey.com\/#website\"},\"primaryImageOfPage\":{\"@id\":\"http:\/\/www.kiehlturkey.com\/index.php\/urun\/arcandis-craft\/#primaryimage\"},\"datePublished\":\"2021-01-21T19:59:45+00:00\",\"dateModified\":\"2023-10-21T00:52:36+00:00\",\"description\":\"End\\u00fcstriyel bula\\u015f\\u0131k makineleri i\\u00e7in konsantre,y\\u00fcksek alkali s\\u0131v\\u0131 bula\\u015f\\u0131k deterjan\\u0131d\\u0131r.inat\\u00e7\\u0131 lekeleri ve yiyecek art\\u0131klar\\u0131n\\u0131 ortadan kald\\u0131r\\u0131r\",\"breadcrumb\":{\"@id\":\"http:\/\/www.kiehlturkey.com\/index.php\/urun\/arcandis-craft\/#breadcrumb\"},\"inLanguage\":\"tr\",\"potentialAction\":[{\"@type\":\"ReadAction\",\"target\":[\"http:\/\/www.kiehlturkey.com\/index.php\/urun\/arcandis-craft\/\"]}]},{\"@type\":\"BreadcrumbList\",\"@id\":\"http:\/\/www.kiehlturkey.com\/index.php\/urun\/arcandis-craft\/#breadcrumb\",\"itemListElement\":[{\"@type\":\"ListItem\",\"position\":1,\"item\":{\"@type\":\"WebPage\",\"@id\":\"http:\/\/www.kiehlturkey.com\/\",\"url\":\"http:\/\/www.kiehlturkey.com\/\",\"name\":\"Ana sayfa\"}},{\"@type\":\"ListItem\",\"position\":2,\"item\":{\"@type\":\"WebPage\",\"@id\":\"http:\/\/www.kiehlturkey.com\/index.php\/urunler\/\",\"url\":\"http:\/\/www.kiehlturkey.com\/index.php\/urunler\/\",\"name\":\"\\u00dcr\\u00fcnler\"}},{\"@type\":\"ListItem\",\"position\":3,\"item\":{\"@type\":\"WebPage\",\"@id\":\"http:\/\/www.kiehlturkey.com\/index.php\/urun\/arcandis-craft\/\",\"url\":\"http:\/\/www.kiehlturkey.com\/index.php\/urun\/arcandis-craft\/\",\"name\":\"ARCANDIS\\u00ae-Craft\"}}]}]}<\/script>\r\n<!-- \/ Yoast SEO plugin. -->","_links":{"self":[{"href":"http:\/\/www.kiehlturkey.com\/index.php\/wp-json\/wp\/v2\/product\/1257"}],"collection":[{"href":"http:\/\/www.kiehlturkey.com\/index.php\/wp-json\/wp\/v2\/product"}],"about":[{"href":"http:\/\/www.kiehlturkey.com\/index.php\/wp-json\/wp\/v2\/types\/product"}],"replies":[{"embeddable":true,"href":"http:\/\/www.kiehlturkey.com\/index.php\/wp-json\/wp\/v2\/comments?post=1257"}],"version-history":[{"count":1,"href":"http:\/\/www.kiehlturkey.com\/index.php\/wp-json\/wp\/v2\/product\/1257\/revisions"}],"predecessor-version":[{"id":1260,"href":"http:\/\/www.kiehlturkey.com\/index.php\/wp-json\/wp\/v2\/product\/1257\/revisions\/1260"}],"wp:featuredmedia":[{"embeddable":true,"href":"http:\/\/www.kiehlturkey.com\/index.php\/wp-json\/wp\/v2\/media\/1259"}],"wp:attachment":[{"href":"http:\/\/www.kiehlturkey.com\/index.php\/wp-json\/wp\/v2\/media?parent=1257"}],"curies":[{"name":"wp","href":"https:\/\/api.w.org\/{rel}","templated":true}]}}