{"id":1261,"date":"2021-01-21T20:14:42","date_gmt":"2021-01-21T20:14:42","guid":{"rendered":"https:\/\/kiehl.mcsajans.com\/?post_type=product&#038;p=1261"},"modified":"2021-01-21T20:22:48","modified_gmt":"2021-01-21T20:22:48","slug":"arcandis-eco","status":"publish","type":"product","link":"http:\/\/www.kiehlturkey.com\/index.php\/urun\/arcandis-eco\/","title":{"rendered":"ARCANDIS\u00ae-Eco"},"content":{"rendered":"<p><strong><span class=\"urun_text_02\">\u00d6zellikleri <\/span><\/strong><span class=\"urun_text_02\">:ARCANDIS-Eco end\u00fcstriyel bula\u015f\u0131k makineleri i\u00e7in konsantre s\u0131v\u0131 bula\u015f\u0131k deterjan\u0131d\u0131r.Tabaklar \u00fczerindeki ni\u015fasta birikmesini belirgin \u015fekilde azalt\u0131r.\u00dcr\u00fcn su sertli\u011finin t\u00fcm d\u00fczeylerinde y\u00fcksek etkili,kalsiyum birikmesini \u00f6nler ve b\u00f6ylece bual\u015f\u0131k makinenizide<br \/>\nkorumaktad\u0131r.ARKANDIS-Eco inat\u00e7\u0131 yiyecek art\u0131klar\u0131n\u0131n yan\u0131 s\u0131ra \u00e7ay ve kahve lekelerini<br \/>\netkili bir \u015fekilde giderir.ARCANDIS-Eco&#8217;nun yenilik\u00e7i form\u00fcl\u00fc NTA,klor ve fosfat i\u00e7ermez<br \/>\nve b\u00f6ylece \u00e7evreye kar\u015f\u0131 duyarl\u0131 ve g\u00fcvenlidir.<\/span><\/p>\n<p><strong><span class=\"urun_text_02\">\u0130\u00e7indekiler <\/span><\/strong><span class=\"urun_text_02\">: :(648\/2004\/EG g\u00f6re)<br \/>\nAmfoter y\u00fczey aktif ,alkaliler,korozyon \u00f6nleyiciler<br \/>\npH de\u011feri(konsantre):yak.13.5 pH de\u011feri(kullan\u0131ma haz\u0131r sol\u00fcsyon):yak.11.7<\/span><span class=\"urun_text_02\"><br \/>\n<\/span><\/p>\n<p><span class=\"urun_text_02\"><strong>Kullan\u0131m Alanlar\u0131 :<\/strong>Porselen,cam,plastik ve paslanmaz \u00e7elikten yap\u0131lm\u0131\u015f alkaliye dayan\u0131kl\u0131 t\u00fcm bula\u015f\u0131k grubu i\u00e7in uygundur.Al\u00fcminyum,kau\u00e7uk ve hassas dekorlu bula\u015f\u0131klar ile kullanmay\u0131n\u0131z.<br \/>\nDurulamada yard\u0131mc\u0131 olarak ARCANDIS-Shine veya ARCANDIS-Splend ile birlikte<br \/>\nkullan\u0131ld\u0131\u011f\u0131nda optimize edilmi\u015f bir temizlik elde edilir.<strong><br \/>\n<\/strong><\/span><\/p>\n<p><strong><span class=\"urun_text_02\">Kullan\u0131m \u015eekli :<\/span><\/strong><span class=\"urun_text_02\">ARCANDIS-Eco bir makine ile birle\u015fik dozajlama sistemi \u00fczerinden veya programlanabilir K\u0130EHL dozajlama \u00fcniteleriyle seyreltilebilir.M\u00fcmk\u00fcn olan en iyi temizlik sonucuna ula\u015fmak i\u00e7in seyreltme y\u00fczeyin belirli \u015fartlar\u0131na,su sertli\u011fine,kir dercesine,makine t\u00fcr\u00fcne g\u00f6re K\u0130EHL servis teknisyeni taraf\u0131ndan ayarlanacakt\u0131r.<br \/>\nSeyreltme 1 litre suya 1-4 gramd\u0131r.<\/span><\/p>\n<p><span class=\"urun_text_02\"><strong>T\u00fcketim<\/strong>i \u00a0:\u00a0Kimyasal t\u00fcketimleri belirli ko\u015fullara ba\u011fl\u0131d\u0131r.<br \/>\n<\/span><\/p>\n<p>&nbsp;<\/p>\n","protected":false},"excerpt":{"rendered":"<h1><strong>ARCANDIS\u00ae-Eco<\/strong><\/h1>\n<p>Y\u00fcksek Etkili Bula\u015f\u0131k Deterjan\u0131<\/p>\n<p><span class=\"urun_text_02\"><strong>\u00d6zellikleri :<\/strong>ARCANDIS-Eco end\u00fcstriyel bula\u015f\u0131k makineleri i\u00e7in konsantre s\u0131v\u0131 bula\u015f\u0131k deterjan\u0131d\u0131r.Tabaklar \u00fczerindeki ni\u015fasta birikmesini belirgin \u015fekilde azalt\u0131r.\u00dcr\u00fcn su sertli\u011finin t\u00fcm d\u00fczeylerinde y\u00fcksek etkili,kalsiyum birikmesini \u00f6nler ve b\u00f6ylece bual\u015f\u0131k makinenizide<br \/>\nkorumaktad\u0131r.ARKANDIS-Eco inat\u00e7\u0131 yiyecek art\u0131klar\u0131n\u0131n yan\u0131 s\u0131ra \u00e7ay ve kahve lekelerini<br \/>\netkili bir \u015fekilde giderir.ARCANDIS-Eco&#8217;nun yenilik\u00e7i form\u00fcl\u00fc NTA,klor ve fosfat i\u00e7ermez<br \/>\nve b\u00f6ylece \u00e7evreye kar\u015f\u0131 duyarl\u0131 ve g\u00fcvenlidir.<br \/>\n<\/span><\/p>\n<hr \/>\n<p><img loading=\"lazy\" class=\"alignnone size-full wp-image-1262\" src=\"https:\/\/kiehl.mcsajans.com\/wp-content\/uploads\/2021\/01\/arcandis_classic-3.jpg\" alt=\"\" width=\"152\" height=\"67\" srcset=\"http:\/\/www.kiehlturkey.com\/wp-content\/uploads\/2021\/01\/arcandis_classic-3.jpg 152w, http:\/\/www.kiehlturkey.com\/wp-content\/uploads\/2021\/01\/arcandis_classic-3-150x67.jpg 150w\" sizes=\"(max-width: 152px) 100vw, 152px\" \/><\/p>\n<p><em><strong><span class=\"urun_text_02\">Paketleme =<\/span><\/strong><\/em><\/p>\n<p>10 L Bidon Art.-Nr. j 56 06 10<br \/>\n20 L Bidon Art.-Nr. j 56 06 21<br \/>\n30 L Bidon Art.-Nr. j 56 06 72<\/p>\n<p><img loading=\"lazy\" class=\"alignnone size-full wp-image-1250\" src=\"https:\/\/kiehl.mcsajans.com\/wp-content\/uploads\/2021\/01\/tahris-2.jpg\" alt=\"\" width=\"69\" height=\"79\" \/><\/p>\n<p>C, Konsantre bi\u00e7imde a\u015f\u0131nd\u0131r\u0131c\u0131;<br \/>\nR 35 Yan\u0131klara neden olur.S 24\/25 G\u00f6z ve cilde temas etmemesine dikkat ediniz.S 26 G\u00f6zle temas halinde bol miktarda su ile y\u0131kay\u0131n\u0131z ve doktora ba\u015fvurunuz.S 45 Herhangi bir kaza halinde veya kendinizi iyi hissetmedi\u011finizde doktora ba\u015fvurun (\u00dc\u00fcn etiketini hekime g\u00f6steriniz)S 36\/37\/39 \u00c7al\u0131\u015f\u0131rken uygun koruyucu giysiler,eldiven y\u00fcz\/g\u00f6z koruyucu ekipmanlar kullan\u0131n\u0131z.<br \/>\n<strong>Profesyonel kullan\u0131mlar i\u00e7indir!<\/strong><\/p>\n","protected":false},"featured_media":1263,"comment_status":"open","ping_status":"closed","template":"elementor_theme","meta":[],"yoast_head":"<!-- This site is optimized with the Yoast SEO plugin v15.9 - https:\/\/yoast.com\/wordpress\/plugins\/seo\/ -->\r\n<title>ARCANDIS\u00ae-Eco | K\u0130EHL<\/title>\r\n<meta name=\"description\" content=\"Bula\u015f\u0131k makineleri i\u00e7in konsantre s\u0131v\u0131 bula\u015f\u0131k deterjan\u0131d\u0131r.Tabaklar \u00fczerindeki ni\u015fasta birikmesini belirgin \u015fekilde azalt\u0131r.\" \/>\r\n<meta name=\"robots\" content=\"index, follow, max-snippet:-1, max-image-preview:large, max-video-preview:-1\" \/>\r\n<link rel=\"canonical\" href=\"http:\/\/www.kiehlturkey.com\/index.php\/urun\/arcandis-eco\/\" \/>\r\n<meta property=\"og:locale\" content=\"tr_TR\" \/>\r\n<meta property=\"og:type\" content=\"article\" \/>\r\n<meta property=\"og:title\" content=\"ARCANDIS\u00ae-Eco | K\u0130EHL\" \/>\r\n<meta property=\"og:description\" content=\"Bula\u015f\u0131k makineleri i\u00e7in konsantre s\u0131v\u0131 bula\u015f\u0131k deterjan\u0131d\u0131r.Tabaklar \u00fczerindeki ni\u015fasta birikmesini belirgin \u015fekilde azalt\u0131r.\" \/>\r\n<meta property=\"og:url\" content=\"http:\/\/www.kiehlturkey.com\/index.php\/urun\/arcandis-eco\/\" \/>\r\n<meta property=\"og:site_name\" content=\"K\u0130EHL\" \/>\r\n<meta property=\"article:modified_time\" content=\"2021-01-21T20:22:48+00:00\" \/>\r\n<meta property=\"og:image\" content=\"http:\/\/www.kiehlturkey.com\/wp-content\/uploads\/2021\/01\/arcandis_eco.jpg\" \/>\r\n\t<meta property=\"og:image:width\" content=\"164\" \/>\r\n\t<meta property=\"og:image:height\" content=\"220\" \/>\r\n<meta name=\"twitter:card\" content=\"summary_large_image\" \/>\r\n<meta name=\"twitter:label1\" content=\"Tahmini okuma s\u00fcresi\">\n\t<meta name=\"twitter:data1\" content=\"1 dakika\">\r\n<script type=\"application\/ld+json\" class=\"yoast-schema-graph\">{\"@context\":\"https:\/\/schema.org\",\"@graph\":[{\"@type\":\"WebSite\",\"@id\":\"http:\/\/www.kiehlturkey.com\/#website\",\"url\":\"http:\/\/www.kiehlturkey.com\/\",\"name\":\"K\\u0130EHL\",\"description\":\"die saubere L\\u00f6sung\",\"potentialAction\":[{\"@type\":\"SearchAction\",\"target\":\"http:\/\/www.kiehlturkey.com\/?s={search_term_string}\",\"query-input\":\"required name=search_term_string\"}],\"inLanguage\":\"tr\"},{\"@type\":\"ImageObject\",\"@id\":\"http:\/\/www.kiehlturkey.com\/index.php\/urun\/arcandis-eco\/#primaryimage\",\"inLanguage\":\"tr\",\"url\":\"http:\/\/www.kiehlturkey.com\/wp-content\/uploads\/2021\/01\/arcandis_eco.jpg\",\"width\":164,\"height\":220},{\"@type\":\"WebPage\",\"@id\":\"http:\/\/www.kiehlturkey.com\/index.php\/urun\/arcandis-eco\/#webpage\",\"url\":\"http:\/\/www.kiehlturkey.com\/index.php\/urun\/arcandis-eco\/\",\"name\":\"ARCANDIS\\u00ae-Eco | K\\u0130EHL\",\"isPartOf\":{\"@id\":\"http:\/\/www.kiehlturkey.com\/#website\"},\"primaryImageOfPage\":{\"@id\":\"http:\/\/www.kiehlturkey.com\/index.php\/urun\/arcandis-eco\/#primaryimage\"},\"datePublished\":\"2021-01-21T20:14:42+00:00\",\"dateModified\":\"2021-01-21T20:22:48+00:00\",\"description\":\"Bula\\u015f\\u0131k makineleri i\\u00e7in konsantre s\\u0131v\\u0131 bula\\u015f\\u0131k deterjan\\u0131d\\u0131r.Tabaklar \\u00fczerindeki ni\\u015fasta birikmesini belirgin \\u015fekilde azalt\\u0131r.\",\"breadcrumb\":{\"@id\":\"http:\/\/www.kiehlturkey.com\/index.php\/urun\/arcandis-eco\/#breadcrumb\"},\"inLanguage\":\"tr\",\"potentialAction\":[{\"@type\":\"ReadAction\",\"target\":[\"http:\/\/www.kiehlturkey.com\/index.php\/urun\/arcandis-eco\/\"]}]},{\"@type\":\"BreadcrumbList\",\"@id\":\"http:\/\/www.kiehlturkey.com\/index.php\/urun\/arcandis-eco\/#breadcrumb\",\"itemListElement\":[{\"@type\":\"ListItem\",\"position\":1,\"item\":{\"@type\":\"WebPage\",\"@id\":\"http:\/\/www.kiehlturkey.com\/\",\"url\":\"http:\/\/www.kiehlturkey.com\/\",\"name\":\"Ana sayfa\"}},{\"@type\":\"ListItem\",\"position\":2,\"item\":{\"@type\":\"WebPage\",\"@id\":\"http:\/\/www.kiehlturkey.com\/index.php\/urunler\/\",\"url\":\"http:\/\/www.kiehlturkey.com\/index.php\/urunler\/\",\"name\":\"\\u00dcr\\u00fcnler\"}},{\"@type\":\"ListItem\",\"position\":3,\"item\":{\"@type\":\"WebPage\",\"@id\":\"http:\/\/www.kiehlturkey.com\/index.php\/urun\/arcandis-eco\/\",\"url\":\"http:\/\/www.kiehlturkey.com\/index.php\/urun\/arcandis-eco\/\",\"name\":\"ARCANDIS\\u00ae-Eco\"}}]}]}<\/script>\r\n<!-- \/ Yoast SEO plugin. -->","_links":{"self":[{"href":"http:\/\/www.kiehlturkey.com\/index.php\/wp-json\/wp\/v2\/product\/1261"}],"collection":[{"href":"http:\/\/www.kiehlturkey.com\/index.php\/wp-json\/wp\/v2\/product"}],"about":[{"href":"http:\/\/www.kiehlturkey.com\/index.php\/wp-json\/wp\/v2\/types\/product"}],"replies":[{"embeddable":true,"href":"http:\/\/www.kiehlturkey.com\/index.php\/wp-json\/wp\/v2\/comments?post=1261"}],"version-history":[{"count":1,"href":"http:\/\/www.kiehlturkey.com\/index.php\/wp-json\/wp\/v2\/product\/1261\/revisions"}],"predecessor-version":[{"id":1264,"href":"http:\/\/www.kiehlturkey.com\/index.php\/wp-json\/wp\/v2\/product\/1261\/revisions\/1264"}],"wp:featuredmedia":[{"embeddable":true,"href":"http:\/\/www.kiehlturkey.com\/index.php\/wp-json\/wp\/v2\/media\/1263"}],"wp:attachment":[{"href":"http:\/\/www.kiehlturkey.com\/index.php\/wp-json\/wp\/v2\/media?parent=1261"}],"curies":[{"name":"wp","href":"https:\/\/api.w.org\/{rel}","templated":true}]}}