{"id":1265,"date":"2021-01-21T20:23:23","date_gmt":"2021-01-21T20:23:23","guid":{"rendered":"https:\/\/kiehl.mcsajans.com\/?post_type=product&#038;p=1265"},"modified":"2021-01-21T20:29:55","modified_gmt":"2021-01-21T20:29:55","slug":"arcandis-presoft","status":"publish","type":"product","link":"http:\/\/www.kiehlturkey.com\/index.php\/urun\/arcandis-presoft\/","title":{"rendered":"ARCANDIS\u00ae-Presoft"},"content":{"rendered":"<p><strong><span class=\"urun_text_02\">\u00d6zellikleri <\/span><\/strong><span class=\"urun_text_02\">:ETabak,\u00e7atal,tencere ve kaplar i\u00e7in s\u0131v\u0131 \u00f6n ar\u0131tma temizleyicisidir.ARCANDIS-Presoft inat\u00e7\u0131 ve kuru yiyecek art\u0131klar\u0131n\u0131 h\u0131zl\u0131 ve tamamen \u00e7\u0131kar\u0131r.\u00dcr\u00fcn\u00fcn d\u00fc\u015f\u00fck k\u00f6p\u00fcrme<br \/>\n\u00f6zellikleri sonraki mekanik temizlik ile birlikte m\u00fckemmel temizlik sonucu sa\u011flar.\u00d6n temizleme ile,durulama \u00e7\u00f6zeltiside temiz kal\u0131r.ARCANDIS-Presoft form\u00fcl\u00fc k\u00f6t\u00fc kokular\u0131 n\u00f6tralize eder,materyali korur ve cilde kar\u015f\u0131 hassast\u0131r.<\/span><\/p>\n<p><strong><span class=\"urun_text_02\">\u0130\u00e7indekiler <\/span><\/strong><span class=\"urun_text_02\">\u00a0:(648\/2004\/EG g\u00f6re)<br \/>\nAlkaliler,non-iyonik y\u00fczey aktif maddeler,amfoter y\u00fczey aktif maddeler,katk\u0131 maddeleri.<br \/>\npH de\u011feri(konsantre):yak.10,5 pH de\u011feri(kullan\u0131ma haz\u0131r sol\u00fcsyon):yak.8,5<\/span><span class=\"urun_text_02\"><br \/>\n<\/span><\/p>\n<p><span class=\"urun_text_02\"><strong>Kullan\u0131m Alanlar\u0131 :<\/strong>Alkaliye dayan\u0131kl\u0131 tabak,\u00e7atal,tencere ve kaplar\u0131n mekanik temizklik \u00f6ncesinde \u00f6n temizli\u011fi i\u00e7in kullan\u0131l\u0131r.<strong><br \/>\n<\/strong><\/span><\/p>\n<p><strong><span class=\"urun_text_02\">Kullan\u0131m \u015eekli :<\/span><\/strong><span class=\"urun_text_02\">\u00d6n dald\u0131rma havuzu (paslanmaz \u00e7elik) i\u00e7ine (30 C-40 C) su d\u00f6k\u00fcl\u00fcr.Kirlilik derecesine g\u00f6re seyreltilmi\u015f ARCANDIS-Presoft \u00e7\u00f6zeltisine dald\u0131r\u0131l\u0131r ve 10 ile 30 dakika etki etmesi sa\u011flan\u0131r.Daha sonra,her zamanki gibi kirli bula\u015f\u0131klar bula\u015f\u0131k<\/span><span class=\"urun_text_02\"><br \/>\nmakinesinde temizlenir.Bula\u015f\u0131k grubunun kirlili\u011fine ba\u011fl\u0131 olarak zaman i\u00e7erisinde dald\u0131rma sol\u00fcsyonu yenilenmelidir.<br \/>\nSeyreltme:0,5-1 (50 ml-100 ml\/10 litre suda)<\/span><\/p>\n<p><span class=\"urun_text_02\"><strong>T\u00fcketim<\/strong>i\u00a0 :\u00a0Kimyasal t\u00fcketimi kirlilik derecesine ve su hacmine ba\u011fl\u0131d\u0131r.<br \/>\n<strong>Profesyonel kullan\u0131mlar i\u00e7indir!<\/strong><br \/>\n<\/span><\/p>\n<p>&nbsp;<\/p>\n","protected":false},"excerpt":{"rendered":"<h1><strong>ARCANDIS\u00ae-Presoft<\/strong><\/h1>\n<p>Hassas \u00d6n-Dald\u0131rma Temizleyicisi<\/p>\n<p><span class=\"urun_text_02\"><strong>\u00d6zellikleri :<\/strong>ETabak,\u00e7atal,tencere ve kaplar i\u00e7in s\u0131v\u0131 \u00f6n ar\u0131tma temizleyicisidir.ARCANDIS-Presoft inat\u00e7\u0131 ve kuru yiyecek art\u0131klar\u0131n\u0131 h\u0131zl\u0131 ve tamamen \u00e7\u0131kar\u0131r.\u00dcr\u00fcn\u00fcn d\u00fc\u015f\u00fck k\u00f6p\u00fcrme<br \/>\n\u00f6zellikleri sonraki mekanik temizlik ile birlikte m\u00fckemmel temizlik sonucu sa\u011flar.\u00d6n temizleme ile,durulama \u00e7\u00f6zeltiside temiz kal\u0131r.ARCANDIS-Presoft form\u00fcl\u00fc k\u00f6t\u00fc kokular\u0131 n\u00f6tralize eder,materyali korur ve cilde kar\u015f\u0131 hassast\u0131r.<br \/>\n<\/span><\/p>\n<hr \/>\n<p><img loading=\"lazy\" class=\"alignnone size-full wp-image-1266\" src=\"https:\/\/kiehl.mcsajans.com\/wp-content\/uploads\/2021\/01\/arcandis_presoft.jpg\" alt=\"\" width=\"63\" height=\"62\" \/><\/p>\n<p><em><strong><span class=\"urun_text_02\">Paketleme =<\/span><\/strong><\/em>10 L Bidon Art.-Nr. j 56 01 10<\/p>\n<p>&nbsp;<\/p>\n<p>&nbsp;<\/p>\n","protected":false},"featured_media":1267,"comment_status":"open","ping_status":"closed","template":"elementor_theme","meta":[],"yoast_head":"<!-- This site is optimized with the Yoast SEO plugin v15.9 - https:\/\/yoast.com\/wordpress\/plugins\/seo\/ -->\r\n<title>ARCANDIS\u00ae-Presoft | K\u0130EHL<\/title>\r\n<meta name=\"description\" content=\":ETabak,\u00e7atal,tencere ve kaplar i\u00e7in s\u0131v\u0131 \u00f6n ar\u0131tma temizleyicisidir. ARCANDIS-Presoft inat\u00e7\u0131 art\u0131klar\u0131n\u0131 h\u0131zl\u0131 ve tamamen \u00e7\u0131kar\u0131r.\" \/>\r\n<meta name=\"robots\" content=\"index, follow, max-snippet:-1, max-image-preview:large, max-video-preview:-1\" \/>\r\n<link rel=\"canonical\" href=\"http:\/\/www.kiehlturkey.com\/index.php\/urun\/arcandis-presoft\/\" \/>\r\n<meta property=\"og:locale\" content=\"tr_TR\" \/>\r\n<meta property=\"og:type\" content=\"article\" \/>\r\n<meta property=\"og:title\" content=\"ARCANDIS\u00ae-Presoft | K\u0130EHL\" \/>\r\n<meta property=\"og:description\" content=\":ETabak,\u00e7atal,tencere ve kaplar i\u00e7in s\u0131v\u0131 \u00f6n ar\u0131tma temizleyicisidir. ARCANDIS-Presoft inat\u00e7\u0131 art\u0131klar\u0131n\u0131 h\u0131zl\u0131 ve tamamen \u00e7\u0131kar\u0131r.\" \/>\r\n<meta property=\"og:url\" content=\"http:\/\/www.kiehlturkey.com\/index.php\/urun\/arcandis-presoft\/\" \/>\r\n<meta property=\"og:site_name\" content=\"K\u0130EHL\" \/>\r\n<meta property=\"article:modified_time\" content=\"2021-01-21T20:29:55+00:00\" \/>\r\n<meta property=\"og:image\" content=\"http:\/\/www.kiehlturkey.com\/wp-content\/uploads\/2021\/01\/arcandis_presoft-1.jpg\" \/>\r\n\t<meta property=\"og:image:width\" content=\"163\" \/>\r\n\t<meta property=\"og:image:height\" content=\"220\" \/>\r\n<meta name=\"twitter:card\" content=\"summary_large_image\" \/>\r\n<meta name=\"twitter:label1\" content=\"Tahmini okuma s\u00fcresi\">\n\t<meta name=\"twitter:data1\" content=\"1 dakika\">\r\n<script type=\"application\/ld+json\" class=\"yoast-schema-graph\">{\"@context\":\"https:\/\/schema.org\",\"@graph\":[{\"@type\":\"WebSite\",\"@id\":\"http:\/\/www.kiehlturkey.com\/#website\",\"url\":\"http:\/\/www.kiehlturkey.com\/\",\"name\":\"K\\u0130EHL\",\"description\":\"die saubere L\\u00f6sung\",\"potentialAction\":[{\"@type\":\"SearchAction\",\"target\":\"http:\/\/www.kiehlturkey.com\/?s={search_term_string}\",\"query-input\":\"required name=search_term_string\"}],\"inLanguage\":\"tr\"},{\"@type\":\"ImageObject\",\"@id\":\"http:\/\/www.kiehlturkey.com\/index.php\/urun\/arcandis-presoft\/#primaryimage\",\"inLanguage\":\"tr\",\"url\":\"http:\/\/www.kiehlturkey.com\/wp-content\/uploads\/2021\/01\/arcandis_presoft-1.jpg\",\"width\":163,\"height\":220},{\"@type\":\"WebPage\",\"@id\":\"http:\/\/www.kiehlturkey.com\/index.php\/urun\/arcandis-presoft\/#webpage\",\"url\":\"http:\/\/www.kiehlturkey.com\/index.php\/urun\/arcandis-presoft\/\",\"name\":\"ARCANDIS\\u00ae-Presoft | K\\u0130EHL\",\"isPartOf\":{\"@id\":\"http:\/\/www.kiehlturkey.com\/#website\"},\"primaryImageOfPage\":{\"@id\":\"http:\/\/www.kiehlturkey.com\/index.php\/urun\/arcandis-presoft\/#primaryimage\"},\"datePublished\":\"2021-01-21T20:23:23+00:00\",\"dateModified\":\"2021-01-21T20:29:55+00:00\",\"description\":\":ETabak,\\u00e7atal,tencere ve kaplar i\\u00e7in s\\u0131v\\u0131 \\u00f6n ar\\u0131tma temizleyicisidir. ARCANDIS-Presoft inat\\u00e7\\u0131 art\\u0131klar\\u0131n\\u0131 h\\u0131zl\\u0131 ve tamamen \\u00e7\\u0131kar\\u0131r.\",\"breadcrumb\":{\"@id\":\"http:\/\/www.kiehlturkey.com\/index.php\/urun\/arcandis-presoft\/#breadcrumb\"},\"inLanguage\":\"tr\",\"potentialAction\":[{\"@type\":\"ReadAction\",\"target\":[\"http:\/\/www.kiehlturkey.com\/index.php\/urun\/arcandis-presoft\/\"]}]},{\"@type\":\"BreadcrumbList\",\"@id\":\"http:\/\/www.kiehlturkey.com\/index.php\/urun\/arcandis-presoft\/#breadcrumb\",\"itemListElement\":[{\"@type\":\"ListItem\",\"position\":1,\"item\":{\"@type\":\"WebPage\",\"@id\":\"http:\/\/www.kiehlturkey.com\/\",\"url\":\"http:\/\/www.kiehlturkey.com\/\",\"name\":\"Ana sayfa\"}},{\"@type\":\"ListItem\",\"position\":2,\"item\":{\"@type\":\"WebPage\",\"@id\":\"http:\/\/www.kiehlturkey.com\/index.php\/urunler\/\",\"url\":\"http:\/\/www.kiehlturkey.com\/index.php\/urunler\/\",\"name\":\"\\u00dcr\\u00fcnler\"}},{\"@type\":\"ListItem\",\"position\":3,\"item\":{\"@type\":\"WebPage\",\"@id\":\"http:\/\/www.kiehlturkey.com\/index.php\/urun\/arcandis-presoft\/\",\"url\":\"http:\/\/www.kiehlturkey.com\/index.php\/urun\/arcandis-presoft\/\",\"name\":\"ARCANDIS\\u00ae-Presoft\"}}]}]}<\/script>\r\n<!-- \/ Yoast SEO plugin. -->","_links":{"self":[{"href":"http:\/\/www.kiehlturkey.com\/index.php\/wp-json\/wp\/v2\/product\/1265"}],"collection":[{"href":"http:\/\/www.kiehlturkey.com\/index.php\/wp-json\/wp\/v2\/product"}],"about":[{"href":"http:\/\/www.kiehlturkey.com\/index.php\/wp-json\/wp\/v2\/types\/product"}],"replies":[{"embeddable":true,"href":"http:\/\/www.kiehlturkey.com\/index.php\/wp-json\/wp\/v2\/comments?post=1265"}],"version-history":[{"count":1,"href":"http:\/\/www.kiehlturkey.com\/index.php\/wp-json\/wp\/v2\/product\/1265\/revisions"}],"predecessor-version":[{"id":1268,"href":"http:\/\/www.kiehlturkey.com\/index.php\/wp-json\/wp\/v2\/product\/1265\/revisions\/1268"}],"wp:featuredmedia":[{"embeddable":true,"href":"http:\/\/www.kiehlturkey.com\/index.php\/wp-json\/wp\/v2\/media\/1267"}],"wp:attachment":[{"href":"http:\/\/www.kiehlturkey.com\/index.php\/wp-json\/wp\/v2\/media?parent=1265"}],"curies":[{"name":"wp","href":"https:\/\/api.w.org\/{rel}","templated":true}]}}