{"id":1269,"date":"2021-01-21T20:30:37","date_gmt":"2021-01-21T20:30:37","guid":{"rendered":"https:\/\/kiehl.mcsajans.com\/?post_type=product&#038;p=1269"},"modified":"2021-01-21T20:38:08","modified_gmt":"2021-01-21T20:38:08","slug":"arcandis-splend","status":"publish","type":"product","link":"http:\/\/www.kiehlturkey.com\/index.php\/urun\/arcandis-splend\/","title":{"rendered":"ARCANDIS\u00ae-Splend"},"content":{"rendered":"<p><strong><span class=\"urun_text_02\">\u00d6zellikleri <\/span><\/strong><span class=\"urun_text_02\">:ARCANDIS-Splend end\u00fcstriyel bula\u015f\u0131k makineleri i\u00e7in son derece konsantre asidik durulama maddesidir.\u00dcr\u00fcn m\u00fckemmel kurutma performans\u0131 sa\u011flar.\u00c7izik,leke b\u0131rakmaz ve b\u00f6ylece verimli bir \u00e7al\u0131\u015fma sa\u011flar.\u00d6zel kire\u00e7 \u00e7\u00f6z\u00fcc\u00fc form\u00fcl\u00fc,kurutma i\u015flemi kalitesinin su sertli\u011finin t\u00fcm d\u00fczeylerinde etkilenmemeyi sa\u011flar.ARCANDIS-Splend d\u00fc\u015f\u00fck k\u00f6p\u00fck f\u00f6rm\u00fcl\u00fc temizleme verimlili\u011fini artt\u0131r\u0131r, bula\u015f\u0131klar\u0131 temiz ve parlak b\u0131rak\u0131r.<\/span><\/p>\n<p><strong><span class=\"urun_text_02\">\u0130\u00e7indekiler <\/span><\/strong><span class=\"urun_text_02\">\u00a0\ud83d\ude41 648\/2004\/EG g\u00f6re)<br \/>\nNoniyonik y\u00fczey aktifler ,\u00e7\u00f6z\u00fcc\u00fcler,organik asitler,koruyucular (Metil-\/<br \/>\nMetilkloroisodiazolinon),g\u0131da boyas\u0131. pH de\u011feri(konsantre):yak.2 pH de\u011feri(kullan\u0131ma haz\u0131r sol\u00fcsyon):yak.7<\/span><span class=\"urun_text_02\"><br \/>\n<\/span><\/p>\n<p><span class=\"urun_text_02\"><strong>Kullan\u0131m Alanlar\u0131: <\/strong>Porselen,cam,plastik ve paslanmaz \u00e7elikten yap\u0131lm\u0131\u015f t\u00fcm bula\u015f\u0131k grubu i\u00e7in uygundur.ARCANDIS-Eco ile birlikte kullan\u0131ld\u0131\u011f\u0131nda optimize edilmi\u015f bir temizlik elde edilir.<strong><br \/>\n<\/strong><strong><br \/>\n<\/strong><\/span><\/p>\n<p><strong>Kullan\u0131m \u015eekli :<\/strong>ARCANDIS-Splend,makine ile birle\u015fik dozajlama sistemi \u00fczerinden veya programlanabilir K\u0130EHL dozaj \u00fcniteleri ile seyreltilebilir.M\u00fcmk\u00fcn olan en iyi sonuca ula\u015fmak i\u00e7in seyreltme,bula\u015f\u0131\u011f\u0131n belirli \u015fartlar\u0131na,su sertli\u011fine,kir derecesine,makine t\u00fcr\u00fcne g\u00f6re<br \/>\nK\u0130EHL servis teknisyeni taraf\u0131ndan ayarlanacakt\u0131r. Seyreltme 1 litre suya 0.2 veya 0.5 ml aras\u0131nda ayarlan\u0131r.<\/p>\n<p><span class=\"urun_text_02\"><strong>T\u00fcketim<\/strong>i\u00a0 :Kimyasal t\u00fcketimi belirli ko\u015fullara ba\u011fl\u0131d\u0131r.<br \/>\n<\/span><\/p>\n<p>&nbsp;<\/p>\n","protected":false},"excerpt":{"rendered":"<h1><strong>ARCANDIS\u00ae-Splend<\/strong><\/h1>\n<p>Asidik Parlat\u0131c\u0131<\/p>\n<p><span class=\"urun_text_02\"><strong>\u00d6zellikleri <\/strong>:ARCANDIS-Splend end\u00fcstriyel bula\u015f\u0131k makineleri i\u00e7in son derece konsantre asidik durulama maddesidir.\u00dcr\u00fcn m\u00fckemmel kurutma performans\u0131 sa\u011flar.\u00c7izik,leke b\u0131rakmaz ve b\u00f6ylece verimli bir \u00e7al\u0131\u015fma sa\u011flar.\u00d6zel kire\u00e7 \u00e7\u00f6z\u00fcc\u00fc form\u00fcl\u00fc,kurutma i\u015flemi kalitesinin su sertli\u011finin t\u00fcm d\u00fczeylerinde etkilenmemeyi sa\u011flar.ARCANDIS-Splend d\u00fc\u015f\u00fck k\u00f6p\u00fck f\u00f6rm\u00fcl\u00fc temizleme verimlili\u011fini artt\u0131r\u0131r, bula\u015f\u0131klar\u0131 temiz ve parlak b\u0131rak\u0131r.<br \/>\n<\/span><\/p>\n<hr \/>\n<p><img loading=\"lazy\" class=\"alignnone size-full wp-image-1271\" src=\"https:\/\/kiehl.mcsajans.com\/wp-content\/uploads\/2021\/01\/arcandis_splend-1-1.jpg\" alt=\"\" width=\"141\" height=\"62\" \/><\/p>\n<p><em><strong><span class=\"urun_text_02\">Paketleme =<\/span><\/strong><span class=\"urun_text_02\">10 L Bidon Art.-Nr. j 56 17 10<\/span><span class=\"urun_text_02\"><br \/>\n20 L Bidon Art.-Nr. j 56 17 21<\/span><\/em><\/p>\n<p>&nbsp;<\/p>\n<p>&nbsp;<\/p>\n","protected":false},"featured_media":1272,"comment_status":"open","ping_status":"closed","template":"elementor_theme","meta":[],"yoast_head":"<!-- This site is optimized with the Yoast SEO plugin v15.9 - https:\/\/yoast.com\/wordpress\/plugins\/seo\/ -->\r\n<title>ARCANDIS\u00ae-Splend | K\u0130EHL<\/title>\r\n<meta name=\"description\" content=\"ARCANDIS-Splend end\u00fcstriyel bula\u015f\u0131k makineleri i\u00e7in son derece konsantre asidik durulama maddesidir\u00dcr\u00fcn m\u00fckemmel kurutma performans\u0131 sa\u011flar\" \/>\r\n<meta name=\"robots\" content=\"index, follow, max-snippet:-1, max-image-preview:large, max-video-preview:-1\" \/>\r\n<link rel=\"canonical\" href=\"http:\/\/www.kiehlturkey.com\/index.php\/urun\/arcandis-splend\/\" \/>\r\n<meta property=\"og:locale\" content=\"tr_TR\" \/>\r\n<meta property=\"og:type\" content=\"article\" \/>\r\n<meta property=\"og:title\" content=\"ARCANDIS\u00ae-Splend | K\u0130EHL\" \/>\r\n<meta property=\"og:description\" content=\"ARCANDIS-Splend end\u00fcstriyel bula\u015f\u0131k makineleri i\u00e7in son derece konsantre asidik durulama maddesidir\u00dcr\u00fcn m\u00fckemmel kurutma performans\u0131 sa\u011flar\" \/>\r\n<meta property=\"og:url\" content=\"http:\/\/www.kiehlturkey.com\/index.php\/urun\/arcandis-splend\/\" \/>\r\n<meta property=\"og:site_name\" content=\"K\u0130EHL\" \/>\r\n<meta property=\"article:modified_time\" content=\"2021-01-21T20:38:08+00:00\" \/>\r\n<meta property=\"og:image\" content=\"http:\/\/www.kiehlturkey.com\/wp-content\/uploads\/2021\/01\/arcandis_splend.jpg\" \/>\r\n\t<meta property=\"og:image:width\" content=\"164\" \/>\r\n\t<meta property=\"og:image:height\" content=\"220\" \/>\r\n<meta name=\"twitter:card\" content=\"summary_large_image\" \/>\r\n<meta name=\"twitter:label1\" content=\"Tahmini okuma s\u00fcresi\">\n\t<meta name=\"twitter:data1\" content=\"1 dakika\">\r\n<script type=\"application\/ld+json\" class=\"yoast-schema-graph\">{\"@context\":\"https:\/\/schema.org\",\"@graph\":[{\"@type\":\"WebSite\",\"@id\":\"http:\/\/www.kiehlturkey.com\/#website\",\"url\":\"http:\/\/www.kiehlturkey.com\/\",\"name\":\"K\\u0130EHL\",\"description\":\"die saubere L\\u00f6sung\",\"potentialAction\":[{\"@type\":\"SearchAction\",\"target\":\"http:\/\/www.kiehlturkey.com\/?s={search_term_string}\",\"query-input\":\"required name=search_term_string\"}],\"inLanguage\":\"tr\"},{\"@type\":\"ImageObject\",\"@id\":\"http:\/\/www.kiehlturkey.com\/index.php\/urun\/arcandis-splend\/#primaryimage\",\"inLanguage\":\"tr\",\"url\":\"http:\/\/www.kiehlturkey.com\/wp-content\/uploads\/2021\/01\/arcandis_splend.jpg\",\"width\":164,\"height\":220},{\"@type\":\"WebPage\",\"@id\":\"http:\/\/www.kiehlturkey.com\/index.php\/urun\/arcandis-splend\/#webpage\",\"url\":\"http:\/\/www.kiehlturkey.com\/index.php\/urun\/arcandis-splend\/\",\"name\":\"ARCANDIS\\u00ae-Splend | K\\u0130EHL\",\"isPartOf\":{\"@id\":\"http:\/\/www.kiehlturkey.com\/#website\"},\"primaryImageOfPage\":{\"@id\":\"http:\/\/www.kiehlturkey.com\/index.php\/urun\/arcandis-splend\/#primaryimage\"},\"datePublished\":\"2021-01-21T20:30:37+00:00\",\"dateModified\":\"2021-01-21T20:38:08+00:00\",\"description\":\"ARCANDIS-Splend end\\u00fcstriyel bula\\u015f\\u0131k makineleri i\\u00e7in son derece konsantre asidik durulama maddesidir\\u00dcr\\u00fcn m\\u00fckemmel kurutma performans\\u0131 sa\\u011flar\",\"breadcrumb\":{\"@id\":\"http:\/\/www.kiehlturkey.com\/index.php\/urun\/arcandis-splend\/#breadcrumb\"},\"inLanguage\":\"tr\",\"potentialAction\":[{\"@type\":\"ReadAction\",\"target\":[\"http:\/\/www.kiehlturkey.com\/index.php\/urun\/arcandis-splend\/\"]}]},{\"@type\":\"BreadcrumbList\",\"@id\":\"http:\/\/www.kiehlturkey.com\/index.php\/urun\/arcandis-splend\/#breadcrumb\",\"itemListElement\":[{\"@type\":\"ListItem\",\"position\":1,\"item\":{\"@type\":\"WebPage\",\"@id\":\"http:\/\/www.kiehlturkey.com\/\",\"url\":\"http:\/\/www.kiehlturkey.com\/\",\"name\":\"Ana sayfa\"}},{\"@type\":\"ListItem\",\"position\":2,\"item\":{\"@type\":\"WebPage\",\"@id\":\"http:\/\/www.kiehlturkey.com\/index.php\/urunler\/\",\"url\":\"http:\/\/www.kiehlturkey.com\/index.php\/urunler\/\",\"name\":\"\\u00dcr\\u00fcnler\"}},{\"@type\":\"ListItem\",\"position\":3,\"item\":{\"@type\":\"WebPage\",\"@id\":\"http:\/\/www.kiehlturkey.com\/index.php\/urun\/arcandis-splend\/\",\"url\":\"http:\/\/www.kiehlturkey.com\/index.php\/urun\/arcandis-splend\/\",\"name\":\"ARCANDIS\\u00ae-Splend\"}}]}]}<\/script>\r\n<!-- \/ Yoast SEO plugin. -->","_links":{"self":[{"href":"http:\/\/www.kiehlturkey.com\/index.php\/wp-json\/wp\/v2\/product\/1269"}],"collection":[{"href":"http:\/\/www.kiehlturkey.com\/index.php\/wp-json\/wp\/v2\/product"}],"about":[{"href":"http:\/\/www.kiehlturkey.com\/index.php\/wp-json\/wp\/v2\/types\/product"}],"replies":[{"embeddable":true,"href":"http:\/\/www.kiehlturkey.com\/index.php\/wp-json\/wp\/v2\/comments?post=1269"}],"version-history":[{"count":1,"href":"http:\/\/www.kiehlturkey.com\/index.php\/wp-json\/wp\/v2\/product\/1269\/revisions"}],"predecessor-version":[{"id":1273,"href":"http:\/\/www.kiehlturkey.com\/index.php\/wp-json\/wp\/v2\/product\/1269\/revisions\/1273"}],"wp:featuredmedia":[{"embeddable":true,"href":"http:\/\/www.kiehlturkey.com\/index.php\/wp-json\/wp\/v2\/media\/1272"}],"wp:attachment":[{"href":"http:\/\/www.kiehlturkey.com\/index.php\/wp-json\/wp\/v2\/media?parent=1269"}],"curies":[{"name":"wp","href":"https:\/\/api.w.org\/{rel}","templated":true}]}}