{"id":1274,"date":"2021-01-21T20:42:24","date_gmt":"2021-01-21T20:42:24","guid":{"rendered":"https:\/\/kiehl.mcsajans.com\/?post_type=product&#038;p=1274"},"modified":"2021-01-21T20:53:10","modified_gmt":"2021-01-21T20:53:10","slug":"arcandis-tab","status":"publish","type":"product","link":"http:\/\/www.kiehlturkey.com\/index.php\/urun\/arcandis-tab\/","title":{"rendered":"ARCANDIS\u00ae-Tab"},"content":{"rendered":"<p><strong><span class=\"urun_text_02\">\u00d6zellikleri <\/span><\/strong><span class=\"urun_text_02\">:\u00c7ift etkili bula\u015f\u0131k makinesi tabletleri,t\u00fcm ev tipi bula\u015f\u0131k makineleri i\u00e7in uygundur.\u00dcr\u00fcn,alb\u00fcmin ve ni\u015fastan\u0131n yan\u0131 s\u0131ra ya\u011f kal\u0131nt\u0131lar\u0131n\u0131 da etkili bir \u015fekilde \u00e7\u00f6zer.Cam\u0131n a\u015f\u0131nd\u0131r\u0131lmas\u0131na kar\u015f\u0131 koruma sa\u011flar,cam y\u00fczeyleri hassas bir \u015fekilde temizler.ARCAND\u0130S-Tab su sertli\u011finin t\u00fcm d\u00fczeyleri i\u00e7in uygundur.<br \/>\n<\/span><\/p>\n<p><strong><span class=\"urun_text_02\">\u0130\u00e7indekiler <\/span><\/strong><span class=\"urun_text_02\">\u00a0\ud83d\ude41 648\/2004\/EG g\u00f6re)<br \/>\nFosfatlar &gt;%30,non-iyonik y\u00fczey aktif maddeler.polikarboksilatlar,oksijen bazl\u0131 a\u011f\u0131rt\u0131c\u0131 %5-15,enzimler,esanslar(limonen) pH(%1 sol\u00fcsyon):yak.10,4 -10,8<br \/>\n<\/span><span class=\"urun_text_02\"><br \/>\n<\/span><\/p>\n<p><span class=\"urun_text_02\"><strong>Kullan\u0131m Alanlar\u0131: <\/strong>Porselen,cam,plastik ve paslanmaz \u00e7elikten yap\u0131lm\u0131\u015f t\u00fcm alkaliye dayan\u0131kl\u0131 bula\u015f\u0131k grubu i\u00e7in uygundur.Kristal camlar,el boyamas\u0131 porselenler,al\u00fcminyumdan yap\u0131lm\u0131\u015f cezve,tava yan\u0131 s\u0131ra ah\u015fap \u00e7atal-b\u0131\u00e7ak tak\u0131mlar\u0131 elle y\u0131kanmal\u0131d\u0131r.G\u00fcm\u00fc\u015flerde kullanmay\u0131n\u0131z.ARCANDIS-Shine veya ARCANDIS-Salt ile kullan\u0131ld\u0131\u011f\u0131nda optimize edilmi\u015f bir sonu\u00e7 elde edilir.<br \/>\n<strong><br \/>\n<\/strong><\/span><\/p>\n<p><strong>Kullan\u0131m \u015eekli :<\/strong>\u00dcreticinin talimatlar\u0131n\u0131 inceleyiniz.Bula\u015f\u0131klar\u0131 bula\u015f\u0131k makinesine dizmeden \u00f6nce<br \/>\nm\u00fcmk\u00fcn oldu\u011funca y\u00fczeydeki kaba kirlerden ar\u0131nd\u0131r\u0131n.Filtrenin temiz olup olmad\u0131\u011f\u0131n\u0131 kontrol ediniz.Tuz haznesinin (su yumu\u015fatma tuzu) kapa\u011f\u0131n\u0131 ve ayn\u0131 zamanda parlat\u0131c\u0131 b\u00f6lmesini de kapat\u0131n.<\/p>\n<p><span class=\"urun_text_02\"><strong>T\u00fcketim<\/strong>i\u00a0 :\u00a0Y\u0131kama ba\u015f\u0131na bir tablet kullan\u0131n.<br \/>\n<\/span><\/p>\n<p>&nbsp;<\/p>\n","protected":false},"excerpt":{"rendered":"<h1><strong>ARCANDIS\u00ae-Tab<\/strong><\/h1>\n<p>Bula\u015f\u0131k Makinesi Tabletleri<\/p>\n<p><span class=\"urun_text_02\"><strong>\u00d6zellikleri <\/strong>::\u00c7ift etkili bula\u015f\u0131k makinesi tabletleri,t\u00fcm ev tipi bula\u015f\u0131k makineleri i\u00e7in uygundur.\u00dcr\u00fcn,alb\u00fcmin ve ni\u015fastan\u0131n yan\u0131 s\u0131ra ya\u011f kal\u0131nt\u0131lar\u0131n\u0131 da etkili bir \u015fekilde \u00e7\u00f6zer.Cam\u0131n a\u015f\u0131nd\u0131r\u0131lmas\u0131na kar\u015f\u0131 koruma sa\u011flar,cam y\u00fczeyleri hassas bir \u015fekilde temizler.ARCAND\u0130S-Tab su sertli\u011finin t\u00fcm d\u00fczeyleri i\u00e7in uygundur.<br \/>\n<\/span><\/p>\n<hr \/>\n<p><img loading=\"lazy\" class=\"alignnone size-full wp-image-1275\" src=\"https:\/\/kiehl.mcsajans.com\/wp-content\/uploads\/2021\/01\/arcandis_tab-1.jpg\" alt=\"\" width=\"63\" height=\"62\" \/><\/p>\n<p><em><strong><span class=\"urun_text_02\">Paketleme =<\/span><\/strong><span class=\"urun_text_02\">80 Tabletli karton (her biri 18g)<\/span><span class=\"urun_text_02\"><br \/>\nBir kolide 3 Karton Art.-Nr. j 56 12 96<\/span><\/em><\/p>\n<p><img loading=\"lazy\" class=\"alignnone size-full wp-image-1250\" src=\"https:\/\/kiehl.mcsajans.com\/wp-content\/uploads\/2021\/01\/tahris-2.jpg\" alt=\"\" width=\"69\" height=\"79\" \/><\/p>\n<p>Xi,Tahri\u015f edici;<br \/>\nR 41 g\u00f6zlerde ciddi hasar riski.R 38 Cildi tahri\u015f eder.S 2 \u00c7ocukalr\u0131n ula\u015faca\u011f\u0131 yerlerden uzak tutun.<br \/>\nS 25 g\u00f6zle temastan ka\u00e7\u0131n\u0131n.S 26 G\u00f6zle temas halinde bol su ile y\u0131kay\u0131n ve doktora ba\u015fvurun.S 28 Deri ile temas ettikten sonra bol su ile durulay\u0131n\u0131z.S 46 Yutulmas\u0131 halinde hemen doktora ba\u015fvurun,kab\u0131 ve etiketi g\u00f6sterin.<br \/>\n<strong>Profesyonel kullan\u0131mlar i\u00e7indir!<\/strong><\/p>\n","protected":false},"featured_media":1277,"comment_status":"open","ping_status":"closed","template":"elementor_theme","meta":[],"yoast_head":"<!-- This site is optimized with the Yoast SEO plugin v15.9 - https:\/\/yoast.com\/wordpress\/plugins\/seo\/ -->\r\n<title>ARCANDIS\u00ae-Tab | K\u0130EHL<\/title>\r\n<meta name=\"description\" content=\"\u00c7ift etkili bula\u015f\u0131k makinesi tabletleri,t\u00fcm ev tipi bula\u015f\u0131k makineleri i\u00e7in uygundur.ARCAND\u0130S-Tab su sertli\u011finin t\u00fcm d\u00fczeyleri i\u00e7in uygundur.\" \/>\r\n<meta name=\"robots\" content=\"index, follow, max-snippet:-1, max-image-preview:large, max-video-preview:-1\" \/>\r\n<link rel=\"canonical\" href=\"http:\/\/www.kiehlturkey.com\/index.php\/urun\/arcandis-tab\/\" \/>\r\n<meta property=\"og:locale\" content=\"tr_TR\" \/>\r\n<meta property=\"og:type\" content=\"article\" \/>\r\n<meta property=\"og:title\" content=\"ARCANDIS\u00ae-Tab | K\u0130EHL\" \/>\r\n<meta property=\"og:description\" content=\"\u00c7ift etkili bula\u015f\u0131k makinesi tabletleri,t\u00fcm ev tipi bula\u015f\u0131k makineleri i\u00e7in uygundur.ARCAND\u0130S-Tab su sertli\u011finin t\u00fcm d\u00fczeyleri i\u00e7in uygundur.\" \/>\r\n<meta property=\"og:url\" content=\"http:\/\/www.kiehlturkey.com\/index.php\/urun\/arcandis-tab\/\" \/>\r\n<meta property=\"og:site_name\" content=\"K\u0130EHL\" \/>\r\n<meta property=\"article:modified_time\" content=\"2021-01-21T20:53:10+00:00\" \/>\r\n<meta property=\"og:image\" content=\"http:\/\/www.kiehlturkey.com\/wp-content\/uploads\/2021\/01\/arcandis_tab-2.jpg\" \/>\r\n\t<meta property=\"og:image:width\" content=\"194\" \/>\r\n\t<meta property=\"og:image:height\" content=\"220\" \/>\r\n<meta name=\"twitter:card\" content=\"summary_large_image\" \/>\r\n<meta name=\"twitter:label1\" content=\"Tahmini okuma s\u00fcresi\">\n\t<meta name=\"twitter:data1\" content=\"1 dakika\">\r\n<script type=\"application\/ld+json\" class=\"yoast-schema-graph\">{\"@context\":\"https:\/\/schema.org\",\"@graph\":[{\"@type\":\"WebSite\",\"@id\":\"http:\/\/www.kiehlturkey.com\/#website\",\"url\":\"http:\/\/www.kiehlturkey.com\/\",\"name\":\"K\\u0130EHL\",\"description\":\"die saubere L\\u00f6sung\",\"potentialAction\":[{\"@type\":\"SearchAction\",\"target\":\"http:\/\/www.kiehlturkey.com\/?s={search_term_string}\",\"query-input\":\"required name=search_term_string\"}],\"inLanguage\":\"tr\"},{\"@type\":\"ImageObject\",\"@id\":\"http:\/\/www.kiehlturkey.com\/index.php\/urun\/arcandis-tab\/#primaryimage\",\"inLanguage\":\"tr\",\"url\":\"http:\/\/www.kiehlturkey.com\/wp-content\/uploads\/2021\/01\/arcandis_tab-2.jpg\",\"width\":194,\"height\":220},{\"@type\":\"WebPage\",\"@id\":\"http:\/\/www.kiehlturkey.com\/index.php\/urun\/arcandis-tab\/#webpage\",\"url\":\"http:\/\/www.kiehlturkey.com\/index.php\/urun\/arcandis-tab\/\",\"name\":\"ARCANDIS\\u00ae-Tab | K\\u0130EHL\",\"isPartOf\":{\"@id\":\"http:\/\/www.kiehlturkey.com\/#website\"},\"primaryImageOfPage\":{\"@id\":\"http:\/\/www.kiehlturkey.com\/index.php\/urun\/arcandis-tab\/#primaryimage\"},\"datePublished\":\"2021-01-21T20:42:24+00:00\",\"dateModified\":\"2021-01-21T20:53:10+00:00\",\"description\":\"\\u00c7ift etkili bula\\u015f\\u0131k makinesi tabletleri,t\\u00fcm ev tipi bula\\u015f\\u0131k makineleri i\\u00e7in uygundur.ARCAND\\u0130S-Tab su sertli\\u011finin t\\u00fcm d\\u00fczeyleri i\\u00e7in uygundur.\",\"breadcrumb\":{\"@id\":\"http:\/\/www.kiehlturkey.com\/index.php\/urun\/arcandis-tab\/#breadcrumb\"},\"inLanguage\":\"tr\",\"potentialAction\":[{\"@type\":\"ReadAction\",\"target\":[\"http:\/\/www.kiehlturkey.com\/index.php\/urun\/arcandis-tab\/\"]}]},{\"@type\":\"BreadcrumbList\",\"@id\":\"http:\/\/www.kiehlturkey.com\/index.php\/urun\/arcandis-tab\/#breadcrumb\",\"itemListElement\":[{\"@type\":\"ListItem\",\"position\":1,\"item\":{\"@type\":\"WebPage\",\"@id\":\"http:\/\/www.kiehlturkey.com\/\",\"url\":\"http:\/\/www.kiehlturkey.com\/\",\"name\":\"Ana sayfa\"}},{\"@type\":\"ListItem\",\"position\":2,\"item\":{\"@type\":\"WebPage\",\"@id\":\"http:\/\/www.kiehlturkey.com\/index.php\/urunler\/\",\"url\":\"http:\/\/www.kiehlturkey.com\/index.php\/urunler\/\",\"name\":\"\\u00dcr\\u00fcnler\"}},{\"@type\":\"ListItem\",\"position\":3,\"item\":{\"@type\":\"WebPage\",\"@id\":\"http:\/\/www.kiehlturkey.com\/index.php\/urun\/arcandis-tab\/\",\"url\":\"http:\/\/www.kiehlturkey.com\/index.php\/urun\/arcandis-tab\/\",\"name\":\"ARCANDIS\\u00ae-Tab\"}}]}]}<\/script>\r\n<!-- \/ Yoast SEO plugin. -->","_links":{"self":[{"href":"http:\/\/www.kiehlturkey.com\/index.php\/wp-json\/wp\/v2\/product\/1274"}],"collection":[{"href":"http:\/\/www.kiehlturkey.com\/index.php\/wp-json\/wp\/v2\/product"}],"about":[{"href":"http:\/\/www.kiehlturkey.com\/index.php\/wp-json\/wp\/v2\/types\/product"}],"replies":[{"embeddable":true,"href":"http:\/\/www.kiehlturkey.com\/index.php\/wp-json\/wp\/v2\/comments?post=1274"}],"version-history":[{"count":1,"href":"http:\/\/www.kiehlturkey.com\/index.php\/wp-json\/wp\/v2\/product\/1274\/revisions"}],"predecessor-version":[{"id":1278,"href":"http:\/\/www.kiehlturkey.com\/index.php\/wp-json\/wp\/v2\/product\/1274\/revisions\/1278"}],"wp:featuredmedia":[{"embeddable":true,"href":"http:\/\/www.kiehlturkey.com\/index.php\/wp-json\/wp\/v2\/media\/1277"}],"wp:attachment":[{"href":"http:\/\/www.kiehlturkey.com\/index.php\/wp-json\/wp\/v2\/media?parent=1274"}],"curies":[{"name":"wp","href":"https:\/\/api.w.org\/{rel}","templated":true}]}}