{"id":1280,"date":"2021-01-22T11:32:45","date_gmt":"2021-01-22T11:32:45","guid":{"rendered":"https:\/\/kiehl.mcsajans.com\/?post_type=product&#038;p=1280"},"modified":"2021-01-22T11:42:15","modified_gmt":"2021-01-22T11:42:15","slug":"vinox-matic","status":"publish","type":"product","link":"http:\/\/www.kiehlturkey.com\/index.php\/urun\/vinox-matic\/","title":{"rendered":"Vinox-matic"},"content":{"rendered":"<p><strong><span class=\"urun_text_02\">\u00d6zellikleri <\/span><\/strong><span class=\"urun_text_02\">:End\u00fcstriyel bula\u015f\u0131k makinalar\u0131ndaki\u00a0 y\u00fczeylerden mineral art\u0131klar\u0131n\u0131 ve kire\u00e7 tortular\u0131n\u0131 gidermek i\u00e7in kulan\u0131lan s\u0131v\u0131,asit bazl\u0131 kire\u00e7 s\u00f6k\u00fcc\u00fcd\u00fcr.Vinoxmatic inat\u00e7\u0131 kire\u00e7 ve yap\u0131\u015fkan kirleri h\u0131zl\u0131 ve etkili bir \u015fekilde kald\u0131r\u0131r,mutfakta g\u00fcven ve hijyen sa\u011flar.Vinox-matic&#8217;in d\u00fczenli kullan\u0131m\u0131 kire\u00e7 olu\u015fumunu engeller ve b\u00f6ylece aletlerin kullan\u0131m \u00f6mr\u00fcn\u00fc uzat\u0131r.\u00dcr\u00fcn d\u00fc\u015f\u00fck k\u00f6p\u00fcr\u00fcr,esans ve boyar madde i\u00e7ermez.<br \/>\n<\/span><\/p>\n<p><strong><span class=\"urun_text_02\">\u0130\u00e7indekiler <\/span><\/strong><span class=\"urun_text_02\">\u00a0\ud83d\ude41 648\/2004\/EG g\u00f6re)<br \/>\nNon-iyonik y\u00fczey aktif maddeler &lt; %5,inorganik asitler,korozyon \u00f6nleyiciler.<br \/>\npH de\u011feri(konsantre):yak.0,5 pH de\u011feri(kullan\u0131ma haz\u0131r sol\u00fcsyon):yak.1-1,5<br \/>\n<\/span><span class=\"urun_text_02\"><br \/>\n<\/span><\/p>\n<p><span class=\"urun_text_02\"><strong>Kullan\u0131m Alanlar\u0131: <\/strong>Mutfak alan\u0131nda\u00a0 asite dayan\u0131kl\u0131 t\u00fcm y\u00fczeyler ve nesneler i\u00e7in kullan\u0131ma uygundur.Do\u011fal ve suni ta\u015flar,hafif metal veya demir d\u0131\u015f\u0131 a\u011f\u0131r metallerden yap\u0131lm\u0131\u015f asite duyarl\u0131 materyallerde kullanmay\u0131n\u0131z.\u00dcr\u00fcn asite duyarl\u0131 y\u00fczeylerde kullan\u0131ld\u0131\u011f\u0131nda geri d\u00f6n\u00fc\u015f\u00fc olmayan hasarlar b\u0131rakabilir.\u00c7ay veya kahve makineleri gibi mutfak ekipmanlar\u0131nda kire\u00e7 s\u00f6k\u00fcc\u00fc olarak kullan\u0131lmaz.<br \/>\n<strong><br \/>\n<\/strong><\/span><\/p>\n<p><span class=\"urun_text_02\"><strong>Y\u00fczey Temizli\u011fi(Sprey Temizleme) :<\/strong><\/span>\u00a0Kire\u00e7lenme d\u00fczeyine g\u00f6re 1:4 ila 1:10 seyreltme se\u00e7in.Y\u00fczeyler \u00fczerine spreylerin ve etki etmesi i\u00e7in k\u0131sa bir s\u00fcre bekleyiniz.<\/p>\n<p><span class=\"urun_text_02\"><strong>T\u00fcketim<\/strong>i :\u00a0<\/span>Kimyasal t\u00fcketimi belirli ko\u015fullara ba\u011fl\u0131d\u0131r.<\/p>\n<p>&nbsp;<\/p>\n","protected":false},"excerpt":{"rendered":"<h1><span class=\"urun_baslik_07\"><strong>Vinox-matic<\/strong><\/span><\/h1>\n<p>Bula\u015f\u0131k Makinesi Kire\u00e7 S\u00f6k\u00fcc\u00fc<\/p>\n<p><span class=\"urun_text_02\"><strong>\u00d6zellikleri <\/strong>:End\u00fcstriyel bula\u015f\u0131k makinalar\u0131ndaki\u00a0 y\u00fczeylerden mineral art\u0131klar\u0131n\u0131 ve kire\u00e7 tortular\u0131n\u0131 gidermek i\u00e7in kulan\u0131lan s\u0131v\u0131,asit bazl\u0131 kire\u00e7 s\u00f6k\u00fcc\u00fcd\u00fcr.Vinoxmatic inat\u00e7\u0131 kire\u00e7 ve yap\u0131\u015fkan kirleri h\u0131zl\u0131 ve etkili bir \u015fekilde kald\u0131r\u0131r,mutfakta g\u00fcven ve hijyen sa\u011flar.Vinox-matic&#8217;in d\u00fczenli kullan\u0131m\u0131 kire\u00e7 olu\u015fumunu engeller ve b\u00f6ylece aletlerin kullan\u0131m \u00f6mr\u00fcn\u00fc uzat\u0131r.\u00dcr\u00fcn d\u00fc\u015f\u00fck k\u00f6p\u00fcr\u00fcr,esans ve boyar madde i\u00e7ermez.<br \/>\n<\/span><\/p>\n<hr \/>\n<p><img loading=\"lazy\" class=\"alignnone size-full wp-image-1281\" src=\"https:\/\/kiehl.mcsajans.com\/wp-content\/uploads\/2021\/01\/vinox_icon.jpg\" alt=\"\" width=\"218\" height=\"67\" \/><\/p>\n<p><em><strong><span class=\"urun_text_02\">Paketleme =<\/span><\/strong><span class=\"urun_text_02\">10 L Bidon Art.-Nr. j 55 55 10<\/span><\/em><\/p>\n<p><img loading=\"lazy\" class=\"alignnone size-full wp-image-1250\" src=\"https:\/\/kiehl.mcsajans.com\/wp-content\/uploads\/2021\/01\/tahris-2.jpg\" alt=\"\" width=\"69\" height=\"79\" \/><\/p>\n<p>C, Konsantre bi\u00e7imde a\u015f\u0131nd\u0131r\u0131c\u0131;<br \/>\nR 35 Yan\u0131klara neden olur.S 24\/25 G\u00f6z ve cilde temas etmemesine dikkat ediniz.<br \/>\nS 36\/37\/39 \u00c7al\u0131\u015f\u0131rken uygun koruyucu giysiler,eldiven y\u00fcz\/g\u00f6z koruyucu ekipmanlar kullan\u0131n\u0131z.<br \/>\n<strong>Profesyonel kullan\u0131mlar i\u00e7indir!<\/strong><\/p>\n","protected":false},"featured_media":1282,"comment_status":"open","ping_status":"closed","template":"elementor_theme","meta":[],"yoast_head":"<!-- This site is optimized with the Yoast SEO plugin v15.9 - https:\/\/yoast.com\/wordpress\/plugins\/seo\/ -->\r\n<title>Vinox-matic | K\u0130EHL<\/title>\r\n<meta name=\"description\" content=\"End\u00fcstriyel bula\u015f\u0131k makinalar\u0131ndaki y\u00fczeylerden kire\u00e7 tortular\u0131n\u0131 gidermek i\u00e7in kulan\u0131lan s\u0131v\u0131,asit bazl\u0131 kire\u00e7 s\u00f6k\u00fcc\u00fcd\u00fcr.\" \/>\r\n<meta name=\"robots\" content=\"index, follow, max-snippet:-1, max-image-preview:large, max-video-preview:-1\" \/>\r\n<link rel=\"canonical\" href=\"http:\/\/www.kiehlturkey.com\/index.php\/urun\/vinox-matic\/\" \/>\r\n<meta property=\"og:locale\" content=\"tr_TR\" \/>\r\n<meta property=\"og:type\" content=\"article\" \/>\r\n<meta property=\"og:title\" content=\"Vinox-matic | K\u0130EHL\" \/>\r\n<meta property=\"og:description\" content=\"End\u00fcstriyel bula\u015f\u0131k makinalar\u0131ndaki y\u00fczeylerden kire\u00e7 tortular\u0131n\u0131 gidermek i\u00e7in kulan\u0131lan s\u0131v\u0131,asit bazl\u0131 kire\u00e7 s\u00f6k\u00fcc\u00fcd\u00fcr.\" \/>\r\n<meta property=\"og:url\" content=\"http:\/\/www.kiehlturkey.com\/index.php\/urun\/vinox-matic\/\" \/>\r\n<meta property=\"og:site_name\" content=\"K\u0130EHL\" \/>\r\n<meta property=\"article:modified_time\" content=\"2021-01-22T11:42:15+00:00\" \/>\r\n<meta property=\"og:image\" content=\"http:\/\/www.kiehlturkey.com\/wp-content\/uploads\/2021\/01\/vinox_matic.jpg\" \/>\r\n\t<meta property=\"og:image:width\" content=\"164\" \/>\r\n\t<meta property=\"og:image:height\" content=\"220\" \/>\r\n<meta name=\"twitter:card\" content=\"summary_large_image\" \/>\r\n<meta name=\"twitter:label1\" content=\"Tahmini okuma s\u00fcresi\">\n\t<meta name=\"twitter:data1\" content=\"1 dakika\">\r\n<script type=\"application\/ld+json\" class=\"yoast-schema-graph\">{\"@context\":\"https:\/\/schema.org\",\"@graph\":[{\"@type\":\"WebSite\",\"@id\":\"http:\/\/www.kiehlturkey.com\/#website\",\"url\":\"http:\/\/www.kiehlturkey.com\/\",\"name\":\"K\\u0130EHL\",\"description\":\"die saubere L\\u00f6sung\",\"potentialAction\":[{\"@type\":\"SearchAction\",\"target\":\"http:\/\/www.kiehlturkey.com\/?s={search_term_string}\",\"query-input\":\"required name=search_term_string\"}],\"inLanguage\":\"tr\"},{\"@type\":\"ImageObject\",\"@id\":\"http:\/\/www.kiehlturkey.com\/index.php\/urun\/vinox-matic\/#primaryimage\",\"inLanguage\":\"tr\",\"url\":\"http:\/\/www.kiehlturkey.com\/wp-content\/uploads\/2021\/01\/vinox_matic.jpg\",\"width\":164,\"height\":220},{\"@type\":\"WebPage\",\"@id\":\"http:\/\/www.kiehlturkey.com\/index.php\/urun\/vinox-matic\/#webpage\",\"url\":\"http:\/\/www.kiehlturkey.com\/index.php\/urun\/vinox-matic\/\",\"name\":\"Vinox-matic | K\\u0130EHL\",\"isPartOf\":{\"@id\":\"http:\/\/www.kiehlturkey.com\/#website\"},\"primaryImageOfPage\":{\"@id\":\"http:\/\/www.kiehlturkey.com\/index.php\/urun\/vinox-matic\/#primaryimage\"},\"datePublished\":\"2021-01-22T11:32:45+00:00\",\"dateModified\":\"2021-01-22T11:42:15+00:00\",\"description\":\"End\\u00fcstriyel bula\\u015f\\u0131k makinalar\\u0131ndaki y\\u00fczeylerden kire\\u00e7 tortular\\u0131n\\u0131 gidermek i\\u00e7in kulan\\u0131lan s\\u0131v\\u0131,asit bazl\\u0131 kire\\u00e7 s\\u00f6k\\u00fcc\\u00fcd\\u00fcr.\",\"breadcrumb\":{\"@id\":\"http:\/\/www.kiehlturkey.com\/index.php\/urun\/vinox-matic\/#breadcrumb\"},\"inLanguage\":\"tr\",\"potentialAction\":[{\"@type\":\"ReadAction\",\"target\":[\"http:\/\/www.kiehlturkey.com\/index.php\/urun\/vinox-matic\/\"]}]},{\"@type\":\"BreadcrumbList\",\"@id\":\"http:\/\/www.kiehlturkey.com\/index.php\/urun\/vinox-matic\/#breadcrumb\",\"itemListElement\":[{\"@type\":\"ListItem\",\"position\":1,\"item\":{\"@type\":\"WebPage\",\"@id\":\"http:\/\/www.kiehlturkey.com\/\",\"url\":\"http:\/\/www.kiehlturkey.com\/\",\"name\":\"Ana sayfa\"}},{\"@type\":\"ListItem\",\"position\":2,\"item\":{\"@type\":\"WebPage\",\"@id\":\"http:\/\/www.kiehlturkey.com\/index.php\/urunler\/\",\"url\":\"http:\/\/www.kiehlturkey.com\/index.php\/urunler\/\",\"name\":\"\\u00dcr\\u00fcnler\"}},{\"@type\":\"ListItem\",\"position\":3,\"item\":{\"@type\":\"WebPage\",\"@id\":\"http:\/\/www.kiehlturkey.com\/index.php\/urun\/vinox-matic\/\",\"url\":\"http:\/\/www.kiehlturkey.com\/index.php\/urun\/vinox-matic\/\",\"name\":\"Vinox-matic\"}}]}]}<\/script>\r\n<!-- \/ Yoast SEO plugin. -->","_links":{"self":[{"href":"http:\/\/www.kiehlturkey.com\/index.php\/wp-json\/wp\/v2\/product\/1280"}],"collection":[{"href":"http:\/\/www.kiehlturkey.com\/index.php\/wp-json\/wp\/v2\/product"}],"about":[{"href":"http:\/\/www.kiehlturkey.com\/index.php\/wp-json\/wp\/v2\/types\/product"}],"replies":[{"embeddable":true,"href":"http:\/\/www.kiehlturkey.com\/index.php\/wp-json\/wp\/v2\/comments?post=1280"}],"version-history":[{"count":1,"href":"http:\/\/www.kiehlturkey.com\/index.php\/wp-json\/wp\/v2\/product\/1280\/revisions"}],"predecessor-version":[{"id":1283,"href":"http:\/\/www.kiehlturkey.com\/index.php\/wp-json\/wp\/v2\/product\/1280\/revisions\/1283"}],"wp:featuredmedia":[{"embeddable":true,"href":"http:\/\/www.kiehlturkey.com\/index.php\/wp-json\/wp\/v2\/media\/1282"}],"wp:attachment":[{"href":"http:\/\/www.kiehlturkey.com\/index.php\/wp-json\/wp\/v2\/media?parent=1280"}],"curies":[{"name":"wp","href":"https:\/\/api.w.org\/{rel}","templated":true}]}}