{"id":1284,"date":"2021-01-22T11:44:15","date_gmt":"2021-01-22T11:44:15","guid":{"rendered":"https:\/\/kiehl.mcsajans.com\/?post_type=product&#038;p=1284"},"modified":"2021-01-22T11:51:01","modified_gmt":"2021-01-22T11:51:01","slug":"arenas-wash","status":"publish","type":"product","link":"http:\/\/www.kiehlturkey.com\/index.php\/urun\/arenas-wash\/","title":{"rendered":"Arenas Wash"},"content":{"rendered":"<p><strong><span class=\"urun_text_02\">\u00d6zellikleri :<\/span><\/strong>ARENAS-wash 30C, ve 90C s\u0131cakl\u0131klarda m\u00fckemmel,y\u0131kama performans\u0131 g\u00f6steren,<br \/>\nY\u00fcksek konsantreli forforsuz s\u0131v\u0131 deterjand\u0131r. K\u0131r\u00e7\u0131l inhibit\u00f6rler ve \u00f6zel s\u00fcrfaktifler sayesinde, ARENAS-wash, c tek bas\u015f\u0131nada kullan\u0131labilir, ARENAS-excellent ve\/veya ARENAS-oxydes birle\u015fiminde, deterjan bazl\u0131 olarak da kullan\u0131labilir. ARENAS-wash, size m\u00fckemmel ve yenilenmi\u015f temiz kuma\u015flar sunar.<\/p>\n<p><strong><span class=\"urun_text_02\">\u0130\u00e7indekiler :<\/span><\/strong>(648\/2004\/EC\u2019ye g\u00f6re)<br \/>\nAnyonik s\u00fcrfaktifler 5-15%, noniyonik\u00a0 s\u00fcrfaktifler 15-30%, sabun &lt; 5%, polikarboksilat &lt; 5%, optik beyazlat\u0131c\u0131lar &lt; 5%, boya, aromalar.<br \/>\npH de\u011feri (konsantre): yakla\u015f\u0131k 11 Ph\u00a0 de\u011feri (kullan\u0131ma haz\u0131r \u00e7\u00f6zelti): yakla\u015f\u0131k 9<\/p>\n<p><strong><span class=\"urun_text_02\">Kullan\u0131m \u015eekilleri :<\/span><\/strong>Kuma\u015flar, belirtilmi\u015f y\u0131kama s\u0131cakl\u0131klar\u0131na uygun olarak, cinsine ve rengine g\u00f6re ayr\u0131l\u0131r ve ARENAS-wash ile birlikte ana y\u0131kanma modunda y\u0131kan\u0131r. ARENAS-wash \u015fisesini, ana y\u0131kama\u00a0 modunun deterjan k\u0131sm\u0131ndaki pompa ba\u011flant\u0131s\u0131na ba\u011flay\u0131n\u0131z. \u00dcr\u00fcn \u00e7ama\u015f\u0131r makinesinin program kontrol\u00fc taraf\u0131ndan otomatik olarak seyreltilir.Bir litrelik ambalaj i\u00e7in seyrelti tavsiyeleri: bak\u0131n\u0131z dozaj \u015fi\u015fesi.<\/p>\n<p><span class=\"urun_text_02\">Kuma\u015flar\u0131 Y\u0131karken kg Ba\u015f\u0131na Yay\u0131l\u0131m Alan\u0131<br \/>\n<\/span>Kimyasal t\u00fcketim, \u00e7ama\u015f\u0131r makinesinin boyutuna ba\u011fl\u0131d\u0131r.<\/p>\n<p>Xi, konsantredeki tahri\u015f edici madde R 38 Deriyi tahri\u015f eder. R 41 G\u00f6zlere ciddi zararlar verme riski. S 24\/25\u00a0 Deri ve g\u00f6zlere temas etmesi halinde, g\u00f6zleri bol miktarda su ile y\u0131kay\u0131n\u0131z ve doktora ba\u015fvurunuz.<br \/>\n<span class=\"urun_text_02\">Profesyonal Kullan\u0131mlar i\u00e7inidir!<\/span><\/p>\n<p>&nbsp;<\/p>\n","protected":false},"excerpt":{"rendered":"<h1><strong>Arenas Wash<\/strong><\/h1>\n<p>Y\u00fcksek Konsantreli s\u0131v\u0131 deterjan<br \/>\nFosfat \u0130\u00e7ermeyen S\u0131v\u0131 \u00c7ama\u015f\u0131r Makinesi Deterjan\u0131<\/p>\n<p><span class=\"urun_text_02\"><strong>\u00d6zellikleri <\/strong>:ARENAS-wash 30C, ve 90C s\u0131cakl\u0131klarda m\u00fckemmel,y\u0131kama performans\u0131 g\u00f6steren,<br \/>\nY\u00fcksek konsantreli forforsuz s\u0131v\u0131 deterjand\u0131r. K\u0131r\u00e7\u0131l inhibit\u00f6rler ve \u00f6zel s\u00fcrfaktifler sayesinde, ARENAS-wash, c tek bas\u015f\u0131nada kullan\u0131labilir, ARENAS-excellent ve\/veya ARENAS-oxydes birle\u015fiminde, deterjan bazl\u0131 olarak da kullan\u0131labilir. ARENAS-wash, size m\u00fckemmel ve yenilenmi\u015f temiz kuma\u015flar sunar.<br \/>\n<\/span><\/p>\n<hr \/>\n<p><img loading=\"lazy\" class=\"alignnone size-full wp-image-1285\" src=\"https:\/\/kiehl.mcsajans.com\/wp-content\/uploads\/2021\/01\/arenas_wash.jpg\" alt=\"\" width=\"66\" height=\"67\" \/><\/p>\n<p><em><strong><span class=\"urun_text_02\">Paketleme =<\/span><\/strong><span class=\"urun_text_02\">6 x 1litre dozajl\u0131 \u015fi\u015fe Art. No. J 65 21 02<\/span><span class=\"urun_text_02\"><br \/>\n10 litre bidon Art. No. J 65 21 10<br \/>\n20 litre bidon Art. No. J 65 21 21<\/span><\/em><\/p>\n<p>&nbsp;<\/p>\n<p>&nbsp;<\/p>\n","protected":false},"featured_media":1286,"comment_status":"open","ping_status":"closed","template":"elementor_theme","meta":[],"yoast_head":"<!-- This site is optimized with the Yoast SEO plugin v15.9 - https:\/\/yoast.com\/wordpress\/plugins\/seo\/ -->\r\n<title>Arenas Wash | K\u0130EHL<\/title>\r\n<meta name=\"description\" content=\"ARENAS-wash 30C, ve 90C s\u0131cakl\u0131klarda m\u00fckemmel,y\u0131kama performans\u0131 g\u00f6steren,Y\u00fcksek konsantreli forforsuz s\u0131v\u0131 deterjand\u0131r.\" \/>\r\n<meta name=\"robots\" content=\"index, follow, max-snippet:-1, max-image-preview:large, max-video-preview:-1\" \/>\r\n<link rel=\"canonical\" href=\"http:\/\/www.kiehlturkey.com\/index.php\/urun\/arenas-wash\/\" \/>\r\n<meta property=\"og:locale\" content=\"tr_TR\" \/>\r\n<meta property=\"og:type\" content=\"article\" \/>\r\n<meta property=\"og:title\" content=\"Arenas Wash | K\u0130EHL\" \/>\r\n<meta property=\"og:description\" content=\"ARENAS-wash 30C, ve 90C s\u0131cakl\u0131klarda m\u00fckemmel,y\u0131kama performans\u0131 g\u00f6steren,Y\u00fcksek konsantreli forforsuz s\u0131v\u0131 deterjand\u0131r.\" \/>\r\n<meta property=\"og:url\" content=\"http:\/\/www.kiehlturkey.com\/index.php\/urun\/arenas-wash\/\" \/>\r\n<meta property=\"og:site_name\" content=\"K\u0130EHL\" \/>\r\n<meta property=\"article:modified_time\" content=\"2021-01-22T11:51:01+00:00\" \/>\r\n<meta property=\"og:image\" content=\"http:\/\/www.kiehlturkey.com\/wp-content\/uploads\/2021\/01\/j6521-copy.png\" \/>\r\n\t<meta property=\"og:image:width\" content=\"164\" \/>\r\n\t<meta property=\"og:image:height\" content=\"225\" \/>\r\n<meta name=\"twitter:card\" content=\"summary_large_image\" \/>\r\n<meta name=\"twitter:label1\" content=\"Tahmini okuma s\u00fcresi\">\n\t<meta name=\"twitter:data1\" content=\"1 dakika\">\r\n<script type=\"application\/ld+json\" class=\"yoast-schema-graph\">{\"@context\":\"https:\/\/schema.org\",\"@graph\":[{\"@type\":\"WebSite\",\"@id\":\"http:\/\/www.kiehlturkey.com\/#website\",\"url\":\"http:\/\/www.kiehlturkey.com\/\",\"name\":\"K\\u0130EHL\",\"description\":\"die saubere L\\u00f6sung\",\"potentialAction\":[{\"@type\":\"SearchAction\",\"target\":\"http:\/\/www.kiehlturkey.com\/?s={search_term_string}\",\"query-input\":\"required name=search_term_string\"}],\"inLanguage\":\"tr\"},{\"@type\":\"ImageObject\",\"@id\":\"http:\/\/www.kiehlturkey.com\/index.php\/urun\/arenas-wash\/#primaryimage\",\"inLanguage\":\"tr\",\"url\":\"http:\/\/www.kiehlturkey.com\/wp-content\/uploads\/2021\/01\/j6521-copy.png\",\"width\":164,\"height\":225},{\"@type\":\"WebPage\",\"@id\":\"http:\/\/www.kiehlturkey.com\/index.php\/urun\/arenas-wash\/#webpage\",\"url\":\"http:\/\/www.kiehlturkey.com\/index.php\/urun\/arenas-wash\/\",\"name\":\"Arenas Wash | K\\u0130EHL\",\"isPartOf\":{\"@id\":\"http:\/\/www.kiehlturkey.com\/#website\"},\"primaryImageOfPage\":{\"@id\":\"http:\/\/www.kiehlturkey.com\/index.php\/urun\/arenas-wash\/#primaryimage\"},\"datePublished\":\"2021-01-22T11:44:15+00:00\",\"dateModified\":\"2021-01-22T11:51:01+00:00\",\"description\":\"ARENAS-wash 30C, ve 90C s\\u0131cakl\\u0131klarda m\\u00fckemmel,y\\u0131kama performans\\u0131 g\\u00f6steren,Y\\u00fcksek konsantreli forforsuz s\\u0131v\\u0131 deterjand\\u0131r.\",\"breadcrumb\":{\"@id\":\"http:\/\/www.kiehlturkey.com\/index.php\/urun\/arenas-wash\/#breadcrumb\"},\"inLanguage\":\"tr\",\"potentialAction\":[{\"@type\":\"ReadAction\",\"target\":[\"http:\/\/www.kiehlturkey.com\/index.php\/urun\/arenas-wash\/\"]}]},{\"@type\":\"BreadcrumbList\",\"@id\":\"http:\/\/www.kiehlturkey.com\/index.php\/urun\/arenas-wash\/#breadcrumb\",\"itemListElement\":[{\"@type\":\"ListItem\",\"position\":1,\"item\":{\"@type\":\"WebPage\",\"@id\":\"http:\/\/www.kiehlturkey.com\/\",\"url\":\"http:\/\/www.kiehlturkey.com\/\",\"name\":\"Ana sayfa\"}},{\"@type\":\"ListItem\",\"position\":2,\"item\":{\"@type\":\"WebPage\",\"@id\":\"http:\/\/www.kiehlturkey.com\/index.php\/urunler\/\",\"url\":\"http:\/\/www.kiehlturkey.com\/index.php\/urunler\/\",\"name\":\"\\u00dcr\\u00fcnler\"}},{\"@type\":\"ListItem\",\"position\":3,\"item\":{\"@type\":\"WebPage\",\"@id\":\"http:\/\/www.kiehlturkey.com\/index.php\/urun\/arenas-wash\/\",\"url\":\"http:\/\/www.kiehlturkey.com\/index.php\/urun\/arenas-wash\/\",\"name\":\"Arenas Wash\"}}]}]}<\/script>\r\n<!-- \/ Yoast SEO plugin. -->","_links":{"self":[{"href":"http:\/\/www.kiehlturkey.com\/index.php\/wp-json\/wp\/v2\/product\/1284"}],"collection":[{"href":"http:\/\/www.kiehlturkey.com\/index.php\/wp-json\/wp\/v2\/product"}],"about":[{"href":"http:\/\/www.kiehlturkey.com\/index.php\/wp-json\/wp\/v2\/types\/product"}],"replies":[{"embeddable":true,"href":"http:\/\/www.kiehlturkey.com\/index.php\/wp-json\/wp\/v2\/comments?post=1284"}],"version-history":[{"count":1,"href":"http:\/\/www.kiehlturkey.com\/index.php\/wp-json\/wp\/v2\/product\/1284\/revisions"}],"predecessor-version":[{"id":1287,"href":"http:\/\/www.kiehlturkey.com\/index.php\/wp-json\/wp\/v2\/product\/1284\/revisions\/1287"}],"wp:featuredmedia":[{"embeddable":true,"href":"http:\/\/www.kiehlturkey.com\/index.php\/wp-json\/wp\/v2\/media\/1286"}],"wp:attachment":[{"href":"http:\/\/www.kiehlturkey.com\/index.php\/wp-json\/wp\/v2\/media?parent=1284"}],"curies":[{"name":"wp","href":"https:\/\/api.w.org\/{rel}","templated":true}]}}