{"id":1288,"date":"2021-01-22T11:53:41","date_gmt":"2021-01-22T11:53:41","guid":{"rendered":"https:\/\/kiehl.mcsajans.com\/?post_type=product&#038;p=1288"},"modified":"2021-01-22T12:01:57","modified_gmt":"2021-01-22T12:01:57","slug":"arenas-starch","status":"publish","type":"product","link":"http:\/\/www.kiehlturkey.com\/index.php\/urun\/arenas-starch\/","title":{"rendered":"Arenas -Starch"},"content":{"rendered":"<p><strong><span class=\"urun_text_02\">\u00d6zellikleri :<\/span><\/strong>ARENAS-Starch,do\u011fal \u00c7ama\u015f\u0131r kolas\u0131 i\u00e7erir ve k\u0131yafetleri p\u00fcr\u00fczs\u00fcz yeni gibi yapar.B\u00fct\u00fcn \u00e7ama\u015f\u0131r makinelerinde kulllan\u0131labir (Otomatik olarak ya da manuel olarak seyreltilebilir).<\/p>\n<p><strong><span class=\"urun_text_02\">\u0130\u00e7indekiler :<\/span><\/strong>(648\/2004\/CE&#8217;e g\u00f6re)<br \/>\nDo\u011fal \u00c7ama\u015f\u0131r Kolas\u0131 pH de\u011feri (konsantre): yakla\u015f\u0131k 6<br \/>\npH de\u011feri (kullan\u0131ma haz\u0131r sol\u00fcsyon): yakla\u015f\u0131k 7<\/p>\n<p><strong><span class=\"urun_text_02\">Kullan\u0131m Alanlar\u0131 :<\/span><\/strong>G\u00f6mlekler, labaratuar \u00f6nl\u00fc\u011f\u00fc, yatak \u00e7ar\u015faf\u0131, masa \u00f6rt\u00fcs\u00fc vb. \u00e7ama\u015f\u0131rlar\u0131, son durulama suyunda kolalamak i\u00e7in.<\/p>\n<p><strong><span class=\"urun_text_02\">Kullan\u0131m \u015eekli:<\/span>\u00a0<\/strong>ARENAS-Starch&#8217;\u0131, y\u0131kama i\u015fleminin son durumlama a\u015famas\u0131nda ekleyiniz.<br \/>\nARENAS-Starch ambalaj\u0131n\u0131, kolalama i\u00e7in pompa ba\u011flant\u0131s\u0131na ba\u011flay\u0131n\u0131z. \u00dcr\u00fcn, \u00e7ama\u015f\u0131r makinesinin program kontrol\u00fc taraf\u0131ndan otomatik oarak seyreltilir. \u00dcr\u00fcn ayn\u0131 zamanda, son durulama a\u015famas\u0131nda manuel olarak da eklenebilir.<\/p>\n<p>\u0130stenilen etkiye ba\u011fl\u0131 olarak, 0.05% ile 0.05% aras\u0131nda seyreltilebilir.<br \/>\nTavsiye edilen seyreltme oran\u0131 1:3. Temas s\u00fcresi: 3-5 dakika<\/p>\n<p>\u00c7ama\u015f\u0131r makinelerinde manuel seyreltme i\u00e7in: 5-10 kg y\u0131kama \u00e7ama\u015f\u0131ra 50-20 0ml ekleyiniz.<\/p>\n<p><span class=\"urun_text_02\"><strong>\u00c7ama\u015f\u0131rlar\u0131 y\u0131karken kg ba\u015f\u0131na t\u00fcketim<\/strong><br \/>\n<\/span><span class=\"urun_text_01\">Kimyasal t\u00fcketimi, \u00e7ama\u015f\u0131r makinesinin boyutuna ba\u011fl\u0131d\u0131r<\/span><span class=\"urun_text_01\">.<\/span><\/p>\n<p><strong><span class=\"urun_text_02\">Profesyonel kullan\u0131mlar i\u00e7indir!<\/span><\/strong><\/p>\n","protected":false},"excerpt":{"rendered":"<h1><strong>Arenas -Starch<\/strong><\/h1>\n<p>Y\u00fcksekS\u0131v\u0131 \u00c7ama\u015f\u0131r Kolas\u0131<\/p>\n<p><span class=\"urun_text_02\"><strong>\u00d6zellikleri <\/strong>:ARENAS-Starch,do\u011fal \u00c7ama\u015f\u0131r kolas\u0131 i\u00e7erir ve k\u0131yafetleri p\u00fcr\u00fczs\u00fcz yeni gibi yapar.B\u00fct\u00fcn \u00e7ama\u015f\u0131r makinelerinde kulllan\u0131labir (Otomatik olarak ya da manuel olarak seyreltilebilir).sunar.<br \/>\n<\/span><\/p>\n<hr \/>\n<p><img loading=\"lazy\" class=\"alignnone size-full wp-image-1289\" src=\"https:\/\/kiehl.mcsajans.com\/wp-content\/uploads\/2021\/01\/arenas__starch.jpg\" alt=\"\" width=\"67\" height=\"67\" \/><\/p>\n<p><em><strong><span class=\"urun_text_02\">Paketleme =<\/span><\/strong><span class=\"urun_text_02\">20 litre bidon Art no. j 65 42 21<\/span><span class=\"urun_text_02\"><br \/>\n10 litre bidon Art no. j 65 42 10<\/span><\/em><\/p>\n<p>&nbsp;<\/p>\n<p>&nbsp;<\/p>\n","protected":false},"featured_media":1290,"comment_status":"open","ping_status":"closed","template":"elementor_theme","meta":[],"yoast_head":"<!-- This site is optimized with the Yoast SEO plugin v15.9 - https:\/\/yoast.com\/wordpress\/plugins\/seo\/ -->\r\n<title>Arenas -Starch | K\u0130EHL<\/title>\r\n<meta name=\"description\" content=\"ARENAS-Starch,do\u011fal \u00c7ama\u015f\u0131r kolas\u0131 i\u00e7erir ve k\u0131yafetleri p\u00fcr\u00fczs\u00fcz yeni gibi yapar.B\u00fct\u00fcn \u00e7ama\u015f\u0131r makinelerinde kulllan\u0131labir\" \/>\r\n<meta name=\"robots\" content=\"index, follow, max-snippet:-1, max-image-preview:large, max-video-preview:-1\" \/>\r\n<link rel=\"canonical\" href=\"http:\/\/www.kiehlturkey.com\/index.php\/urun\/arenas-starch\/\" \/>\r\n<meta property=\"og:locale\" content=\"tr_TR\" \/>\r\n<meta property=\"og:type\" content=\"article\" \/>\r\n<meta property=\"og:title\" content=\"Arenas -Starch | K\u0130EHL\" \/>\r\n<meta property=\"og:description\" content=\"ARENAS-Starch,do\u011fal \u00c7ama\u015f\u0131r kolas\u0131 i\u00e7erir ve k\u0131yafetleri p\u00fcr\u00fczs\u00fcz yeni gibi yapar.B\u00fct\u00fcn \u00e7ama\u015f\u0131r makinelerinde kulllan\u0131labir\" \/>\r\n<meta property=\"og:url\" content=\"http:\/\/www.kiehlturkey.com\/index.php\/urun\/arenas-starch\/\" \/>\r\n<meta property=\"og:site_name\" content=\"K\u0130EHL\" \/>\r\n<meta property=\"article:modified_time\" content=\"2021-01-22T12:01:57+00:00\" \/>\r\n<meta property=\"og:image\" content=\"http:\/\/www.kiehlturkey.com\/wp-content\/uploads\/2021\/01\/arenas_starch.jpg\" \/>\r\n\t<meta property=\"og:image:width\" content=\"161\" \/>\r\n\t<meta property=\"og:image:height\" content=\"220\" \/>\r\n<meta name=\"twitter:card\" content=\"summary_large_image\" \/>\r\n<meta name=\"twitter:label1\" content=\"Tahmini okuma s\u00fcresi\">\n\t<meta name=\"twitter:data1\" content=\"1 dakika\">\r\n<script type=\"application\/ld+json\" class=\"yoast-schema-graph\">{\"@context\":\"https:\/\/schema.org\",\"@graph\":[{\"@type\":\"WebSite\",\"@id\":\"http:\/\/www.kiehlturkey.com\/#website\",\"url\":\"http:\/\/www.kiehlturkey.com\/\",\"name\":\"K\\u0130EHL\",\"description\":\"die saubere L\\u00f6sung\",\"potentialAction\":[{\"@type\":\"SearchAction\",\"target\":\"http:\/\/www.kiehlturkey.com\/?s={search_term_string}\",\"query-input\":\"required name=search_term_string\"}],\"inLanguage\":\"tr\"},{\"@type\":\"ImageObject\",\"@id\":\"http:\/\/www.kiehlturkey.com\/index.php\/urun\/arenas-starch\/#primaryimage\",\"inLanguage\":\"tr\",\"url\":\"http:\/\/www.kiehlturkey.com\/wp-content\/uploads\/2021\/01\/arenas_starch.jpg\",\"width\":161,\"height\":220},{\"@type\":\"WebPage\",\"@id\":\"http:\/\/www.kiehlturkey.com\/index.php\/urun\/arenas-starch\/#webpage\",\"url\":\"http:\/\/www.kiehlturkey.com\/index.php\/urun\/arenas-starch\/\",\"name\":\"Arenas -Starch | K\\u0130EHL\",\"isPartOf\":{\"@id\":\"http:\/\/www.kiehlturkey.com\/#website\"},\"primaryImageOfPage\":{\"@id\":\"http:\/\/www.kiehlturkey.com\/index.php\/urun\/arenas-starch\/#primaryimage\"},\"datePublished\":\"2021-01-22T11:53:41+00:00\",\"dateModified\":\"2021-01-22T12:01:57+00:00\",\"description\":\"ARENAS-Starch,do\\u011fal \\u00c7ama\\u015f\\u0131r kolas\\u0131 i\\u00e7erir ve k\\u0131yafetleri p\\u00fcr\\u00fczs\\u00fcz yeni gibi yapar.B\\u00fct\\u00fcn \\u00e7ama\\u015f\\u0131r makinelerinde kulllan\\u0131labir\",\"breadcrumb\":{\"@id\":\"http:\/\/www.kiehlturkey.com\/index.php\/urun\/arenas-starch\/#breadcrumb\"},\"inLanguage\":\"tr\",\"potentialAction\":[{\"@type\":\"ReadAction\",\"target\":[\"http:\/\/www.kiehlturkey.com\/index.php\/urun\/arenas-starch\/\"]}]},{\"@type\":\"BreadcrumbList\",\"@id\":\"http:\/\/www.kiehlturkey.com\/index.php\/urun\/arenas-starch\/#breadcrumb\",\"itemListElement\":[{\"@type\":\"ListItem\",\"position\":1,\"item\":{\"@type\":\"WebPage\",\"@id\":\"http:\/\/www.kiehlturkey.com\/\",\"url\":\"http:\/\/www.kiehlturkey.com\/\",\"name\":\"Ana sayfa\"}},{\"@type\":\"ListItem\",\"position\":2,\"item\":{\"@type\":\"WebPage\",\"@id\":\"http:\/\/www.kiehlturkey.com\/index.php\/urunler\/\",\"url\":\"http:\/\/www.kiehlturkey.com\/index.php\/urunler\/\",\"name\":\"\\u00dcr\\u00fcnler\"}},{\"@type\":\"ListItem\",\"position\":3,\"item\":{\"@type\":\"WebPage\",\"@id\":\"http:\/\/www.kiehlturkey.com\/index.php\/urun\/arenas-starch\/\",\"url\":\"http:\/\/www.kiehlturkey.com\/index.php\/urun\/arenas-starch\/\",\"name\":\"Arenas -Starch\"}}]}]}<\/script>\r\n<!-- \/ Yoast SEO plugin. -->","_links":{"self":[{"href":"http:\/\/www.kiehlturkey.com\/index.php\/wp-json\/wp\/v2\/product\/1288"}],"collection":[{"href":"http:\/\/www.kiehlturkey.com\/index.php\/wp-json\/wp\/v2\/product"}],"about":[{"href":"http:\/\/www.kiehlturkey.com\/index.php\/wp-json\/wp\/v2\/types\/product"}],"replies":[{"embeddable":true,"href":"http:\/\/www.kiehlturkey.com\/index.php\/wp-json\/wp\/v2\/comments?post=1288"}],"version-history":[{"count":1,"href":"http:\/\/www.kiehlturkey.com\/index.php\/wp-json\/wp\/v2\/product\/1288\/revisions"}],"predecessor-version":[{"id":1291,"href":"http:\/\/www.kiehlturkey.com\/index.php\/wp-json\/wp\/v2\/product\/1288\/revisions\/1291"}],"wp:featuredmedia":[{"embeddable":true,"href":"http:\/\/www.kiehlturkey.com\/index.php\/wp-json\/wp\/v2\/media\/1290"}],"wp:attachment":[{"href":"http:\/\/www.kiehlturkey.com\/index.php\/wp-json\/wp\/v2\/media?parent=1288"}],"curies":[{"name":"wp","href":"https:\/\/api.w.org\/{rel}","templated":true}]}}