{"id":1292,"date":"2021-01-22T12:04:24","date_gmt":"2021-01-22T12:04:24","guid":{"rendered":"https:\/\/kiehl.mcsajans.com\/?post_type=product&#038;p=1292"},"modified":"2021-01-22T12:13:06","modified_gmt":"2021-01-22T12:13:06","slug":"arenas-avenir","status":"publish","type":"product","link":"http:\/\/www.kiehlturkey.com\/index.php\/urun\/arenas-avenir\/","title":{"rendered":"Arenas-Avenir"},"content":{"rendered":"<p><span class=\"urun_text_02\"><strong>\u00d6zellikleri :<\/strong>\u00a0<\/span>ARENAS\u00ae-avenir 40 \u00b0C, 60 \u00b0C and 90 \u00b0C de m\u00fckemmel y\u0131kama performans\u0131na sahip yo\u011fun kullan\u0131ma uygun bir deterjand\u0131r. Y\u00fczey aktif madde, fosfat ve sabundan ar\u0131nd\u0131r\u0131lm\u0131\u015f olup, koku ya da boya i\u00e7ermemektedir. \u00c7evre dostu form\u00fclasyonu ipek ve y\u00fcn d\u0131\u015f\u0131ndaki t\u00fcm kuma\u015flar i\u00e7in tamamen k\u00f6p\u00fcrmeyen bir y\u0131kama i\u015flemi sa\u011flamaktad\u0131r. \u00d6zellikle tekstil \u00fcr\u00fcnlerinin temizlenmesi i\u00e7in uygundur. ARENAS\u00ae-avenir \u00e7ama\u015f\u0131rlar\u0131n\u0131zdan inat\u00e7\u0131 kirleri dahi temizler. Bir temizlik g\u00fc\u00e7lendiricisinin eklenmesi gerekli de\u011fildir. A\u011fartma etkisi isteniyorsa,\u00fcr\u00fcn\u00fcn bile\u015fimi i\u00e7inde ki surfaktans\u0131z \u00f6zelliklerini koruyarak, ARENAS\u00ae-avenir&#8217; i ARENAS\u00ae-oxydes ile bereber kullanabilirsiniz. \u00dcr\u00fcn, y\u0131kama performans\u0131 ve tekstil \u00fcr\u00fcn\u00fc direnci i\u00e7in Hohenstein Enstit\u00fcs\u00fc laboratuvarlar\u0131 taraf\u0131ndan onaylanm\u0131\u015ft\u0131r.<\/p>\n<p><strong><span class=\"urun_text_02\">\u0130\u00e7indekiler :\u00a0<\/span><\/strong>Kompleks yap\u0131c\u0131lar, alkaliler, korozyon inhibit\u00f6rleri. pH de\u011feri (konsantre): yakla\u015f\u0131k. 14 pH de\u011feri (kullan\u0131ma haz\u0131r sol\u00fcsyon): yakla\u015f\u0131k. 11<\/p>\n<p><strong><span class=\"urun_text_02\">Kullan\u0131m Alanlar\u0131 :\u00a0<\/span><\/strong>S\u0131v\u0131 dozajlama sistemleri ile tekstil \u00fcr\u00fcnlerinin \u00e7ama\u015f\u0131r makinelerinde y\u0131kanmas\u0131n\u0131n yan\u0131 s\u0131ra, beyaz ve renkli \u00e7ama\u015f\u0131rlar\u0131n y\u0131kanmas\u0131 i\u00e7in uygundur. Ki\u015fisel tekstil \u00fcr\u00fcnleri i\u00e7in maksimum y\u0131kama s\u0131cakl\u0131\u011f\u0131na uyman\u0131z\u0131 rica ederiz. \u0130pek ya da y\u00fcn ile \u00e7ama\u015f\u0131rlarda kullanmay\u0131n\u0131z.<\/p>\n","protected":false},"excerpt":{"rendered":"<h1>Arenas-Avenir<\/h1>\n<p>Y\u00fcksekS\u0131v\u0131 \u00c7ama\u015f\u0131r Kolas\u0131<\/p>\n<p><span class=\"urun_text_02\"><strong>\u00d6zellikleri <\/strong>:\u00a0ARENAS\u00ae-avenir 40 \u00b0C, 60 \u00b0C and 90 \u00b0C de m\u00fckemmel y\u0131kama performans\u0131na sahip yo\u011fun kullan\u0131ma uygun bir deterjand\u0131r. Y\u00fczey aktif madde, fosfat ve sabundan ar\u0131nd\u0131r\u0131lm\u0131\u015f olup, koku ya da boya i\u00e7ermemektedir. \u00c7evre dostu form\u00fclasyonu ipek ve y\u00fcn d\u0131\u015f\u0131ndaki t\u00fcm kuma\u015flar i\u00e7in tamamen k\u00f6p\u00fcrmeyen bir y\u0131kama i\u015flemi sa\u011flamaktad\u0131r. \u00d6zellikle tekstil \u00fcr\u00fcnlerinin temizlenmesi i\u00e7in uygundur. ARENAS\u00ae-avenir \u00e7ama\u015f\u0131rlar\u0131n\u0131zdan inat\u00e7\u0131 kirleri dahi temizler. Bir temizlik g\u00fc\u00e7lendiricisinin eklenmesi gerekli de\u011fildir. A\u011fartma etkisi isteniyorsa,\u00fcr\u00fcn\u00fcn bile\u015fimi i\u00e7inde ki surfaktans\u0131z \u00f6zelliklerini koruyarak, ARENAS\u00ae-avenir&#8217; i ARENAS\u00ae-oxydes ile bereber kullanabilirsiniz. \u00dcr\u00fcn, y\u0131kama performans\u0131 ve tekstil \u00fcr\u00fcn\u00fc direnci i\u00e7in Hohenstein Enstit\u00fcs\u00fc laboratuvarlar\u0131 taraf\u0131ndan onaylanm\u0131\u015ft\u0131r.<br \/>\n<\/span><\/p>\n<hr \/>\n<p><img loading=\"lazy\" class=\"alignnone size-full wp-image-1294\" src=\"https:\/\/kiehl.mcsajans.com\/wp-content\/uploads\/2021\/01\/arenas_wash-2.jpg\" alt=\"\" width=\"66\" height=\"67\" \/><\/p>\n<p><strong><span class=\"urun_text_02\">Kullan\u0131m Talimat\u0131<\/span><\/strong><br \/>\n1 dozajlama \u00fcnitesi (dozaj kab\u0131) = 40 ml<\/p>\n<p><strong>Profesyonel kullan\u0131mlar i\u00e7indir!<\/strong><\/p>\n<p><strong><span class=\"urun_text_02\">Ambalaj<\/span><\/strong><br \/>\nKoli i\u00e7inde 6 x 1 litre dozajlamal\u0131 \u015fi\u015fe<br \/>\n\u00dcr\u00fcn. No. 65 18 02<\/p>\n<p><img loading=\"lazy\" class=\"alignnone size-full wp-image-1295\" src=\"https:\/\/kiehl.mcsajans.com\/wp-content\/uploads\/2021\/01\/tahris-3.jpg\" alt=\"\" width=\"69\" height=\"79\" \/><\/p>\n<p>*C, A\u015f\u0131nd\u0131r\u0131c\u0131 (Konsantre halde);<br \/>\n*R 35 Ciddi yan\u0131klara neden olur.<br \/>\n*R 41 G\u00f6zlere ciddi hasar verebilir<br \/>\n*S 24\/25 G\u00f6z ve cilt ile temas\u0131ndan ka\u00e7\u0131n\u0131n<br \/>\n*S 26 G\u00f6zlere temas etmesi halinde, bol su ile y\u0131kay\u0131n ve doktora ba\u015fvurun.<\/p>\n","protected":false},"featured_media":1296,"comment_status":"open","ping_status":"closed","template":"elementor_theme","meta":[],"yoast_head":"<!-- This site is optimized with the Yoast SEO plugin v15.9 - https:\/\/yoast.com\/wordpress\/plugins\/seo\/ -->\r\n<title>Arenas-Avenir | K\u0130EHL<\/title>\r\n<meta name=\"description\" content=\"ARENAS\u00ae-avenir 40 \u00b0C, 60 \u00b0C and 90 \u00b0C de m\u00fckemmel y\u0131kama performans\u0131na sahip yo\u011fun kullan\u0131ma uygun bir deterjand\u0131r.\" \/>\r\n<meta name=\"robots\" content=\"index, follow, max-snippet:-1, max-image-preview:large, max-video-preview:-1\" \/>\r\n<link rel=\"canonical\" href=\"http:\/\/www.kiehlturkey.com\/index.php\/urun\/arenas-avenir\/\" \/>\r\n<meta property=\"og:locale\" content=\"tr_TR\" \/>\r\n<meta property=\"og:type\" content=\"article\" \/>\r\n<meta property=\"og:title\" content=\"Arenas-Avenir | K\u0130EHL\" \/>\r\n<meta property=\"og:description\" content=\"ARENAS\u00ae-avenir 40 \u00b0C, 60 \u00b0C and 90 \u00b0C de m\u00fckemmel y\u0131kama performans\u0131na sahip yo\u011fun kullan\u0131ma uygun bir deterjand\u0131r.\" \/>\r\n<meta property=\"og:url\" content=\"http:\/\/www.kiehlturkey.com\/index.php\/urun\/arenas-avenir\/\" \/>\r\n<meta property=\"og:site_name\" content=\"K\u0130EHL\" \/>\r\n<meta property=\"article:modified_time\" content=\"2021-01-22T12:13:06+00:00\" \/>\r\n<meta property=\"og:image\" content=\"http:\/\/www.kiehlturkey.com\/wp-content\/uploads\/2021\/01\/arenas_avenir.jpg\" \/>\r\n\t<meta property=\"og:image:width\" content=\"161\" \/>\r\n\t<meta property=\"og:image:height\" content=\"220\" \/>\r\n<meta name=\"twitter:card\" content=\"summary_large_image\" \/>\r\n<meta name=\"twitter:label1\" content=\"Tahmini okuma s\u00fcresi\">\n\t<meta name=\"twitter:data1\" content=\"1 dakika\">\r\n<script type=\"application\/ld+json\" class=\"yoast-schema-graph\">{\"@context\":\"https:\/\/schema.org\",\"@graph\":[{\"@type\":\"WebSite\",\"@id\":\"http:\/\/www.kiehlturkey.com\/#website\",\"url\":\"http:\/\/www.kiehlturkey.com\/\",\"name\":\"K\\u0130EHL\",\"description\":\"die saubere L\\u00f6sung\",\"potentialAction\":[{\"@type\":\"SearchAction\",\"target\":\"http:\/\/www.kiehlturkey.com\/?s={search_term_string}\",\"query-input\":\"required name=search_term_string\"}],\"inLanguage\":\"tr\"},{\"@type\":\"ImageObject\",\"@id\":\"http:\/\/www.kiehlturkey.com\/index.php\/urun\/arenas-avenir\/#primaryimage\",\"inLanguage\":\"tr\",\"url\":\"http:\/\/www.kiehlturkey.com\/wp-content\/uploads\/2021\/01\/arenas_avenir.jpg\",\"width\":161,\"height\":220},{\"@type\":\"WebPage\",\"@id\":\"http:\/\/www.kiehlturkey.com\/index.php\/urun\/arenas-avenir\/#webpage\",\"url\":\"http:\/\/www.kiehlturkey.com\/index.php\/urun\/arenas-avenir\/\",\"name\":\"Arenas-Avenir | K\\u0130EHL\",\"isPartOf\":{\"@id\":\"http:\/\/www.kiehlturkey.com\/#website\"},\"primaryImageOfPage\":{\"@id\":\"http:\/\/www.kiehlturkey.com\/index.php\/urun\/arenas-avenir\/#primaryimage\"},\"datePublished\":\"2021-01-22T12:04:24+00:00\",\"dateModified\":\"2021-01-22T12:13:06+00:00\",\"description\":\"ARENAS\\u00ae-avenir 40 \\u00b0C, 60 \\u00b0C and 90 \\u00b0C de m\\u00fckemmel y\\u0131kama performans\\u0131na sahip yo\\u011fun kullan\\u0131ma uygun bir deterjand\\u0131r.\",\"breadcrumb\":{\"@id\":\"http:\/\/www.kiehlturkey.com\/index.php\/urun\/arenas-avenir\/#breadcrumb\"},\"inLanguage\":\"tr\",\"potentialAction\":[{\"@type\":\"ReadAction\",\"target\":[\"http:\/\/www.kiehlturkey.com\/index.php\/urun\/arenas-avenir\/\"]}]},{\"@type\":\"BreadcrumbList\",\"@id\":\"http:\/\/www.kiehlturkey.com\/index.php\/urun\/arenas-avenir\/#breadcrumb\",\"itemListElement\":[{\"@type\":\"ListItem\",\"position\":1,\"item\":{\"@type\":\"WebPage\",\"@id\":\"http:\/\/www.kiehlturkey.com\/\",\"url\":\"http:\/\/www.kiehlturkey.com\/\",\"name\":\"Ana sayfa\"}},{\"@type\":\"ListItem\",\"position\":2,\"item\":{\"@type\":\"WebPage\",\"@id\":\"http:\/\/www.kiehlturkey.com\/index.php\/urunler\/\",\"url\":\"http:\/\/www.kiehlturkey.com\/index.php\/urunler\/\",\"name\":\"\\u00dcr\\u00fcnler\"}},{\"@type\":\"ListItem\",\"position\":3,\"item\":{\"@type\":\"WebPage\",\"@id\":\"http:\/\/www.kiehlturkey.com\/index.php\/urun\/arenas-avenir\/\",\"url\":\"http:\/\/www.kiehlturkey.com\/index.php\/urun\/arenas-avenir\/\",\"name\":\"Arenas-Avenir\"}}]}]}<\/script>\r\n<!-- \/ Yoast SEO plugin. -->","_links":{"self":[{"href":"http:\/\/www.kiehlturkey.com\/index.php\/wp-json\/wp\/v2\/product\/1292"}],"collection":[{"href":"http:\/\/www.kiehlturkey.com\/index.php\/wp-json\/wp\/v2\/product"}],"about":[{"href":"http:\/\/www.kiehlturkey.com\/index.php\/wp-json\/wp\/v2\/types\/product"}],"replies":[{"embeddable":true,"href":"http:\/\/www.kiehlturkey.com\/index.php\/wp-json\/wp\/v2\/comments?post=1292"}],"version-history":[{"count":1,"href":"http:\/\/www.kiehlturkey.com\/index.php\/wp-json\/wp\/v2\/product\/1292\/revisions"}],"predecessor-version":[{"id":1297,"href":"http:\/\/www.kiehlturkey.com\/index.php\/wp-json\/wp\/v2\/product\/1292\/revisions\/1297"}],"wp:featuredmedia":[{"embeddable":true,"href":"http:\/\/www.kiehlturkey.com\/index.php\/wp-json\/wp\/v2\/media\/1296"}],"wp:attachment":[{"href":"http:\/\/www.kiehlturkey.com\/index.php\/wp-json\/wp\/v2\/media?parent=1292"}],"curies":[{"name":"wp","href":"https:\/\/api.w.org\/{rel}","templated":true}]}}