{"id":1298,"date":"2021-01-22T12:13:51","date_gmt":"2021-01-22T12:13:51","guid":{"rendered":"https:\/\/kiehl.mcsajans.com\/?post_type=product&#038;p=1298"},"modified":"2021-01-22T12:23:40","modified_gmt":"2021-01-22T12:23:40","slug":"arenas-bleach","status":"publish","type":"product","link":"http:\/\/www.kiehlturkey.com\/index.php\/urun\/arenas-bleach\/","title":{"rendered":"Arenas-Bleach"},"content":{"rendered":"<p><span class=\"urun_text_02\"><strong>\u00d6zellikleri :<\/strong> \u00d6zellikleri :\u00a0ARENAS\u00ae-bleach \u00e7ama\u015f\u0131r makinesinde kullan\u0131m i\u00e7in, klor bazl\u0131 s\u0131v\u0131 beyazlat\u0131c\u0131 konsantredir. Beyazlat\u0131c\u0131 konsantre, beyaz \u00e7ama\u015f\u0131rlar\u0131n\u0131z\u0131 m\u00fckemmel bir \u015fekilde beyazlat\u0131r ve masa \u00f6rt\u00fcs\u00fc, beyaz \u00f6nl\u00fckler, mutfak \u00f6rt\u00fcs\u00fc gibi klora dayan\u0131kl\u0131 ve beyaz kuma\u015flardan k\u00fcf lekesini, sararmalar\u0131 ve renk lekelerini \u00e7\u0131kar\u0131r.<\/p>\n<p><strong>\u0130\u00e7indekiler :<\/strong>\u00a0Stabilize edilmi\u015f aktif klor &gt; 10% pH de\u011feri (konsantre): yakla\u015f\u0131k. 13<\/p>\n<p><strong>Uygulama :\u00a0<\/strong>Klor esasl\u0131 \u00fcr\u00fcn, \u00f6zellikle \u00e7ama\u015f\u0131r makinelerinde kullan\u0131m i\u00e7indir. Beyaz \u00e7ama\u015f\u0131rlar\u0131n\u0131zdan (pamuklu) ve beyazlayabilir kuma\u015flar\u0131n\u0131zdan k\u00fcf lekelerinin ve renk lekelerinin \u00e7\u0131kar\u0131lmas\u0131nda ve beyazlat\u0131lmas\u0131nda kullan\u0131l\u0131r. Kullanmadan \u00f6nce l\u00fctfen kuma\u015flar\u0131n\u0131z\u0131n uygunlu\u011funu kontrol edin (\u00f6rnek; beyazlayan \u00e7ama\u015f\u0131rlar\u0131n\u0131z i\u00e7in \uf072 y\u0131kama sembol\u00fcne dikkat edin.)<\/p>\n<p><strong>Kullan\u0131m \u015eekli :\u00a0<\/strong>ARENAS\u00ae-bleach&#8217; i y\u0131kama i\u015fleminin ilk durulama a\u015famas\u0131nda ekleyiniz ve 7 ila 10 dakika aktif olmas\u0131n\u0131 sa\u011flay\u0131n\u0131z. Y\u0131kama i\u015flemi programlamas\u0131 ve dozaj kalibrasyonu sadece KIEHL servis personeli taraf\u0131ndan yap\u0131l\u0131r. Yanl\u0131\u015f kullan\u0131m yada yanl\u0131\u015f uygulanma sonucunda olu\u015fan zararlardan Kiehl sorumluluk kabul etmez.<\/span><\/p>\n","protected":false},"excerpt":{"rendered":"<h1>Arenas-Bleach<\/h1>\n<p>S\u0131v\u0131 beyazlat\u0131c\u0131 konsantresi<\/p>\n<p><span class=\"urun_text_02\"><strong>\u00d6zellikleri <\/strong>: \u00d6zellikleri :\u00a0ARENAS\u00ae-bleach \u00e7ama\u015f\u0131r makinesinde kullan\u0131m i\u00e7in, klor bazl\u0131 s\u0131v\u0131 beyazlat\u0131c\u0131 konsantredir. Beyazlat\u0131c\u0131 konsantre, beyaz \u00e7ama\u015f\u0131rlar\u0131n\u0131z\u0131 m\u00fckemmel bir \u015fekilde beyazlat\u0131r ve masa \u00f6rt\u00fcs\u00fc, beyaz \u00f6nl\u00fckler, mutfak \u00f6rt\u00fcs\u00fc gibi klora dayan\u0131kl\u0131 ve beyaz kuma\u015flardan k\u00fcf lekesini, sararmalar\u0131 ve renk lekelerini \u00e7\u0131kar\u0131r.<br \/>\n<\/span><\/p>\n<hr \/>\n<p><img loading=\"lazy\" class=\"alignnone size-full wp-image-1299\" src=\"https:\/\/kiehl.mcsajans.com\/wp-content\/uploads\/2021\/01\/arenas_wash-3.jpg\" alt=\"\" width=\"66\" height=\"67\" \/><\/p>\n<p><strong><span class=\"urun_text_02\">Metrekare ba\u015f\u0131na t\u00fcketim<\/span><\/strong><br \/>\nC, Konsantre halde a\u015f\u0131nd\u0131r\u0131c\u0131 ;N, Konsantre halde \u00e7evre i\u00e7in tehlikelidir;<br \/>\nR 31 Asitle etkile\u015fime girdi\u011finde zehirli gaz \u00e7\u0131kar\u0131r.<\/p>\n<p><strong>Profesyonel kullan\u0131mlar i\u00e7indir!<\/strong><\/p>\n<p><strong><span class=\"urun_text_02\">Ambalaj<\/span><\/strong><br \/>\n20 litre bidon<br \/>\n\u00dcr\u00fcn. No. j 65 32 21<\/p>\n<p><img loading=\"lazy\" class=\"alignnone size-full wp-image-1295\" src=\"https:\/\/kiehl.mcsajans.com\/wp-content\/uploads\/2021\/01\/tahris-3.jpg\" alt=\"\" width=\"69\" height=\"79\" \/><\/p>\n<ul>\n<li>R 34 Yan\u0131klara neden olur.<\/li>\n<li>\u00a0R 41 G\u00f6zlere ciddi zararlar verme riski.<\/li>\n<li>\u00a0S 24\/25 Deri ve g\u00f6zlere temas etmemesine dikkat ediniz.<\/li>\n<li>S 37\/39 Uygun eldiven ve g\u00f6z \/ y\u00fcz koruyucu ekipmanlar kullan\u0131n\u0131z. Alkali sol\u00fcsyonlar\u0131 i\u00e7erir.<\/li>\n<\/ul>\n","protected":false},"featured_media":1300,"comment_status":"open","ping_status":"closed","template":"elementor_theme","meta":[],"yoast_head":"<!-- This site is optimized with the Yoast SEO plugin v15.9 - https:\/\/yoast.com\/wordpress\/plugins\/seo\/ -->\r\n<title>Arenas-Bleach | K\u0130EHL<\/title>\r\n<meta name=\"description\" content=\"\u00c7ama\u015f\u0131r makinesinde kullan\u0131m i\u00e7in, klor bazl\u0131 s\u0131v\u0131 beyazlat\u0131c\u0131 konsantredir. Beyaz \u00e7ama\u015f\u0131rlar\u0131n\u0131z\u0131 m\u00fckemmel bir \u015fekilde beyazlat\u0131r.\" \/>\r\n<meta name=\"robots\" content=\"index, follow, max-snippet:-1, max-image-preview:large, max-video-preview:-1\" \/>\r\n<link rel=\"canonical\" href=\"http:\/\/www.kiehlturkey.com\/index.php\/urun\/arenas-bleach\/\" \/>\r\n<meta property=\"og:locale\" content=\"tr_TR\" \/>\r\n<meta property=\"og:type\" content=\"article\" \/>\r\n<meta property=\"og:title\" content=\"Arenas-Bleach | K\u0130EHL\" \/>\r\n<meta property=\"og:description\" content=\"\u00c7ama\u015f\u0131r makinesinde kullan\u0131m i\u00e7in, klor bazl\u0131 s\u0131v\u0131 beyazlat\u0131c\u0131 konsantredir. Beyaz \u00e7ama\u015f\u0131rlar\u0131n\u0131z\u0131 m\u00fckemmel bir \u015fekilde beyazlat\u0131r.\" \/>\r\n<meta property=\"og:url\" content=\"http:\/\/www.kiehlturkey.com\/index.php\/urun\/arenas-bleach\/\" \/>\r\n<meta property=\"og:site_name\" content=\"K\u0130EHL\" \/>\r\n<meta property=\"article:modified_time\" content=\"2021-01-22T12:23:40+00:00\" \/>\r\n<meta property=\"og:image\" content=\"http:\/\/www.kiehlturkey.com\/wp-content\/uploads\/2021\/01\/bleach.jpg\" \/>\r\n\t<meta property=\"og:image:width\" content=\"164\" \/>\r\n\t<meta property=\"og:image:height\" content=\"220\" \/>\r\n<meta name=\"twitter:card\" content=\"summary_large_image\" \/>\r\n<meta name=\"twitter:label1\" content=\"Tahmini okuma s\u00fcresi\">\n\t<meta name=\"twitter:data1\" content=\"1 dakika\">\r\n<script type=\"application\/ld+json\" class=\"yoast-schema-graph\">{\"@context\":\"https:\/\/schema.org\",\"@graph\":[{\"@type\":\"WebSite\",\"@id\":\"http:\/\/www.kiehlturkey.com\/#website\",\"url\":\"http:\/\/www.kiehlturkey.com\/\",\"name\":\"K\\u0130EHL\",\"description\":\"die saubere L\\u00f6sung\",\"potentialAction\":[{\"@type\":\"SearchAction\",\"target\":\"http:\/\/www.kiehlturkey.com\/?s={search_term_string}\",\"query-input\":\"required name=search_term_string\"}],\"inLanguage\":\"tr\"},{\"@type\":\"ImageObject\",\"@id\":\"http:\/\/www.kiehlturkey.com\/index.php\/urun\/arenas-bleach\/#primaryimage\",\"inLanguage\":\"tr\",\"url\":\"http:\/\/www.kiehlturkey.com\/wp-content\/uploads\/2021\/01\/bleach.jpg\",\"width\":164,\"height\":220},{\"@type\":\"WebPage\",\"@id\":\"http:\/\/www.kiehlturkey.com\/index.php\/urun\/arenas-bleach\/#webpage\",\"url\":\"http:\/\/www.kiehlturkey.com\/index.php\/urun\/arenas-bleach\/\",\"name\":\"Arenas-Bleach | K\\u0130EHL\",\"isPartOf\":{\"@id\":\"http:\/\/www.kiehlturkey.com\/#website\"},\"primaryImageOfPage\":{\"@id\":\"http:\/\/www.kiehlturkey.com\/index.php\/urun\/arenas-bleach\/#primaryimage\"},\"datePublished\":\"2021-01-22T12:13:51+00:00\",\"dateModified\":\"2021-01-22T12:23:40+00:00\",\"description\":\"\\u00c7ama\\u015f\\u0131r makinesinde kullan\\u0131m i\\u00e7in, klor bazl\\u0131 s\\u0131v\\u0131 beyazlat\\u0131c\\u0131 konsantredir. Beyaz \\u00e7ama\\u015f\\u0131rlar\\u0131n\\u0131z\\u0131 m\\u00fckemmel bir \\u015fekilde beyazlat\\u0131r.\",\"breadcrumb\":{\"@id\":\"http:\/\/www.kiehlturkey.com\/index.php\/urun\/arenas-bleach\/#breadcrumb\"},\"inLanguage\":\"tr\",\"potentialAction\":[{\"@type\":\"ReadAction\",\"target\":[\"http:\/\/www.kiehlturkey.com\/index.php\/urun\/arenas-bleach\/\"]}]},{\"@type\":\"BreadcrumbList\",\"@id\":\"http:\/\/www.kiehlturkey.com\/index.php\/urun\/arenas-bleach\/#breadcrumb\",\"itemListElement\":[{\"@type\":\"ListItem\",\"position\":1,\"item\":{\"@type\":\"WebPage\",\"@id\":\"http:\/\/www.kiehlturkey.com\/\",\"url\":\"http:\/\/www.kiehlturkey.com\/\",\"name\":\"Ana sayfa\"}},{\"@type\":\"ListItem\",\"position\":2,\"item\":{\"@type\":\"WebPage\",\"@id\":\"http:\/\/www.kiehlturkey.com\/index.php\/urunler\/\",\"url\":\"http:\/\/www.kiehlturkey.com\/index.php\/urunler\/\",\"name\":\"\\u00dcr\\u00fcnler\"}},{\"@type\":\"ListItem\",\"position\":3,\"item\":{\"@type\":\"WebPage\",\"@id\":\"http:\/\/www.kiehlturkey.com\/index.php\/urun\/arenas-bleach\/\",\"url\":\"http:\/\/www.kiehlturkey.com\/index.php\/urun\/arenas-bleach\/\",\"name\":\"Arenas-Bleach\"}}]}]}<\/script>\r\n<!-- \/ Yoast SEO plugin. -->","_links":{"self":[{"href":"http:\/\/www.kiehlturkey.com\/index.php\/wp-json\/wp\/v2\/product\/1298"}],"collection":[{"href":"http:\/\/www.kiehlturkey.com\/index.php\/wp-json\/wp\/v2\/product"}],"about":[{"href":"http:\/\/www.kiehlturkey.com\/index.php\/wp-json\/wp\/v2\/types\/product"}],"replies":[{"embeddable":true,"href":"http:\/\/www.kiehlturkey.com\/index.php\/wp-json\/wp\/v2\/comments?post=1298"}],"version-history":[{"count":2,"href":"http:\/\/www.kiehlturkey.com\/index.php\/wp-json\/wp\/v2\/product\/1298\/revisions"}],"predecessor-version":[{"id":1302,"href":"http:\/\/www.kiehlturkey.com\/index.php\/wp-json\/wp\/v2\/product\/1298\/revisions\/1302"}],"wp:featuredmedia":[{"embeddable":true,"href":"http:\/\/www.kiehlturkey.com\/index.php\/wp-json\/wp\/v2\/media\/1300"}],"wp:attachment":[{"href":"http:\/\/www.kiehlturkey.com\/index.php\/wp-json\/wp\/v2\/media?parent=1298"}],"curies":[{"name":"wp","href":"https:\/\/api.w.org\/{rel}","templated":true}]}}