{"id":1430,"date":"2021-02-27T17:09:05","date_gmt":"2021-02-27T17:09:05","guid":{"rendered":"https:\/\/kiehl.mcsajans.com\/?post_type=product&#038;p=1430"},"modified":"2021-02-27T17:18:48","modified_gmt":"2021-02-27T17:18:48","slug":"ceradur","status":"publish","type":"product","link":"http:\/\/www.kiehlturkey.com\/index.php\/urun\/ceradur\/","title":{"rendered":"Ceradur"},"content":{"rendered":"<p><strong><span class=\"urun_text_02\">\u00d6zellikleri : <\/span><\/strong>Kendili\u011finden parlayan, m\u00fckemmel koruyucu tabaka olu\u015fturma \u00f6zelli\u011fine sahip antimetalize em\u00fclsiyon cilas\u0131. Koruyucu tabaka en az metalize cilalar kadar dayan\u0131kl\u0131d\u0131r ve etkinli\u011fini uzun s\u00fcre korur. Muhtemel hasarlar, geride kaygan olmayan bir parlakl\u0131k b\u0131rakan cilalama yada spreyli polisajlama yoluyla minimize edilir. Bunu yaparken kaygan olmayan bir parlakl\u0131k olu\u015fur. Ceradur, kaymazl\u0131k, kir tutmazl\u0131k ve silinmeye kar\u015f\u0131 dayan\u0131kl\u0131l\u0131k kriterlerini m\u00fckemmel bir \u015fekilde yerine getirir. Bak\u0131m tabakas\u0131 herhangi bir temizleyici kullanmadan etkin bir temizlemeyle k\u0131smen kald\u0131r\u0131l\u0131r.<\/p>\n<p><strong><span class=\"urun_text_02\">\u0130\u00e7indekiler : <\/span><\/strong>Anti-metalize polimer \u00e7\u00f6zeltiler (TBEP i\u00e7ermeyen), polietilen mum, plastikle\u015ftiriciler, katk\u0131 maddeleri. pH de\u011feri (konsantre): yakla\u015f\u0131k 7,5-8<\/p>\n<p><strong><span class=\"urun_text_02\">Kullan\u0131m Alan\u0131 : <\/span><\/strong>Islak alanlar hari\u00e7; PVC, linolyum, kau\u00e7uk, vinil y\u00fczeyler, polyolefin, mermer, granit, paladyen fayans gibi suya dayan\u0131kl\u0131, sert ve elastik y\u00fczeylerde kullan\u0131ma uygundur. Ah\u015fap ve mantar kaplamal\u0131 y\u00fczeylerde kullan\u0131m\u0131 da tavsiye edilmektedir. Plastik i\u00e7eren y\u00fczeylerde kullanmadan \u00f6nce yap\u0131\u015fkanl\u0131k testi uygulanmas\u0131 gerekmektedir.<\/p>\n<p><strong><span class=\"urun_text_02\">Kullan\u0131m \u015eekli : <\/span><\/strong>\u00dcr\u00fcn\u00fcn uygulanaca\u011f\u0131 zeminin iyice kurutulmu\u015f oldu\u011fundan emin olun. \u00dcr\u00fcn\u00fc yumu\u015fak bir bez yard\u0131m\u0131yla ve seyreltmeden ince bir tabaka halinde uygulay\u0131n. \u00dcr\u00fcn\u00fcn bez \u00fczerinde kurumas\u0131ndan ka\u00e7\u0131n\u0131lmal\u0131 ve bidon kullan\u0131mdan sonra hemen kapat\u0131lmal\u0131d\u0131r.<\/p>\n<p><strong><span class=\"urun_text_02\">Ana temizli\u011fi yap\u0131lm\u0131\u015f zeminlerde temel bak\u0131m : <\/span><\/strong>Zemin kaplamas\u0131n\u0131n emme g\u00fcc\u00fcne g\u00f6re takriben 30 dakikal\u0131k aral\u0131klarla 2-3 kez s\u00fcr\u00fcl\u00fcr.<\/p>\n<p><strong><span class=\"urun_text_02\">Yo\u011fun bak\u0131m\u0131 takiben yap\u0131lacak destek bak\u0131m : <\/span><\/strong><span class=\"urun_text_02\">Takriben 30 dakika arayla 1-2 kez uygulan\u0131r.<\/span><\/p>\n<p><strong><span class=\"urun_text_02\">Uygulamadan do\u011fabilecek zedelenmeler i\u00e7in polisaj : <\/span><\/strong>1:1 \u00f6l\u00e7\u00fcs\u00fcne uygun olarak olarak so\u011fuk su ile kar\u0131\u015ft\u0131r\u0131n\u0131z, p\u00fcsk\u00fcrt\u00fcc\u00fc ve h\u0131zl\u0131 \u00e7al\u0131\u015fan bir makina ile (takriben 1000 r.p.m.) i\u015flem yap\u0131n\u0131z.<\/p>\n<p><strong><span class=\"urun_text_02\">Cilalama :<\/span><\/strong><span class=\"urun_text_02\">Kuruyan bak\u0131m tabakas\u0131 h\u0131zl\u0131 \u00e7al\u0131\u015fan makina yard\u0131m\u0131yla (takriben 1000 r.p.m.) <\/span><span class=\"urun_text_02\">cilalanabilir ve mult\u0131 disc ile fikslenebilir. Bunun sonucunda kaygan olmayan bir y\u00fczey elde edilir.<\/span><\/p>\n","protected":false},"excerpt":{"rendered":"<h1>Ceradur<\/h1>\n<p><span class=\"urun_text_02\">Anti-Metalize Emulsiyon Cilas\u0131<\/span><\/p>\n<p><span class=\"urun_text_02\"><strong>\u00d6zellikleri <\/strong>: Kendili\u011finden parlayan, m\u00fckemmel koruyucu tabaka olu\u015fturma \u00f6zelli\u011fine sahip antimetalize em\u00fclsiyon cilas\u0131. Koruyucu tabaka en az metalize cilalar kadar dayan\u0131kl\u0131d\u0131r ve etkinli\u011fini uzun s\u00fcre korur. Muhtemel hasarlar, geride kaygan olmayan bir parlakl\u0131k b\u0131rakan cilalama yada spreyli polisajlama yoluyla minimize edilir. Bunu yaparken kaygan olmayan bir parlakl\u0131k olu\u015fur. Ceradur, kaymazl\u0131k, kir tutmazl\u0131k ve silinmeye kar\u015f\u0131 dayan\u0131kl\u0131l\u0131k kriterlerini m\u00fckemmel bir \u015fekilde yerine getirir. Bak\u0131m tabakas\u0131 herhangi bir temizleyici kullanmadan etkin bir temizlemeyle k\u0131smen kald\u0131r\u0131l\u0131r.<br \/>\n<\/span><\/p>\n<hr \/>\n<p><img loading=\"lazy\" class=\"alignnone size-full wp-image-1431\" src=\"https:\/\/kiehl.mcsajans.com\/wp-content\/uploads\/2021\/02\/cila_icon_01.jpg\" alt=\"\" width=\"215\" height=\"67\" \/><\/p>\n<p><strong><span class=\"urun_text_02\">Metrekare ba\u015f\u0131na t\u00fcketim<\/span><\/strong><br \/>\nTemel bak\u0131m: Uygulama ba\u015f\u0131na 25 ml<br \/>\n<span class=\"urun_text_01\">Sprey bak\u0131m: 1,5 ml<\/span><\/p>\n<p><strong>Profesyonel kullan\u0131mlar i\u00e7indir!<\/strong><\/p>\n<p><strong>Paketleme<\/strong><br \/>\n10 litre bidon \u00dcr. No. j 20 05 10<br \/>\n200 litre varil \u00dcr. No. j 20 05 72<\/p>\n<p>Donmaya kar\u015f\u0131 koruyunuz!<\/p>\n","protected":false},"featured_media":1432,"comment_status":"open","ping_status":"closed","template":"elementor_theme","meta":[],"yoast_head":"<!-- This site is optimized with the Yoast SEO plugin v15.9 - https:\/\/yoast.com\/wordpress\/plugins\/seo\/ -->\r\n<title>Ceradur | K\u0130EHL<\/title>\r\n<meta name=\"description\" content=\"Kendili\u011finden parlayan, m\u00fckemmel koruyucu tabaka olu\u015fturma \u00f6zelli\u011fine sahip antimetalize em\u00fclsiyon cilas\u0131.\" \/>\r\n<meta name=\"robots\" content=\"index, follow, max-snippet:-1, max-image-preview:large, max-video-preview:-1\" \/>\r\n<link rel=\"canonical\" href=\"http:\/\/www.kiehlturkey.com\/index.php\/urun\/ceradur\/\" \/>\r\n<meta property=\"og:locale\" content=\"tr_TR\" \/>\r\n<meta property=\"og:type\" content=\"article\" \/>\r\n<meta property=\"og:title\" content=\"Ceradur | K\u0130EHL\" \/>\r\n<meta property=\"og:description\" content=\"Kendili\u011finden parlayan, m\u00fckemmel koruyucu tabaka olu\u015fturma \u00f6zelli\u011fine sahip antimetalize em\u00fclsiyon cilas\u0131.\" \/>\r\n<meta property=\"og:url\" content=\"http:\/\/www.kiehlturkey.com\/index.php\/urun\/ceradur\/\" \/>\r\n<meta property=\"og:site_name\" content=\"K\u0130EHL\" \/>\r\n<meta property=\"article:modified_time\" content=\"2021-02-27T17:18:48+00:00\" \/>\r\n<meta property=\"og:image\" content=\"http:\/\/www.kiehlturkey.com\/wp-content\/uploads\/2021\/02\/ceradur.jpg\" \/>\r\n\t<meta property=\"og:image:width\" content=\"197\" \/>\r\n\t<meta property=\"og:image:height\" content=\"275\" \/>\r\n<meta name=\"twitter:card\" content=\"summary_large_image\" \/>\r\n<meta name=\"twitter:label1\" content=\"Tahmini okuma s\u00fcresi\">\n\t<meta name=\"twitter:data1\" content=\"2 dakika\">\r\n<script type=\"application\/ld+json\" class=\"yoast-schema-graph\">{\"@context\":\"https:\/\/schema.org\",\"@graph\":[{\"@type\":\"WebSite\",\"@id\":\"http:\/\/www.kiehlturkey.com\/#website\",\"url\":\"http:\/\/www.kiehlturkey.com\/\",\"name\":\"K\\u0130EHL\",\"description\":\"die saubere L\\u00f6sung\",\"potentialAction\":[{\"@type\":\"SearchAction\",\"target\":\"http:\/\/www.kiehlturkey.com\/?s={search_term_string}\",\"query-input\":\"required name=search_term_string\"}],\"inLanguage\":\"tr\"},{\"@type\":\"ImageObject\",\"@id\":\"http:\/\/www.kiehlturkey.com\/index.php\/urun\/ceradur\/#primaryimage\",\"inLanguage\":\"tr\",\"url\":\"http:\/\/www.kiehlturkey.com\/wp-content\/uploads\/2021\/02\/ceradur.jpg\",\"width\":197,\"height\":275},{\"@type\":\"WebPage\",\"@id\":\"http:\/\/www.kiehlturkey.com\/index.php\/urun\/ceradur\/#webpage\",\"url\":\"http:\/\/www.kiehlturkey.com\/index.php\/urun\/ceradur\/\",\"name\":\"Ceradur | K\\u0130EHL\",\"isPartOf\":{\"@id\":\"http:\/\/www.kiehlturkey.com\/#website\"},\"primaryImageOfPage\":{\"@id\":\"http:\/\/www.kiehlturkey.com\/index.php\/urun\/ceradur\/#primaryimage\"},\"datePublished\":\"2021-02-27T17:09:05+00:00\",\"dateModified\":\"2021-02-27T17:18:48+00:00\",\"description\":\"Kendili\\u011finden parlayan, m\\u00fckemmel koruyucu tabaka olu\\u015fturma \\u00f6zelli\\u011fine sahip antimetalize em\\u00fclsiyon cilas\\u0131.\",\"breadcrumb\":{\"@id\":\"http:\/\/www.kiehlturkey.com\/index.php\/urun\/ceradur\/#breadcrumb\"},\"inLanguage\":\"tr\",\"potentialAction\":[{\"@type\":\"ReadAction\",\"target\":[\"http:\/\/www.kiehlturkey.com\/index.php\/urun\/ceradur\/\"]}]},{\"@type\":\"BreadcrumbList\",\"@id\":\"http:\/\/www.kiehlturkey.com\/index.php\/urun\/ceradur\/#breadcrumb\",\"itemListElement\":[{\"@type\":\"ListItem\",\"position\":1,\"item\":{\"@type\":\"WebPage\",\"@id\":\"http:\/\/www.kiehlturkey.com\/\",\"url\":\"http:\/\/www.kiehlturkey.com\/\",\"name\":\"Ana sayfa\"}},{\"@type\":\"ListItem\",\"position\":2,\"item\":{\"@type\":\"WebPage\",\"@id\":\"http:\/\/www.kiehlturkey.com\/index.php\/urunler\/\",\"url\":\"http:\/\/www.kiehlturkey.com\/index.php\/urunler\/\",\"name\":\"\\u00dcr\\u00fcnler\"}},{\"@type\":\"ListItem\",\"position\":3,\"item\":{\"@type\":\"WebPage\",\"@id\":\"http:\/\/www.kiehlturkey.com\/index.php\/urun\/ceradur\/\",\"url\":\"http:\/\/www.kiehlturkey.com\/index.php\/urun\/ceradur\/\",\"name\":\"Ceradur\"}}]}]}<\/script>\r\n<!-- \/ Yoast SEO plugin. -->","_links":{"self":[{"href":"http:\/\/www.kiehlturkey.com\/index.php\/wp-json\/wp\/v2\/product\/1430"}],"collection":[{"href":"http:\/\/www.kiehlturkey.com\/index.php\/wp-json\/wp\/v2\/product"}],"about":[{"href":"http:\/\/www.kiehlturkey.com\/index.php\/wp-json\/wp\/v2\/types\/product"}],"replies":[{"embeddable":true,"href":"http:\/\/www.kiehlturkey.com\/index.php\/wp-json\/wp\/v2\/comments?post=1430"}],"version-history":[{"count":1,"href":"http:\/\/www.kiehlturkey.com\/index.php\/wp-json\/wp\/v2\/product\/1430\/revisions"}],"predecessor-version":[{"id":1433,"href":"http:\/\/www.kiehlturkey.com\/index.php\/wp-json\/wp\/v2\/product\/1430\/revisions\/1433"}],"wp:featuredmedia":[{"embeddable":true,"href":"http:\/\/www.kiehlturkey.com\/index.php\/wp-json\/wp\/v2\/media\/1432"}],"wp:attachment":[{"href":"http:\/\/www.kiehlturkey.com\/index.php\/wp-json\/wp\/v2\/media?parent=1430"}],"curies":[{"name":"wp","href":"https:\/\/api.w.org\/{rel}","templated":true}]}}