{"id":1436,"date":"2021-02-27T17:35:29","date_gmt":"2021-02-27T17:35:29","guid":{"rendered":"https:\/\/kiehl.mcsajans.com\/?post_type=product&#038;p=1436"},"modified":"2021-02-27T17:48:29","modified_gmt":"2021-02-27T17:48:29","slug":"arenas-enzyma","status":"publish","type":"product","link":"http:\/\/www.kiehlturkey.com\/index.php\/urun\/arenas-enzyma\/","title":{"rendered":"Arenas-Enzyma"},"content":{"rendered":"<p><strong><span class=\"urun_text_02\">\u00d6zellikleri : <\/span><\/strong><span class=\"urun_text_02\">ARENAS\u00ae-enzyma \u00e7ama\u015f\u0131rlar\u0131n\u0131zdan zor kan lekelerini ve alb\u00fcmin lekelerini \u00e7\u0131karan \u00f6zel enzimlerden olu\u015fur. Hence, ARENAS\u00ae-enzyma \u00f6zellikle hastanlerde ki, huzur evlerinde ki, otel ve haz\u0131r yemek sekt\u00f6r\u00fcnde ki, yiyecek \u00fcretim alanlar\u0131nda ki \u00e7ama\u015f\u0131r y\u0131kama b\u00f6l\u00fcmleri i\u00e7in uygundur. Fosfat i\u00e7ermeyen enzimatik \u00e7ama\u015f\u0131r deterjan\u0131, b\u00fct\u00fcn kuma\u015flarda kullan\u0131labilinir.<\/span><\/p>\n<p><strong><span class=\"urun_text_02\">\u0130\u00e7indekiler : <\/span><\/strong><span class=\"urun_text_02\">Anyonik y\u00fczey aktif madde 5-15%, noniyonik y\u00fczey aktif madde 15-30%, sabun 5-10%, fosfonat &lt; 5%, polikarboksilatlar &lt; 5%, optik parlat\u0131c\u0131 &lt; 5%, enzimler, g\u0131da boyas\u0131, aromalar. ph de\u011feri (konsantre): yakla\u015f\u0131k. 8 ph de\u011feri (kullan\u0131ma haz\u0131r sol\u00fcsyon): 7.5<\/span><\/p>\n<p><strong><span class=\"urun_text_02\">Uygulama :<\/span><\/strong><span class=\"urun_text_02\">30-60 \u00b0C s\u0131cakl\u0131kta, b\u00fct\u00fcn kuma\u015flarda, y\u00fcnl\u00fcler ve ipekliler de bile kullan\u0131labilinir. Ancak tekstilin maksimum y\u0131kama s\u0131cakl\u0131klar\u0131na dikkat ediniz.<\/span><\/p>\n<p><strong><span class=\"urun_text_02\">Kullan\u0131m \u015eekli : <\/span><\/strong>ARENAS\u00ae-enzyma bidonunu \u00f6n y\u0131kama deterjan\u0131 ya da yumu\u015fak deterjan k\u0131sm\u0131nda ki pompa ba\u011flant\u0131s\u0131na ba\u011flay\u0131n\u0131z(Ana y\u0131kama). \u00dcr\u00fcn \u00e7ama\u015f\u0131r makinesinin program kontrol\u00fc taraf\u0131ndan otomatik olarak seyreltilir. Bir litrelik ambalajlar i\u00e7in seyreltme tavsiyesi: Dozajlamal\u0131 \u015fi\u015fenin \u00fczerine bak\u0131n\u0131z.<\/p>\n","protected":false},"excerpt":{"rendered":"<h1><span class=\"urun_baslik_08\">Arenas-Enzyma<\/span><\/h1>\n<p><span class=\"urun_text_02\">S\u0131v\u0131 enzimatik \u00e7ama\u015f\u0131r deterjan\u0131<\/span><\/p>\n<p><span class=\"urun_text_02\"><strong>\u00d6zellikleri <\/strong>: ARENAS\u00ae-enzyma \u00e7ama\u015f\u0131rlar\u0131n\u0131zdan zor kan lekelerini ve alb\u00fcmin lekelerini \u00e7\u0131karan \u00f6zel enzimlerden olu\u015fur. Hence, ARENAS\u00ae-enzyma \u00f6zellikle hastanlerde ki, huzur evlerinde ki, otel ve haz\u0131r yemek sekt\u00f6r\u00fcnde ki, yiyecek \u00fcretim alanlar\u0131nda ki \u00e7ama\u015f\u0131r y\u0131kama b\u00f6l\u00fcmleri i\u00e7in uygundur. Fosfat i\u00e7ermeyen enzimatik \u00e7ama\u015f\u0131r deterjan\u0131, b\u00fct\u00fcn kuma\u015flarda kullan\u0131labilinir.<br \/>\n<\/span><\/p>\n<hr \/>\n<p><img loading=\"lazy\" class=\"alignnone size-full wp-image-1437\" src=\"https:\/\/kiehl.mcsajans.com\/wp-content\/uploads\/2021\/02\/arenas_wash.jpg\" alt=\"\" width=\"66\" height=\"67\" \/><\/p>\n<p><strong><span class=\"urun_text_02\">Metrekare ba\u015f\u0131na t\u00fcketim<\/span><\/strong><br \/>\nKimyasal t\u00fcketimi, \u00e7ama\u015f\u0131r makinesinin boyutuna ba\u011fl\u0131d\u0131r.<\/p>\n<p><strong>Profesyonel kullan\u0131mlar i\u00e7indir!<\/strong><\/p>\n<p><strong>Ambalaj<\/strong><br \/>\nKoli i\u00e7inde 6 x 1 litre dozajl\u0131 \u015fi\u015fe<br \/>\n20 litre bidon<\/p>\n<p>30 litre bidon<\/p>\n","protected":false},"featured_media":1441,"comment_status":"open","ping_status":"closed","template":"elementor_theme","meta":[],"yoast_head":"<!-- This site is optimized with the Yoast SEO plugin v15.9 - https:\/\/yoast.com\/wordpress\/plugins\/seo\/ -->\r\n<title>Arenas-Enzyma | K\u0130EHL<\/title>\r\n<meta name=\"description\" content=\"ARENAS\u00ae-enzyma \u00e7ama\u015f\u0131rlar\u0131n\u0131zdan zor kan lekelerini ve alb\u00fcmin lekelerini \u00e7\u0131karan \u00f6zel enzimlerden olu\u015fur.\" \/>\r\n<meta name=\"robots\" content=\"index, follow, max-snippet:-1, max-image-preview:large, max-video-preview:-1\" \/>\r\n<link rel=\"canonical\" href=\"http:\/\/www.kiehlturkey.com\/index.php\/urun\/arenas-enzyma\/\" \/>\r\n<meta property=\"og:locale\" content=\"tr_TR\" \/>\r\n<meta property=\"og:type\" content=\"article\" \/>\r\n<meta property=\"og:title\" content=\"Arenas-Enzyma | K\u0130EHL\" \/>\r\n<meta property=\"og:description\" content=\"ARENAS\u00ae-enzyma \u00e7ama\u015f\u0131rlar\u0131n\u0131zdan zor kan lekelerini ve alb\u00fcmin lekelerini \u00e7\u0131karan \u00f6zel enzimlerden olu\u015fur.\" \/>\r\n<meta property=\"og:url\" content=\"http:\/\/www.kiehlturkey.com\/index.php\/urun\/arenas-enzyma\/\" \/>\r\n<meta property=\"og:site_name\" content=\"K\u0130EHL\" \/>\r\n<meta property=\"article:modified_time\" content=\"2021-02-27T17:48:29+00:00\" \/>\r\n<meta property=\"og:image\" content=\"http:\/\/www.kiehlturkey.com\/wp-content\/uploads\/2021\/02\/enyzma.jpg\" \/>\r\n\t<meta property=\"og:image:width\" content=\"164\" \/>\r\n\t<meta property=\"og:image:height\" content=\"220\" \/>\r\n<meta name=\"twitter:card\" content=\"summary_large_image\" \/>\r\n<meta name=\"twitter:label1\" content=\"Tahmini okuma s\u00fcresi\">\n\t<meta name=\"twitter:data1\" content=\"1 dakika\">\r\n<script type=\"application\/ld+json\" class=\"yoast-schema-graph\">{\"@context\":\"https:\/\/schema.org\",\"@graph\":[{\"@type\":\"WebSite\",\"@id\":\"http:\/\/www.kiehlturkey.com\/#website\",\"url\":\"http:\/\/www.kiehlturkey.com\/\",\"name\":\"K\\u0130EHL\",\"description\":\"die saubere L\\u00f6sung\",\"potentialAction\":[{\"@type\":\"SearchAction\",\"target\":\"http:\/\/www.kiehlturkey.com\/?s={search_term_string}\",\"query-input\":\"required name=search_term_string\"}],\"inLanguage\":\"tr\"},{\"@type\":\"ImageObject\",\"@id\":\"http:\/\/www.kiehlturkey.com\/index.php\/urun\/arenas-enzyma\/#primaryimage\",\"inLanguage\":\"tr\",\"url\":\"http:\/\/www.kiehlturkey.com\/wp-content\/uploads\/2021\/02\/enyzma.jpg\",\"width\":164,\"height\":220},{\"@type\":\"WebPage\",\"@id\":\"http:\/\/www.kiehlturkey.com\/index.php\/urun\/arenas-enzyma\/#webpage\",\"url\":\"http:\/\/www.kiehlturkey.com\/index.php\/urun\/arenas-enzyma\/\",\"name\":\"Arenas-Enzyma | K\\u0130EHL\",\"isPartOf\":{\"@id\":\"http:\/\/www.kiehlturkey.com\/#website\"},\"primaryImageOfPage\":{\"@id\":\"http:\/\/www.kiehlturkey.com\/index.php\/urun\/arenas-enzyma\/#primaryimage\"},\"datePublished\":\"2021-02-27T17:35:29+00:00\",\"dateModified\":\"2021-02-27T17:48:29+00:00\",\"description\":\"ARENAS\\u00ae-enzyma \\u00e7ama\\u015f\\u0131rlar\\u0131n\\u0131zdan zor kan lekelerini ve alb\\u00fcmin lekelerini \\u00e7\\u0131karan \\u00f6zel enzimlerden olu\\u015fur.\",\"breadcrumb\":{\"@id\":\"http:\/\/www.kiehlturkey.com\/index.php\/urun\/arenas-enzyma\/#breadcrumb\"},\"inLanguage\":\"tr\",\"potentialAction\":[{\"@type\":\"ReadAction\",\"target\":[\"http:\/\/www.kiehlturkey.com\/index.php\/urun\/arenas-enzyma\/\"]}]},{\"@type\":\"BreadcrumbList\",\"@id\":\"http:\/\/www.kiehlturkey.com\/index.php\/urun\/arenas-enzyma\/#breadcrumb\",\"itemListElement\":[{\"@type\":\"ListItem\",\"position\":1,\"item\":{\"@type\":\"WebPage\",\"@id\":\"http:\/\/www.kiehlturkey.com\/\",\"url\":\"http:\/\/www.kiehlturkey.com\/\",\"name\":\"Ana sayfa\"}},{\"@type\":\"ListItem\",\"position\":2,\"item\":{\"@type\":\"WebPage\",\"@id\":\"http:\/\/www.kiehlturkey.com\/index.php\/urunler\/\",\"url\":\"http:\/\/www.kiehlturkey.com\/index.php\/urunler\/\",\"name\":\"\\u00dcr\\u00fcnler\"}},{\"@type\":\"ListItem\",\"position\":3,\"item\":{\"@type\":\"WebPage\",\"@id\":\"http:\/\/www.kiehlturkey.com\/index.php\/urun\/arenas-enzyma\/\",\"url\":\"http:\/\/www.kiehlturkey.com\/index.php\/urun\/arenas-enzyma\/\",\"name\":\"Arenas-Enzyma\"}}]}]}<\/script>\r\n<!-- \/ Yoast SEO plugin. -->","_links":{"self":[{"href":"http:\/\/www.kiehlturkey.com\/index.php\/wp-json\/wp\/v2\/product\/1436"}],"collection":[{"href":"http:\/\/www.kiehlturkey.com\/index.php\/wp-json\/wp\/v2\/product"}],"about":[{"href":"http:\/\/www.kiehlturkey.com\/index.php\/wp-json\/wp\/v2\/types\/product"}],"replies":[{"embeddable":true,"href":"http:\/\/www.kiehlturkey.com\/index.php\/wp-json\/wp\/v2\/comments?post=1436"}],"version-history":[{"count":1,"href":"http:\/\/www.kiehlturkey.com\/index.php\/wp-json\/wp\/v2\/product\/1436\/revisions"}],"predecessor-version":[{"id":1439,"href":"http:\/\/www.kiehlturkey.com\/index.php\/wp-json\/wp\/v2\/product\/1436\/revisions\/1439"}],"wp:featuredmedia":[{"embeddable":true,"href":"http:\/\/www.kiehlturkey.com\/index.php\/wp-json\/wp\/v2\/media\/1441"}],"wp:attachment":[{"href":"http:\/\/www.kiehlturkey.com\/index.php\/wp-json\/wp\/v2\/media?parent=1436"}],"curies":[{"name":"wp","href":"https:\/\/api.w.org\/{rel}","templated":true}]}}