{"id":1444,"date":"2021-02-27T17:56:50","date_gmt":"2021-02-27T17:56:50","guid":{"rendered":"https:\/\/kiehl.mcsajans.com\/?post_type=product&#038;p=1444"},"modified":"2021-02-27T18:22:48","modified_gmt":"2021-02-27T18:22:48","slug":"arenas-exet-2","status":"publish","type":"product","link":"http:\/\/www.kiehlturkey.com\/index.php\/urun\/arenas-exet-2\/","title":{"rendered":"Arenas-Exet 2"},"content":{"rendered":"<p><strong><span class=\"urun_text_02\">\u00d6zellikleri : <\/span><\/strong><span class=\"urun_text_02\">Beyaz ve renkli \u00e7ama\u015f\u0131rlar\u0131n\u0131zdan m\u00fcrekkep ve ke\u00e7eli kalem lekelerini \u00e7\u0131karmas\u0131 i\u00e7in \u00f6zel olarak tasarlanm\u0131\u015f bir \u00fcr\u00fcnd\u00fcr<\/span><strong><span class=\"urun_text_02\">.<br \/>\n<\/span><\/strong><\/p>\n<p><strong><span class=\"urun_text_02\">\u0130\u00e7indekiler : <\/span><\/strong><span class=\"urun_text_02\">Aniyonik y\u00fczey aktif &lt; 5%, suda \u00e7\u00f6z\u00fcnen solventler, aromalar.<\/span><span class=\"urun_text_02\"><br \/>\npH de\u011feri (konsantre): yakla\u015f\u0131k. 9.5<\/span><\/p>\n<p><strong><span class=\"urun_text_02\">Uygulama : <\/span><\/strong><span class=\"urun_text_02\">Aniyonik y\u00fczey aktif &lt; 5%, suda \u00e7\u00f6z\u00fcnen solventler, aromalar.<\/span><span class=\"urun_text_02\"><br \/>\npH de\u011feri (konsantre): yakla\u015f\u0131k. 9.5<\/span><\/p>\n<p><strong><span class=\"urun_text_02\">Kullan\u0131m Talimat\u0131 : <\/span><\/strong><span class=\"urun_text_02\">Konsantre olarak kullan\u0131n\u0131z. Y\u0131kamadan \u00f6nce, ARENAS\u00ae-exet 2&#8242; yi lekelerin\u00fczerine s\u0131k\u0131n, reaksiyona ge\u00e7mesi i\u00e7in 5 ila 10 dakika bekleyin. Daha sonra <\/span><span class=\"urun_text_02\">her zaman ki gibi y\u0131kay\u0131n\u0131z. Kuma\u015f\u0131n \u00fczerinde kurumas\u0131na izin vermeyiniz!<\/span><\/p>\n<p><strong>Kuma\u015flar\u0131 y\u0131karken kilogramdaki kullan\u0131m oran<\/strong><\/p>\n<p>Lekelerin seviyesine g\u00f6re de\u011fi\u015fir.<br \/>\n1999\/44\/EC Madde. 1&#8242; e g\u00f6re t\u00fcketici \u00fcr\u00fcn\u00fc de\u011fildir! <strong>Sadece profesyonel kullan\u0131m i\u00e7in!<\/strong><\/p>\n","protected":false},"excerpt":{"rendered":"<h1><span class=\"urun_baslik_08\">Arenas-Exet 2<\/span><\/h1>\n<p>M\u00fcrekkep ve ke\u00e7eli kalem lekesi \u00e7\u0131kar\u0131c\u0131<\/p>\n<p><span class=\"urun_text_02\"><strong>\u00d6zellikleri <\/strong>: Beyaz ve renkli \u00e7ama\u015f\u0131rlar\u0131n\u0131zdan m\u00fcrekkep ve ke\u00e7eli kalem lekelerini \u00e7\u0131karmas\u0131 i\u00e7in \u00f6zel olarak tasarlanm\u0131\u015f bir \u00fcr\u00fcnd\u00fcr.<br \/>\n<\/span><\/p>\n<hr \/>\n<p><strong><span class=\"urun_text_02\">Metrekare ba\u015f\u0131na t\u00fcketim<\/span><\/strong><br \/>\nKimyasal t\u00fcketimi, \u00e7ama\u015f\u0131r makinesinin boyutuna ba\u011fl\u0131d\u0131r.<\/p>\n<p><strong>Profesyonel kullan\u0131mlar i\u00e7indir!<\/strong><\/p>\n<p><strong>Ambalaj<\/strong><br \/>\n6 x 500 ml sprey \u015fi\u015feden olu\u015fan koli<\/p>\n<p><img loading=\"lazy\" class=\"alignnone size-full wp-image-1449\" src=\"https:\/\/kiehl.mcsajans.com\/wp-content\/uploads\/2021\/02\/exet1.jpg\" alt=\"\" width=\"67\" height=\"67\" \/><\/p>\n","protected":false},"featured_media":1459,"comment_status":"open","ping_status":"closed","template":"elementor_theme","meta":[],"yoast_head":"<!-- This site is optimized with the Yoast SEO plugin v15.9 - https:\/\/yoast.com\/wordpress\/plugins\/seo\/ -->\r\n<title>Arenas-Exet 2 | K\u0130EHL<\/title>\r\n<meta name=\"description\" content=\"Beyaz ve renkli \u00e7ama\u015f\u0131rlar\u0131n\u0131zdan m\u00fcrekkep ve ke\u00e7eli kalem lekelerini \u00e7\u0131karmas\u0131 i\u00e7in \u00f6zel olarak tasarlanm\u0131\u015f bir \u00fcr\u00fcnd\u00fcr.\" \/>\r\n<meta name=\"robots\" content=\"index, follow, max-snippet:-1, max-image-preview:large, max-video-preview:-1\" \/>\r\n<link rel=\"canonical\" href=\"http:\/\/www.kiehlturkey.com\/index.php\/urun\/arenas-exet-2\/\" \/>\r\n<meta property=\"og:locale\" content=\"tr_TR\" \/>\r\n<meta property=\"og:type\" content=\"article\" \/>\r\n<meta property=\"og:title\" content=\"Arenas-Exet 2 | K\u0130EHL\" \/>\r\n<meta property=\"og:description\" content=\"Beyaz ve renkli \u00e7ama\u015f\u0131rlar\u0131n\u0131zdan m\u00fcrekkep ve ke\u00e7eli kalem lekelerini \u00e7\u0131karmas\u0131 i\u00e7in \u00f6zel olarak tasarlanm\u0131\u015f bir \u00fcr\u00fcnd\u00fcr.\" \/>\r\n<meta property=\"og:url\" content=\"http:\/\/www.kiehlturkey.com\/index.php\/urun\/arenas-exet-2\/\" \/>\r\n<meta property=\"og:site_name\" content=\"K\u0130EHL\" \/>\r\n<meta property=\"article:modified_time\" content=\"2021-02-27T18:22:48+00:00\" \/>\r\n<meta property=\"og:image\" content=\"http:\/\/www.kiehlturkey.com\/wp-content\/uploads\/2021\/02\/Untitled-1-1.jpg\" \/>\r\n\t<meta property=\"og:image:width\" content=\"500\" \/>\r\n\t<meta property=\"og:image:height\" content=\"500\" \/>\r\n<meta name=\"twitter:card\" content=\"summary_large_image\" \/>\r\n<meta name=\"twitter:label1\" content=\"Tahmini okuma s\u00fcresi\">\n\t<meta name=\"twitter:data1\" content=\"1 dakika\">\r\n<script type=\"application\/ld+json\" class=\"yoast-schema-graph\">{\"@context\":\"https:\/\/schema.org\",\"@graph\":[{\"@type\":\"WebSite\",\"@id\":\"http:\/\/www.kiehlturkey.com\/#website\",\"url\":\"http:\/\/www.kiehlturkey.com\/\",\"name\":\"K\\u0130EHL\",\"description\":\"die saubere L\\u00f6sung\",\"potentialAction\":[{\"@type\":\"SearchAction\",\"target\":\"http:\/\/www.kiehlturkey.com\/?s={search_term_string}\",\"query-input\":\"required name=search_term_string\"}],\"inLanguage\":\"tr\"},{\"@type\":\"ImageObject\",\"@id\":\"http:\/\/www.kiehlturkey.com\/index.php\/urun\/arenas-exet-2\/#primaryimage\",\"inLanguage\":\"tr\",\"url\":\"http:\/\/www.kiehlturkey.com\/wp-content\/uploads\/2021\/02\/Untitled-1-1.jpg\",\"width\":500,\"height\":500},{\"@type\":\"WebPage\",\"@id\":\"http:\/\/www.kiehlturkey.com\/index.php\/urun\/arenas-exet-2\/#webpage\",\"url\":\"http:\/\/www.kiehlturkey.com\/index.php\/urun\/arenas-exet-2\/\",\"name\":\"Arenas-Exet 2 | K\\u0130EHL\",\"isPartOf\":{\"@id\":\"http:\/\/www.kiehlturkey.com\/#website\"},\"primaryImageOfPage\":{\"@id\":\"http:\/\/www.kiehlturkey.com\/index.php\/urun\/arenas-exet-2\/#primaryimage\"},\"datePublished\":\"2021-02-27T17:56:50+00:00\",\"dateModified\":\"2021-02-27T18:22:48+00:00\",\"description\":\"Beyaz ve renkli \\u00e7ama\\u015f\\u0131rlar\\u0131n\\u0131zdan m\\u00fcrekkep ve ke\\u00e7eli kalem lekelerini \\u00e7\\u0131karmas\\u0131 i\\u00e7in \\u00f6zel olarak tasarlanm\\u0131\\u015f bir \\u00fcr\\u00fcnd\\u00fcr.\",\"breadcrumb\":{\"@id\":\"http:\/\/www.kiehlturkey.com\/index.php\/urun\/arenas-exet-2\/#breadcrumb\"},\"inLanguage\":\"tr\",\"potentialAction\":[{\"@type\":\"ReadAction\",\"target\":[\"http:\/\/www.kiehlturkey.com\/index.php\/urun\/arenas-exet-2\/\"]}]},{\"@type\":\"BreadcrumbList\",\"@id\":\"http:\/\/www.kiehlturkey.com\/index.php\/urun\/arenas-exet-2\/#breadcrumb\",\"itemListElement\":[{\"@type\":\"ListItem\",\"position\":1,\"item\":{\"@type\":\"WebPage\",\"@id\":\"http:\/\/www.kiehlturkey.com\/\",\"url\":\"http:\/\/www.kiehlturkey.com\/\",\"name\":\"Ana sayfa\"}},{\"@type\":\"ListItem\",\"position\":2,\"item\":{\"@type\":\"WebPage\",\"@id\":\"http:\/\/www.kiehlturkey.com\/index.php\/urunler\/\",\"url\":\"http:\/\/www.kiehlturkey.com\/index.php\/urunler\/\",\"name\":\"\\u00dcr\\u00fcnler\"}},{\"@type\":\"ListItem\",\"position\":3,\"item\":{\"@type\":\"WebPage\",\"@id\":\"http:\/\/www.kiehlturkey.com\/index.php\/urun\/arenas-exet-2\/\",\"url\":\"http:\/\/www.kiehlturkey.com\/index.php\/urun\/arenas-exet-2\/\",\"name\":\"Arenas-Exet 2\"}}]}]}<\/script>\r\n<!-- \/ Yoast SEO plugin. -->","_links":{"self":[{"href":"http:\/\/www.kiehlturkey.com\/index.php\/wp-json\/wp\/v2\/product\/1444"}],"collection":[{"href":"http:\/\/www.kiehlturkey.com\/index.php\/wp-json\/wp\/v2\/product"}],"about":[{"href":"http:\/\/www.kiehlturkey.com\/index.php\/wp-json\/wp\/v2\/types\/product"}],"replies":[{"embeddable":true,"href":"http:\/\/www.kiehlturkey.com\/index.php\/wp-json\/wp\/v2\/comments?post=1444"}],"version-history":[{"count":3,"href":"http:\/\/www.kiehlturkey.com\/index.php\/wp-json\/wp\/v2\/product\/1444\/revisions"}],"predecessor-version":[{"id":1464,"href":"http:\/\/www.kiehlturkey.com\/index.php\/wp-json\/wp\/v2\/product\/1444\/revisions\/1464"}],"wp:featuredmedia":[{"embeddable":true,"href":"http:\/\/www.kiehlturkey.com\/index.php\/wp-json\/wp\/v2\/media\/1459"}],"wp:attachment":[{"href":"http:\/\/www.kiehlturkey.com\/index.php\/wp-json\/wp\/v2\/media?parent=1444"}],"curies":[{"name":"wp","href":"https:\/\/api.w.org\/{rel}","templated":true}]}}