{"id":1469,"date":"2021-02-27T18:30:49","date_gmt":"2021-02-27T18:30:49","guid":{"rendered":"https:\/\/kiehl.mcsajans.com\/?post_type=product&#038;p=1469"},"modified":"2021-02-27T18:38:47","modified_gmt":"2021-02-27T18:38:47","slug":"arenas-exet-4","status":"publish","type":"product","link":"http:\/\/www.kiehlturkey.com\/index.php\/urun\/arenas-exet-4\/","title":{"rendered":"Arenas-Exet 4"},"content":{"rendered":"<p><strong><span class=\"urun_text_02\">\u00d6zellikleri : <\/span><\/strong><span class=\"urun_text_02\">Klor esasl\u0131 \u00fcr\u00fcn, \u00f6zellikle, kuma\u015flardaki lekeleri \u00e7\u0131karmak i\u00e7in tasarlanm\u0131\u015ft\u0131r. Beyaz \u00e7ama\u015f\u0131rlar\u0131n\u0131zdan (pamuklu) ve di\u011fer beyazlayabilir kuma\u015flar\u0131n\u0131zdan k\u00fcf lekelerini ve renk lekelerini etkili bir \u015fekilde \u00e7\u0131kar\u0131r. Uygulanmas\u0131 olduk\u00e7a kolayd\u0131r; sadece \u00e7\u00f6zeltinin i\u00e7ine bat\u0131r\u0131n.<br \/>\n<\/span><\/p>\n<p><strong><span class=\"urun_text_02\">\u0130\u00e7indekiler : <\/span><\/strong><span class=\"urun_text_02\">%5-10 Aktif klor<\/span><span class=\"urun_text_02\"><br \/>\npH de\u011feri (konsantre): yakla\u015f\u0131k 12,5 pH de\u011feri (kullan\u0131ma haz\u0131r \u00e7\u00f6zelti): yakla\u015f\u0131k 11.5<\/span><\/p>\n<p><strong><span class=\"urun_text_02\">Uygulama : <\/span><\/strong><span class=\"urun_text_02\">Beyaz \u00e7ama\u015f\u0131rlar\u0131n\u0131zdan (pamuklu) ve beyazlayabilir kuma\u015flar\u0131n\u0131zdan k\u00fcf lekelerinin ve renk lekelerinin \u00e7\u0131kar\u0131lmas\u0131nda ve beyazlat\u0131lmas\u0131nda kullan\u0131l\u0131r. Kullanmadan \u00f6nce l\u00fctfen kuma\u015flar\u0131n\u0131z\u0131n uygunlu\u011funu kontrol edin (\u00f6rn. beyazlayan \u00e7ama\u015f\u0131rlar\u0131n\u0131z i\u00e7in \u2206 y\u0131kama sembol\u00fcne dikkat edin.)<\/span><span class=\"urun_text_02\">.<\/span><\/p>\n<p><strong><span class=\"urun_text_02\">Kullan\u0131m Talimat\u0131 :<\/span><\/strong> <span class=\"urun_text_02\">1 litre so\u011fuk suyun i\u00e7erisine 100-300 ml ARENAS\u00ae-exet 4 ekleyin.<br \/>\n10 ila 30 dakika boyunca \u00e7ama\u015f\u0131r\u0131n\u0131z\u0131 bu suyun i\u00e7erisinde b\u0131rak\u0131n b\u00f6ylece \u00e7\u00f6zelti reaksiyona girecektir. \u00c7ama\u015f\u0131r\u0131n\u0131z\u0131 bir kez so\u011fuk su ile durulay\u0131n ve daha sonra her zamanki gibi y\u0131kay\u0131n.<br \/>\n<strong>Not: \u00c7\u00f6zeltinin, kuma\u015f\u0131n \u00fczerinde kurumas\u0131na izin vermeyin!<\/strong><\/span><\/p>\n<p><strong>Kuma\u015flar\u0131 y\u0131karken kilogramdaki yay\u0131l\u0131m alan\u0131<\/strong><\/p>\n<p>T\u00fcketim, tekstilde ki leke durumuna ba\u011fl\u0131d\u0131r.<span class=\"urun_text_02\"><br \/>\n<\/span><strong>1999\/44\/CE Madde 11\u2019e g\u00f6re t\u00fcketim mal\u0131 de\u011fildir. Sadece profesyonel kullan\u0131m i\u00e7in!<\/strong><\/p>\n","protected":false},"excerpt":{"rendered":"<h1>Arenas-Exet 4<\/h1>\n<p><strong>K\u00fcf ve renkli leke \u00e7\u0131kar\u0131c\u0131<\/strong><\/p>\n<p><span class=\"urun_text_02\"><strong>\u00d6zellikleri <\/strong>: Klor esasl\u0131 \u00fcr\u00fcn, \u00f6zellikle, kuma\u015flardaki lekeleri \u00e7\u0131karmak i\u00e7in tasarlanm\u0131\u015ft\u0131r. Beyaz \u00e7ama\u015f\u0131rlar\u0131n\u0131zdan (pamuklu) ve di\u011fer beyazlayabilir kuma\u015flar\u0131n\u0131zdan k\u00fcf lekelerini ve renk lekelerini etkili bir \u015fekilde \u00e7\u0131kar\u0131r. Uygulanmas\u0131 olduk\u00e7a kolayd\u0131r; sadece \u00e7\u00f6zeltinin i\u00e7ine bat\u0131r\u0131n.<br \/>\n<\/span><\/p>\n<hr \/>\n<p><strong><span class=\"urun_text_02\">Metrekare ba\u015f\u0131na t\u00fcketim<\/span><\/strong><br \/>\nKKimyasal t\u00fcketimi, \u00e7ama\u015f\u0131r makinesinin boyutuna ba\u011fl\u0131d\u0131r.<\/p>\n<p><strong>Profesyonel kullan\u0131mlar i\u00e7indir!<\/strong><\/p>\n<p><strong>Ambalaj<\/strong><br \/>\n20 litre Bidon<\/p>\n<p><img loading=\"lazy\" class=\"alignnone size-full wp-image-1472\" src=\"https:\/\/kiehl.mcsajans.com\/wp-content\/uploads\/2021\/02\/exet4.jpg\" alt=\"\" width=\"66\" height=\"67\" \/><\/p>\n","protected":false},"featured_media":1476,"comment_status":"open","ping_status":"closed","template":"elementor_theme","meta":[],"yoast_head":"<!-- This site is optimized with the Yoast SEO plugin v15.9 - https:\/\/yoast.com\/wordpress\/plugins\/seo\/ -->\r\n<title>Arenas-Exet 4 | K\u0130EHL<\/title>\r\n<meta name=\"description\" content=\"Klor esasl\u0131 \u00fcr\u00fcn, \u00f6zellikle, kuma\u015flardaki lekeleri \u00e7\u0131karmak i\u00e7in tasarlanm\u0131\u015ft\u0131r.\" \/>\r\n<meta name=\"robots\" content=\"index, follow, max-snippet:-1, max-image-preview:large, max-video-preview:-1\" \/>\r\n<link rel=\"canonical\" href=\"http:\/\/www.kiehlturkey.com\/index.php\/urun\/arenas-exet-4\/\" \/>\r\n<meta property=\"og:locale\" content=\"tr_TR\" \/>\r\n<meta property=\"og:type\" content=\"article\" \/>\r\n<meta property=\"og:title\" content=\"Arenas-Exet 4 | K\u0130EHL\" \/>\r\n<meta property=\"og:description\" content=\"Klor esasl\u0131 \u00fcr\u00fcn, \u00f6zellikle, kuma\u015flardaki lekeleri \u00e7\u0131karmak i\u00e7in tasarlanm\u0131\u015ft\u0131r.\" \/>\r\n<meta property=\"og:url\" content=\"http:\/\/www.kiehlturkey.com\/index.php\/urun\/arenas-exet-4\/\" \/>\r\n<meta property=\"og:site_name\" content=\"K\u0130EHL\" \/>\r\n<meta property=\"article:modified_time\" content=\"2021-02-27T18:38:47+00:00\" \/>\r\n<meta property=\"og:image\" content=\"http:\/\/www.kiehlturkey.com\/wp-content\/uploads\/2021\/02\/Untitled-1-4.jpg\" \/>\r\n\t<meta property=\"og:image:width\" content=\"500\" \/>\r\n\t<meta property=\"og:image:height\" content=\"500\" \/>\r\n<meta name=\"twitter:card\" content=\"summary_large_image\" \/>\r\n<meta name=\"twitter:label1\" content=\"Tahmini okuma s\u00fcresi\">\n\t<meta name=\"twitter:data1\" content=\"1 dakika\">\r\n<script type=\"application\/ld+json\" class=\"yoast-schema-graph\">{\"@context\":\"https:\/\/schema.org\",\"@graph\":[{\"@type\":\"WebSite\",\"@id\":\"http:\/\/www.kiehlturkey.com\/#website\",\"url\":\"http:\/\/www.kiehlturkey.com\/\",\"name\":\"K\\u0130EHL\",\"description\":\"die saubere L\\u00f6sung\",\"potentialAction\":[{\"@type\":\"SearchAction\",\"target\":\"http:\/\/www.kiehlturkey.com\/?s={search_term_string}\",\"query-input\":\"required name=search_term_string\"}],\"inLanguage\":\"tr\"},{\"@type\":\"ImageObject\",\"@id\":\"http:\/\/www.kiehlturkey.com\/index.php\/urun\/arenas-exet-4\/#primaryimage\",\"inLanguage\":\"tr\",\"url\":\"http:\/\/www.kiehlturkey.com\/wp-content\/uploads\/2021\/02\/Untitled-1-4.jpg\",\"width\":500,\"height\":500},{\"@type\":\"WebPage\",\"@id\":\"http:\/\/www.kiehlturkey.com\/index.php\/urun\/arenas-exet-4\/#webpage\",\"url\":\"http:\/\/www.kiehlturkey.com\/index.php\/urun\/arenas-exet-4\/\",\"name\":\"Arenas-Exet 4 | K\\u0130EHL\",\"isPartOf\":{\"@id\":\"http:\/\/www.kiehlturkey.com\/#website\"},\"primaryImageOfPage\":{\"@id\":\"http:\/\/www.kiehlturkey.com\/index.php\/urun\/arenas-exet-4\/#primaryimage\"},\"datePublished\":\"2021-02-27T18:30:49+00:00\",\"dateModified\":\"2021-02-27T18:38:47+00:00\",\"description\":\"Klor esasl\\u0131 \\u00fcr\\u00fcn, \\u00f6zellikle, kuma\\u015flardaki lekeleri \\u00e7\\u0131karmak i\\u00e7in tasarlanm\\u0131\\u015ft\\u0131r.\",\"breadcrumb\":{\"@id\":\"http:\/\/www.kiehlturkey.com\/index.php\/urun\/arenas-exet-4\/#breadcrumb\"},\"inLanguage\":\"tr\",\"potentialAction\":[{\"@type\":\"ReadAction\",\"target\":[\"http:\/\/www.kiehlturkey.com\/index.php\/urun\/arenas-exet-4\/\"]}]},{\"@type\":\"BreadcrumbList\",\"@id\":\"http:\/\/www.kiehlturkey.com\/index.php\/urun\/arenas-exet-4\/#breadcrumb\",\"itemListElement\":[{\"@type\":\"ListItem\",\"position\":1,\"item\":{\"@type\":\"WebPage\",\"@id\":\"http:\/\/www.kiehlturkey.com\/\",\"url\":\"http:\/\/www.kiehlturkey.com\/\",\"name\":\"Ana sayfa\"}},{\"@type\":\"ListItem\",\"position\":2,\"item\":{\"@type\":\"WebPage\",\"@id\":\"http:\/\/www.kiehlturkey.com\/index.php\/urunler\/\",\"url\":\"http:\/\/www.kiehlturkey.com\/index.php\/urunler\/\",\"name\":\"\\u00dcr\\u00fcnler\"}},{\"@type\":\"ListItem\",\"position\":3,\"item\":{\"@type\":\"WebPage\",\"@id\":\"http:\/\/www.kiehlturkey.com\/index.php\/urun\/arenas-exet-4\/\",\"url\":\"http:\/\/www.kiehlturkey.com\/index.php\/urun\/arenas-exet-4\/\",\"name\":\"Arenas-Exet 4\"}}]}]}<\/script>\r\n<!-- \/ Yoast SEO plugin. -->","_links":{"self":[{"href":"http:\/\/www.kiehlturkey.com\/index.php\/wp-json\/wp\/v2\/product\/1469"}],"collection":[{"href":"http:\/\/www.kiehlturkey.com\/index.php\/wp-json\/wp\/v2\/product"}],"about":[{"href":"http:\/\/www.kiehlturkey.com\/index.php\/wp-json\/wp\/v2\/types\/product"}],"replies":[{"embeddable":true,"href":"http:\/\/www.kiehlturkey.com\/index.php\/wp-json\/wp\/v2\/comments?post=1469"}],"version-history":[{"count":1,"href":"http:\/\/www.kiehlturkey.com\/index.php\/wp-json\/wp\/v2\/product\/1469\/revisions"}],"predecessor-version":[{"id":1477,"href":"http:\/\/www.kiehlturkey.com\/index.php\/wp-json\/wp\/v2\/product\/1469\/revisions\/1477"}],"wp:featuredmedia":[{"embeddable":true,"href":"http:\/\/www.kiehlturkey.com\/index.php\/wp-json\/wp\/v2\/media\/1476"}],"wp:attachment":[{"href":"http:\/\/www.kiehlturkey.com\/index.php\/wp-json\/wp\/v2\/media?parent=1469"}],"curies":[{"name":"wp","href":"https:\/\/api.w.org\/{rel}","templated":true}]}}