{"id":1471,"date":"2021-02-27T18:32:43","date_gmt":"2021-02-27T18:32:43","guid":{"rendered":"https:\/\/kiehl.mcsajans.com\/?post_type=product&#038;p=1471"},"modified":"2021-02-27T18:39:53","modified_gmt":"2021-02-27T18:39:53","slug":"thermohospital","status":"publish","type":"product","link":"http:\/\/www.kiehlturkey.com\/index.php\/urun\/thermohospital\/","title":{"rendered":"Thermohospital"},"content":{"rendered":"<p><strong><span class=\"urun_text_02\">\u00d6zellikleri : <\/span><\/strong><span class=\"urun_text_02\">\u00d6zellikle y\u00fczey ve el dezenfektanlar\u0131n\u0131n kullan\u0131ld\u0131\u011f\u0131 alanlarda kullan\u0131m ama\u00e7l\u0131 \u00fcretilmi\u015f, dezenfektanlara ve alkole kar\u015f\u0131 mukavemeti y\u00fcksek metalize em\u00fclsiyon cilas\u0131. Thermohospital uyguland\u0131\u011f\u0131 y\u00fczeyde kal\u0131c\u0131, toz tutmayan, silinmeye kar\u015f\u0131 dayan\u0131kl\u0131 ve y\u00fcksek kaliteli kaymayan bir tabaka olu\u015fturur. El dezenfektanlar\u0131 film tabakas\u0131n\u0131 zamanla etkileyebilirler, ancak genellikle istenmeyen lekeler olu\u015fmaz.<\/span><\/p>\n<p><strong><span class=\"urun_text_02\">\u0130\u00e7indekiler : <\/span><\/strong><span class=\"urun_text_02\">Polimer \u00e7\u00f6zeltileri, kat\u0131 polietilen mum, suda \u00e7\u00f6z\u00fcnebilen solventler, plastikle\u015ftiriciler. pH de\u011feri (konsantre): yakla\u015f\u0131k 8,5<\/span><\/p>\n<p><strong><span class=\"urun_text_02\">Kullan\u0131m Alanlar\u0131 : <\/span><\/strong><span class=\"urun_text_02\">PVC, polyolefin, linolyum, do\u011fal emiciler, suni sert zeminler ve asfalt gibi, suya kar\u015f\u0131 mukavemeti y\u00fcksek, temizlenmi\u015f y\u00fczeylerde kullan\u0131l\u0131r. Hastaneler, huzurevleri, \u00e7ocuk yuvalar\u0131 ve sanatoryumlar gibi mekanlarda kullan\u0131ma uygundur.<\/span><strong><span class=\"urun_text_02\"><br \/>\n<\/span><\/strong><\/p>\n<p><strong><span class=\"urun_text_02\">Kullan\u0131m \u015eekli : <\/span><\/strong><span class=\"urun_text_02\">\u00dcr\u00fcn\u00fcn sadece yeterince kurutulmu\u015f zeminlerde kullan\u0131ld\u0131\u011f\u0131ndan emin olun. \u00dcr\u00fcn\u00fc yumu\u015fak bir bez yard\u0131m\u0131yla ve seyreltmeden ince bir tabaka halinde uygulay\u0131n. \u00dcr\u00fcn\u00fcn bez \u00fczerinde kurumas\u0131ndan ka\u00e7\u0131n\u0131lmal\u0131 ve bidon kullan\u0131mdan sonra hemen kapat\u0131lmal\u0131d\u0131r.<\/span><strong><span class=\"urun_text_02\"><br \/>\n<\/span><\/strong><\/p>\n<p><strong><span class=\"urun_text_02\">Ana temizli\u011fi yap\u0131lm\u0131\u015f zeminlere uygulama : <\/span><\/strong><span class=\"urun_text_02\">Zeminin emicilik d\u00fczeyine g\u00f6re takriben 30 dakikal\u0131k aral\u0131klarla 2-3 kez s\u00fcr\u00fcl\u00fcr.<\/span><\/p>\n","protected":false},"excerpt":{"rendered":"<h1>Thermohospital<\/h1>\n<p><span class=\"urun_text_02\">Dezenfektanlara diren\u00e7li metalize em\u00fclsiyon cilas\u0131<\/span><\/p>\n<p><span class=\"urun_text_02\"><strong>\u00d6zellikleri <\/strong>: \u00d6zellikle y\u00fczey ve el dezenfektanlar\u0131n\u0131n kullan\u0131ld\u0131\u011f\u0131 alanlarda kullan\u0131m ama\u00e7l\u0131 \u00fcretilmi\u015f, dezenfektanlara ve alkole kar\u015f\u0131 mukavemeti y\u00fcksek metalize em\u00fclsiyon cilas\u0131. Thermohospital uyguland\u0131\u011f\u0131 y\u00fczeyde kal\u0131c\u0131, toz tutmayan, silinmeye kar\u015f\u0131 dayan\u0131kl\u0131 ve y\u00fcksek kaliteli kaymayan bir tabaka olu\u015fturur. El dezenfektanlar\u0131 film tabakas\u0131n\u0131 zamanla etkileyebilirler, ancak genellikle istenmeyen lekeler olu\u015fmaz.<br \/>\n<\/span><\/p>\n<hr \/>\n<p><img loading=\"lazy\" class=\"alignnone size-full wp-image-1457\" src=\"https:\/\/kiehl.mcsajans.com\/wp-content\/uploads\/2021\/02\/thermodur_icon.jpg\" alt=\"\" width=\"66\" height=\"67\" \/><\/p>\n<p><strong><span class=\"urun_text_02\">Metrekare ba\u015f\u0131na t\u00fcketim<\/span><\/strong><br \/>\nTemel bak\u0131m: Uygulama ba\u015f\u0131na 25 ml<\/p>\n<p><strong>Profesyonel kullan\u0131mlar i\u00e7indir!<\/strong><\/p>\n<p><strong>Paketleme<\/strong><br \/>\n10 litre bidon \u00dcr. No. j 20 06 10<br \/>\n200 litre varil \u00dcr. No. j 20 06 72<\/p>\n<p>Donmaya kar\u015f\u0131 koruyunuz!<\/p>\n","protected":false},"featured_media":1475,"comment_status":"open","ping_status":"closed","template":"elementor_theme","meta":[],"yoast_head":"<!-- This site is optimized with the Yoast SEO plugin v15.9 - https:\/\/yoast.com\/wordpress\/plugins\/seo\/ -->\r\n<title>Thermohospital | K\u0130EHL<\/title>\r\n<meta name=\"description\" content=\"\u00d6zellikle y\u00fczey ve el dezenfektanlar\u0131n\u0131n kullan\u0131ld\u0131\u011f\u0131 alanlarda kullan\u0131m ama\u00e7l\u0131 \u00fcretilmi\u015f, dezenfektanlara ve alkole kar\u015f\u0131 mukavemeti y\u00fcksek metalize em\u00fclsiyon cilas\u0131.\" \/>\r\n<meta name=\"robots\" content=\"index, follow, max-snippet:-1, max-image-preview:large, max-video-preview:-1\" \/>\r\n<link rel=\"canonical\" href=\"http:\/\/www.kiehlturkey.com\/index.php\/urun\/thermohospital\/\" \/>\r\n<meta property=\"og:locale\" content=\"tr_TR\" \/>\r\n<meta property=\"og:type\" content=\"article\" \/>\r\n<meta property=\"og:title\" content=\"Thermohospital | K\u0130EHL\" \/>\r\n<meta property=\"og:description\" content=\"\u00d6zellikle y\u00fczey ve el dezenfektanlar\u0131n\u0131n kullan\u0131ld\u0131\u011f\u0131 alanlarda kullan\u0131m ama\u00e7l\u0131 \u00fcretilmi\u015f, dezenfektanlara ve alkole kar\u015f\u0131 mukavemeti y\u00fcksek metalize em\u00fclsiyon cilas\u0131.\" \/>\r\n<meta property=\"og:url\" content=\"http:\/\/www.kiehlturkey.com\/index.php\/urun\/thermohospital\/\" \/>\r\n<meta property=\"og:site_name\" content=\"K\u0130EHL\" \/>\r\n<meta property=\"article:modified_time\" content=\"2021-02-27T18:39:53+00:00\" \/>\r\n<meta property=\"og:image\" content=\"http:\/\/www.kiehlturkey.com\/wp-content\/uploads\/2021\/02\/thermohospital.jpg\" \/>\r\n\t<meta property=\"og:image:width\" content=\"500\" \/>\r\n\t<meta property=\"og:image:height\" content=\"500\" \/>\r\n<meta name=\"twitter:card\" content=\"summary_large_image\" \/>\r\n<meta name=\"twitter:label1\" content=\"Tahmini okuma s\u00fcresi\">\n\t<meta name=\"twitter:data1\" content=\"1 dakika\">\r\n<script type=\"application\/ld+json\" class=\"yoast-schema-graph\">{\"@context\":\"https:\/\/schema.org\",\"@graph\":[{\"@type\":\"WebSite\",\"@id\":\"http:\/\/www.kiehlturkey.com\/#website\",\"url\":\"http:\/\/www.kiehlturkey.com\/\",\"name\":\"K\\u0130EHL\",\"description\":\"die saubere L\\u00f6sung\",\"potentialAction\":[{\"@type\":\"SearchAction\",\"target\":\"http:\/\/www.kiehlturkey.com\/?s={search_term_string}\",\"query-input\":\"required name=search_term_string\"}],\"inLanguage\":\"tr\"},{\"@type\":\"ImageObject\",\"@id\":\"http:\/\/www.kiehlturkey.com\/index.php\/urun\/thermohospital\/#primaryimage\",\"inLanguage\":\"tr\",\"url\":\"http:\/\/www.kiehlturkey.com\/wp-content\/uploads\/2021\/02\/thermohospital.jpg\",\"width\":500,\"height\":500},{\"@type\":\"WebPage\",\"@id\":\"http:\/\/www.kiehlturkey.com\/index.php\/urun\/thermohospital\/#webpage\",\"url\":\"http:\/\/www.kiehlturkey.com\/index.php\/urun\/thermohospital\/\",\"name\":\"Thermohospital | K\\u0130EHL\",\"isPartOf\":{\"@id\":\"http:\/\/www.kiehlturkey.com\/#website\"},\"primaryImageOfPage\":{\"@id\":\"http:\/\/www.kiehlturkey.com\/index.php\/urun\/thermohospital\/#primaryimage\"},\"datePublished\":\"2021-02-27T18:32:43+00:00\",\"dateModified\":\"2021-02-27T18:39:53+00:00\",\"description\":\"\\u00d6zellikle y\\u00fczey ve el dezenfektanlar\\u0131n\\u0131n kullan\\u0131ld\\u0131\\u011f\\u0131 alanlarda kullan\\u0131m ama\\u00e7l\\u0131 \\u00fcretilmi\\u015f, dezenfektanlara ve alkole kar\\u015f\\u0131 mukavemeti y\\u00fcksek metalize em\\u00fclsiyon cilas\\u0131.\",\"breadcrumb\":{\"@id\":\"http:\/\/www.kiehlturkey.com\/index.php\/urun\/thermohospital\/#breadcrumb\"},\"inLanguage\":\"tr\",\"potentialAction\":[{\"@type\":\"ReadAction\",\"target\":[\"http:\/\/www.kiehlturkey.com\/index.php\/urun\/thermohospital\/\"]}]},{\"@type\":\"BreadcrumbList\",\"@id\":\"http:\/\/www.kiehlturkey.com\/index.php\/urun\/thermohospital\/#breadcrumb\",\"itemListElement\":[{\"@type\":\"ListItem\",\"position\":1,\"item\":{\"@type\":\"WebPage\",\"@id\":\"http:\/\/www.kiehlturkey.com\/\",\"url\":\"http:\/\/www.kiehlturkey.com\/\",\"name\":\"Ana sayfa\"}},{\"@type\":\"ListItem\",\"position\":2,\"item\":{\"@type\":\"WebPage\",\"@id\":\"http:\/\/www.kiehlturkey.com\/index.php\/urunler\/\",\"url\":\"http:\/\/www.kiehlturkey.com\/index.php\/urunler\/\",\"name\":\"\\u00dcr\\u00fcnler\"}},{\"@type\":\"ListItem\",\"position\":3,\"item\":{\"@type\":\"WebPage\",\"@id\":\"http:\/\/www.kiehlturkey.com\/index.php\/urun\/thermohospital\/\",\"url\":\"http:\/\/www.kiehlturkey.com\/index.php\/urun\/thermohospital\/\",\"name\":\"Thermohospital\"}}]}]}<\/script>\r\n<!-- \/ Yoast SEO plugin. -->","_links":{"self":[{"href":"http:\/\/www.kiehlturkey.com\/index.php\/wp-json\/wp\/v2\/product\/1471"}],"collection":[{"href":"http:\/\/www.kiehlturkey.com\/index.php\/wp-json\/wp\/v2\/product"}],"about":[{"href":"http:\/\/www.kiehlturkey.com\/index.php\/wp-json\/wp\/v2\/types\/product"}],"replies":[{"embeddable":true,"href":"http:\/\/www.kiehlturkey.com\/index.php\/wp-json\/wp\/v2\/comments?post=1471"}],"version-history":[{"count":2,"href":"http:\/\/www.kiehlturkey.com\/index.php\/wp-json\/wp\/v2\/product\/1471\/revisions"}],"predecessor-version":[{"id":1479,"href":"http:\/\/www.kiehlturkey.com\/index.php\/wp-json\/wp\/v2\/product\/1471\/revisions\/1479"}],"wp:featuredmedia":[{"embeddable":true,"href":"http:\/\/www.kiehlturkey.com\/index.php\/wp-json\/wp\/v2\/media\/1475"}],"wp:attachment":[{"href":"http:\/\/www.kiehlturkey.com\/index.php\/wp-json\/wp\/v2\/media?parent=1471"}],"curies":[{"name":"wp","href":"https:\/\/api.w.org\/{rel}","templated":true}]}}