{"id":1478,"date":"2021-02-27T18:39:37","date_gmt":"2021-02-27T18:39:37","guid":{"rendered":"https:\/\/kiehl.mcsajans.com\/?post_type=product&#038;p=1478"},"modified":"2021-02-27T18:45:56","modified_gmt":"2021-02-27T18:45:56","slug":"arenas-oxydes","status":"publish","type":"product","link":"http:\/\/www.kiehlturkey.com\/index.php\/urun\/arenas-oxydes\/","title":{"rendered":"Arenas-Oxydes"},"content":{"rendered":"<p><strong><span class=\"urun_text_02\">\u00d6zellikleri : <\/span><\/strong><span class=\"urun_text_02\">ARENAS\u00ae-oxydes, m\u00fckemmel beyazlatma \u00f6zelliklerine sahip tekstilde kullan\u0131m i\u00e7in tasarlanm\u0131\u015f bir dezenfeksiyondur. Geni\u015f anti-mikrobiyal spektrum hareketlili\u011fi sayesinde, ARENAS\u00ae-oxydes, 60\u00b0C y\u0131kama s\u0131cakl\u0131\u011f\u0131nda (devam eden liste) Robert Koch Enstit\u00fcs\u00fcn\u00fcn (RJI) hijyen \u015fartlar\u0131na uymaktad\u0131r. Temizlik yard\u0131mc\u0131s\u0131 ARENAS\u00ae-excellent ve deterjan ARENAS\u00ae-wash ya da ProMop-Clean ile birle\u015fiminde oksijen beyazlat\u0131c\u0131, kuma\u015f\u0131 korur ve size tamamen temiz ve hijyenik kuma\u015flar sunar. ARENAS\u00ae-oxydes, enfeksiyon profilaksi hastalar\u0131 ve huzur evleri ve hastanelerde \u00e7al\u0131\u015fanlar i\u00e7in kesinlikle gereklidir.<\/span><span class=\"urun_text_02\"><br \/>\n<\/span><\/p>\n<p><strong><span class=\"urun_text_02\">\u0130\u00e7indekiler : <\/span><\/strong><span class=\"urun_text_02\">100 gramda; 25 g hihrojen peroksit, 5 g perasetik asit.<\/span><span class=\"urun_text_02\"><br \/>\nDi\u011fer i\u00e7erikler; asetik asit.<br \/>\npH de\u011feri (konsantre): yakla\u015f\u0131k 1,<br \/>\npH de\u011feri (kullan\u0131ma haz\u0131r \u00e7\u00f6zelti): deterjan bile\u015fimine ba\u011fl\u0131<\/span><\/p>\n<p><strong><span class=\"urun_text_02\">Uygulama : <\/span><\/strong><span class=\"urun_text_02\">Alkalilere dayan\u0131kl\u0131 ve beyazlayabilir b\u00fct\u00fcn tekstillerin kemotermal dezenfeksiyonu i\u00e7in uygundur, ancak \u00e7ok fazla kann olmu\u015f kuma\u015flar\u0131n temizli\u011fi i\u00e7in uygun de\u011fildir. Kuma\u015flar\u0131n maksimum y\u0131kanma s\u0131cakl\u0131klar\u0131na dikkat ediniz.<\/span><\/p>\n<p><strong><span class=\"urun_text_02\">Kullan\u0131m Talimat\u0131 :<\/span><\/strong> ARENAS\u00ae-exellent ve ARENAS\u00ae-wash ya da ProMop-CLEAN bile\u015fiminde ARENAS\u00ae-oxydes ile birlikte, 60\u00b0C&#8217;de ana y\u0131kama modunda kuma\u015flar\u0131n kemotermal dezenfeksiyonu i\u00e7in.<br \/>\nARENAS\u00ae-oxydes \u015fi\u015fesini, ana y\u0131kama dezenfeksiyon k\u0131sm\u0131n\u0131n pompa ba\u011flant\u0131s\u0131na ba\u011flay\u0131n\u0131z.<br \/>\n\u00dcr\u00fcn, \u00e7ama\u015f\u0131r makinesinin program kontrol\u00fc taraf\u0131ndan otomatik olarak seyreltilir.<\/p>\n<p><strong>Kuma\u015flar\u0131 y\u0131karken kilogramdaki yay\u0131l\u0131m alan\u0131<\/strong><\/p>\n<p>Kimyasal t\u00fcketim, \u00e7ama\u015f\u0131r makinesinin boyutuna ba\u011fl\u0131d\u0131r.<span class=\"urun_text_02\"><br \/>\n<\/span><strong>Dezenfeksiyon temizleyici; \u00fcr\u00fcn\u00fc dikkatli bir \u015fekilde kullan\u0131n\u0131z. Kullanmadan \u00f6nce, \u00fcr\u00fcn bilgisini ve g\u00fcvenlik talimatlar\u0131n\u0131 okuyunuz<\/strong><\/p>\n","protected":false},"excerpt":{"rendered":"<h1>Arenas-Oxydes<\/h1>\n<p><strong>S\u0131v\u0131 dezenfeksiyon ve oksijen bazl\u0131 a\u011fart\u0131c\u0131<\/strong><\/p>\n<p><span class=\"urun_text_02\"><strong>\u00d6zellikleri <\/strong>: ARENAS\u00ae-oxydes, m\u00fckemmel beyazlatma \u00f6zelliklerine sahip tekstilde kullan\u0131m i\u00e7in tasarlanm\u0131\u015f bir dezenfeksiyondur. Geni\u015f anti-mikrobiyal spektrum hareketlili\u011fi sayesinde, ARENAS\u00ae-oxydes, 60\u00b0C y\u0131kama s\u0131cakl\u0131\u011f\u0131nda (devam eden liste) Robert Koch Enstit\u00fcs\u00fcn\u00fcn (RJI) hijyen \u015fartlar\u0131na uymaktad\u0131r. Temizlik yard\u0131mc\u0131s\u0131 ARENAS\u00ae-excellent ve deterjan ARENAS\u00ae-wash ya da ProMop-Clean ile birle\u015fiminde oksijen beyazlat\u0131c\u0131, kuma\u015f\u0131 korur ve size tamamen temiz ve hijyenik kuma\u015flar sunar. ARENAS\u00ae-oxydes, enfeksiyon profilaksi hastalar\u0131 ve huzur evleri ve hastanelerde \u00e7al\u0131\u015fanlar i\u00e7in kesinlikle gereklidir.<br \/>\n<\/span><\/p>\n<hr \/>\n<p><strong><span class=\"urun_text_02\">Metrekare ba\u015f\u0131na t\u00fcketim<\/span><\/strong><br \/>\nKKimyasal t\u00fcketimi, \u00e7ama\u015f\u0131r makinesinin boyutuna ba\u011fl\u0131d\u0131r.<\/p>\n<p><strong>Profesyonel kullan\u0131mlar i\u00e7indir!<\/strong><\/p>\n<p><strong>Ambalaj<\/strong><br \/>\n10 litre Bidon<br \/>\n20 litre Bidon<\/p>\n<p><img loading=\"lazy\" class=\"alignnone size-full wp-image-1482\" src=\"https:\/\/kiehl.mcsajans.com\/wp-content\/uploads\/2021\/02\/arenas_wash-1.jpg\" alt=\"\" width=\"66\" height=\"67\" \/><\/p>\n","protected":false},"featured_media":1483,"comment_status":"open","ping_status":"closed","template":"elementor_theme","meta":[],"yoast_head":"<!-- This site is optimized with the Yoast SEO plugin v15.9 - https:\/\/yoast.com\/wordpress\/plugins\/seo\/ -->\r\n<title>Arenas-Oxydes | K\u0130EHL<\/title>\r\n<meta name=\"description\" content=\"ARENAS\u00ae-oxydes, m\u00fckemmel beyazlatma \u00f6zelliklerine sahip tekstilde kullan\u0131m i\u00e7in tasarlanm\u0131\u015f bir dezenfeksiyondur.\" \/>\r\n<meta name=\"robots\" content=\"index, follow, max-snippet:-1, max-image-preview:large, max-video-preview:-1\" \/>\r\n<link rel=\"canonical\" href=\"http:\/\/www.kiehlturkey.com\/index.php\/urun\/arenas-oxydes\/\" \/>\r\n<meta property=\"og:locale\" content=\"tr_TR\" \/>\r\n<meta property=\"og:type\" content=\"article\" \/>\r\n<meta property=\"og:title\" content=\"Arenas-Oxydes | K\u0130EHL\" \/>\r\n<meta property=\"og:description\" content=\"ARENAS\u00ae-oxydes, m\u00fckemmel beyazlatma \u00f6zelliklerine sahip tekstilde kullan\u0131m i\u00e7in tasarlanm\u0131\u015f bir dezenfeksiyondur.\" \/>\r\n<meta property=\"og:url\" content=\"http:\/\/www.kiehlturkey.com\/index.php\/urun\/arenas-oxydes\/\" \/>\r\n<meta property=\"og:site_name\" content=\"K\u0130EHL\" \/>\r\n<meta property=\"article:modified_time\" content=\"2021-02-27T18:45:56+00:00\" \/>\r\n<meta property=\"og:image\" content=\"http:\/\/www.kiehlturkey.com\/wp-content\/uploads\/2021\/02\/Untitled-1-5.jpg\" \/>\r\n\t<meta property=\"og:image:width\" content=\"500\" \/>\r\n\t<meta property=\"og:image:height\" content=\"500\" \/>\r\n<meta name=\"twitter:card\" content=\"summary_large_image\" \/>\r\n<meta name=\"twitter:label1\" content=\"Tahmini okuma s\u00fcresi\">\n\t<meta name=\"twitter:data1\" content=\"1 dakika\">\r\n<script type=\"application\/ld+json\" class=\"yoast-schema-graph\">{\"@context\":\"https:\/\/schema.org\",\"@graph\":[{\"@type\":\"WebSite\",\"@id\":\"http:\/\/www.kiehlturkey.com\/#website\",\"url\":\"http:\/\/www.kiehlturkey.com\/\",\"name\":\"K\\u0130EHL\",\"description\":\"die saubere L\\u00f6sung\",\"potentialAction\":[{\"@type\":\"SearchAction\",\"target\":\"http:\/\/www.kiehlturkey.com\/?s={search_term_string}\",\"query-input\":\"required name=search_term_string\"}],\"inLanguage\":\"tr\"},{\"@type\":\"ImageObject\",\"@id\":\"http:\/\/www.kiehlturkey.com\/index.php\/urun\/arenas-oxydes\/#primaryimage\",\"inLanguage\":\"tr\",\"url\":\"http:\/\/www.kiehlturkey.com\/wp-content\/uploads\/2021\/02\/Untitled-1-5.jpg\",\"width\":500,\"height\":500},{\"@type\":\"WebPage\",\"@id\":\"http:\/\/www.kiehlturkey.com\/index.php\/urun\/arenas-oxydes\/#webpage\",\"url\":\"http:\/\/www.kiehlturkey.com\/index.php\/urun\/arenas-oxydes\/\",\"name\":\"Arenas-Oxydes | K\\u0130EHL\",\"isPartOf\":{\"@id\":\"http:\/\/www.kiehlturkey.com\/#website\"},\"primaryImageOfPage\":{\"@id\":\"http:\/\/www.kiehlturkey.com\/index.php\/urun\/arenas-oxydes\/#primaryimage\"},\"datePublished\":\"2021-02-27T18:39:37+00:00\",\"dateModified\":\"2021-02-27T18:45:56+00:00\",\"description\":\"ARENAS\\u00ae-oxydes, m\\u00fckemmel beyazlatma \\u00f6zelliklerine sahip tekstilde kullan\\u0131m i\\u00e7in tasarlanm\\u0131\\u015f bir dezenfeksiyondur.\",\"breadcrumb\":{\"@id\":\"http:\/\/www.kiehlturkey.com\/index.php\/urun\/arenas-oxydes\/#breadcrumb\"},\"inLanguage\":\"tr\",\"potentialAction\":[{\"@type\":\"ReadAction\",\"target\":[\"http:\/\/www.kiehlturkey.com\/index.php\/urun\/arenas-oxydes\/\"]}]},{\"@type\":\"BreadcrumbList\",\"@id\":\"http:\/\/www.kiehlturkey.com\/index.php\/urun\/arenas-oxydes\/#breadcrumb\",\"itemListElement\":[{\"@type\":\"ListItem\",\"position\":1,\"item\":{\"@type\":\"WebPage\",\"@id\":\"http:\/\/www.kiehlturkey.com\/\",\"url\":\"http:\/\/www.kiehlturkey.com\/\",\"name\":\"Ana sayfa\"}},{\"@type\":\"ListItem\",\"position\":2,\"item\":{\"@type\":\"WebPage\",\"@id\":\"http:\/\/www.kiehlturkey.com\/index.php\/urunler\/\",\"url\":\"http:\/\/www.kiehlturkey.com\/index.php\/urunler\/\",\"name\":\"\\u00dcr\\u00fcnler\"}},{\"@type\":\"ListItem\",\"position\":3,\"item\":{\"@type\":\"WebPage\",\"@id\":\"http:\/\/www.kiehlturkey.com\/index.php\/urun\/arenas-oxydes\/\",\"url\":\"http:\/\/www.kiehlturkey.com\/index.php\/urun\/arenas-oxydes\/\",\"name\":\"Arenas-Oxydes\"}}]}]}<\/script>\r\n<!-- \/ Yoast SEO plugin. -->","_links":{"self":[{"href":"http:\/\/www.kiehlturkey.com\/index.php\/wp-json\/wp\/v2\/product\/1478"}],"collection":[{"href":"http:\/\/www.kiehlturkey.com\/index.php\/wp-json\/wp\/v2\/product"}],"about":[{"href":"http:\/\/www.kiehlturkey.com\/index.php\/wp-json\/wp\/v2\/types\/product"}],"replies":[{"embeddable":true,"href":"http:\/\/www.kiehlturkey.com\/index.php\/wp-json\/wp\/v2\/comments?post=1478"}],"version-history":[{"count":1,"href":"http:\/\/www.kiehlturkey.com\/index.php\/wp-json\/wp\/v2\/product\/1478\/revisions"}],"predecessor-version":[{"id":1484,"href":"http:\/\/www.kiehlturkey.com\/index.php\/wp-json\/wp\/v2\/product\/1478\/revisions\/1484"}],"wp:featuredmedia":[{"embeddable":true,"href":"http:\/\/www.kiehlturkey.com\/index.php\/wp-json\/wp\/v2\/media\/1483"}],"wp:attachment":[{"href":"http:\/\/www.kiehlturkey.com\/index.php\/wp-json\/wp\/v2\/media?parent=1478"}],"curies":[{"name":"wp","href":"https:\/\/api.w.org\/{rel}","templated":true}]}}