{"id":1480,"date":"2021-02-27T18:41:40","date_gmt":"2021-02-27T18:41:40","guid":{"rendered":"https:\/\/kiehl.mcsajans.com\/?post_type=product&#038;p=1480"},"modified":"2021-02-27T19:07:24","modified_gmt":"2021-02-27T19:07:24","slug":"thermospeed","status":"publish","type":"product","link":"http:\/\/www.kiehlturkey.com\/index.php\/urun\/thermospeed\/","title":{"rendered":"Thermospeed"},"content":{"rendered":"<p><strong><span class=\"urun_text_02\">\u00d6zellikleri : <\/span><\/strong><span class=\"urun_text_02\">Y\u00fcksek kat\u0131 madde i\u00e7erikli, kendili\u011finden parlayan m\u00fckemmel bir film tabakas\u0131 olu\u015fturma \u00f6zelli\u011fine sahip, metalize em\u00fclsiyon cilas\u0131. Thermospeed; uzun \u00f6m\u00fcrl\u00fc, kirlere ve silinmeye diren\u00e7li, y\u00fcksek kaliteli kaymaz bir y\u00fczey sa\u011flar. Y\u00fcksek devirli cilalamaya kusursuz yan\u0131t verir, b\u00f6ylece a\u015f\u0131nma izleri kolayl\u0131kla yok edilirler. Dezenfektan i\u00e7eren temizleyicilere kar\u015f\u0131 mukavemetlidir.<\/span><\/p>\n<p><strong><span class=\"urun_text_02\">\u0130\u00e7indekiler : <\/span><\/strong><span class=\"urun_text_02\">Polimer \u00e7\u00f6zeltileri, kat\u0131 polietilen mum, suda \u00e7\u00f6z\u00fcnebilen solventler, re\u00e7ine, plastikle\u015ftiriciler. pH-de\u011feri (konsantre): yakla\u015f\u0131k 8,5 Kullan\u0131m Alanlar\u0131 PVC, polyolefin, linolyum, do\u011fal emiciler, suni sert zeminler ve asfalt gibi, suya kar\u015f\u0131 mukavemeti y\u00fcksek, temizlenmi\u015f y\u00fczeylerde kullan\u0131ma uygundur. Thermospeed&#8217;i PU ve PE i\u00e7eren zeminlerde kullanmadan \u00f6nce yap\u0131\u015fkanl\u0131k testi uygulay\u0131n\u0131z.<\/span><\/p>\n<p><strong><span class=\"urun_text_02\">Kullan\u0131m \u015eekli : <\/span><\/strong><span class=\"urun_text_02\">\u00dcr\u00fcn\u00fcn sadece yeterince kurutulmu\u015f y\u00fczeylerde kullan\u0131ld\u0131\u011f\u0131ndan emin olunuz. \u00dcr\u00fcn\u00fc yumu\u015fak bir bez yard\u0131m\u0131yla ve seyreltmeden ince bir tabaka halinde uygulay\u0131n\u0131z. \u00dcr\u00fcn\u00fcn bez \u00fczerinde kurumas\u0131ndan ka\u00e7\u0131n\u0131lmal\u0131 ve bidon kullan\u0131mdan sonra hemen kapat\u0131lmal\u0131d\u0131r.\u00a0<\/span><\/p>\n<p><strong><span class=\"urun_text_02\"><br \/>\n<\/span><\/strong><strong><span class=\"urun_text_02\">Ana temizli\u011fi yap\u0131lm\u0131\u015f y\u00fczeyler : <\/span><\/strong><span class=\"urun_text_02\">Zemin malzemesinin emme g\u00fcc\u00fcne g\u00f6re takriben <\/span><span class=\"urun_text_02\">30 dakikal\u0131k aral\u0131klarla 2-3 kez s\u00fcr\u00fcl\u00fcr.<\/span><\/p>\n<p><span class=\"urun_text_02\"><strong>Cilalama :<\/strong>\u00a0<\/span>Cila, kuruduktan sonra parlat\u0131l\u0131p y\u00fcksek devirli (yakla\u015f\u0131k 1,000 r.p.m.) bir makine ve multi disk ile fikslenebilir. B\u00f6ylece kaymayan bir y\u00fczey elde edilir.<\/p>\n<p>&nbsp;<\/p>\n","protected":false},"excerpt":{"rendered":"<h1>Thermospeed<\/h1>\n<p><span class=\"urun_text_02\">Y\u00fcksek h\u0131zl\u0131 metalize em\u00fclsiyon cilas\u0131<\/span><\/p>\n<p><span class=\"urun_text_02\"><strong>\u00d6zellikleri <\/strong>: Y\u00fcksek kat\u0131 madde i\u00e7erikli, kendili\u011finden parlayan m\u00fckemmel bir film tabakas\u0131 olu\u015fturma \u00f6zelli\u011fine sahip, metalize em\u00fclsiyon cilas\u0131. Thermospeed; uzun \u00f6m\u00fcrl\u00fc, kirlere ve silinmeye diren\u00e7li, y\u00fcksek kaliteli kaymaz bir y\u00fczey sa\u011flar. Y\u00fcksek devirli cilalamaya kusursuz yan\u0131t verir, b\u00f6ylece a\u015f\u0131nma izleri kolayl\u0131kla yok edilirler. Dezenfektan i\u00e7eren temizleyicilere kar\u015f\u0131 mukavemetlidir.<br \/>\n<\/span><\/p>\n<hr \/>\n<p><img loading=\"lazy\" class=\"alignnone size-full wp-image-1487\" src=\"https:\/\/kiehl.mcsajans.com\/wp-content\/uploads\/2021\/02\/thermospeed_icon.jpg\" alt=\"\" width=\"140\" height=\"67\" \/><\/p>\n<p><strong><span class=\"urun_text_02\">Metrekare ba\u015f\u0131na t\u00fcketim<\/span><\/strong><br \/>\nKaplama: Uygulama ba\u015f\u0131na 25 ml<\/p>\n<p><strong>Profesyonel kullan\u0131mlar i\u00e7indir!<\/strong><\/p>\n<p><strong>Paketleme<\/strong><br \/>\n10 litre bidon \u00dcr. No. j 20 03 10<br \/>\n200 litre varil \u00dcr. No. j 20 03 72<\/p>\n<p>Donmaya kar\u015f\u0131 koruyunuz!<\/p>\n","protected":false},"featured_media":1486,"comment_status":"open","ping_status":"closed","template":"elementor_theme","meta":[],"yoast_head":"<!-- This site is optimized with the Yoast SEO plugin v15.9 - https:\/\/yoast.com\/wordpress\/plugins\/seo\/ -->\r\n<title>Thermospeed | K\u0130EHL<\/title>\r\n<meta name=\"description\" content=\"Y\u00fcksek kat\u0131 madde i\u00e7erikli, kendili\u011finden parlayan m\u00fckemmel bir film tabakas\u0131 olu\u015fturma \u00f6zelli\u011fine sahip, metalize em\u00fclsiyon cilas\u0131.\" \/>\r\n<meta name=\"robots\" content=\"index, follow, max-snippet:-1, max-image-preview:large, max-video-preview:-1\" \/>\r\n<link rel=\"canonical\" href=\"http:\/\/www.kiehlturkey.com\/index.php\/urun\/thermospeed\/\" \/>\r\n<meta property=\"og:locale\" content=\"tr_TR\" \/>\r\n<meta property=\"og:type\" content=\"article\" \/>\r\n<meta property=\"og:title\" content=\"Thermospeed | K\u0130EHL\" \/>\r\n<meta property=\"og:description\" content=\"Y\u00fcksek kat\u0131 madde i\u00e7erikli, kendili\u011finden parlayan m\u00fckemmel bir film tabakas\u0131 olu\u015fturma \u00f6zelli\u011fine sahip, metalize em\u00fclsiyon cilas\u0131.\" \/>\r\n<meta property=\"og:url\" content=\"http:\/\/www.kiehlturkey.com\/index.php\/urun\/thermospeed\/\" \/>\r\n<meta property=\"og:site_name\" content=\"K\u0130EHL\" \/>\r\n<meta property=\"article:modified_time\" content=\"2021-02-27T19:07:24+00:00\" \/>\r\n<meta property=\"og:image\" content=\"http:\/\/www.kiehlturkey.com\/wp-content\/uploads\/2021\/02\/thermospeed.jpg\" \/>\r\n\t<meta property=\"og:image:width\" content=\"500\" \/>\r\n\t<meta property=\"og:image:height\" content=\"500\" \/>\r\n<meta name=\"twitter:card\" content=\"summary_large_image\" \/>\r\n<meta name=\"twitter:label1\" content=\"Tahmini okuma s\u00fcresi\">\n\t<meta name=\"twitter:data1\" content=\"1 dakika\">\r\n<script type=\"application\/ld+json\" class=\"yoast-schema-graph\">{\"@context\":\"https:\/\/schema.org\",\"@graph\":[{\"@type\":\"WebSite\",\"@id\":\"http:\/\/www.kiehlturkey.com\/#website\",\"url\":\"http:\/\/www.kiehlturkey.com\/\",\"name\":\"K\\u0130EHL\",\"description\":\"die saubere L\\u00f6sung\",\"potentialAction\":[{\"@type\":\"SearchAction\",\"target\":\"http:\/\/www.kiehlturkey.com\/?s={search_term_string}\",\"query-input\":\"required name=search_term_string\"}],\"inLanguage\":\"tr\"},{\"@type\":\"ImageObject\",\"@id\":\"http:\/\/www.kiehlturkey.com\/index.php\/urun\/thermospeed\/#primaryimage\",\"inLanguage\":\"tr\",\"url\":\"http:\/\/www.kiehlturkey.com\/wp-content\/uploads\/2021\/02\/thermospeed.jpg\",\"width\":500,\"height\":500},{\"@type\":\"WebPage\",\"@id\":\"http:\/\/www.kiehlturkey.com\/index.php\/urun\/thermospeed\/#webpage\",\"url\":\"http:\/\/www.kiehlturkey.com\/index.php\/urun\/thermospeed\/\",\"name\":\"Thermospeed | K\\u0130EHL\",\"isPartOf\":{\"@id\":\"http:\/\/www.kiehlturkey.com\/#website\"},\"primaryImageOfPage\":{\"@id\":\"http:\/\/www.kiehlturkey.com\/index.php\/urun\/thermospeed\/#primaryimage\"},\"datePublished\":\"2021-02-27T18:41:40+00:00\",\"dateModified\":\"2021-02-27T19:07:24+00:00\",\"description\":\"Y\\u00fcksek kat\\u0131 madde i\\u00e7erikli, kendili\\u011finden parlayan m\\u00fckemmel bir film tabakas\\u0131 olu\\u015fturma \\u00f6zelli\\u011fine sahip, metalize em\\u00fclsiyon cilas\\u0131.\",\"breadcrumb\":{\"@id\":\"http:\/\/www.kiehlturkey.com\/index.php\/urun\/thermospeed\/#breadcrumb\"},\"inLanguage\":\"tr\",\"potentialAction\":[{\"@type\":\"ReadAction\",\"target\":[\"http:\/\/www.kiehlturkey.com\/index.php\/urun\/thermospeed\/\"]}]},{\"@type\":\"BreadcrumbList\",\"@id\":\"http:\/\/www.kiehlturkey.com\/index.php\/urun\/thermospeed\/#breadcrumb\",\"itemListElement\":[{\"@type\":\"ListItem\",\"position\":1,\"item\":{\"@type\":\"WebPage\",\"@id\":\"http:\/\/www.kiehlturkey.com\/\",\"url\":\"http:\/\/www.kiehlturkey.com\/\",\"name\":\"Ana sayfa\"}},{\"@type\":\"ListItem\",\"position\":2,\"item\":{\"@type\":\"WebPage\",\"@id\":\"http:\/\/www.kiehlturkey.com\/index.php\/urunler\/\",\"url\":\"http:\/\/www.kiehlturkey.com\/index.php\/urunler\/\",\"name\":\"\\u00dcr\\u00fcnler\"}},{\"@type\":\"ListItem\",\"position\":3,\"item\":{\"@type\":\"WebPage\",\"@id\":\"http:\/\/www.kiehlturkey.com\/index.php\/urun\/thermospeed\/\",\"url\":\"http:\/\/www.kiehlturkey.com\/index.php\/urun\/thermospeed\/\",\"name\":\"Thermospeed\"}}]}]}<\/script>\r\n<!-- \/ Yoast SEO plugin. -->","_links":{"self":[{"href":"http:\/\/www.kiehlturkey.com\/index.php\/wp-json\/wp\/v2\/product\/1480"}],"collection":[{"href":"http:\/\/www.kiehlturkey.com\/index.php\/wp-json\/wp\/v2\/product"}],"about":[{"href":"http:\/\/www.kiehlturkey.com\/index.php\/wp-json\/wp\/v2\/types\/product"}],"replies":[{"embeddable":true,"href":"http:\/\/www.kiehlturkey.com\/index.php\/wp-json\/wp\/v2\/comments?post=1480"}],"version-history":[{"count":4,"href":"http:\/\/www.kiehlturkey.com\/index.php\/wp-json\/wp\/v2\/product\/1480\/revisions"}],"predecessor-version":[{"id":1492,"href":"http:\/\/www.kiehlturkey.com\/index.php\/wp-json\/wp\/v2\/product\/1480\/revisions\/1492"}],"wp:featuredmedia":[{"embeddable":true,"href":"http:\/\/www.kiehlturkey.com\/index.php\/wp-json\/wp\/v2\/media\/1486"}],"wp:attachment":[{"href":"http:\/\/www.kiehlturkey.com\/index.php\/wp-json\/wp\/v2\/media?parent=1480"}],"curies":[{"name":"wp","href":"https:\/\/api.w.org\/{rel}","templated":true}]}}