{"id":1493,"date":"2021-02-27T18:57:06","date_gmt":"2021-02-27T18:57:06","guid":{"rendered":"https:\/\/kiehl.mcsajans.com\/?post_type=product&#038;p=1493"},"modified":"2021-02-27T19:06:01","modified_gmt":"2021-02-27T19:06:01","slug":"trend","status":"publish","type":"product","link":"http:\/\/www.kiehlturkey.com\/index.php\/urun\/trend\/","title":{"rendered":"Trend"},"content":{"rendered":"<p><strong><span class=\"urun_text_02\">\u00d6zellikleri : <\/span><\/strong><span class=\"urun_text_02\">Ekolojiye duyarl\u0131 bir zemin bak\u0131m\u0131 i\u00e7in tasarlanm\u0131\u015f em\u00fclsiyon cilas\u0131. Koruyucu tabaka kendili\u011finden parlama \u00f6zelli\u011fine sahiptir, ve hem konsantre hem de suyla seyrelterek uygulanmas\u0131 durumlar\u0131nda iz b\u0131rakmaks\u0131z\u0131n kurur. Trend, 0,4 ila 0,6 \u0173 aras\u0131 bir kayganl\u0131k de\u011feriyle, DIN 18032 Alman End\u00fcstriyel Normu&#8217;nu kar\u015f\u0131lar ve bu sebeple de spor salonlar\u0131n\u0131n zeminlerinde kullan\u0131ma uygundur (\u00fcr\u00fcn testleri Baden-W\u00fcrttemberg, Almanya&#8217;da bulunan FMPA Otto-Graf Enstit\u00fcs\u00fc&#8217;nde yap\u0131lm\u0131\u015ft\u0131r.) Y\u00fcksek devirli cilalamaya kusursuz yan\u0131t verir, b\u00f6ylece a\u015f\u0131nma izleri kolayl\u0131kla yok edilirler. Trend ile sa\u011flanan kaplama tabakas\u0131, bir temel temizlik malzemesi kullanmaks\u0131z\u0131n derinlemesine temizlik ile k\u0131smen yok edilebilir.<\/span><\/p>\n<p><strong><span class=\"urun_text_02\">\u0130\u00e7indekiler : <\/span><\/strong><span class=\"urun_text_02\">Em\u00fclsifiye ediciler, mum, anti metalize polimerler, re\u00e7ine ve esanslar. pH-de\u011feri (konsantre): yakla\u015f\u0131k 8,5-9<\/span><strong><span class=\"urun_text_02\"><br \/>\n<\/span><\/strong><\/p>\n<p><strong><span class=\"urun_text_02\">Kullan\u0131m Alanlar\u0131 : <\/span><\/strong><span class=\"urun_text_02\">Islak alanlar hari\u00e7; PVC, linolyum, kau\u00e7uk, marley, polyolefin, mermer, granit, palladyen fayans gibi suya dayan\u0131kl\u0131, sert zemin kaplamalar\u0131nda kullan\u0131ma uygundur. Ah\u015fap ve mantar zeminlerde kullan\u0131lmamal\u0131d\u0131r. Trend&#8217;i PU ve PE i\u00e7eren zeminlerde kullanmadan \u00f6nce yap\u0131\u015fkanl\u0131k testi uygulay\u0131n\u0131z.<\/span><\/p>\n<p><strong><span class=\"urun_text_02\"><br \/>\n<\/span><\/strong><strong><span class=\"urun_text_02\">Kullan\u0131m \u015eekli :<\/span><\/strong><span class=\"urun_text_02\">\u00dcr\u00fcn\u00fcn sadece yeterince kurutulmu\u015f y\u00fczeylerde kullan\u0131ld\u0131\u011f\u0131ndan emin olun. \u00dcr\u00fcn\u00fc yumu\u015fak bir bez yard\u0131m\u0131yla ve seyreltmeden ince bir tabaka halinde uygulay\u0131n\u0131z. \u00dcr\u00fcn\u00fcn bez \u00fczerinde kurumas\u0131ndan ka\u00e7\u0131n\u0131lmal\u0131 ve bidon kullan\u0131mdan sonra hemen kapat\u0131lmal\u0131d\u0131r.<\/span><\/p>\n<p><span class=\"urun_text_02\"><strong>Ana temizli\u011fi yap\u0131lm\u0131\u015f y\u00fczeyler<\/strong> :<\/span> Zemin malzemesinin emme g\u00fcc\u00fcne g\u00f6re takriben 30 dakikal\u0131k aral\u0131klarla 2-3 kez s\u00fcr\u00fcl\u00fcr.<\/p>\n<p>Yo\u011fun bak\u0131m\u0131 takiben uygulama : Takriben 30 dakikal\u0131k aral\u0131klarla 1-2 uygulama.<\/p>\n<p><span class=\"urun_text_02\"><strong>Kaplamadaki hasarl\u0131 k\u0131s\u0131mlar\u0131n sprey bak\u0131m\u0131 :<\/strong>\u00a0<\/span>1:1 \u00f6l\u00e7\u00fcs\u00fcnde so\u011fuk suda inceltin, spreyleme aleti ve y\u00fcksek devirli bir makineyle uygulay\u0131n (yakla\u015f\u0131k 1,000 r.p.m.).<\/p>\n<p><span class=\"urun_text_02\"><strong>Cilalama :<\/strong>\u00a0<\/span>Cila, kuruduktan sonra parlat\u0131l\u0131p y\u00fcksek devirli (yakla\u015f\u0131k 1,000 r.p.m.) bir makine ve multi disk ile fikslenebilir. B\u00f6ylece kaymayan bir y\u00fczey elde edilir.<\/p>\n","protected":false},"excerpt":{"rendered":"<h1>Trend<\/h1>\n<p><span class=\"urun_text_02\">Anti metalize em\u00fclsiyon cilas\u0131<\/span><\/p>\n<p><span class=\"urun_text_02\"><strong>\u00d6zellikleri <\/strong>: Ekolojiye duyarl\u0131 bir zemin bak\u0131m\u0131 i\u00e7in tasarlanm\u0131\u015f em\u00fclsiyon cilas\u0131. Koruyucu tabaka kendili\u011finden parlama \u00f6zelli\u011fine sahiptir, ve hem konsantre hem de suyla seyrelterek uygulanmas\u0131 durumlar\u0131nda iz b\u0131rakmaks\u0131z\u0131n kurur. Trend, 0,4 ila 0,6 \u0173 aras\u0131 bir kayganl\u0131k de\u011feriyle, DIN 18032 Alman End\u00fcstriyel Normu&#8217;nu kar\u015f\u0131lar ve bu sebeple de spor salonlar\u0131n\u0131n zeminlerinde kullan\u0131ma uygundur (\u00fcr\u00fcn testleri Baden-W\u00fcrttemberg, Almanya&#8217;da bulunan FMPA Otto-Graf Enstit\u00fcs\u00fc&#8217;nde yap\u0131lm\u0131\u015ft\u0131r.) Y\u00fcksek devirli cilalamaya kusursuz yan\u0131t verir, b\u00f6ylece a\u015f\u0131nma izleri kolayl\u0131kla yok edilirler. Trend ile sa\u011flanan kaplama tabakas\u0131, bir temel temizlik malzemesi kullanmaks\u0131z\u0131n derinlemesine temizlik ile k\u0131smen yok edilebilir.<br \/>\n<\/span><\/p>\n<hr \/>\n<p><img loading=\"lazy\" class=\"alignnone size-full wp-image-1499\" src=\"https:\/\/kiehl.mcsajans.com\/wp-content\/uploads\/2021\/02\/trend_icon.jpg\" alt=\"\" width=\"209\" height=\"67\" \/><\/p>\n<p><strong><span class=\"urun_text_02\">Metrekare ba\u015f\u0131na t\u00fcketim<\/span><\/strong><br \/>\nKaplama: Uygulama ba\u015f\u0131na 25 ml<br \/>\nDerinlemesine temizlikten sonra bak\u0131m: Uygulama ba\u015f\u0131na 25 ml<br \/>\nSprey bak\u0131m\u0131: 1.5 ml<\/p>\n<p><strong>Profesyonel kullan\u0131mlar i\u00e7indir!<\/strong><\/p>\n<p><strong>Paketleme<\/strong><br \/>\n10 litre bidon \u00dcr. No. j 20 04 10<br \/>\n200 litre varil \u00dcr. No. j 20 04 72<\/p>\n<p>Donmaya kar\u015f\u0131 koruyunuz!<\/p>\n","protected":false},"featured_media":1500,"comment_status":"open","ping_status":"closed","template":"elementor_theme","meta":[],"yoast_head":"<!-- This site is optimized with the Yoast SEO plugin v15.9 - https:\/\/yoast.com\/wordpress\/plugins\/seo\/ -->\r\n<title>Trend | K\u0130EHL<\/title>\r\n<meta name=\"description\" content=\"Ekolojiye duyarl\u0131 bir zemin bak\u0131m\u0131 i\u00e7in tasarlanm\u0131\u015f em\u00fclsiyon cilas\u0131. Koruyucu tabaka kendili\u011finden parlama \u00f6zelli\u011fine sahiptir, ve hem konsantre hem de suyla seyrelterek uygulanmas\u0131 durumlar\u0131nda iz b\u0131rakmaks\u0131z\u0131n kurur.\" \/>\r\n<meta name=\"robots\" content=\"index, follow, max-snippet:-1, max-image-preview:large, max-video-preview:-1\" \/>\r\n<link rel=\"canonical\" href=\"http:\/\/www.kiehlturkey.com\/index.php\/urun\/trend\/\" \/>\r\n<meta property=\"og:locale\" content=\"tr_TR\" \/>\r\n<meta property=\"og:type\" content=\"article\" \/>\r\n<meta property=\"og:title\" content=\"Trend | K\u0130EHL\" \/>\r\n<meta property=\"og:description\" content=\"Ekolojiye duyarl\u0131 bir zemin bak\u0131m\u0131 i\u00e7in tasarlanm\u0131\u015f em\u00fclsiyon cilas\u0131. Koruyucu tabaka kendili\u011finden parlama \u00f6zelli\u011fine sahiptir, ve hem konsantre hem de suyla seyrelterek uygulanmas\u0131 durumlar\u0131nda iz b\u0131rakmaks\u0131z\u0131n kurur.\" \/>\r\n<meta property=\"og:url\" content=\"http:\/\/www.kiehlturkey.com\/index.php\/urun\/trend\/\" \/>\r\n<meta property=\"og:site_name\" content=\"K\u0130EHL\" \/>\r\n<meta property=\"article:modified_time\" content=\"2021-02-27T19:06:01+00:00\" \/>\r\n<meta property=\"og:image\" content=\"http:\/\/www.kiehlturkey.com\/wp-content\/uploads\/2021\/02\/trend.jpg\" \/>\r\n\t<meta property=\"og:image:width\" content=\"500\" \/>\r\n\t<meta property=\"og:image:height\" content=\"500\" \/>\r\n<meta name=\"twitter:card\" content=\"summary_large_image\" \/>\r\n<meta name=\"twitter:label1\" content=\"Tahmini okuma s\u00fcresi\">\n\t<meta name=\"twitter:data1\" content=\"2 dakika\">\r\n<script type=\"application\/ld+json\" class=\"yoast-schema-graph\">{\"@context\":\"https:\/\/schema.org\",\"@graph\":[{\"@type\":\"WebSite\",\"@id\":\"http:\/\/www.kiehlturkey.com\/#website\",\"url\":\"http:\/\/www.kiehlturkey.com\/\",\"name\":\"K\\u0130EHL\",\"description\":\"die saubere L\\u00f6sung\",\"potentialAction\":[{\"@type\":\"SearchAction\",\"target\":\"http:\/\/www.kiehlturkey.com\/?s={search_term_string}\",\"query-input\":\"required name=search_term_string\"}],\"inLanguage\":\"tr\"},{\"@type\":\"ImageObject\",\"@id\":\"http:\/\/www.kiehlturkey.com\/index.php\/urun\/trend\/#primaryimage\",\"inLanguage\":\"tr\",\"url\":\"http:\/\/www.kiehlturkey.com\/wp-content\/uploads\/2021\/02\/trend.jpg\",\"width\":500,\"height\":500},{\"@type\":\"WebPage\",\"@id\":\"http:\/\/www.kiehlturkey.com\/index.php\/urun\/trend\/#webpage\",\"url\":\"http:\/\/www.kiehlturkey.com\/index.php\/urun\/trend\/\",\"name\":\"Trend | K\\u0130EHL\",\"isPartOf\":{\"@id\":\"http:\/\/www.kiehlturkey.com\/#website\"},\"primaryImageOfPage\":{\"@id\":\"http:\/\/www.kiehlturkey.com\/index.php\/urun\/trend\/#primaryimage\"},\"datePublished\":\"2021-02-27T18:57:06+00:00\",\"dateModified\":\"2021-02-27T19:06:01+00:00\",\"description\":\"Ekolojiye duyarl\\u0131 bir zemin bak\\u0131m\\u0131 i\\u00e7in tasarlanm\\u0131\\u015f em\\u00fclsiyon cilas\\u0131. Koruyucu tabaka kendili\\u011finden parlama \\u00f6zelli\\u011fine sahiptir, ve hem konsantre hem de suyla seyrelterek uygulanmas\\u0131 durumlar\\u0131nda iz b\\u0131rakmaks\\u0131z\\u0131n kurur.\",\"breadcrumb\":{\"@id\":\"http:\/\/www.kiehlturkey.com\/index.php\/urun\/trend\/#breadcrumb\"},\"inLanguage\":\"tr\",\"potentialAction\":[{\"@type\":\"ReadAction\",\"target\":[\"http:\/\/www.kiehlturkey.com\/index.php\/urun\/trend\/\"]}]},{\"@type\":\"BreadcrumbList\",\"@id\":\"http:\/\/www.kiehlturkey.com\/index.php\/urun\/trend\/#breadcrumb\",\"itemListElement\":[{\"@type\":\"ListItem\",\"position\":1,\"item\":{\"@type\":\"WebPage\",\"@id\":\"http:\/\/www.kiehlturkey.com\/\",\"url\":\"http:\/\/www.kiehlturkey.com\/\",\"name\":\"Ana sayfa\"}},{\"@type\":\"ListItem\",\"position\":2,\"item\":{\"@type\":\"WebPage\",\"@id\":\"http:\/\/www.kiehlturkey.com\/index.php\/urunler\/\",\"url\":\"http:\/\/www.kiehlturkey.com\/index.php\/urunler\/\",\"name\":\"\\u00dcr\\u00fcnler\"}},{\"@type\":\"ListItem\",\"position\":3,\"item\":{\"@type\":\"WebPage\",\"@id\":\"http:\/\/www.kiehlturkey.com\/index.php\/urun\/trend\/\",\"url\":\"http:\/\/www.kiehlturkey.com\/index.php\/urun\/trend\/\",\"name\":\"Trend\"}}]}]}<\/script>\r\n<!-- \/ Yoast SEO plugin. -->","_links":{"self":[{"href":"http:\/\/www.kiehlturkey.com\/index.php\/wp-json\/wp\/v2\/product\/1493"}],"collection":[{"href":"http:\/\/www.kiehlturkey.com\/index.php\/wp-json\/wp\/v2\/product"}],"about":[{"href":"http:\/\/www.kiehlturkey.com\/index.php\/wp-json\/wp\/v2\/types\/product"}],"replies":[{"embeddable":true,"href":"http:\/\/www.kiehlturkey.com\/index.php\/wp-json\/wp\/v2\/comments?post=1493"}],"version-history":[{"count":2,"href":"http:\/\/www.kiehlturkey.com\/index.php\/wp-json\/wp\/v2\/product\/1493\/revisions"}],"predecessor-version":[{"id":1501,"href":"http:\/\/www.kiehlturkey.com\/index.php\/wp-json\/wp\/v2\/product\/1493\/revisions\/1501"}],"wp:featuredmedia":[{"embeddable":true,"href":"http:\/\/www.kiehlturkey.com\/index.php\/wp-json\/wp\/v2\/media\/1500"}],"wp:attachment":[{"href":"http:\/\/www.kiehlturkey.com\/index.php\/wp-json\/wp\/v2\/media?parent=1493"}],"curies":[{"name":"wp","href":"https:\/\/api.w.org\/{rel}","templated":true}]}}