{"id":1498,"date":"2021-02-27T19:01:09","date_gmt":"2021-02-27T19:01:09","guid":{"rendered":"https:\/\/kiehl.mcsajans.com\/?post_type=product&#038;p=1498"},"modified":"2021-02-27T19:07:58","modified_gmt":"2021-02-27T19:07:58","slug":"arenas-perla","status":"publish","type":"product","link":"http:\/\/www.kiehlturkey.com\/index.php\/urun\/arenas-perla\/","title":{"rendered":"Arenas-Perla"},"content":{"rendered":"<p><strong><span class=\"urun_text_02\">\u00d6zellikleri : <\/span><\/strong><span class=\"urun_text_02\">ARENAS\u00ae-Perla t\u00fcm su s\u0131cakl\u0131klar\u0131nda kullan\u0131labilen (30-90 \u00b0C) g\u00fc\u00e7l\u00fc bir toz deterjand\u0131r. Fosfat i\u00e7ermeyen toz deterjan lekeleri \u00e7\u0131kararak optimum y\u0131kama sonu\u00e7lar\u0131 elde etmenizi sa\u011flar. ARENAS\u00ae-Perla profesyonel \u00e7ama\u015f\u0131r y\u0131kama sekt\u00f6r\u00fcnde \u00e7ok etkili oldu\u011fundan kendi de\u011ferini kan\u0131tlar.<\/span><span class=\"urun_text_02\"><br \/>\n<\/span><\/p>\n<p><strong>\u0130\u00e7indekiler : <\/strong>Noniyonik y\u00fczey aktif madde &lt; 5%, aniyonik surfactants &lt; 5%, sabun &lt; 5%, polikarbosilikat &lt;5%, zeolitler 5\u201315%, oksijen bazl\u0131 a\u011fartma ajanlar\u0131 5\u201315%, enzimler, optik parlat\u0131c\u0131, parf\u00fcm. D\u00f6kme yo\u011funlu\u011fu: yakla\u015f\u0131k. 850 g\/l pH de\u011feri (1%): yakla\u015f\u0131k.10<\/p>\n<p><strong><span class=\"urun_text_02\">Uygulama : <\/span><\/strong><span class=\"urun_text_02\">Beyaz ve renkli \u00e7ama\u015f\u0131r y\u0131kamalar\u0131na uygun yan\u0131 s\u0131ra kar\u0131\u015f\u0131k kuma\u015f, sentetik ve pamuktan yap\u0131lm\u0131\u015f tekstil temizli\u011finde kullan\u0131l\u0131r. Bireysel kullan\u0131mlarda l\u00fctfen maksimum y\u0131kama s\u0131cakl\u0131klar\u0131na dikkat ediniz. \u0130pek ya da y\u00fcn \u00e7ama\u015f\u0131rlarda kullanmay\u0131n\u0131z.<\/span><\/p>\n<p><strong><span class=\"urun_text_02\">Kullan\u0131m Talimat\u0131 :<\/span><\/strong> \u00c7ama\u015f\u0131r makinenizin deterjan g\u00f6z\u00fcne do\u011frudan tozu d\u00f6k\u00fcn. Manuel y\u0131kama i\u00e7in: 125\/140 ml \u00fcr\u00fcn\u00fc 10 litre suda eritin .n y\u0131kama i\u00e7in: Tabloda listelenen \u00f6nerilen miktarlar\u0131n yar\u0131s\u0131n\u0131 kullan\u0131n. G\u00fc\u00e7l\u00fc lekeler i\u00e7in, kilo ba\u015f\u0131na 5 gr veya 5 ml ilave edin. \u00c7ok g\u00fc\u00e7l\u00fc lekeler i\u00e7in, biz size ARENAS\u00ae-exet \u00fcr\u00fcnlerini \u00f6neririz.<\/p>\n<p><img loading=\"lazy\" class=\"alignnone size-full wp-image-1489\" src=\"https:\/\/kiehl.mcsajans.com\/wp-content\/uploads\/2021\/02\/tahris.jpg\" alt=\"\" width=\"69\" height=\"79\" \/> Xi, Tahri\u015f edici;<br \/>\nR 38 Cildi tahri\u015f eder.<br \/>\nR 41 G\u00f6zlere ciddi hasar verir<br \/>\nS 25 G\u00f6z ile temas\u0131ndan sak\u0131n\u0131n<br \/>\nS 26 G\u00f6zlere temas etmesi halinde, bol su ile y\u0131kay\u0131n ve doktora ba\u015fvurun.<\/p>\n<p>&nbsp;<\/p>\n","protected":false},"excerpt":{"rendered":"<h1>Arenas-Perla<\/h1>\n<p><strong>G\u00fc\u00e7l\u00fc toz deterjan<\/strong><\/p>\n<p><span class=\"urun_text_02\"><strong>\u00d6zellikleri <\/strong>: ARENAS\u00ae-Perla t\u00fcm su s\u0131cakl\u0131klar\u0131nda kullan\u0131labilen (30-90 \u00b0C) g\u00fc\u00e7l\u00fc bir toz deterjand\u0131r. Fosfat i\u00e7ermeyen toz deterjan lekeleri \u00e7\u0131kararak optimum y\u0131kama sonu\u00e7lar\u0131 elde etmenizi sa\u011flar. ARENAS\u00ae-Perla profesyonel \u00e7ama\u015f\u0131r y\u0131kama sekt\u00f6r\u00fcnde \u00e7ok etkili oldu\u011fundan kendi de\u011ferini kan\u0131tlar.<\/span><\/p>\n<p>&nbsp;<\/p>\n<hr \/>\n<p><strong>Kullan\u0131m Talimat\u0131<\/strong><br \/>\nNormal kirli \u00e7ama\u015f\u0131rlar da, g\u00fc\u00e7l\u00fc deterjandan 1 kg yeterlidir<\/p>\n<p><strong>Profesyonel kullan\u0131mlar i\u00e7indir!<\/strong><\/p>\n<p><strong>Ambalaj<\/strong><br \/>\n15 kg Torba \u00dcr\u00fcn. No. j 65 71 26<\/p>\n<p><img loading=\"lazy\" class=\"alignnone size-full wp-image-1482\" src=\"https:\/\/kiehl.mcsajans.com\/wp-content\/uploads\/2021\/02\/arenas_wash-1.jpg\" alt=\"\" width=\"66\" height=\"67\" \/><\/p>\n","protected":false},"featured_media":1502,"comment_status":"open","ping_status":"closed","template":"elementor_theme","meta":[],"yoast_head":"<!-- This site is optimized with the Yoast SEO plugin v15.9 - https:\/\/yoast.com\/wordpress\/plugins\/seo\/ -->\r\n<title>Arenas-Perla | K\u0130EHL<\/title>\r\n<meta name=\"description\" content=\"ARENAS\u00ae-Perla t\u00fcm su s\u0131cakl\u0131klar\u0131nda kullan\u0131labilen (30-90 \u00b0C) g\u00fc\u00e7l\u00fc bir toz deterjand\u0131r.\" \/>\r\n<meta name=\"robots\" content=\"index, follow, max-snippet:-1, max-image-preview:large, max-video-preview:-1\" \/>\r\n<link rel=\"canonical\" href=\"http:\/\/www.kiehlturkey.com\/index.php\/urun\/arenas-perla\/\" \/>\r\n<meta property=\"og:locale\" content=\"tr_TR\" \/>\r\n<meta property=\"og:type\" content=\"article\" \/>\r\n<meta property=\"og:title\" content=\"Arenas-Perla | K\u0130EHL\" \/>\r\n<meta property=\"og:description\" content=\"ARENAS\u00ae-Perla t\u00fcm su s\u0131cakl\u0131klar\u0131nda kullan\u0131labilen (30-90 \u00b0C) g\u00fc\u00e7l\u00fc bir toz deterjand\u0131r.\" \/>\r\n<meta property=\"og:url\" content=\"http:\/\/www.kiehlturkey.com\/index.php\/urun\/arenas-perla\/\" \/>\r\n<meta property=\"og:site_name\" content=\"K\u0130EHL\" \/>\r\n<meta property=\"article:modified_time\" content=\"2021-02-27T19:07:58+00:00\" \/>\r\n<meta property=\"og:image\" content=\"http:\/\/www.kiehlturkey.com\/wp-content\/uploads\/2021\/02\/Untitled-1-7.jpg\" \/>\r\n\t<meta property=\"og:image:width\" content=\"500\" \/>\r\n\t<meta property=\"og:image:height\" content=\"500\" \/>\r\n<meta name=\"twitter:card\" content=\"summary_large_image\" \/>\r\n<meta name=\"twitter:label1\" content=\"Tahmini okuma s\u00fcresi\">\n\t<meta name=\"twitter:data1\" content=\"2 dakika\">\r\n<script type=\"application\/ld+json\" class=\"yoast-schema-graph\">{\"@context\":\"https:\/\/schema.org\",\"@graph\":[{\"@type\":\"WebSite\",\"@id\":\"http:\/\/www.kiehlturkey.com\/#website\",\"url\":\"http:\/\/www.kiehlturkey.com\/\",\"name\":\"K\\u0130EHL\",\"description\":\"die saubere L\\u00f6sung\",\"potentialAction\":[{\"@type\":\"SearchAction\",\"target\":\"http:\/\/www.kiehlturkey.com\/?s={search_term_string}\",\"query-input\":\"required name=search_term_string\"}],\"inLanguage\":\"tr\"},{\"@type\":\"ImageObject\",\"@id\":\"http:\/\/www.kiehlturkey.com\/index.php\/urun\/arenas-perla\/#primaryimage\",\"inLanguage\":\"tr\",\"url\":\"http:\/\/www.kiehlturkey.com\/wp-content\/uploads\/2021\/02\/Untitled-1-7.jpg\",\"width\":500,\"height\":500},{\"@type\":\"WebPage\",\"@id\":\"http:\/\/www.kiehlturkey.com\/index.php\/urun\/arenas-perla\/#webpage\",\"url\":\"http:\/\/www.kiehlturkey.com\/index.php\/urun\/arenas-perla\/\",\"name\":\"Arenas-Perla | K\\u0130EHL\",\"isPartOf\":{\"@id\":\"http:\/\/www.kiehlturkey.com\/#website\"},\"primaryImageOfPage\":{\"@id\":\"http:\/\/www.kiehlturkey.com\/index.php\/urun\/arenas-perla\/#primaryimage\"},\"datePublished\":\"2021-02-27T19:01:09+00:00\",\"dateModified\":\"2021-02-27T19:07:58+00:00\",\"description\":\"ARENAS\\u00ae-Perla t\\u00fcm su s\\u0131cakl\\u0131klar\\u0131nda kullan\\u0131labilen (30-90 \\u00b0C) g\\u00fc\\u00e7l\\u00fc bir toz deterjand\\u0131r.\",\"breadcrumb\":{\"@id\":\"http:\/\/www.kiehlturkey.com\/index.php\/urun\/arenas-perla\/#breadcrumb\"},\"inLanguage\":\"tr\",\"potentialAction\":[{\"@type\":\"ReadAction\",\"target\":[\"http:\/\/www.kiehlturkey.com\/index.php\/urun\/arenas-perla\/\"]}]},{\"@type\":\"BreadcrumbList\",\"@id\":\"http:\/\/www.kiehlturkey.com\/index.php\/urun\/arenas-perla\/#breadcrumb\",\"itemListElement\":[{\"@type\":\"ListItem\",\"position\":1,\"item\":{\"@type\":\"WebPage\",\"@id\":\"http:\/\/www.kiehlturkey.com\/\",\"url\":\"http:\/\/www.kiehlturkey.com\/\",\"name\":\"Ana sayfa\"}},{\"@type\":\"ListItem\",\"position\":2,\"item\":{\"@type\":\"WebPage\",\"@id\":\"http:\/\/www.kiehlturkey.com\/index.php\/urunler\/\",\"url\":\"http:\/\/www.kiehlturkey.com\/index.php\/urunler\/\",\"name\":\"\\u00dcr\\u00fcnler\"}},{\"@type\":\"ListItem\",\"position\":3,\"item\":{\"@type\":\"WebPage\",\"@id\":\"http:\/\/www.kiehlturkey.com\/index.php\/urun\/arenas-perla\/\",\"url\":\"http:\/\/www.kiehlturkey.com\/index.php\/urun\/arenas-perla\/\",\"name\":\"Arenas-Perla\"}}]}]}<\/script>\r\n<!-- \/ Yoast SEO plugin. -->","_links":{"self":[{"href":"http:\/\/www.kiehlturkey.com\/index.php\/wp-json\/wp\/v2\/product\/1498"}],"collection":[{"href":"http:\/\/www.kiehlturkey.com\/index.php\/wp-json\/wp\/v2\/product"}],"about":[{"href":"http:\/\/www.kiehlturkey.com\/index.php\/wp-json\/wp\/v2\/types\/product"}],"replies":[{"embeddable":true,"href":"http:\/\/www.kiehlturkey.com\/index.php\/wp-json\/wp\/v2\/comments?post=1498"}],"version-history":[{"count":2,"href":"http:\/\/www.kiehlturkey.com\/index.php\/wp-json\/wp\/v2\/product\/1498\/revisions"}],"predecessor-version":[{"id":1504,"href":"http:\/\/www.kiehlturkey.com\/index.php\/wp-json\/wp\/v2\/product\/1498\/revisions\/1504"}],"wp:featuredmedia":[{"embeddable":true,"href":"http:\/\/www.kiehlturkey.com\/index.php\/wp-json\/wp\/v2\/media\/1502"}],"wp:attachment":[{"href":"http:\/\/www.kiehlturkey.com\/index.php\/wp-json\/wp\/v2\/media?parent=1498"}],"curies":[{"name":"wp","href":"https:\/\/api.w.org\/{rel}","templated":true}]}}