{"id":1507,"date":"2021-02-27T19:09:41","date_gmt":"2021-02-27T19:09:41","guid":{"rendered":"https:\/\/kiehl.mcsajans.com\/?post_type=product&#038;p=1507"},"modified":"2021-02-27T19:14:37","modified_gmt":"2021-02-27T19:14:37","slug":"arenas-soft","status":"publish","type":"product","link":"http:\/\/www.kiehlturkey.com\/index.php\/urun\/arenas-soft\/","title":{"rendered":"Arenas-Soft"},"content":{"rendered":"<p><strong><span class=\"urun_text_02\">\u00d6zellikleri : <\/span><\/strong><span class=\"urun_text_02\">ARENAS\u00ae-soft \u00e7ama\u015f\u0131rlar\u0131n\u0131z\u0131 yumu\u015fak ve g\u00f6steri\u015fli yapar, \u00e7ama\u015f\u0131r \u00fct\u00fcs\u00fcn\u00fc ve pres \u00fct\u00fcy\u00fc kolayla\u015ft\u0131r\u0131r ve \u00e7ama\u015f\u0131rlar\u0131n\u0131z\u0131n daha uzun s\u00fcre temiz kalmas\u0131n\u0131 sa\u011flar. Uzun s\u00fcren temizlik form\u00fcl\u00fc ile, ARENAS\u00ae-soft \u00e7ama\u015f\u0131rlar\u0131n\u0131z\u0131n uzun s\u00fcre ho\u015f kokmas\u0131n\u0131 sa\u011flar, cildinizle \u00e7ok uyumludur ve antistatik etkisi vard\u0131r. ARENAS\u00ae-soft di\u011fer ARENAS\u00ae y\u0131kama \u00fcr\u00fcnlerine m\u00fckemmel bir ilavedir.<\/span><span class=\"urun_text_02\"><br \/>\n<\/span><\/p>\n<p><strong>\u0130\u00e7indekiler : <\/strong>Katiyonik y\u00fczey aktif madde 5-15%, statik inhibit\u00f6rler, g\u0131da boyas\u0131, aromalar (zambak, heksil cinnamal, benzil salisilat, sitronelol, linalool). pH de\u011feri (konsantre): yakla\u015f\u0131k. 3 pH de\u011feri (kullan\u0131ma haz\u0131r sol\u00fcsyon): yakla\u015f\u0131k. 6<\/p>\n<p><strong><span class=\"urun_text_02\">Uygulama : <\/span><\/strong><span class=\"urun_text_02\">Y\u0131kanabilen b\u00fct\u00fcn \u00e7ama\u015f\u0131rlar\u0131n yumu\u015fat\u0131lmas\u0131nda kullan\u0131l\u0131r, mikrofiber ve fonksiyonel i\u00e7 \u00e7ama\u015f\u0131rlar hari\u00e7.<\/span><\/p>\n<p><strong><span class=\"urun_text_02\">Kullan\u0131m Talimat\u0131 :<\/span><\/strong> RENAS\u00ae-soft&#8217; u y\u0131kama i\u015fleminin son durulama suyuna ekleyiniz.<br \/>\nOtomatik seyreltme:ARENAS\u00ae-soft bidonunu, \u00e7ama\u015f\u0131rlar\u0131n\u0131z\u0131 yumu\u015fatmas\u0131 i\u00e7in pompa ba\u011flant\u0131s\u0131na ba\u011flay\u0131n\u0131z. \u00dcr\u00fcn \u00e7ama\u015f\u0131r makinesinin program kontrol\u00fc taraf\u0131ndan otomatik olarak seyreltilecektir.<br \/>\nManuel seyreltme:5-10 kg kuru \u00e7ama\u015f\u0131ra, 1\/2-1 dozaj kapa\u011f\u0131 (20-40 ml) ekleyiniz.<\/p>\n<p><img loading=\"lazy\" class=\"alignnone size-full wp-image-1489\" src=\"https:\/\/kiehl.mcsajans.com\/wp-content\/uploads\/2021\/02\/tahris.jpg\" alt=\"\" width=\"69\" height=\"79\" \/> C, A\u015f\u0131nd\u0131r\u0131c\u0131 (Konsantre halde);<br \/>\nR 35 Ciddi yan\u0131klara neden olur.<br \/>\nR 41 G\u00f6zlere ciddi hasar verebilir<br \/>\nS 24\/25 G\u00f6z ve cilt ile temas\u0131ndan ka\u00e7\u0131n\u0131n<br \/>\nS 26 G\u00f6zlere temas etmesi halinde, bol su ile y\u0131kay\u0131n ve doktora ba\u015fvurun.<\/p>\n<p>&nbsp;<\/p>\n","protected":false},"excerpt":{"rendered":"<h1>Arenas-Soft<\/h1>\n<p><strong>Kal\u0131c\u0131 ho\u015f kokulu \u00e7ama\u015f\u0131r yumu\u015fat\u0131c\u0131s\u0131<\/strong><\/p>\n<p><span class=\"urun_text_02\"><strong>\u00d6zellikleri <\/strong>: ARENAS\u00ae-soft \u00e7ama\u015f\u0131rlar\u0131n\u0131z\u0131 yumu\u015fak ve g\u00f6steri\u015fli yapar, \u00e7ama\u015f\u0131r \u00fct\u00fcs\u00fcn\u00fc ve pres \u00fct\u00fcy\u00fc kolayla\u015ft\u0131r\u0131r ve \u00e7ama\u015f\u0131rlar\u0131n\u0131z\u0131n daha uzun s\u00fcre temiz kalmas\u0131n\u0131 sa\u011flar. Uzun s\u00fcren temizlik form\u00fcl\u00fc ile, ARENAS\u00ae-soft \u00e7ama\u015f\u0131rlar\u0131n\u0131z\u0131n uzun s\u00fcre ho\u015f kokmas\u0131n\u0131 sa\u011flar, cildinizle \u00e7ok uyumludur ve antistatik etkisi vard\u0131r. ARENAS\u00ae-soft di\u011fer ARENAS\u00ae y\u0131kama \u00fcr\u00fcnlerine m\u00fckemmel bir ilavedir.<\/span><\/p>\n<p>&nbsp;<\/p>\n<hr \/>\n<p><strong>Kullan\u0131m Talimat\u0131<\/strong><br \/>\nKimyasal t\u00fcketimi \u00e7ama\u015f\u0131r makinesinin boyutuna ba\u011fl\u0131d\u0131r.<\/p>\n<p><strong>Profesyonel kullan\u0131mlar i\u00e7indir!<\/strong><\/p>\n<p><strong>Ambalaj<\/strong><br \/>\n6 x 1 litre dozaj \u015fi\u015feli koli \u00dcr\u00fcn No. j 65 41 02<br \/>\n10 litre bidon \u00dcr\u00fcn No. j 65 41 10<br \/>\n20 litre bidon \u00dcr\u00fcn No. j 65 41 21<\/p>\n<p><img loading=\"lazy\" class=\"alignnone size-full wp-image-1482\" src=\"https:\/\/kiehl.mcsajans.com\/wp-content\/uploads\/2021\/02\/arenas_wash-1.jpg\" alt=\"\" width=\"66\" height=\"67\" \/><\/p>\n","protected":false},"featured_media":1508,"comment_status":"open","ping_status":"closed","template":"elementor_theme","meta":[],"yoast_head":"<!-- This site is optimized with the Yoast SEO plugin v15.9 - https:\/\/yoast.com\/wordpress\/plugins\/seo\/ -->\r\n<title>Arenas-Soft | K\u0130EHL<\/title>\r\n<meta name=\"description\" content=\"ARENAS\u00ae-soft \u00e7ama\u015f\u0131rlar\u0131n\u0131z\u0131 yumu\u015fak ve g\u00f6steri\u015fli yapar, \u00e7ama\u015f\u0131r \u00fct\u00fcs\u00fcn\u00fc ve pres \u00fct\u00fcy\u00fc kolayla\u015ft\u0131r\u0131r ve \u00e7ama\u015f\u0131rlar\u0131n\u0131z\u0131n daha uzun s\u00fcre temiz kalmas\u0131n\u0131 sa\u011flar.\" \/>\r\n<meta name=\"robots\" content=\"index, follow, max-snippet:-1, max-image-preview:large, max-video-preview:-1\" \/>\r\n<link rel=\"canonical\" href=\"http:\/\/www.kiehlturkey.com\/index.php\/urun\/arenas-soft\/\" \/>\r\n<meta property=\"og:locale\" content=\"tr_TR\" \/>\r\n<meta property=\"og:type\" content=\"article\" \/>\r\n<meta property=\"og:title\" content=\"Arenas-Soft | K\u0130EHL\" \/>\r\n<meta property=\"og:description\" content=\"ARENAS\u00ae-soft \u00e7ama\u015f\u0131rlar\u0131n\u0131z\u0131 yumu\u015fak ve g\u00f6steri\u015fli yapar, \u00e7ama\u015f\u0131r \u00fct\u00fcs\u00fcn\u00fc ve pres \u00fct\u00fcy\u00fc kolayla\u015ft\u0131r\u0131r ve \u00e7ama\u015f\u0131rlar\u0131n\u0131z\u0131n daha uzun s\u00fcre temiz kalmas\u0131n\u0131 sa\u011flar.\" \/>\r\n<meta property=\"og:url\" content=\"http:\/\/www.kiehlturkey.com\/index.php\/urun\/arenas-soft\/\" \/>\r\n<meta property=\"og:site_name\" content=\"K\u0130EHL\" \/>\r\n<meta property=\"article:modified_time\" content=\"2021-02-27T19:14:37+00:00\" \/>\r\n<meta property=\"og:image\" content=\"http:\/\/www.kiehlturkey.com\/wp-content\/uploads\/2021\/02\/Untitled-1-8.jpg\" \/>\r\n\t<meta property=\"og:image:width\" content=\"500\" \/>\r\n\t<meta property=\"og:image:height\" content=\"500\" \/>\r\n<meta name=\"twitter:card\" content=\"summary_large_image\" \/>\r\n<meta name=\"twitter:label1\" content=\"Tahmini okuma s\u00fcresi\">\n\t<meta name=\"twitter:data1\" content=\"1 dakika\">\r\n<script type=\"application\/ld+json\" class=\"yoast-schema-graph\">{\"@context\":\"https:\/\/schema.org\",\"@graph\":[{\"@type\":\"WebSite\",\"@id\":\"http:\/\/www.kiehlturkey.com\/#website\",\"url\":\"http:\/\/www.kiehlturkey.com\/\",\"name\":\"K\\u0130EHL\",\"description\":\"die saubere L\\u00f6sung\",\"potentialAction\":[{\"@type\":\"SearchAction\",\"target\":\"http:\/\/www.kiehlturkey.com\/?s={search_term_string}\",\"query-input\":\"required name=search_term_string\"}],\"inLanguage\":\"tr\"},{\"@type\":\"ImageObject\",\"@id\":\"http:\/\/www.kiehlturkey.com\/index.php\/urun\/arenas-soft\/#primaryimage\",\"inLanguage\":\"tr\",\"url\":\"http:\/\/www.kiehlturkey.com\/wp-content\/uploads\/2021\/02\/Untitled-1-8.jpg\",\"width\":500,\"height\":500},{\"@type\":\"WebPage\",\"@id\":\"http:\/\/www.kiehlturkey.com\/index.php\/urun\/arenas-soft\/#webpage\",\"url\":\"http:\/\/www.kiehlturkey.com\/index.php\/urun\/arenas-soft\/\",\"name\":\"Arenas-Soft | K\\u0130EHL\",\"isPartOf\":{\"@id\":\"http:\/\/www.kiehlturkey.com\/#website\"},\"primaryImageOfPage\":{\"@id\":\"http:\/\/www.kiehlturkey.com\/index.php\/urun\/arenas-soft\/#primaryimage\"},\"datePublished\":\"2021-02-27T19:09:41+00:00\",\"dateModified\":\"2021-02-27T19:14:37+00:00\",\"description\":\"ARENAS\\u00ae-soft \\u00e7ama\\u015f\\u0131rlar\\u0131n\\u0131z\\u0131 yumu\\u015fak ve g\\u00f6steri\\u015fli yapar, \\u00e7ama\\u015f\\u0131r \\u00fct\\u00fcs\\u00fcn\\u00fc ve pres \\u00fct\\u00fcy\\u00fc kolayla\\u015ft\\u0131r\\u0131r ve \\u00e7ama\\u015f\\u0131rlar\\u0131n\\u0131z\\u0131n daha uzun s\\u00fcre temiz kalmas\\u0131n\\u0131 sa\\u011flar.\",\"breadcrumb\":{\"@id\":\"http:\/\/www.kiehlturkey.com\/index.php\/urun\/arenas-soft\/#breadcrumb\"},\"inLanguage\":\"tr\",\"potentialAction\":[{\"@type\":\"ReadAction\",\"target\":[\"http:\/\/www.kiehlturkey.com\/index.php\/urun\/arenas-soft\/\"]}]},{\"@type\":\"BreadcrumbList\",\"@id\":\"http:\/\/www.kiehlturkey.com\/index.php\/urun\/arenas-soft\/#breadcrumb\",\"itemListElement\":[{\"@type\":\"ListItem\",\"position\":1,\"item\":{\"@type\":\"WebPage\",\"@id\":\"http:\/\/www.kiehlturkey.com\/\",\"url\":\"http:\/\/www.kiehlturkey.com\/\",\"name\":\"Ana sayfa\"}},{\"@type\":\"ListItem\",\"position\":2,\"item\":{\"@type\":\"WebPage\",\"@id\":\"http:\/\/www.kiehlturkey.com\/index.php\/urunler\/\",\"url\":\"http:\/\/www.kiehlturkey.com\/index.php\/urunler\/\",\"name\":\"\\u00dcr\\u00fcnler\"}},{\"@type\":\"ListItem\",\"position\":3,\"item\":{\"@type\":\"WebPage\",\"@id\":\"http:\/\/www.kiehlturkey.com\/index.php\/urun\/arenas-soft\/\",\"url\":\"http:\/\/www.kiehlturkey.com\/index.php\/urun\/arenas-soft\/\",\"name\":\"Arenas-Soft\"}}]}]}<\/script>\r\n<!-- \/ Yoast SEO plugin. -->","_links":{"self":[{"href":"http:\/\/www.kiehlturkey.com\/index.php\/wp-json\/wp\/v2\/product\/1507"}],"collection":[{"href":"http:\/\/www.kiehlturkey.com\/index.php\/wp-json\/wp\/v2\/product"}],"about":[{"href":"http:\/\/www.kiehlturkey.com\/index.php\/wp-json\/wp\/v2\/types\/product"}],"replies":[{"embeddable":true,"href":"http:\/\/www.kiehlturkey.com\/index.php\/wp-json\/wp\/v2\/comments?post=1507"}],"version-history":[{"count":1,"href":"http:\/\/www.kiehlturkey.com\/index.php\/wp-json\/wp\/v2\/product\/1507\/revisions"}],"predecessor-version":[{"id":1509,"href":"http:\/\/www.kiehlturkey.com\/index.php\/wp-json\/wp\/v2\/product\/1507\/revisions\/1509"}],"wp:featuredmedia":[{"embeddable":true,"href":"http:\/\/www.kiehlturkey.com\/index.php\/wp-json\/wp\/v2\/media\/1508"}],"wp:attachment":[{"href":"http:\/\/www.kiehlturkey.com\/index.php\/wp-json\/wp\/v2\/media?parent=1507"}],"curies":[{"name":"wp","href":"https:\/\/api.w.org\/{rel}","templated":true}]}}