{"id":1521,"date":"2021-02-27T19:29:38","date_gmt":"2021-02-27T19:29:38","guid":{"rendered":"https:\/\/kiehl.mcsajans.com\/?post_type=product&#038;p=1521"},"modified":"2021-02-27T19:42:35","modified_gmt":"2021-02-27T19:42:35","slug":"dopomat-forte","status":"publish","type":"product","link":"http:\/\/www.kiehlturkey.com\/index.php\/urun\/dopomat-forte\/","title":{"rendered":"Dopomat-forte"},"content":{"rendered":"<p><strong><span class=\"urun_text_02\">\u00d6zellikleri : <\/span><\/strong><span class=\"urun_text_02\">\u00d6zel aktif i\u00e7eri\u011fe sahip, az k\u00f6p\u00fcren, etkin alkali temizleyici. Motor ya\u011f\u0131, gres ya\u011f\u0131, kurum, birikmi\u015f kirler, grafit ve egsoz gaz\u0131 lekelerini s\u00f6ker. Ayr\u0131ca, ya\u011f ay\u0131r\u0131c\u0131lar\u0131 i\u00e7in de uygundur.<\/span><strong><span class=\"urun_text_02\"><br \/>\n<\/span><\/strong><\/p>\n<p><strong><span class=\"urun_text_02\">\u0130\u00e7indekiler : <\/span><\/strong><span class=\"urun_text_02\">Aniyonik ve non-iyonik y\u00fczey etkin maddeler &lt; 5%, fosfonatlar &lt; 5%, suda \u00e7\u00f6z\u00fcnebilen solventler, paslanma \u00f6nleyiciler, alkaliler, boyar maddeler. pH-de\u011feri (konsantre): yakla\u015f\u0131k 13 pH-de\u011feri (kullan\u0131ma haz\u0131r sol\u00fcsyon): yakla\u015f\u0131k 11,5<\/span><\/p>\n<p><strong><span class=\"urun_text_02\">Kullan\u0131m Alanlar\u0131 : <\/span><\/strong><span class=\"urun_text_02\">Beton ya da klinker zeminli fabrika ve at\u00f6lyeler, telli camdan yap\u0131lm\u0131\u015f hangar \u00e7at\u0131lar\u0131, metro ya da yeralt\u0131 istasyonlar\u0131ndaki yer ve duvar karolar\u0131 gibi end\u00fcstriyel alanlardaki t\u00fcm suya ve alkalilere dayan\u0131kl\u0131 y\u00fczeylerde kullan\u0131ma uygundur. Ayr\u0131ca, \u00e7\u00f6p konteyn\u0131rlar\u0131 ve \u00e7\u00f6p tenekelerinin temizli\u011fi i\u00e7inde kullan\u0131labilir. Kaplamal\u0131 zeminler ile linolyum, kau\u00e7uk ve al\u00fcminyum \u00fczerinde kullan\u0131lmamal\u0131d\u0131r.<\/span><\/p>\n<p><span class=\"urun_text_02\"><strong>Kullan\u0131m \u015eekli :<\/strong> \u0130lk uygulamadan \u00f6nce k\u00fc\u00e7\u00fck bir b\u00f6lgeyi test ediniz.<\/span><\/p>\n<p><strong><span class=\"urun_text_02\">Rutin temizlik (mekanik \u0131slak temizleme) :<\/span><\/strong>\u00a010 litre so\u011fuk suya 100 ml.<br \/>\n<span class=\"urun_text_02\"><br \/>\n<strong>Y\u00fcksek bas\u0131n\u00e7l\u0131 temizlik :<\/strong><\/span>\u00a010 litre so\u011fuk suya 200 ml.<\/p>\n<p><strong><span class=\"urun_text_02\">Temel temizlik :<\/span><\/strong>\u00a010 litre so\u011fuk suya.<\/p>\n<p><strong><span class=\"urun_text_02\">Uyar\u0131 :<\/span><\/strong>\u00a0Kiehl \u00fcr\u00fcn\u00fcn usule uygun olmayan kullan\u0131m\u0131 ve bundan do\u011facak zararlar<br \/>\ni\u00e7in hi\u00e7bir sorumlulu\u011fu kabul etmez.<\/p>\n<p><img loading=\"lazy\" class=\"alignnone size-full wp-image-1528\" src=\"https:\/\/kiehl.mcsajans.com\/wp-content\/uploads\/2021\/02\/tahris-1.jpg\" alt=\"\" width=\"69\" height=\"79\" \/> R 36\/38 G\u00f6zleri ve deriyi tahri\u015f eder.<br \/>\nS 24\/25 Deri ve g\u00f6zlere temas etmemesine dikkat ediniz.<br \/>\nS 37\/39 Uygun eldiven ve g\u00f6z\/y\u00fcz koruyucu kullan\u0131n\u0131z.<br \/>\nPotasyum hidroksit i\u00e7erir.<\/p>\n","protected":false},"excerpt":{"rendered":"<h1><span class=\"urun_baslik_01\">Dopomat-forte<\/span><\/h1>\n<p><span class=\"urun_text_02\">Alkali end\u00fcstriyel temizleyici<\/span><\/p>\n<p><span class=\"urun_text_02\"><strong>\u00d6zellikleri <\/strong>: \u00d6zel aktif i\u00e7eri\u011fe sahip, az k\u00f6p\u00fcren, etkin alkali temizleyici. Motor ya\u011f\u0131, gres ya\u011f\u0131, kurum, birikmi\u015f kirler, grafit ve egsoz gaz\u0131 lekelerini s\u00f6ker. Ayr\u0131ca, ya\u011f ay\u0131r\u0131c\u0131lar\u0131 i\u00e7in de uygundur.<\/span><\/p>\n<p>&nbsp;<\/p>\n<hr \/>\n<p><img loading=\"lazy\" class=\"alignnone size-full wp-image-1526\" src=\"https:\/\/kiehl.mcsajans.com\/wp-content\/uploads\/2021\/02\/dopomat-forte_icon.jpg\" alt=\"\" width=\"215\" height=\"67\" \/><\/p>\n<p><strong><span class=\"urun_text_02\">Metrekare ba\u015f\u0131na t\u00fcketim<\/span><\/strong><br \/>\nMekanik \u0131slak temizleme: 1 ml<br \/>\nY\u00fcksek bas\u0131n\u00e7l\u0131 temizlik: 8 ml<br \/>\nTemel temizlik: 40 ml<\/p>\n<p><strong>Profesyonel kullan\u0131mlar i\u00e7indir!<\/strong><\/p>\n<p><strong>Paketleme<\/strong><br \/>\n10 litre bidon \u00a0\u00a0\u00a0\u00a0\u00dcr. No. j 05 02 10<br \/>\n200 litre varil\u00a0\u00a0\u00a0\u00a0\u00a0\u00dcr. No. j 05 02 72<\/p>\n","protected":false},"featured_media":1531,"comment_status":"open","ping_status":"closed","template":"elementor_theme","meta":[],"yoast_head":"<!-- This site is optimized with the Yoast SEO plugin v15.9 - https:\/\/yoast.com\/wordpress\/plugins\/seo\/ -->\r\n<title>Dopomat-forte | K\u0130EHL<\/title>\r\n<meta name=\"description\" content=\"\u00d6zel aktif i\u00e7eri\u011fe sahip, az k\u00f6p\u00fcren, etkin alkali temizleyici. Motor ya\u011f\u0131, gres ya\u011f\u0131, kurum, birikmi\u015f kirler, grafit ve egsoz gaz\u0131 lekelerini s\u00f6ker.\" \/>\r\n<meta name=\"robots\" content=\"index, follow, max-snippet:-1, max-image-preview:large, max-video-preview:-1\" \/>\r\n<link rel=\"canonical\" href=\"http:\/\/www.kiehlturkey.com\/index.php\/urun\/dopomat-forte\/\" \/>\r\n<meta property=\"og:locale\" content=\"tr_TR\" \/>\r\n<meta property=\"og:type\" content=\"article\" \/>\r\n<meta property=\"og:title\" content=\"Dopomat-forte | K\u0130EHL\" \/>\r\n<meta property=\"og:description\" content=\"\u00d6zel aktif i\u00e7eri\u011fe sahip, az k\u00f6p\u00fcren, etkin alkali temizleyici. Motor ya\u011f\u0131, gres ya\u011f\u0131, kurum, birikmi\u015f kirler, grafit ve egsoz gaz\u0131 lekelerini s\u00f6ker.\" \/>\r\n<meta property=\"og:url\" content=\"http:\/\/www.kiehlturkey.com\/index.php\/urun\/dopomat-forte\/\" \/>\r\n<meta property=\"og:site_name\" content=\"K\u0130EHL\" \/>\r\n<meta property=\"article:modified_time\" content=\"2021-02-27T19:42:35+00:00\" \/>\r\n<meta property=\"og:image\" content=\"http:\/\/www.kiehlturkey.com\/wp-content\/uploads\/2021\/02\/dopomat-forte.jpg\" \/>\r\n\t<meta property=\"og:image:width\" content=\"500\" \/>\r\n\t<meta property=\"og:image:height\" content=\"500\" \/>\r\n<meta name=\"twitter:card\" content=\"summary_large_image\" \/>\r\n<meta name=\"twitter:label1\" content=\"Tahmini okuma s\u00fcresi\">\n\t<meta name=\"twitter:data1\" content=\"2 dakika\">\r\n<script type=\"application\/ld+json\" class=\"yoast-schema-graph\">{\"@context\":\"https:\/\/schema.org\",\"@graph\":[{\"@type\":\"WebSite\",\"@id\":\"http:\/\/www.kiehlturkey.com\/#website\",\"url\":\"http:\/\/www.kiehlturkey.com\/\",\"name\":\"K\\u0130EHL\",\"description\":\"die saubere L\\u00f6sung\",\"potentialAction\":[{\"@type\":\"SearchAction\",\"target\":\"http:\/\/www.kiehlturkey.com\/?s={search_term_string}\",\"query-input\":\"required name=search_term_string\"}],\"inLanguage\":\"tr\"},{\"@type\":\"ImageObject\",\"@id\":\"http:\/\/www.kiehlturkey.com\/index.php\/urun\/dopomat-forte\/#primaryimage\",\"inLanguage\":\"tr\",\"url\":\"http:\/\/www.kiehlturkey.com\/wp-content\/uploads\/2021\/02\/dopomat-forte.jpg\",\"width\":500,\"height\":500},{\"@type\":\"WebPage\",\"@id\":\"http:\/\/www.kiehlturkey.com\/index.php\/urun\/dopomat-forte\/#webpage\",\"url\":\"http:\/\/www.kiehlturkey.com\/index.php\/urun\/dopomat-forte\/\",\"name\":\"Dopomat-forte | K\\u0130EHL\",\"isPartOf\":{\"@id\":\"http:\/\/www.kiehlturkey.com\/#website\"},\"primaryImageOfPage\":{\"@id\":\"http:\/\/www.kiehlturkey.com\/index.php\/urun\/dopomat-forte\/#primaryimage\"},\"datePublished\":\"2021-02-27T19:29:38+00:00\",\"dateModified\":\"2021-02-27T19:42:35+00:00\",\"description\":\"\\u00d6zel aktif i\\u00e7eri\\u011fe sahip, az k\\u00f6p\\u00fcren, etkin alkali temizleyici. Motor ya\\u011f\\u0131, gres ya\\u011f\\u0131, kurum, birikmi\\u015f kirler, grafit ve egsoz gaz\\u0131 lekelerini s\\u00f6ker.\",\"breadcrumb\":{\"@id\":\"http:\/\/www.kiehlturkey.com\/index.php\/urun\/dopomat-forte\/#breadcrumb\"},\"inLanguage\":\"tr\",\"potentialAction\":[{\"@type\":\"ReadAction\",\"target\":[\"http:\/\/www.kiehlturkey.com\/index.php\/urun\/dopomat-forte\/\"]}]},{\"@type\":\"BreadcrumbList\",\"@id\":\"http:\/\/www.kiehlturkey.com\/index.php\/urun\/dopomat-forte\/#breadcrumb\",\"itemListElement\":[{\"@type\":\"ListItem\",\"position\":1,\"item\":{\"@type\":\"WebPage\",\"@id\":\"http:\/\/www.kiehlturkey.com\/\",\"url\":\"http:\/\/www.kiehlturkey.com\/\",\"name\":\"Ana sayfa\"}},{\"@type\":\"ListItem\",\"position\":2,\"item\":{\"@type\":\"WebPage\",\"@id\":\"http:\/\/www.kiehlturkey.com\/index.php\/urunler\/\",\"url\":\"http:\/\/www.kiehlturkey.com\/index.php\/urunler\/\",\"name\":\"\\u00dcr\\u00fcnler\"}},{\"@type\":\"ListItem\",\"position\":3,\"item\":{\"@type\":\"WebPage\",\"@id\":\"http:\/\/www.kiehlturkey.com\/index.php\/urun\/dopomat-forte\/\",\"url\":\"http:\/\/www.kiehlturkey.com\/index.php\/urun\/dopomat-forte\/\",\"name\":\"Dopomat-forte\"}}]}]}<\/script>\r\n<!-- \/ Yoast SEO plugin. -->","_links":{"self":[{"href":"http:\/\/www.kiehlturkey.com\/index.php\/wp-json\/wp\/v2\/product\/1521"}],"collection":[{"href":"http:\/\/www.kiehlturkey.com\/index.php\/wp-json\/wp\/v2\/product"}],"about":[{"href":"http:\/\/www.kiehlturkey.com\/index.php\/wp-json\/wp\/v2\/types\/product"}],"replies":[{"embeddable":true,"href":"http:\/\/www.kiehlturkey.com\/index.php\/wp-json\/wp\/v2\/comments?post=1521"}],"version-history":[{"count":3,"href":"http:\/\/www.kiehlturkey.com\/index.php\/wp-json\/wp\/v2\/product\/1521\/revisions"}],"predecessor-version":[{"id":1532,"href":"http:\/\/www.kiehlturkey.com\/index.php\/wp-json\/wp\/v2\/product\/1521\/revisions\/1532"}],"wp:featuredmedia":[{"embeddable":true,"href":"http:\/\/www.kiehlturkey.com\/index.php\/wp-json\/wp\/v2\/media\/1531"}],"wp:attachment":[{"href":"http:\/\/www.kiehlturkey.com\/index.php\/wp-json\/wp\/v2\/media?parent=1521"}],"curies":[{"name":"wp","href":"https:\/\/api.w.org\/{rel}","templated":true}]}}