{"id":1525,"date":"2021-02-27T19:35:10","date_gmt":"2021-02-27T19:35:10","guid":{"rendered":"https:\/\/kiehl.mcsajans.com\/?post_type=product&#038;p=1525"},"modified":"2021-02-27T19:44:15","modified_gmt":"2021-02-27T19:44:15","slug":"desinet-compact-konsantre","status":"publish","type":"product","link":"http:\/\/www.kiehlturkey.com\/index.php\/urun\/desinet-compact-konsantre\/","title":{"rendered":"Desinet-compact Konsantre"},"content":{"rendered":"<p><strong><span class=\"urun_text_02\">\u00d6zellikleri : <\/span><\/strong><span class=\"urun_text_02\">Desinet-compact Konsantre, y\u00fczey dezenfeksiyonu i\u00e7in uygun bir temizleme ve dezenfektasyon ajan\u0131d\u0131r. \u00dcr\u00fcn, aldehidler, fenoller ve metal organik aktif maddeler i\u00e7ermez ve Alman Hijyen ve Mikrobiyoloji Derne\u011fi taraf\u0131ndan onaylanm\u0131\u015ft\u0131r. Desinet-compact Konsantre, kokusuzdur, aktif temizler ve p\u00fcr\u00fczs\u00fcz bir \u015fekilde kurur. Gram-positif ve gram-negatif bakterilere, mantarlara kar\u015f\u0131 etkilidir ve HIV, HBV, HCV gibi sar\u0131l\u0131 vir\u00fcslere kar\u015f\u0131 vir\u00fcsidald\u0131r.<\/span><span class=\"urun_text_02\"><br \/>\n<\/span><\/p>\n<p><strong>\u0130\u00e7indekiler :<\/strong> 100 gram\u0131 i\u00e7in aktif madde miktarlar\u0131: 7.0 gr didesil dimetil amonyum klorid<br \/>\n12.0 gr N-(3-amino-prophyl)-N-dodesil propan-1.3-diamin 10.0 gr 1-fenoksipropan-2-ol\/2-fenoksipropanol\u00a0<span class=\"urun_text_02\">Sair i\u00e7erik<\/span>: Non-iyonik y\u00fczey etkin maddeler 5-15%, suda \u00e7\u00f6z\u00fcnebilen solventler. pH-de\u011feri (konsantre): yakla\u015f\u0131k 9,5 pH-de\u011feri (kullan\u0131ma haz\u0131r sol\u00fcsyon): yakla\u015f\u0131k 7,5<\/p>\n<p><span class=\"urun_text_02\"><strong>Kullan\u0131m Alanlar\u0131 :<\/strong> Hastaneler, huzur evleri ve bak\u0131m evlerindeki, ko\u011fu\u015f, yo\u011fun bak\u0131m \u00fcnitesi, enfeksiyon tedavi \u00fcnitesi, ameliyat odas\u0131, banyo, tuvalet, s\u0131hhi oda, du\u015f ve giyinme odas\u0131 gibi suya dayan\u0131kl\u0131 y\u00fczey, zemin, tavan ve e\u015fyalar\u0131n oldu\u011fu t\u00fcm mekanlarda kullan\u0131ma uygundur. Kaplamal\u0131 zeminler i\u00e7in de uygundur. Dezenfektan temizli\u011finden \u00f6nce linolyum zeminler kaplanmal\u0131d\u0131r..<\/span><\/p>\n<p><strong><span class=\"urun_text_02\">Kullan\u0131m \u015eekli :<\/span><\/strong><br \/>\n<span class=\"urun_text_02\"><strong>Hijyen ve dezenfektan temizli\u011fi \/ dezenfektan ana temizli\u011fi \/<\/strong><br \/>\n<strong>Y\u00fczey temizli\u011fi : <\/strong><\/span>Deri ile temas etmemesine dikkat ediniz! Lastik eldivenler giyiniz! Seyreltme: \u0130stenen miktarda Desinet-compact Konsantre po\u015fetini a\u00e7\u0131n\u0131z (alttaki tabloya bak\u0131n\u0131z) ve so\u011fuk suya kat\u0131n\u0131z. Bo\u015f po\u015fetlerin a\u011fz\u0131n\u0131 iyice kapat\u0131n\u0131z. Dezenfektan temizli\u011finde y\u00fczeyin iyice \u0131slat\u0131lm\u0131\u015f oldu\u011fundan emin olunuz (en az 10 ml \/ m\u00b2). Ekipmanlar\u0131 suyla iyice temizleyiniz. D\u00f6k\u00fclen konsantreyi hemen temizleyiniz. Temiz suyla durulay\u0131n\u0131z. Hacim oranlar\u0131 ile belirtilen uygun seyreltme ve etki s\u00fcreleri i\u00e7in a\u015fa\u011f\u0131daki tabloya bak\u0131n\u0131z.<\/p>\n<p>&nbsp;<\/p>\n","protected":false},"excerpt":{"rendered":"<h1>Desinet-compact Konsantre<\/h1>\n<p><strong>Aldehid i\u00e7ermeyen likit dezenfektan temizleyici konsantresi<\/strong><\/p>\n<p><span class=\"urun_text_02\"><strong>\u00d6zellikleri <\/strong>: Desinet-compact Konsantre, y\u00fczey dezenfeksiyonu i\u00e7in uygun bir temizleme ve dezenfektasyon ajan\u0131d\u0131r. \u00dcr\u00fcn, aldehidler, fenoller ve metal organik aktif maddeler i\u00e7ermez ve Alman Hijyen ve Mikrobiyoloji Derne\u011fi taraf\u0131ndan onaylanm\u0131\u015ft\u0131r. Desinet-compact Konsantre, kokusuzdur, aktif temizler ve p\u00fcr\u00fczs\u00fcz bir \u015fekilde kurur. Gram-positif ve gram-negatif bakterilere, mantarlara kar\u015f\u0131 etkilidir ve HIV, HBV, HCV gibi sar\u0131l\u0131 vir\u00fcslere kar\u015f\u0131 vir\u00fcsidald\u0131r.<\/span><\/p>\n<hr \/>\n<p><strong><span class=\"urun_text_02\">Metrekare ba\u015f\u0131na t\u00fcketim<\/span><\/strong><br \/>\n<span class=\"urun_text_01\">Hijyen ve dezenfeksiyon temizli\u011fi: 0,10 ml<br \/>\nY\u00fczey temizli\u011fi: 0,10 ml<\/span><\/p>\n<p><strong>Profesyonel kullan\u0131mlar i\u00e7indir!<\/strong><\/p>\n<p><strong>Paketleme <\/strong><\/p>\n<p>3 x 2 litre \u015fi\u015felik koli \u00dcr. No. j 35 03 08<br \/>\n240 x 25 ml po\u015fetlik koli \u00dcr. No. j 35 03 54<br \/>\nKiehl-DosiExpress 25 ml \u00dcr. No. z 12 15 12<\/p>\n<p><img loading=\"lazy\" class=\"alignnone size-full wp-image-1530\" src=\"https:\/\/kiehl.mcsajans.com\/wp-content\/uploads\/2021\/02\/desinet-compact_konsantre_icon.jpg\" alt=\"\" width=\"215\" height=\"51\" \/><\/p>\n","protected":false},"featured_media":1535,"comment_status":"open","ping_status":"closed","template":"elementor_theme","meta":[],"yoast_head":"<!-- This site is optimized with the Yoast SEO plugin v15.9 - https:\/\/yoast.com\/wordpress\/plugins\/seo\/ -->\r\n<title>Desinet-compact Konsantre | K\u0130EHL<\/title>\r\n<meta name=\"description\" content=\"Desinet-compact Konsantre, y\u00fczey dezenfeksiyonu i\u00e7in uygun bir temizleme ve dezenfektasyon ajan\u0131d\u0131r.\" \/>\r\n<meta name=\"robots\" content=\"index, follow, max-snippet:-1, max-image-preview:large, max-video-preview:-1\" \/>\r\n<link rel=\"canonical\" href=\"http:\/\/www.kiehlturkey.com\/index.php\/urun\/desinet-compact-konsantre\/\" \/>\r\n<meta property=\"og:locale\" content=\"tr_TR\" \/>\r\n<meta property=\"og:type\" content=\"article\" \/>\r\n<meta property=\"og:title\" content=\"Desinet-compact Konsantre | K\u0130EHL\" \/>\r\n<meta property=\"og:description\" content=\"Desinet-compact Konsantre, y\u00fczey dezenfeksiyonu i\u00e7in uygun bir temizleme ve dezenfektasyon ajan\u0131d\u0131r.\" \/>\r\n<meta property=\"og:url\" content=\"http:\/\/www.kiehlturkey.com\/index.php\/urun\/desinet-compact-konsantre\/\" \/>\r\n<meta property=\"og:site_name\" content=\"K\u0130EHL\" \/>\r\n<meta property=\"article:modified_time\" content=\"2021-02-27T19:44:15+00:00\" \/>\r\n<meta property=\"og:image\" content=\"http:\/\/www.kiehlturkey.com\/wp-content\/uploads\/2021\/02\/Untitled-1-10.jpg\" \/>\r\n\t<meta property=\"og:image:width\" content=\"500\" \/>\r\n\t<meta property=\"og:image:height\" content=\"500\" \/>\r\n<meta name=\"twitter:card\" content=\"summary_large_image\" \/>\r\n<meta name=\"twitter:label1\" content=\"Tahmini okuma s\u00fcresi\">\n\t<meta name=\"twitter:data1\" content=\"1 dakika\">\r\n<script type=\"application\/ld+json\" class=\"yoast-schema-graph\">{\"@context\":\"https:\/\/schema.org\",\"@graph\":[{\"@type\":\"WebSite\",\"@id\":\"http:\/\/www.kiehlturkey.com\/#website\",\"url\":\"http:\/\/www.kiehlturkey.com\/\",\"name\":\"K\\u0130EHL\",\"description\":\"die saubere L\\u00f6sung\",\"potentialAction\":[{\"@type\":\"SearchAction\",\"target\":\"http:\/\/www.kiehlturkey.com\/?s={search_term_string}\",\"query-input\":\"required name=search_term_string\"}],\"inLanguage\":\"tr\"},{\"@type\":\"ImageObject\",\"@id\":\"http:\/\/www.kiehlturkey.com\/index.php\/urun\/desinet-compact-konsantre\/#primaryimage\",\"inLanguage\":\"tr\",\"url\":\"http:\/\/www.kiehlturkey.com\/wp-content\/uploads\/2021\/02\/Untitled-1-10.jpg\",\"width\":500,\"height\":500},{\"@type\":\"WebPage\",\"@id\":\"http:\/\/www.kiehlturkey.com\/index.php\/urun\/desinet-compact-konsantre\/#webpage\",\"url\":\"http:\/\/www.kiehlturkey.com\/index.php\/urun\/desinet-compact-konsantre\/\",\"name\":\"Desinet-compact Konsantre | K\\u0130EHL\",\"isPartOf\":{\"@id\":\"http:\/\/www.kiehlturkey.com\/#website\"},\"primaryImageOfPage\":{\"@id\":\"http:\/\/www.kiehlturkey.com\/index.php\/urun\/desinet-compact-konsantre\/#primaryimage\"},\"datePublished\":\"2021-02-27T19:35:10+00:00\",\"dateModified\":\"2021-02-27T19:44:15+00:00\",\"description\":\"Desinet-compact Konsantre, y\\u00fczey dezenfeksiyonu i\\u00e7in uygun bir temizleme ve dezenfektasyon ajan\\u0131d\\u0131r.\",\"breadcrumb\":{\"@id\":\"http:\/\/www.kiehlturkey.com\/index.php\/urun\/desinet-compact-konsantre\/#breadcrumb\"},\"inLanguage\":\"tr\",\"potentialAction\":[{\"@type\":\"ReadAction\",\"target\":[\"http:\/\/www.kiehlturkey.com\/index.php\/urun\/desinet-compact-konsantre\/\"]}]},{\"@type\":\"BreadcrumbList\",\"@id\":\"http:\/\/www.kiehlturkey.com\/index.php\/urun\/desinet-compact-konsantre\/#breadcrumb\",\"itemListElement\":[{\"@type\":\"ListItem\",\"position\":1,\"item\":{\"@type\":\"WebPage\",\"@id\":\"http:\/\/www.kiehlturkey.com\/\",\"url\":\"http:\/\/www.kiehlturkey.com\/\",\"name\":\"Ana sayfa\"}},{\"@type\":\"ListItem\",\"position\":2,\"item\":{\"@type\":\"WebPage\",\"@id\":\"http:\/\/www.kiehlturkey.com\/index.php\/urunler\/\",\"url\":\"http:\/\/www.kiehlturkey.com\/index.php\/urunler\/\",\"name\":\"\\u00dcr\\u00fcnler\"}},{\"@type\":\"ListItem\",\"position\":3,\"item\":{\"@type\":\"WebPage\",\"@id\":\"http:\/\/www.kiehlturkey.com\/index.php\/urun\/desinet-compact-konsantre\/\",\"url\":\"http:\/\/www.kiehlturkey.com\/index.php\/urun\/desinet-compact-konsantre\/\",\"name\":\"Desinet-compact Konsantre\"}}]}]}<\/script>\r\n<!-- \/ Yoast SEO plugin. -->","_links":{"self":[{"href":"http:\/\/www.kiehlturkey.com\/index.php\/wp-json\/wp\/v2\/product\/1525"}],"collection":[{"href":"http:\/\/www.kiehlturkey.com\/index.php\/wp-json\/wp\/v2\/product"}],"about":[{"href":"http:\/\/www.kiehlturkey.com\/index.php\/wp-json\/wp\/v2\/types\/product"}],"replies":[{"embeddable":true,"href":"http:\/\/www.kiehlturkey.com\/index.php\/wp-json\/wp\/v2\/comments?post=1525"}],"version-history":[{"count":2,"href":"http:\/\/www.kiehlturkey.com\/index.php\/wp-json\/wp\/v2\/product\/1525\/revisions"}],"predecessor-version":[{"id":1536,"href":"http:\/\/www.kiehlturkey.com\/index.php\/wp-json\/wp\/v2\/product\/1525\/revisions\/1536"}],"wp:featuredmedia":[{"embeddable":true,"href":"http:\/\/www.kiehlturkey.com\/index.php\/wp-json\/wp\/v2\/media\/1535"}],"wp:attachment":[{"href":"http:\/\/www.kiehlturkey.com\/index.php\/wp-json\/wp\/v2\/media?parent=1525"}],"curies":[{"name":"wp","href":"https:\/\/api.w.org\/{rel}","templated":true}]}}