{"id":1533,"date":"2021-02-27T19:43:16","date_gmt":"2021-02-27T19:43:16","guid":{"rendered":"https:\/\/kiehl.mcsajans.com\/?post_type=product&#038;p=1533"},"modified":"2021-02-27T19:46:55","modified_gmt":"2021-02-27T19:46:55","slug":"verodur","status":"publish","type":"product","link":"http:\/\/www.kiehlturkey.com\/index.php\/urun\/verodur\/","title":{"rendered":"Verodur"},"content":{"rendered":"<p><strong><span class=\"urun_text_02\">\u00d6zellikleri : <\/span><\/strong><span class=\"urun_text_02\">\u00dczerinde fazla y\u00fcr\u00fcnen alanlardaki zemin kaplamalar\u0131n\u0131n korunmas\u0131 i\u00e7in son derece dayan\u0131kl\u0131 parlat\u0131c\u0131 em\u00fclsiyon cilas\u0131. Verodur, y\u00fcksek dolgu kapasitesi sayesinde eskimi\u015f ve y\u0131pranm\u0131\u015f zemin y\u00fczeylerini birka\u00e7 katl\u0131k uygulamayla onar\u0131r. \u00d6zel form\u00fcl\u00fc sayesinde ilk kat sadece k\u0131sa bir kuruma s\u00fcresini takiben hemen uygulanabilir. Verodur, y\u00fczey dezenfektan temizleyicilerine kar\u015f\u0131 mukavemetlidir. El dezenfektanlar\u0131 film tabakas\u0131n\u0131 zamanla inceltebilirler, ancak genellikle istenmeyen lekeler olu\u015fmaz.<\/span><\/p>\n<p><strong><span class=\"urun_text_02\">\u0130\u00e7indekiler : <\/span><\/strong><span class=\"urun_text_02\">Anti-metalize polimer \u00e7\u00f6zeltileri (TBEP i\u00e7ermeyen), kat\u0131 polietilen mum, suda<\/span><span class=\"urun_text_02\"><br \/>\n\u00e7\u00f6z\u00fcnebilen solventler, re\u00e7ine. pH-de\u011feri (konsantre): yakla\u015f\u0131k 8,5<\/span><\/p>\n<p><strong><span class=\"urun_text_02\">Kullan\u0131m Alanlar\u0131 : <\/span><\/strong><span class=\"urun_text_02\">PVC, polyolefin, linolyum, do\u011fal emiciler, suni sert zeminler ve asfalt gibi, suya kar\u015f\u0131 mukavemeti y\u00fcksek, temizlenmi\u015f y\u00fczeylerde kullan\u0131ma uygundur.<\/span><\/p>\n<p><span class=\"urun_text_02\"><strong>Kullan\u0131m \u015eekli :<\/strong> \u00dcr\u00fcn\u00fcn uygulanaca\u011f\u0131 y\u00fczeyi iyice temizledikten ve kuruttuktan sonra, \u00fcr\u00fcn\u00fc yumu\u015fak bir bez yard\u0131m\u0131yla ve seyreltmeden y\u00fczeye uygulay\u0131n. \u00dcr\u00fcn\u00fcn bez \u00fczerinde kurumas\u0131ndan ka\u00e7\u0131n\u0131lmal\u0131 ve bidon kullan\u0131mdan sonra hemen kapat\u0131lmal\u0131d\u0131r.<\/span><\/p>\n<p><strong><span class=\"urun_text_02\">Ana temizli\u011fi yap\u0131lm\u0131\u015f zeminlerde temel bak\u0131m :\u00a0<\/span><\/strong>Zemin malzemesinin emme g\u00fcc\u00fcne g\u00f6re takriben 30 dakikal\u0131k aral\u0131klarla 2-3 kez s\u00fcr\u00fcl\u00fcr.<\/p>\n<p>A\u015f\u0131r\u0131 emici y\u00fczeylerde, ilk kat i\u00e7in 40-45 ml\/m\u00b2 kullan\u0131lmas\u0131 tevsiye edilir.<\/p>\n","protected":false},"excerpt":{"rendered":"<h1>Verodur<\/h1>\n<p>Y\u00fcksek performansl\u0131 em\u00fclsiyon cilas\u0131<\/p>\n<p><span class=\"urun_text_02\"><strong>\u00d6zellikleri <\/strong>: \u00dczerinde fazla y\u00fcr\u00fcnen alanlardaki zemin kaplamalar\u0131n\u0131n korunmas\u0131 i\u00e7in son derece dayan\u0131kl\u0131 parlat\u0131c\u0131 em\u00fclsiyon cilas\u0131. Verodur, y\u00fcksek dolgu kapasitesi sayesinde eskimi\u015f ve y\u0131pranm\u0131\u015f zemin y\u00fczeylerini birka\u00e7 katl\u0131k uygulamayla onar\u0131r. \u00d6zel form\u00fcl\u00fc sayesinde ilk kat sadece k\u0131sa bir kuruma s\u00fcresini takiben hemen uygulanabilir. Verodur, y\u00fczey dezenfektan temizleyicilerine kar\u015f\u0131 mukavemetlidir. El dezenfektanlar\u0131 film tabakas\u0131n\u0131 zamanla inceltebilirler, ancak genellikle istenmeyen lekeler olu\u015fmaz.<br \/>\n<\/span><\/p>\n<hr \/>\n<p><img loading=\"lazy\" class=\"alignnone size-full wp-image-1457\" src=\"https:\/\/kiehl.mcsajans.com\/wp-content\/uploads\/2021\/02\/thermodur_icon.jpg\" alt=\"\" width=\"66\" height=\"67\" \/><\/p>\n<p><strong><span class=\"urun_text_02\">Metrekare ba\u015f\u0131na t\u00fcketim<\/span><\/strong><br \/>\nKaplama: Uygulama ba\u015f\u0131na 25-35 ml<\/p>\n<p><strong>Profesyonel kullan\u0131mlar i\u00e7indir!<\/strong><\/p>\n<p><strong>Paketleme<\/strong><br \/>\n10 litre bidon \u00dcr. No. j 20 09 10<br \/>\n200 litre varil \u00dcr. No. j 20 09 72<\/p>\n<p>Donmaya kar\u015f\u0131 koruyunuz!<\/p>\n","protected":false},"featured_media":1538,"comment_status":"open","ping_status":"closed","template":"elementor_theme","meta":[],"yoast_head":"<!-- This site is optimized with the Yoast SEO plugin v15.9 - https:\/\/yoast.com\/wordpress\/plugins\/seo\/ -->\r\n<title>Verodur | K\u0130EHL<\/title>\r\n<meta name=\"description\" content=\"\u00dczerinde fazla y\u00fcr\u00fcnen alanlardaki zemin kaplamalar\u0131n\u0131n korunmas\u0131 i\u00e7in son derece dayan\u0131kl\u0131 parlat\u0131c\u0131 em\u00fclsiyon cilas\u0131.\" \/>\r\n<meta name=\"robots\" content=\"index, follow, max-snippet:-1, max-image-preview:large, max-video-preview:-1\" \/>\r\n<link rel=\"canonical\" href=\"http:\/\/www.kiehlturkey.com\/index.php\/urun\/verodur\/\" \/>\r\n<meta property=\"og:locale\" content=\"tr_TR\" \/>\r\n<meta property=\"og:type\" content=\"article\" \/>\r\n<meta property=\"og:title\" content=\"Verodur | K\u0130EHL\" \/>\r\n<meta property=\"og:description\" content=\"\u00dczerinde fazla y\u00fcr\u00fcnen alanlardaki zemin kaplamalar\u0131n\u0131n korunmas\u0131 i\u00e7in son derece dayan\u0131kl\u0131 parlat\u0131c\u0131 em\u00fclsiyon cilas\u0131.\" \/>\r\n<meta property=\"og:url\" content=\"http:\/\/www.kiehlturkey.com\/index.php\/urun\/verodur\/\" \/>\r\n<meta property=\"og:site_name\" content=\"K\u0130EHL\" \/>\r\n<meta property=\"article:modified_time\" content=\"2021-02-27T19:46:55+00:00\" \/>\r\n<meta property=\"og:image\" content=\"http:\/\/www.kiehlturkey.com\/wp-content\/uploads\/2021\/02\/verodur-1.jpg\" \/>\r\n\t<meta property=\"og:image:width\" content=\"500\" \/>\r\n\t<meta property=\"og:image:height\" content=\"500\" \/>\r\n<meta name=\"twitter:card\" content=\"summary_large_image\" \/>\r\n<meta name=\"twitter:label1\" content=\"Tahmini okuma s\u00fcresi\">\n\t<meta name=\"twitter:data1\" content=\"1 dakika\">\r\n<script type=\"application\/ld+json\" class=\"yoast-schema-graph\">{\"@context\":\"https:\/\/schema.org\",\"@graph\":[{\"@type\":\"WebSite\",\"@id\":\"http:\/\/www.kiehlturkey.com\/#website\",\"url\":\"http:\/\/www.kiehlturkey.com\/\",\"name\":\"K\\u0130EHL\",\"description\":\"die saubere L\\u00f6sung\",\"potentialAction\":[{\"@type\":\"SearchAction\",\"target\":\"http:\/\/www.kiehlturkey.com\/?s={search_term_string}\",\"query-input\":\"required name=search_term_string\"}],\"inLanguage\":\"tr\"},{\"@type\":\"ImageObject\",\"@id\":\"http:\/\/www.kiehlturkey.com\/index.php\/urun\/verodur\/#primaryimage\",\"inLanguage\":\"tr\",\"url\":\"http:\/\/www.kiehlturkey.com\/wp-content\/uploads\/2021\/02\/verodur-1.jpg\",\"width\":500,\"height\":500},{\"@type\":\"WebPage\",\"@id\":\"http:\/\/www.kiehlturkey.com\/index.php\/urun\/verodur\/#webpage\",\"url\":\"http:\/\/www.kiehlturkey.com\/index.php\/urun\/verodur\/\",\"name\":\"Verodur | K\\u0130EHL\",\"isPartOf\":{\"@id\":\"http:\/\/www.kiehlturkey.com\/#website\"},\"primaryImageOfPage\":{\"@id\":\"http:\/\/www.kiehlturkey.com\/index.php\/urun\/verodur\/#primaryimage\"},\"datePublished\":\"2021-02-27T19:43:16+00:00\",\"dateModified\":\"2021-02-27T19:46:55+00:00\",\"description\":\"\\u00dczerinde fazla y\\u00fcr\\u00fcnen alanlardaki zemin kaplamalar\\u0131n\\u0131n korunmas\\u0131 i\\u00e7in son derece dayan\\u0131kl\\u0131 parlat\\u0131c\\u0131 em\\u00fclsiyon cilas\\u0131.\",\"breadcrumb\":{\"@id\":\"http:\/\/www.kiehlturkey.com\/index.php\/urun\/verodur\/#breadcrumb\"},\"inLanguage\":\"tr\",\"potentialAction\":[{\"@type\":\"ReadAction\",\"target\":[\"http:\/\/www.kiehlturkey.com\/index.php\/urun\/verodur\/\"]}]},{\"@type\":\"BreadcrumbList\",\"@id\":\"http:\/\/www.kiehlturkey.com\/index.php\/urun\/verodur\/#breadcrumb\",\"itemListElement\":[{\"@type\":\"ListItem\",\"position\":1,\"item\":{\"@type\":\"WebPage\",\"@id\":\"http:\/\/www.kiehlturkey.com\/\",\"url\":\"http:\/\/www.kiehlturkey.com\/\",\"name\":\"Ana sayfa\"}},{\"@type\":\"ListItem\",\"position\":2,\"item\":{\"@type\":\"WebPage\",\"@id\":\"http:\/\/www.kiehlturkey.com\/index.php\/urunler\/\",\"url\":\"http:\/\/www.kiehlturkey.com\/index.php\/urunler\/\",\"name\":\"\\u00dcr\\u00fcnler\"}},{\"@type\":\"ListItem\",\"position\":3,\"item\":{\"@type\":\"WebPage\",\"@id\":\"http:\/\/www.kiehlturkey.com\/index.php\/urun\/verodur\/\",\"url\":\"http:\/\/www.kiehlturkey.com\/index.php\/urun\/verodur\/\",\"name\":\"Verodur\"}}]}]}<\/script>\r\n<!-- \/ Yoast SEO plugin. -->","_links":{"self":[{"href":"http:\/\/www.kiehlturkey.com\/index.php\/wp-json\/wp\/v2\/product\/1533"}],"collection":[{"href":"http:\/\/www.kiehlturkey.com\/index.php\/wp-json\/wp\/v2\/product"}],"about":[{"href":"http:\/\/www.kiehlturkey.com\/index.php\/wp-json\/wp\/v2\/types\/product"}],"replies":[{"embeddable":true,"href":"http:\/\/www.kiehlturkey.com\/index.php\/wp-json\/wp\/v2\/comments?post=1533"}],"version-history":[{"count":2,"href":"http:\/\/www.kiehlturkey.com\/index.php\/wp-json\/wp\/v2\/product\/1533\/revisions"}],"predecessor-version":[{"id":1539,"href":"http:\/\/www.kiehlturkey.com\/index.php\/wp-json\/wp\/v2\/product\/1533\/revisions\/1539"}],"wp:featuredmedia":[{"embeddable":true,"href":"http:\/\/www.kiehlturkey.com\/index.php\/wp-json\/wp\/v2\/media\/1538"}],"wp:attachment":[{"href":"http:\/\/www.kiehlturkey.com\/index.php\/wp-json\/wp\/v2\/media?parent=1533"}],"curies":[{"name":"wp","href":"https:\/\/api.w.org\/{rel}","templated":true}]}}