{"id":1540,"date":"2021-02-27T19:47:39","date_gmt":"2021-02-27T19:47:39","guid":{"rendered":"https:\/\/kiehl.mcsajans.com\/?post_type=product&#038;p=1540"},"modified":"2021-02-27T19:53:43","modified_gmt":"2021-02-27T19:53:43","slug":"dopomat-intenso","status":"publish","type":"product","link":"http:\/\/www.kiehlturkey.com\/index.php\/urun\/dopomat-intenso\/","title":{"rendered":"Dopomat-intenso"},"content":{"rendered":"<p><strong><span class=\"urun_text_02\">\u00d6zellikleri : <\/span><\/strong><span class=\"urun_text_02\">\u0130nat\u00e7\u0131 kirleri yoketmek i\u00e7in dizayn edilmi\u015f y\u00fcksek alkali i\u00e7erikli end\u00fcstriyel temizlik konsantresi. \u00dcr\u00fcn y\u00fcksek temizleme performans\u0131 sayesinde; end\u00fcstriyel kirleri, ya\u011f ve gres ya\u011f\u0131n\u0131 \u00e7abucak s\u00f6ker ve h\u0131zl\u0131 bir temizleme s\u00fcreci sa\u011flar.<\/span><strong><span class=\"urun_text_02\"><br \/>\n<\/span><\/strong><\/p>\n<p><strong><span class=\"urun_text_02\">\u0130\u00e7indekiler : <\/span><\/strong><span class=\"urun_text_02\">Aniyonik y\u00fczey etkin maddeler &lt; 5%, non-iyonik y\u00fczey etkin maddeler &lt; 5%,<\/span><span class=\"urun_text_02\"><br \/>\nsabun &lt; 5%, fosfatlar &lt; 5%, suda \u00e7\u00f6z\u00fcnebilen solventler, NTA &lt; 5%, alkaliler, esanslar. pH-de\u011feri (konsantre): yakla\u015f\u0131k 13 pH-de\u011feri (kullan\u0131ma haz\u0131r sol\u00fcsyon): yakla\u015f\u0131k 11,5<\/span><\/p>\n<p><strong><span class=\"urun_text_02\">Kullan\u0131m Alanlar\u0131 : <\/span><\/strong><span class=\"urun_text_02\">Suya ve alkalilere dayan\u0131kl\u0131 t\u00fcm end\u00fcstriyel zeminlerde kullan\u0131ma uygundur.<\/span><\/p>\n<p><span class=\"urun_text_02\"><strong>Kullan\u0131m \u015eekli :<\/strong> \u0130lk uygulamadan \u00f6nce k\u00fc\u00e7\u00fck bir b\u00f6lgeyi test ediniz.<\/span><\/p>\n<p><strong><span class=\"urun_text_02\">Rutin temizlik (mekanik \u0131slak temizleme) :\u00a0<\/span><\/strong>Kirlerin yo\u011funlu\u011funa g\u00f6re 30-100 ml \u00fcr\u00fcn\u00fc 10 litre so\u011fuk suyla seyreltin.<br \/>\n<span class=\"urun_text_02\"><br \/>\n<\/span><span class=\"urun_text_02\"><strong>Temel temizlik :<\/strong>\u00a0<\/span>Kirlerin yo\u011funlu\u011funa g\u00f6re 100-200 ml \u00fcr\u00fcn\u00fc 10 litre so\u011fuk suyla seyreltin.<\/p>\n<p><span class=\"urun_text_02\"><strong>Uyar\u0131 :<\/strong>\u00a0<\/span>Kiehl \u00fcr\u00fcn\u00fcn us\u00fcle uygun olmayan kullan\u0131m\u0131 ve bundan do\u011facak zararlar i\u00e7in hi\u00e7bir sorumlulu\u011fu kabul etmez.<\/p>\n<p><img loading=\"lazy\" class=\"alignnone size-full wp-image-1528\" src=\"https:\/\/kiehl.mcsajans.com\/wp-content\/uploads\/2021\/02\/tahris-1.jpg\" alt=\"\" width=\"69\" height=\"79\" \/> R 36\/38 G\u00f6zleri ve deriyi tahri\u015f eder.<br \/>\nS 24\/25 Deri ve g\u00f6zlere temas etmemesine dikkat ediniz.<br \/>\nS 37\/39 Uygun eldiven ve g\u00f6z\/y\u00fcz koruyucu kullan\u0131n\u0131z.<br \/>\nPotasyum hidroksit i\u00e7erir.<\/p>\n","protected":false},"excerpt":{"rendered":"<h1 class=\"detail-productname\">Dopomat-intenso<\/h1>\n<p><span class=\"urun_text_02\">Y\u00fcksek performansl\u0131 end\u00fcstriyel temizlik konsantresi<\/span><\/p>\n<p><span class=\"urun_text_02\"><strong>\u00d6zellikleri <\/strong>: \u0130nat\u00e7\u0131 kirleri yoketmek i\u00e7in dizayn edilmi\u015f y\u00fcksek alkali i\u00e7erikli end\u00fcstriyel temizlik konsantresi. \u00dcr\u00fcn y\u00fcksek temizleme performans\u0131 sayesinde; end\u00fcstriyel kirleri, ya\u011f ve gres ya\u011f\u0131n\u0131 \u00e7abucak s\u00f6ker ve h\u0131zl\u0131 bir temizleme s\u00fcreci sa\u011flar.<\/span><\/p>\n<p>&nbsp;<\/p>\n<hr \/>\n<p><img loading=\"lazy\" class=\"alignnone size-full wp-image-1544\" src=\"https:\/\/kiehl.mcsajans.com\/wp-content\/uploads\/2021\/02\/dopomat-intenso_icon.jpg\" alt=\"\" width=\"138\" height=\"67\" \/><\/p>\n<p><strong><span class=\"urun_text_02\">Metrekare ba\u015f\u0131na t\u00fcketim<\/span><\/strong><br \/>\nMekanik \u0131slak temizlik: 0,3 ml<br \/>\nTemel temizlik: 2,5 ml<\/p>\n<p><strong>Profesyonel kullan\u0131mlar i\u00e7indir!<\/strong><\/p>\n<p><strong>Paketleme<\/strong><br \/>\n10 litre bidon \u00a0\u00a0\u00a0\u00a0\u00dcr. No. j 05 02 10<br \/>\n200 litre varil\u00a0\u00a0\u00a0\u00a0\u00a0\u00dcr. No. j 05 02 72<\/p>\n","protected":false},"featured_media":1547,"comment_status":"open","ping_status":"closed","template":"elementor_theme","meta":[],"yoast_head":"<!-- This site is optimized with the Yoast SEO plugin v15.9 - https:\/\/yoast.com\/wordpress\/plugins\/seo\/ -->\r\n<title>Dopomat-intenso | K\u0130EHL<\/title>\r\n<meta name=\"description\" content=\"\u0130nat\u00e7\u0131 kirleri yok etmek i\u00e7in dizayn edilmi\u015f y\u00fcksek alkali i\u00e7erikli end\u00fcstriyel temizlik konsantresi.\" \/>\r\n<meta name=\"robots\" content=\"index, follow, max-snippet:-1, max-image-preview:large, max-video-preview:-1\" \/>\r\n<link rel=\"canonical\" href=\"http:\/\/www.kiehlturkey.com\/index.php\/urun\/dopomat-intenso\/\" \/>\r\n<meta property=\"og:locale\" content=\"tr_TR\" \/>\r\n<meta property=\"og:type\" content=\"article\" \/>\r\n<meta property=\"og:title\" content=\"Dopomat-intenso | K\u0130EHL\" \/>\r\n<meta property=\"og:description\" content=\"\u0130nat\u00e7\u0131 kirleri yok etmek i\u00e7in dizayn edilmi\u015f y\u00fcksek alkali i\u00e7erikli end\u00fcstriyel temizlik konsantresi.\" \/>\r\n<meta property=\"og:url\" content=\"http:\/\/www.kiehlturkey.com\/index.php\/urun\/dopomat-intenso\/\" \/>\r\n<meta property=\"og:site_name\" content=\"K\u0130EHL\" \/>\r\n<meta property=\"article:modified_time\" content=\"2021-02-27T19:53:43+00:00\" \/>\r\n<meta property=\"og:image\" content=\"http:\/\/www.kiehlturkey.com\/wp-content\/uploads\/2021\/02\/dopomat-intenso.jpg\" \/>\r\n\t<meta property=\"og:image:width\" content=\"500\" \/>\r\n\t<meta property=\"og:image:height\" content=\"500\" \/>\r\n<meta name=\"twitter:card\" content=\"summary_large_image\" \/>\r\n<meta name=\"twitter:label1\" content=\"Tahmini okuma s\u00fcresi\">\n\t<meta name=\"twitter:data1\" content=\"1 dakika\">\r\n<script type=\"application\/ld+json\" class=\"yoast-schema-graph\">{\"@context\":\"https:\/\/schema.org\",\"@graph\":[{\"@type\":\"WebSite\",\"@id\":\"http:\/\/www.kiehlturkey.com\/#website\",\"url\":\"http:\/\/www.kiehlturkey.com\/\",\"name\":\"K\\u0130EHL\",\"description\":\"die saubere L\\u00f6sung\",\"potentialAction\":[{\"@type\":\"SearchAction\",\"target\":\"http:\/\/www.kiehlturkey.com\/?s={search_term_string}\",\"query-input\":\"required name=search_term_string\"}],\"inLanguage\":\"tr\"},{\"@type\":\"ImageObject\",\"@id\":\"http:\/\/www.kiehlturkey.com\/index.php\/urun\/dopomat-intenso\/#primaryimage\",\"inLanguage\":\"tr\",\"url\":\"http:\/\/www.kiehlturkey.com\/wp-content\/uploads\/2021\/02\/dopomat-intenso.jpg\",\"width\":500,\"height\":500},{\"@type\":\"WebPage\",\"@id\":\"http:\/\/www.kiehlturkey.com\/index.php\/urun\/dopomat-intenso\/#webpage\",\"url\":\"http:\/\/www.kiehlturkey.com\/index.php\/urun\/dopomat-intenso\/\",\"name\":\"Dopomat-intenso | K\\u0130EHL\",\"isPartOf\":{\"@id\":\"http:\/\/www.kiehlturkey.com\/#website\"},\"primaryImageOfPage\":{\"@id\":\"http:\/\/www.kiehlturkey.com\/index.php\/urun\/dopomat-intenso\/#primaryimage\"},\"datePublished\":\"2021-02-27T19:47:39+00:00\",\"dateModified\":\"2021-02-27T19:53:43+00:00\",\"description\":\"\\u0130nat\\u00e7\\u0131 kirleri yok etmek i\\u00e7in dizayn edilmi\\u015f y\\u00fcksek alkali i\\u00e7erikli end\\u00fcstriyel temizlik konsantresi.\",\"breadcrumb\":{\"@id\":\"http:\/\/www.kiehlturkey.com\/index.php\/urun\/dopomat-intenso\/#breadcrumb\"},\"inLanguage\":\"tr\",\"potentialAction\":[{\"@type\":\"ReadAction\",\"target\":[\"http:\/\/www.kiehlturkey.com\/index.php\/urun\/dopomat-intenso\/\"]}]},{\"@type\":\"BreadcrumbList\",\"@id\":\"http:\/\/www.kiehlturkey.com\/index.php\/urun\/dopomat-intenso\/#breadcrumb\",\"itemListElement\":[{\"@type\":\"ListItem\",\"position\":1,\"item\":{\"@type\":\"WebPage\",\"@id\":\"http:\/\/www.kiehlturkey.com\/\",\"url\":\"http:\/\/www.kiehlturkey.com\/\",\"name\":\"Ana sayfa\"}},{\"@type\":\"ListItem\",\"position\":2,\"item\":{\"@type\":\"WebPage\",\"@id\":\"http:\/\/www.kiehlturkey.com\/index.php\/urunler\/\",\"url\":\"http:\/\/www.kiehlturkey.com\/index.php\/urunler\/\",\"name\":\"\\u00dcr\\u00fcnler\"}},{\"@type\":\"ListItem\",\"position\":3,\"item\":{\"@type\":\"WebPage\",\"@id\":\"http:\/\/www.kiehlturkey.com\/index.php\/urun\/dopomat-intenso\/\",\"url\":\"http:\/\/www.kiehlturkey.com\/index.php\/urun\/dopomat-intenso\/\",\"name\":\"Dopomat-intenso\"}}]}]}<\/script>\r\n<!-- \/ Yoast SEO plugin. -->","_links":{"self":[{"href":"http:\/\/www.kiehlturkey.com\/index.php\/wp-json\/wp\/v2\/product\/1540"}],"collection":[{"href":"http:\/\/www.kiehlturkey.com\/index.php\/wp-json\/wp\/v2\/product"}],"about":[{"href":"http:\/\/www.kiehlturkey.com\/index.php\/wp-json\/wp\/v2\/types\/product"}],"replies":[{"embeddable":true,"href":"http:\/\/www.kiehlturkey.com\/index.php\/wp-json\/wp\/v2\/comments?post=1540"}],"version-history":[{"count":2,"href":"http:\/\/www.kiehlturkey.com\/index.php\/wp-json\/wp\/v2\/product\/1540\/revisions"}],"predecessor-version":[{"id":1548,"href":"http:\/\/www.kiehlturkey.com\/index.php\/wp-json\/wp\/v2\/product\/1540\/revisions\/1548"}],"wp:featuredmedia":[{"embeddable":true,"href":"http:\/\/www.kiehlturkey.com\/index.php\/wp-json\/wp\/v2\/media\/1547"}],"wp:attachment":[{"href":"http:\/\/www.kiehlturkey.com\/index.php\/wp-json\/wp\/v2\/media?parent=1540"}],"curies":[{"name":"wp","href":"https:\/\/api.w.org\/{rel}","templated":true}]}}