{"id":1546,"date":"2021-02-27T19:52:50","date_gmt":"2021-02-27T19:52:50","guid":{"rendered":"https:\/\/kiehl.mcsajans.com\/?post_type=product&#038;p=1546"},"modified":"2021-02-27T19:59:13","modified_gmt":"2021-02-27T19:59:13","slug":"iodex","status":"publish","type":"product","link":"http:\/\/www.kiehlturkey.com\/index.php\/urun\/iodex\/","title":{"rendered":"Iodex"},"content":{"rendered":"<p><strong><span class=\"urun_text_02\">\u00d6zellikleri : <\/span><\/strong><span class=\"urun_text_02\">Ameliyat odas\u0131 gibi yerlerdeki tent\u00fcrdiyot dezenfektanlar\u0131n\u0131n kullan\u0131m\u0131 kaynakl\u0131<br \/>\ntent\u00fcrdiyot lekelerinin yok edilmesi i\u00e7in kullan\u0131ma haz\u0131r temizlik \u00fcr\u00fcn\u00fc. M\u00fckemmel<br \/>\nmateryal uyumlulu\u011funa sahiptir.<\/span><span class=\"urun_text_02\"><br \/>\n<\/span><\/p>\n<p><span class=\"urun_text_02\"><strong>\u0130\u00e7indekiler :<\/strong>\u00a0<\/span>Non-iyonik y\u00fczey etkin maddeler &lt; 5%, inceltici ajanlar. pH-de\u011feri (konsantre): yakla\u015f\u0131k 8<\/p>\n<p><span class=\"urun_text_02\"><strong>Kullan\u0131m Alanlar\u0131 :<\/strong>\u00a0<\/span>PVC, polyolefin, kau\u00e7uk, linolyum, suni ta\u015f gibi, tert\u00fcrdiyot lekeleri ile kirlenmi\u015f t\u00fcm suya dayan\u0131kl\u0131 y\u00fczeyler ve objeler ile zemin kaplamalar\u0131nda kullan\u0131ma uygundur.<\/p>\n<p><strong><span class=\"urun_text_02\">Kullan\u0131m \u015eekli<br \/>\n<\/span><span class=\"urun_text_02\">Y\u00fczey temizli\u011fi :<\/span>\u00a0<\/strong>Lekenin \u00fczerine s\u0131k\u0131n ve k\u0131sa bir s\u00fcre etki etmesini bekleyin. Daha sonra<br \/>\nmikro lifli bir bez ya da paspas ile silin. Arta kalanlar\u0131 kuru bir bez ya da ka\u011f\u0131t par\u00e7as\u0131yla temizleyin.<\/p>\n<p>&nbsp;<\/p>\n<p>&nbsp;<\/p>\n<p>&nbsp;<\/p>\n","protected":false},"excerpt":{"rendered":"<h1>Iodex<\/h1>\n<p><strong>Tent\u00fcrdiyot lekesi \u00e7\u0131kar\u0131c\u0131<\/strong><\/p>\n<p><span class=\"urun_text_02\"><strong>\u00d6zellikleri <\/strong>: Ameliyat odas\u0131 gibi yerlerdeki tent\u00fcrdiyot dezenfektanlar\u0131n\u0131n kullan\u0131m\u0131 kaynakl\u0131<br \/>\ntent\u00fcrdiyot lekelerinin yok edilmesi i\u00e7in kullan\u0131ma haz\u0131r temizlik \u00fcr\u00fcn\u00fc. M\u00fckemmel<br \/>\nmateryal uyumlulu\u011funa sahiptir.<\/span><\/p>\n<p>&nbsp;<\/p>\n<hr \/>\n<p><strong><span class=\"urun_text_02\">Metrekare ba\u015f\u0131na t\u00fcketim<\/span><\/strong><br \/>\n<strong>Y\u00fczey temizli\u011fi:<\/strong> 4 ml kullan\u0131ma haz\u0131r sol\u00fcsyon<\/p>\n<p><strong>Profesyonel kullan\u0131mlar i\u00e7indir!<\/strong><\/p>\n<p><strong>Paketleme<\/strong><br \/>\n6 x 500 ml sprey \u015fi\u015felik koli \u00dcr. No. j 35 02 45<\/p>\n<p><img loading=\"lazy\" class=\"alignnone size-full wp-image-1551\" src=\"https:\/\/kiehl.mcsajans.com\/wp-content\/uploads\/2021\/02\/resim_2021-02-27_225641.png\" alt=\"\" width=\"67\" height=\"67\" \/><\/p>\n","protected":false},"featured_media":1553,"comment_status":"open","ping_status":"closed","template":"elementor_theme","meta":[],"yoast_head":"<!-- This site is optimized with the Yoast SEO plugin v15.9 - https:\/\/yoast.com\/wordpress\/plugins\/seo\/ -->\r\n<title>Iodex | K\u0130EHL<\/title>\r\n<meta name=\"description\" content=\"Ameliyat odas\u0131 gibi yerlerdeki tent\u00fcrdiyot dezenfektanlar\u0131n\u0131n kullan\u0131m\u0131 kaynakl\u0131tent\u00fcrdiyot lekelerinin yok edilmesi i\u00e7in kullan\u0131ma haz\u0131r temizlik \u00fcr\u00fcn\u00fc.\" \/>\r\n<meta name=\"robots\" content=\"index, follow, max-snippet:-1, max-image-preview:large, max-video-preview:-1\" \/>\r\n<link rel=\"canonical\" href=\"http:\/\/www.kiehlturkey.com\/index.php\/urun\/iodex\/\" \/>\r\n<meta property=\"og:locale\" content=\"tr_TR\" \/>\r\n<meta property=\"og:type\" content=\"article\" \/>\r\n<meta property=\"og:title\" content=\"Iodex | K\u0130EHL\" \/>\r\n<meta property=\"og:description\" content=\"Ameliyat odas\u0131 gibi yerlerdeki tent\u00fcrdiyot dezenfektanlar\u0131n\u0131n kullan\u0131m\u0131 kaynakl\u0131tent\u00fcrdiyot lekelerinin yok edilmesi i\u00e7in kullan\u0131ma haz\u0131r temizlik \u00fcr\u00fcn\u00fc.\" \/>\r\n<meta property=\"og:url\" content=\"http:\/\/www.kiehlturkey.com\/index.php\/urun\/iodex\/\" \/>\r\n<meta property=\"og:site_name\" content=\"K\u0130EHL\" \/>\r\n<meta property=\"article:modified_time\" content=\"2021-02-27T19:59:13+00:00\" \/>\r\n<meta property=\"og:image\" content=\"http:\/\/www.kiehlturkey.com\/wp-content\/uploads\/2021\/02\/Untitled-1-12.jpg\" \/>\r\n\t<meta property=\"og:image:width\" content=\"500\" \/>\r\n\t<meta property=\"og:image:height\" content=\"500\" \/>\r\n<meta name=\"twitter:card\" content=\"summary_large_image\" \/>\r\n<meta name=\"twitter:label1\" content=\"Tahmini okuma s\u00fcresi\">\n\t<meta name=\"twitter:data1\" content=\"1 dakika\">\r\n<script type=\"application\/ld+json\" class=\"yoast-schema-graph\">{\"@context\":\"https:\/\/schema.org\",\"@graph\":[{\"@type\":\"WebSite\",\"@id\":\"http:\/\/www.kiehlturkey.com\/#website\",\"url\":\"http:\/\/www.kiehlturkey.com\/\",\"name\":\"K\\u0130EHL\",\"description\":\"die saubere L\\u00f6sung\",\"potentialAction\":[{\"@type\":\"SearchAction\",\"target\":\"http:\/\/www.kiehlturkey.com\/?s={search_term_string}\",\"query-input\":\"required name=search_term_string\"}],\"inLanguage\":\"tr\"},{\"@type\":\"ImageObject\",\"@id\":\"http:\/\/www.kiehlturkey.com\/index.php\/urun\/iodex\/#primaryimage\",\"inLanguage\":\"tr\",\"url\":\"http:\/\/www.kiehlturkey.com\/wp-content\/uploads\/2021\/02\/Untitled-1-12.jpg\",\"width\":500,\"height\":500},{\"@type\":\"WebPage\",\"@id\":\"http:\/\/www.kiehlturkey.com\/index.php\/urun\/iodex\/#webpage\",\"url\":\"http:\/\/www.kiehlturkey.com\/index.php\/urun\/iodex\/\",\"name\":\"Iodex | K\\u0130EHL\",\"isPartOf\":{\"@id\":\"http:\/\/www.kiehlturkey.com\/#website\"},\"primaryImageOfPage\":{\"@id\":\"http:\/\/www.kiehlturkey.com\/index.php\/urun\/iodex\/#primaryimage\"},\"datePublished\":\"2021-02-27T19:52:50+00:00\",\"dateModified\":\"2021-02-27T19:59:13+00:00\",\"description\":\"Ameliyat odas\\u0131 gibi yerlerdeki tent\\u00fcrdiyot dezenfektanlar\\u0131n\\u0131n kullan\\u0131m\\u0131 kaynakl\\u0131tent\\u00fcrdiyot lekelerinin yok edilmesi i\\u00e7in kullan\\u0131ma haz\\u0131r temizlik \\u00fcr\\u00fcn\\u00fc.\",\"breadcrumb\":{\"@id\":\"http:\/\/www.kiehlturkey.com\/index.php\/urun\/iodex\/#breadcrumb\"},\"inLanguage\":\"tr\",\"potentialAction\":[{\"@type\":\"ReadAction\",\"target\":[\"http:\/\/www.kiehlturkey.com\/index.php\/urun\/iodex\/\"]}]},{\"@type\":\"BreadcrumbList\",\"@id\":\"http:\/\/www.kiehlturkey.com\/index.php\/urun\/iodex\/#breadcrumb\",\"itemListElement\":[{\"@type\":\"ListItem\",\"position\":1,\"item\":{\"@type\":\"WebPage\",\"@id\":\"http:\/\/www.kiehlturkey.com\/\",\"url\":\"http:\/\/www.kiehlturkey.com\/\",\"name\":\"Ana sayfa\"}},{\"@type\":\"ListItem\",\"position\":2,\"item\":{\"@type\":\"WebPage\",\"@id\":\"http:\/\/www.kiehlturkey.com\/index.php\/urunler\/\",\"url\":\"http:\/\/www.kiehlturkey.com\/index.php\/urunler\/\",\"name\":\"\\u00dcr\\u00fcnler\"}},{\"@type\":\"ListItem\",\"position\":3,\"item\":{\"@type\":\"WebPage\",\"@id\":\"http:\/\/www.kiehlturkey.com\/index.php\/urun\/iodex\/\",\"url\":\"http:\/\/www.kiehlturkey.com\/index.php\/urun\/iodex\/\",\"name\":\"Iodex\"}}]}]}<\/script>\r\n<!-- \/ Yoast SEO plugin. -->","_links":{"self":[{"href":"http:\/\/www.kiehlturkey.com\/index.php\/wp-json\/wp\/v2\/product\/1546"}],"collection":[{"href":"http:\/\/www.kiehlturkey.com\/index.php\/wp-json\/wp\/v2\/product"}],"about":[{"href":"http:\/\/www.kiehlturkey.com\/index.php\/wp-json\/wp\/v2\/types\/product"}],"replies":[{"embeddable":true,"href":"http:\/\/www.kiehlturkey.com\/index.php\/wp-json\/wp\/v2\/comments?post=1546"}],"version-history":[{"count":1,"href":"http:\/\/www.kiehlturkey.com\/index.php\/wp-json\/wp\/v2\/product\/1546\/revisions"}],"predecessor-version":[{"id":1554,"href":"http:\/\/www.kiehlturkey.com\/index.php\/wp-json\/wp\/v2\/product\/1546\/revisions\/1554"}],"wp:featuredmedia":[{"embeddable":true,"href":"http:\/\/www.kiehlturkey.com\/index.php\/wp-json\/wp\/v2\/media\/1553"}],"wp:attachment":[{"href":"http:\/\/www.kiehlturkey.com\/index.php\/wp-json\/wp\/v2\/media?parent=1546"}],"curies":[{"name":"wp","href":"https:\/\/api.w.org\/{rel}","templated":true}]}}