{"id":1549,"date":"2021-02-27T19:54:32","date_gmt":"2021-02-27T19:54:32","guid":{"rendered":"https:\/\/kiehl.mcsajans.com\/?post_type=product&#038;p=1549"},"modified":"2021-02-27T20:07:54","modified_gmt":"2021-02-27T20:07:54","slug":"gommasol","status":"publish","type":"product","link":"http:\/\/www.kiehlturkey.com\/index.php\/urun\/gommasol\/","title":{"rendered":"Gommasol"},"content":{"rendered":"<p><strong><span class=\"urun_text_02\">\u00d6zellikleri : <\/span><\/strong><span class=\"urun_text_02\">Gommasol end\u00fcstriyel zeminlerdeki forklift ve benzeri ara\u00e7larca olu\u015fturulan lastik izleri ve lastik kal\u0131nt\u0131lar\u0131n\u0131 gidermek i\u00e7in dizayn edilmi\u015f solvent bazl\u0131 bir temizleyicidir. Y\u00fcksek temizleme etkisi sayesinde Gommasol \u00e7ok kirli end\u00fcstriyel alanlar ve depolarda g\u00fcvenle kullan\u0131labilir. Gommasol az kokulu ve uygulamas\u0131 kolay bir \u00fcr\u00fcnd\u00fcr.<\/span><strong><span class=\"urun_text_02\"><br \/>\n<\/span><\/strong><\/p>\n<p><strong><span class=\"urun_text_02\">\u0130\u00e7indekiler : <\/span><\/strong><span class=\"urun_text_02\">Non-iyonik y\u00fczey etkin maddeler 5-15%, suda \u00e7\u00f6z\u00fcnebilen solventler. pH-de\u011feri (konsantre): yakla\u015f\u0131k 6 pH-de\u011feri (kullan\u0131ma haz\u0131r sol\u00fcsyon): yakla\u015f\u0131k 7\u00a0<\/span><\/p>\n<p><strong><span class=\"urun_text_02\"><br \/>\n<\/span><\/strong><strong><span class=\"urun_text_02\">Kullan\u0131m Alanlar\u0131 : <\/span><\/strong><span class=\"urun_text_02\">End\u00fcstriyel zeminler, beton, epoksi re\u00e7ine, magnezit \u015fap zeminler ile f\u0131r\u0131nlanm\u0131\u015f tu\u011fladan zeminler gibi t\u00fcm solventre kar\u015f\u0131 dayan\u0131kl\u0131 zemin kaplamalar\u0131nda kullan\u0131ma uygundur. Asfalt ve zift i\u00e7eren zeminler ile sentetik zeminlerde kullanmay\u0131n\u0131z!<\/span><\/p>\n<p><span class=\"urun_text_02\"><strong>Kullan\u0131m \u015eekli :<\/strong> Gommasol&#8217;u seyreltmeksizin veya 1:1 ila 1:2 oranlar\u0131nda seyrelterek k\u00f6p\u00fck p\u00fcsk\u00fcrtmeli uygun bir sprey kutusunun* i\u00e7ine koyun ve zemine p\u00fcsk\u00fcrterek yakla\u015f\u0131k olarak 10 dakika etki etmesini bekleyin.<\/span><\/p>\n<p>E\u011fer zemin \u00e7ok kirli ya da \u00fcr\u00fcn lokal olarak uyguland\u0131ysa, kirlenmi\u015f olan sol\u00fcsyon otomatik temizleyici ve rutin temizli\u011fin bir par\u00e7as\u0131 olarak %1 oran\u0131nda Dopomat -forte kullan\u0131larak mekanik \u0131slak temizlik yoluyla giderilebilir.<\/p>\n<p>E\u011fer zemin a\u015f\u0131r\u0131 derecede kirli ya da \u00fcr\u00fcn \u00e7ok geni\u015f bir alan \u00fczerinde uyguland\u0131ysa y\u00fczeyi d\u00f6ner ba\u015fl\u0131kl\u0131 f\u0131r\u00e7a ve ye\u015fil bir ped&#8217;i spreyleyerek temizleyin. Daha sonra kirli sol\u00fcsyonu vakumlay\u0131n ve temiz suyla iyice durulay\u0131n.<\/p>\n<p><span class=\"urun_text_02\"><strong>Uyar\u0131 :<\/strong>\u00a0<\/span>Kiehl \u00fcr\u00fcn\u00fcn us\u00fcle uygun olmayan kullan\u0131m\u0131 ve bundan do\u011facak zararlar i\u00e7in hi\u00e7bir sorumlulu\u011fu kabul etmez.<\/p>\n<p>* M\u00fcnasip uygulama aparatlar\u0131:<br \/>\n\u00dcr. No. VFK 25 01 05 Tetikli sprey \u015fi\u015fesi<br \/>\n\u00dcr. No. VVK 91 03 21 500 ml&#8217;lik sprey \u015fi\u015fe i\u00e7in k\u00f6p\u00fck memesi<br \/>\n\u00dcr. No. z 20 50 18 Sprey \u015fi\u015fesi 1.5 L, Renk: k\u0131rm\u0131z\u0131, PP k\u00f6p\u00fck memesi (EPDM contal\u0131)<br \/>\n\u00dcr. No. z 20 50 72 HQ bas\u0131n\u00e7l\u0131 p\u00fcsk\u00fcrt\u00fcc\u00fc, 5 L, RONDO, k\u00f6p\u00fck memesi (EPDM contal\u0131)<\/p>\n<p><img loading=\"lazy\" class=\"alignnone size-full wp-image-1560\" src=\"https:\/\/kiehl.mcsajans.com\/wp-content\/uploads\/2021\/02\/tahris-2.jpg\" alt=\"\" width=\"69\" height=\"79\" \/>R 20\/21\/22 Solunmas\u0131, deri ile temas\u0131 ve yutulmas\u0131 halinde zararl\u0131d\u0131r..<\/p>\n<p>R 36\/38 G\u00f6zleri ve deriyi tahri\u015f eder.<br \/>\nS 24\/25 Deri ve g\u00f6zlere temas etmemesine dikkat ediniz.<br \/>\nS 37 Uygun eldivenler giyiniz.<br \/>\nS 51 Sadece \u00e7ok iyi havaland\u0131rman\u0131n bulundu\u011fu yerlerde kullan\u0131n.<br \/>\nS 62 Yutan ki\u015fiyi kusturmaya \u00e7al\u0131\u015fmay\u0131n\u0131z: hemen bir t\u0131p merkezine ba\u015fvurunuz ve madde etiketini veya kab\u0131n\u0131 doktora g\u00f6steriniz. Solvent i\u00e7erir.<\/p>\n","protected":false},"excerpt":{"rendered":"<h1 class=\"detail-productname\"><span class=\"urun_baslik_01\">Gommasol<\/span><\/h1>\n<p><span class=\"urun_text_02\">Lastik izi giderici<\/span><\/p>\n<p><span class=\"urun_text_02\"><strong>\u00d6zellikleri <\/strong>: Gommasol end\u00fcstriyel zeminlerdeki forklift ve benzeri ara\u00e7larca olu\u015fturulan lastik izleri ve lastik kal\u0131nt\u0131lar\u0131n\u0131 gidermek i\u00e7in dizayn edilmi\u015f solvent bazl\u0131 bir temizleyicidir. Y\u00fcksek temizleme etkisi sayesinde Gommasol \u00e7ok kirli end\u00fcstriyel alanlar ve depolarda g\u00fcvenle kullan\u0131labilir. Gommasol az kokulu ve uygulamas\u0131 kolay bir \u00fcr\u00fcnd\u00fcr.<\/p>\n<p><\/span><\/p>\n<p>&nbsp;<\/p>\n<hr \/>\n<p><img loading=\"lazy\" class=\"alignnone size-full wp-image-1563\" src=\"https:\/\/kiehl.mcsajans.com\/wp-content\/uploads\/2021\/02\/gommasol_icon.jpg\" alt=\"\" width=\"212\" height=\"67\" \/><\/p>\n<p><strong><span class=\"urun_text_02\">Metrekare ba\u015f\u0131na t\u00fcketim<\/span><\/strong><br \/>\nLastik izlerinin giderilmesi: 50-100 ml<\/p>\n<p><strong>Profesyonel kullan\u0131mlar i\u00e7indir!<\/strong><\/p>\n<p><strong>Paketleme<\/strong><\/p>\n<p>5 litre bidon \u00dcr. No. j 05 07 15<\/p>\n","protected":false},"featured_media":1565,"comment_status":"open","ping_status":"closed","template":"elementor_theme","meta":[],"yoast_head":"<!-- This site is optimized with the Yoast SEO plugin v15.9 - https:\/\/yoast.com\/wordpress\/plugins\/seo\/ -->\r\n<title>Gommasol | K\u0130EHL<\/title>\r\n<meta name=\"description\" content=\"Gommasol end\u00fcstriyel zeminlerdeki forklift ve benzeri ara\u00e7larca olu\u015fturulan lastik izleri ve lastik kal\u0131nt\u0131lar\u0131n\u0131 gidermek i\u00e7in dizayn edilmi\u015f solvent bazl\u0131 bir temizleyicidir.\" \/>\r\n<meta name=\"robots\" content=\"index, follow, max-snippet:-1, max-image-preview:large, max-video-preview:-1\" \/>\r\n<link rel=\"canonical\" href=\"http:\/\/www.kiehlturkey.com\/index.php\/urun\/gommasol\/\" \/>\r\n<meta property=\"og:locale\" content=\"tr_TR\" \/>\r\n<meta property=\"og:type\" content=\"article\" \/>\r\n<meta property=\"og:title\" content=\"Gommasol | K\u0130EHL\" \/>\r\n<meta property=\"og:description\" content=\"Gommasol end\u00fcstriyel zeminlerdeki forklift ve benzeri ara\u00e7larca olu\u015fturulan lastik izleri ve lastik kal\u0131nt\u0131lar\u0131n\u0131 gidermek i\u00e7in dizayn edilmi\u015f solvent bazl\u0131 bir temizleyicidir.\" \/>\r\n<meta property=\"og:url\" content=\"http:\/\/www.kiehlturkey.com\/index.php\/urun\/gommasol\/\" \/>\r\n<meta property=\"og:site_name\" content=\"K\u0130EHL\" \/>\r\n<meta property=\"article:modified_time\" content=\"2021-02-27T20:07:54+00:00\" \/>\r\n<meta property=\"og:image\" content=\"http:\/\/www.kiehlturkey.com\/wp-content\/uploads\/2021\/02\/gammasol.jpg\" \/>\r\n\t<meta property=\"og:image:width\" content=\"500\" \/>\r\n\t<meta property=\"og:image:height\" content=\"500\" \/>\r\n<meta name=\"twitter:card\" content=\"summary_large_image\" \/>\r\n<meta name=\"twitter:label1\" content=\"Tahmini okuma s\u00fcresi\">\n\t<meta name=\"twitter:data1\" content=\"2 dakika\">\r\n<script type=\"application\/ld+json\" class=\"yoast-schema-graph\">{\"@context\":\"https:\/\/schema.org\",\"@graph\":[{\"@type\":\"WebSite\",\"@id\":\"http:\/\/www.kiehlturkey.com\/#website\",\"url\":\"http:\/\/www.kiehlturkey.com\/\",\"name\":\"K\\u0130EHL\",\"description\":\"die saubere L\\u00f6sung\",\"potentialAction\":[{\"@type\":\"SearchAction\",\"target\":\"http:\/\/www.kiehlturkey.com\/?s={search_term_string}\",\"query-input\":\"required name=search_term_string\"}],\"inLanguage\":\"tr\"},{\"@type\":\"ImageObject\",\"@id\":\"http:\/\/www.kiehlturkey.com\/index.php\/urun\/gommasol\/#primaryimage\",\"inLanguage\":\"tr\",\"url\":\"http:\/\/www.kiehlturkey.com\/wp-content\/uploads\/2021\/02\/gammasol.jpg\",\"width\":500,\"height\":500},{\"@type\":\"WebPage\",\"@id\":\"http:\/\/www.kiehlturkey.com\/index.php\/urun\/gommasol\/#webpage\",\"url\":\"http:\/\/www.kiehlturkey.com\/index.php\/urun\/gommasol\/\",\"name\":\"Gommasol | K\\u0130EHL\",\"isPartOf\":{\"@id\":\"http:\/\/www.kiehlturkey.com\/#website\"},\"primaryImageOfPage\":{\"@id\":\"http:\/\/www.kiehlturkey.com\/index.php\/urun\/gommasol\/#primaryimage\"},\"datePublished\":\"2021-02-27T19:54:32+00:00\",\"dateModified\":\"2021-02-27T20:07:54+00:00\",\"description\":\"Gommasol end\\u00fcstriyel zeminlerdeki forklift ve benzeri ara\\u00e7larca olu\\u015fturulan lastik izleri ve lastik kal\\u0131nt\\u0131lar\\u0131n\\u0131 gidermek i\\u00e7in dizayn edilmi\\u015f solvent bazl\\u0131 bir temizleyicidir.\",\"breadcrumb\":{\"@id\":\"http:\/\/www.kiehlturkey.com\/index.php\/urun\/gommasol\/#breadcrumb\"},\"inLanguage\":\"tr\",\"potentialAction\":[{\"@type\":\"ReadAction\",\"target\":[\"http:\/\/www.kiehlturkey.com\/index.php\/urun\/gommasol\/\"]}]},{\"@type\":\"BreadcrumbList\",\"@id\":\"http:\/\/www.kiehlturkey.com\/index.php\/urun\/gommasol\/#breadcrumb\",\"itemListElement\":[{\"@type\":\"ListItem\",\"position\":1,\"item\":{\"@type\":\"WebPage\",\"@id\":\"http:\/\/www.kiehlturkey.com\/\",\"url\":\"http:\/\/www.kiehlturkey.com\/\",\"name\":\"Ana sayfa\"}},{\"@type\":\"ListItem\",\"position\":2,\"item\":{\"@type\":\"WebPage\",\"@id\":\"http:\/\/www.kiehlturkey.com\/index.php\/urunler\/\",\"url\":\"http:\/\/www.kiehlturkey.com\/index.php\/urunler\/\",\"name\":\"\\u00dcr\\u00fcnler\"}},{\"@type\":\"ListItem\",\"position\":3,\"item\":{\"@type\":\"WebPage\",\"@id\":\"http:\/\/www.kiehlturkey.com\/index.php\/urun\/gommasol\/\",\"url\":\"http:\/\/www.kiehlturkey.com\/index.php\/urun\/gommasol\/\",\"name\":\"Gommasol\"}}]}]}<\/script>\r\n<!-- \/ Yoast SEO plugin. -->","_links":{"self":[{"href":"http:\/\/www.kiehlturkey.com\/index.php\/wp-json\/wp\/v2\/product\/1549"}],"collection":[{"href":"http:\/\/www.kiehlturkey.com\/index.php\/wp-json\/wp\/v2\/product"}],"about":[{"href":"http:\/\/www.kiehlturkey.com\/index.php\/wp-json\/wp\/v2\/types\/product"}],"replies":[{"embeddable":true,"href":"http:\/\/www.kiehlturkey.com\/index.php\/wp-json\/wp\/v2\/comments?post=1549"}],"version-history":[{"count":5,"href":"http:\/\/www.kiehlturkey.com\/index.php\/wp-json\/wp\/v2\/product\/1549\/revisions"}],"predecessor-version":[{"id":1566,"href":"http:\/\/www.kiehlturkey.com\/index.php\/wp-json\/wp\/v2\/product\/1549\/revisions\/1566"}],"wp:featuredmedia":[{"embeddable":true,"href":"http:\/\/www.kiehlturkey.com\/index.php\/wp-json\/wp\/v2\/media\/1565"}],"wp:attachment":[{"href":"http:\/\/www.kiehlturkey.com\/index.php\/wp-json\/wp\/v2\/media?parent=1549"}],"curies":[{"name":"wp","href":"https:\/\/api.w.org\/{rel}","templated":true}]}}