{"id":1557,"date":"2021-02-27T20:00:10","date_gmt":"2021-02-27T20:00:10","guid":{"rendered":"https:\/\/kiehl.mcsajans.com\/?post_type=product&#038;p=1557"},"modified":"2021-02-27T20:05:40","modified_gmt":"2021-02-27T20:05:40","slug":"kiehl-rapides","status":"publish","type":"product","link":"http:\/\/www.kiehlturkey.com\/index.php\/urun\/kiehl-rapides\/","title":{"rendered":"Kiehl-RapiD\u00e9s"},"content":{"rendered":"<p><strong><span class=\"urun_text_02\">\u00d6zellikleri : <\/span><\/strong><span class=\"urun_text_02\">H\u0131zl\u0131 ve g\u00fcvenlik mikrobiyolojik etkinin ve kuruma s\u00fcresinin k\u0131sa olmas\u0131 gereken her t\u00fcrl\u00fc alan\u0131n herhangibir art\u0131k b\u0131rakmadan dezenfeksiyonu ve temizli\u011fini sa\u011flayan kullan\u0131ma haz\u0131r dezenfektan temizleyicidir. Dezenfekte edilen y\u00fczeyler kuruduktan hemen sonra yiyecek maddeleri temas edebilir. Suyla ek temzilik gerektirmektedir. \u00dcr\u00fcn kal\u0131nt\u0131lar\u0131 toksikoloji a\u00e7\u0131s\u0131ndan herhangibir sak\u0131nca ta\u015f\u0131mamaktad\u0131r.<br \/>\nEN1276,EN 1650,EN 13697 ve EN 14476 standartlar\u0131na g\u00f6re kontrol edilmi\u015f, bakteri, maya, mantar ve vir\u00fcslere kar\u015f\u0131 etkinli\u011fi kan\u0131tlanm\u0131\u015ft\u0131r. Kiehl, Kiehl-RapiD\u00e9s&#8217;in aldehit, parf\u00fcm ve renlendiriciden ar\u0131nd\u0131r\u0131lm\u0131\u015f form\u00fcl\u00fc, salmonella ve listeria gibi g\u0131dalar\u0131n bulundu\u011fu b\u00f6lgelere yerle\u015fen problemli mikroplara kar\u015f\u0131 da etkilidir. IHO dezenfektanlar listesine kabul edilmi\u015ftir. (German Industrial Association for Hygiene and Surface Protection).<br \/>\n20\u00b0C&#8217;de ve 10\u00b0C&#8217;de etkilidir. Kiehl-RapiD\u00e9s&#8217;de, g\u0131dalar\u0131n bulundu\u011fu mekanlarda kullan\u0131mda sak\u0131nca olmad\u0131\u011f\u0131 kan\u0131tlanm\u0131\u015ft\u0131r.<\/span><span class=\"urun_text_02\"><br \/>\n<\/span><\/p>\n<p><span class=\"urun_text_02\"><strong>\u00dcr\u00fcn \u0130\u00e7eri\u011fi :<\/strong>\u00a0<\/span>100 g i\u00e7erisinde 50 g ethanol bulunmaktad\u0131r.<br \/>\npH de\u011feri (konsantre): yakla\u015f\u0131k 7<\/p>\n<p><span class=\"urun_text_02\"><strong>Kullan\u0131m Alanlar\u0131 :<\/strong> \u00a0\u00c7elik, cam, al\u00fcminyum, seramik, alkole dayan\u0131kl\u0131 plastikten yap\u0131lma \u00e7al\u0131\u015fma masalar\u0131, tezgahlar,fayanslar, ekmek tahtalar\u0131, i\u015fleme makineleri, masalar, kap\u0131 kollar\u0131, so\u011futma tezgahlar\u0131, so\u011ftmal\u0131 nakil ara\u00e7lar\u0131 vs. alkole dayan\u0131kl\u0131 y\u00fczeylerin dezenfeksiyonu ve temizli\u011fi i\u00e7indir.<br \/>\n<\/span><\/p>\n<p><strong><span class=\"urun_text_02\">Kullan\u0131m \u015eekli : <\/span><\/strong><span class=\"urun_text_02\">\u0130lk kez kullanmadan \u00f6nce temizli\u011fi yap\u0131lacak y\u00fczeyin \u00f6nemsiz yerlerinde, \u00fcr\u00fcn\u00fcn dayan\u0131kl\u0131l\u0131\u011f\u0131n\u0131 g\u00f6rmek i\u00e7in, L\u00fctfen test ediniz.<\/span><span class=\"urun_text_02\"><br \/>\n<\/span><span class=\"urun_text_02\">Y\u00fczey \u00fczerindeki kaba, ya\u011fl\u0131 ve protein i\u00e7erikli kirler \u00f6nceden silinmelidir.<\/span><strong><span class=\"urun_text_02\"><br \/>\n<\/span><\/strong><\/p>\n<p><strong><span class=\"urun_text_02\">Dezenfeksiyon Temizli\u011fi : <\/span><\/strong>Y\u00fczeyleri, cihazlar\u0131, nesneleri seyreltilmemi\u015f \u00fcr\u00fcnle tamamen \u0131slat\u0131n\u0131z(\u00f6rnek 10 ml \/ m\u00b2). Kurumas\u0131n\u0131 bekleyin veya k\u0131sa bir s\u00fcre etki etmesini bekledikten sonra kuru bir tek kullan\u0131ml\u0131 bezle siliniz.<br \/>\nKiehl taraf\u0131ndan Uygunsuz ve Kullanma talimatlar\u0131na uyulmamas\u0131ndan dolay\u0131 meydana gelebilecek hasarlardan dolay\u0131 sorumluluk kabul edilemez.<\/p>\n","protected":false},"excerpt":{"rendered":"<h1>Kiehl-RapiD\u00e9s<\/h1>\n<p><strong>H\u0131zl\u0131 S\u0131v\u0131 Dezenfektan Temizleyici (\u015eok Dezenfekte<\/strong><\/p>\n<p><span class=\"urun_text_02\"><strong>\u00d6zellikleri <\/strong>: \u00a0H\u0131zl\u0131 ve g\u00fcvenlik mikrobiyolojik etkinin ve kuruma s\u00fcresinin k\u0131sa olmas\u0131 gereken her t\u00fcrl\u00fc alan\u0131n herhangibir art\u0131k b\u0131rakmadan dezenfeksiyonu ve temizli\u011fini sa\u011flayan kullan\u0131ma haz\u0131r dezenfektan temizleyicidir. Dezenfekte edilen y\u00fczeyler kuruduktan hemen sonra yiyecek maddeleri temas edebilir. Suyla ek temzilik gerektirmektedir. \u00dcr\u00fcn kal\u0131nt\u0131lar\u0131 toksikoloji a\u00e7\u0131s\u0131ndan herhangibir sak\u0131nca ta\u015f\u0131mamaktad\u0131r.<br \/>\nEN1276,EN 1650,EN 13697 ve EN 14476 standartlar\u0131na g\u00f6re kontrol edilmi\u015f, bakteri, maya, mantar ve vir\u00fcslere kar\u015f\u0131 etkinli\u011fi kan\u0131tlanm\u0131\u015ft\u0131r. Kiehl, Kiehl-RapiD\u00e9s&#8217;in aldehit, parf\u00fcm ve renlendiriciden ar\u0131nd\u0131r\u0131lm\u0131\u015f form\u00fcl\u00fc, salmonella ve listeria gibi g\u0131dalar\u0131n bulundu\u011fu b\u00f6lgelere yerle\u015fen problemli mikroplara kar\u015f\u0131 da etkilidir. IHO dezenfektanlar listesine kabul edilmi\u015ftir. (German Industrial Association for Hygiene and Surface Protection).<br \/>\n20\u00b0C&#8217;de ve 10\u00b0C&#8217;de etkilidir. Kiehl-RapiD\u00e9s&#8217;de, g\u0131dalar\u0131n bulundu\u011fu mekanlarda kullan\u0131mda sak\u0131nca olmad\u0131\u011f\u0131 kan\u0131tlanm\u0131\u015ft\u0131r.<\/span><\/p>\n<hr \/>\n<p><strong><span class=\"urun_text_02\">Metrekare ba\u015f\u0131na t\u00fcketim<\/span><\/strong><br \/>\nY\u00fczey temizli\u011fi \/ dezenfeksiyon: 10 ml<\/p>\n<p>R 10 Yan\u0131c\u0131d\u0131r. S 16 Yan\u0131c\u0131 alanlardan uzak tutunuz. Yak\u0131n\u0131nda sigara i\u00e7meyiniz.<br \/>\nS 07\/09 Kaplar\u0131n s\u0131k\u0131ca kapal\u0131 ve havaland\u0131rmas\u0131 iyi ortamlarda saklay\u0131n\u0131z.<br \/>\nDezenfeksiyon temizleyiciyi: g\u00fcvenli kullan\u0131n. Kullanmadan \u00f6nce her zaman i\u015faret ve \u00fcr\u00fcn<br \/>\nbilgilerini okuyunuz. 1999\/44\/EC Madee&#8217;e g\u00f6re t\u00fcketici \u00fcr\u00fcn\u00fc de\u011fildir. 1!<\/p>\n<p><strong>Sadece Profesyonel Kullan\u0131mlar i\u00e7indir!<\/strong><\/p>\n<p><strong>Paketleme <\/strong><\/p>\n<p>Karton: 6 x 750 ml sprey ambalaj<br \/>\nArt. No. j 35 04 47<\/p>\n<p><img loading=\"lazy\" class=\"alignnone size-full wp-image-1551\" src=\"https:\/\/kiehl.mcsajans.com\/wp-content\/uploads\/2021\/02\/resim_2021-02-27_225641.png\" alt=\"\" width=\"67\" height=\"67\" \/><\/p>\n","protected":false},"featured_media":1561,"comment_status":"open","ping_status":"closed","template":"elementor_theme","meta":[],"yoast_head":"<!-- This site is optimized with the Yoast SEO plugin v15.9 - https:\/\/yoast.com\/wordpress\/plugins\/seo\/ -->\r\n<title>Kiehl-RapiD\u00e9s | K\u0130EHL<\/title>\r\n<meta name=\"description\" content=\"H\u0131zl\u0131 ve g\u00fcvenlik mikrobiyolojik etkinin ve kuruma s\u00fcresinin k\u0131sa olmas\u0131 gereken her t\u00fcrl\u00fc alan\u0131n herhangibir art\u0131k b\u0131rakmadan dezenfeksiyonu ve temizli\u011fini sa\u011flayan kullan\u0131ma haz\u0131r dezenfektan temizleyicidir.\" \/>\r\n<meta name=\"robots\" content=\"index, follow, max-snippet:-1, max-image-preview:large, max-video-preview:-1\" \/>\r\n<link rel=\"canonical\" href=\"http:\/\/www.kiehlturkey.com\/index.php\/urun\/kiehl-rapides\/\" \/>\r\n<meta property=\"og:locale\" content=\"tr_TR\" \/>\r\n<meta property=\"og:type\" content=\"article\" \/>\r\n<meta property=\"og:title\" content=\"Kiehl-RapiD\u00e9s | K\u0130EHL\" \/>\r\n<meta property=\"og:description\" content=\"H\u0131zl\u0131 ve g\u00fcvenlik mikrobiyolojik etkinin ve kuruma s\u00fcresinin k\u0131sa olmas\u0131 gereken her t\u00fcrl\u00fc alan\u0131n herhangibir art\u0131k b\u0131rakmadan dezenfeksiyonu ve temizli\u011fini sa\u011flayan kullan\u0131ma haz\u0131r dezenfektan temizleyicidir.\" \/>\r\n<meta property=\"og:url\" content=\"http:\/\/www.kiehlturkey.com\/index.php\/urun\/kiehl-rapides\/\" \/>\r\n<meta property=\"og:site_name\" content=\"K\u0130EHL\" \/>\r\n<meta property=\"article:modified_time\" content=\"2021-02-27T20:05:40+00:00\" \/>\r\n<meta property=\"og:image\" content=\"http:\/\/www.kiehlturkey.com\/wp-content\/uploads\/2021\/02\/Untitled-1-13.jpg\" \/>\r\n\t<meta property=\"og:image:width\" content=\"500\" \/>\r\n\t<meta property=\"og:image:height\" content=\"500\" \/>\r\n<meta name=\"twitter:card\" content=\"summary_large_image\" \/>\r\n<meta name=\"twitter:label1\" content=\"Tahmini okuma s\u00fcresi\">\n\t<meta name=\"twitter:data1\" content=\"2 dakika\">\r\n<script type=\"application\/ld+json\" class=\"yoast-schema-graph\">{\"@context\":\"https:\/\/schema.org\",\"@graph\":[{\"@type\":\"WebSite\",\"@id\":\"http:\/\/www.kiehlturkey.com\/#website\",\"url\":\"http:\/\/www.kiehlturkey.com\/\",\"name\":\"K\\u0130EHL\",\"description\":\"die saubere L\\u00f6sung\",\"potentialAction\":[{\"@type\":\"SearchAction\",\"target\":\"http:\/\/www.kiehlturkey.com\/?s={search_term_string}\",\"query-input\":\"required name=search_term_string\"}],\"inLanguage\":\"tr\"},{\"@type\":\"ImageObject\",\"@id\":\"http:\/\/www.kiehlturkey.com\/index.php\/urun\/kiehl-rapides\/#primaryimage\",\"inLanguage\":\"tr\",\"url\":\"http:\/\/www.kiehlturkey.com\/wp-content\/uploads\/2021\/02\/Untitled-1-13.jpg\",\"width\":500,\"height\":500},{\"@type\":\"WebPage\",\"@id\":\"http:\/\/www.kiehlturkey.com\/index.php\/urun\/kiehl-rapides\/#webpage\",\"url\":\"http:\/\/www.kiehlturkey.com\/index.php\/urun\/kiehl-rapides\/\",\"name\":\"Kiehl-RapiD\\u00e9s | K\\u0130EHL\",\"isPartOf\":{\"@id\":\"http:\/\/www.kiehlturkey.com\/#website\"},\"primaryImageOfPage\":{\"@id\":\"http:\/\/www.kiehlturkey.com\/index.php\/urun\/kiehl-rapides\/#primaryimage\"},\"datePublished\":\"2021-02-27T20:00:10+00:00\",\"dateModified\":\"2021-02-27T20:05:40+00:00\",\"description\":\"H\\u0131zl\\u0131 ve g\\u00fcvenlik mikrobiyolojik etkinin ve kuruma s\\u00fcresinin k\\u0131sa olmas\\u0131 gereken her t\\u00fcrl\\u00fc alan\\u0131n herhangibir art\\u0131k b\\u0131rakmadan dezenfeksiyonu ve temizli\\u011fini sa\\u011flayan kullan\\u0131ma haz\\u0131r dezenfektan temizleyicidir.\",\"breadcrumb\":{\"@id\":\"http:\/\/www.kiehlturkey.com\/index.php\/urun\/kiehl-rapides\/#breadcrumb\"},\"inLanguage\":\"tr\",\"potentialAction\":[{\"@type\":\"ReadAction\",\"target\":[\"http:\/\/www.kiehlturkey.com\/index.php\/urun\/kiehl-rapides\/\"]}]},{\"@type\":\"BreadcrumbList\",\"@id\":\"http:\/\/www.kiehlturkey.com\/index.php\/urun\/kiehl-rapides\/#breadcrumb\",\"itemListElement\":[{\"@type\":\"ListItem\",\"position\":1,\"item\":{\"@type\":\"WebPage\",\"@id\":\"http:\/\/www.kiehlturkey.com\/\",\"url\":\"http:\/\/www.kiehlturkey.com\/\",\"name\":\"Ana sayfa\"}},{\"@type\":\"ListItem\",\"position\":2,\"item\":{\"@type\":\"WebPage\",\"@id\":\"http:\/\/www.kiehlturkey.com\/index.php\/urunler\/\",\"url\":\"http:\/\/www.kiehlturkey.com\/index.php\/urunler\/\",\"name\":\"\\u00dcr\\u00fcnler\"}},{\"@type\":\"ListItem\",\"position\":3,\"item\":{\"@type\":\"WebPage\",\"@id\":\"http:\/\/www.kiehlturkey.com\/index.php\/urun\/kiehl-rapides\/\",\"url\":\"http:\/\/www.kiehlturkey.com\/index.php\/urun\/kiehl-rapides\/\",\"name\":\"Kiehl-RapiD\\u00e9s\"}}]}]}<\/script>\r\n<!-- \/ Yoast SEO plugin. -->","_links":{"self":[{"href":"http:\/\/www.kiehlturkey.com\/index.php\/wp-json\/wp\/v2\/product\/1557"}],"collection":[{"href":"http:\/\/www.kiehlturkey.com\/index.php\/wp-json\/wp\/v2\/product"}],"about":[{"href":"http:\/\/www.kiehlturkey.com\/index.php\/wp-json\/wp\/v2\/types\/product"}],"replies":[{"embeddable":true,"href":"http:\/\/www.kiehlturkey.com\/index.php\/wp-json\/wp\/v2\/comments?post=1557"}],"version-history":[{"count":1,"href":"http:\/\/www.kiehlturkey.com\/index.php\/wp-json\/wp\/v2\/product\/1557\/revisions"}],"predecessor-version":[{"id":1562,"href":"http:\/\/www.kiehlturkey.com\/index.php\/wp-json\/wp\/v2\/product\/1557\/revisions\/1562"}],"wp:featuredmedia":[{"embeddable":true,"href":"http:\/\/www.kiehlturkey.com\/index.php\/wp-json\/wp\/v2\/media\/1561"}],"wp:attachment":[{"href":"http:\/\/www.kiehlturkey.com\/index.php\/wp-json\/wp\/v2\/media?parent=1557"}],"curies":[{"name":"wp","href":"https:\/\/api.w.org\/{rel}","templated":true}]}}