{"id":1564,"date":"2021-02-27T20:07:04","date_gmt":"2021-02-27T20:07:04","guid":{"rendered":"https:\/\/kiehl.mcsajans.com\/?post_type=product&#038;p=1564"},"modified":"2021-02-27T20:12:47","modified_gmt":"2021-02-27T20:12:47","slug":"carp-acryl","status":"publish","type":"product","link":"http:\/\/www.kiehlturkey.com\/index.php\/urun\/carp-acryl\/","title":{"rendered":"Carp-Acryl"},"content":{"rendered":"<p><strong><span class=\"urun_text_02\">\u00d6zellikleri :<\/span><\/strong><span class=\"urun_text_02\"> Hal\u0131lar\u0131n Carp-Acryl ile \u015fampuanlanmas\u0131, son derece aktif, lif koruyucu bir k\u00f6p\u00fck olu\u015fturur. Bu k\u00f6p\u00fck kurudu\u011funda, liflere yap\u0131\u015fmayan (anti-kir etkisi) polimer ve kir y\u0131\u011f\u0131\u015fmalar\u0131 olu\u015fur. E\u011fer a\u015f\u0131r\u0131 k\u00f6p\u00fcklenme meydana gelirse (\u00f6rn. \u00f6nceki temizliklerden kalan y\u00fczey etkin maddelerin art\u0131klar\u0131ndan dolay\u0131), bu k\u00f6p\u00fc\u011f\u00fc bir \u0131slak vakumlu temizleyici ya da p\u00fcsk\u00fcrtme-vakumlama makinesiyle vakumlay\u0131n. Carp-Acryl&#8217;i bir \u00f6n k\u00f6p\u00fcklendirici ile kullanmay\u0131n.<\/span><span class=\"urun_text_02\"><br \/>\n<\/span><\/p>\n<p><strong>\u0130\u00e7indekiler : <\/strong>Aniyonik y\u00fczey etkin maddeler &lt; 5%, fosfatlar &lt; 5%, polimer \u00e7\u00f6zeltiler, esanslar, koruyucular (metil-\/metilkloroisothiazolinone). pH-de\u011feri (konsantre): yakla\u015f\u0131k 8 pH-de\u011feri (kullan\u0131ma haz\u0131r): yakla\u015f\u0131k 8<\/p>\n<p><span class=\"urun_text_02\"><strong>Kullan\u0131m Alanlar\u0131 :<\/strong>\u00a0T\u00fcm boya b\u0131rakmaz ve neme dayan\u0131kl\u0131 zemin kaplamalar\u0131nda kullan\u0131ma uygundur.z.<\/span><\/p>\n<p><span class=\"urun_text_02\"><strong>Kullan\u0131m \u015eekli :<\/strong>\u00a0<\/span>Uygulamadan \u00f6nce hal\u0131y\u0131 iyice s\u00fcp\u00fcr\u00fcn\u00fcz.<\/p>\n<p><strong><span class=\"urun_text_02\">\u015eampuanlama :<\/span><\/strong>\u00a0Kirlerin yo\u011funlu\u011funa g\u00f6re 1-1,5 litre \u00fcr\u00fcn\u00fc 8 litre suyla seyreltin. Sol\u00fcsyonu d\u00f6ner ba\u015fl\u0131kl\u0131 makinenin tank\u0131na doldurun ve makineyi k\u00f6p\u00fck olu\u015fmaya ba\u015flayana kadar lastik veya PVC bir d\u00f6\u015feme \u00fczerinde \u00e7al\u0131\u015ft\u0131r\u0131n. Hal\u0131y\u0131 dairesel hareketlerle \u015fampuanlay\u0131n. Uygulamadan sonra hal\u0131n\u0131n hav\u0131n\u0131 kald\u0131r\u0131n ve kuruyana kadar \u00fczerinde y\u00fcr\u00fcmeyin. Bir sonraki rutin temizli\u011finize kadar hal\u0131y\u0131 kuru olarak s\u00fcp\u00fcr\u00fcn.<\/p>\n<p><strong><span class=\"urun_text_02\">Uyar\u0131 :<\/span><\/strong>\u00a0Kiehl \u00fcr\u00fcn\u00fcn usule uygun olmayan kullan\u0131m\u0131 ve bundan do\u011facak zararlar i\u00e7in hi\u00e7bir sorumlulu\u011fu kabul etmez.<\/p>\n<p>&nbsp;<\/p>\n","protected":false},"excerpt":{"rendered":"<h1>Carp-Acryl<\/h1>\n<p><strong>Hal\u0131 \u015fampuan\u0131<\/strong><\/p>\n<p><span class=\"urun_text_02\"><strong>\u00d6zellikleri <\/strong>: Hal\u0131lar\u0131n Carp-Acryl ile \u015fampuanlanmas\u0131, son derece aktif, lif koruyucu bir k\u00f6p\u00fck olu\u015fturur. Bu k\u00f6p\u00fck kurudu\u011funda, liflere yap\u0131\u015fmayan (anti-kir etkisi) polimer ve kir y\u0131\u011f\u0131\u015fmalar\u0131 olu\u015fur. E\u011fer a\u015f\u0131r\u0131 k\u00f6p\u00fcklenme meydana gelirse (\u00f6rn. \u00f6nceki temizliklerden kalan y\u00fczey etkin maddelerin art\u0131klar\u0131ndan dolay\u0131), bu k\u00f6p\u00fc\u011f\u00fc bir \u0131slak vakumlu temizleyici ya da p\u00fcsk\u00fcrtme-vakumlama makinesiyle vakumlay\u0131n. Carp-Acryl&#8217;i bir \u00f6n k\u00f6p\u00fcklendirici ile kullanmay\u0131n.<br \/>\n<\/span><\/p>\n<p>&nbsp;<\/p>\n<hr \/>\n<p><strong><span class=\"urun_text_02\">Metrekare ba\u015f\u0131na t\u00fcketim<\/span><\/strong><br \/>\n\u015eampuanlama: 50 ml<\/p>\n<p><strong><span class=\"urun_text_02\">Paketleme<\/span><\/strong><br \/>\n10 litre bidon \u00dcr. No. j 60 01 10<br \/>\n200 litre varil \u00dcr. No. j 60 01 72<br \/>\nDonmaya kar\u015f\u0131 koruyunuz!<\/p>\n<p><strong>Profesyonel kullan\u0131mlar i\u00e7indir!<\/strong><\/p>\n<p><img loading=\"lazy\" class=\"alignnone size-full wp-image-1569\" src=\"https:\/\/kiehl.mcsajans.com\/wp-content\/uploads\/2021\/02\/resim_2021-02-27_231059.png\" alt=\"\" width=\"67\" height=\"67\" \/><\/p>\n","protected":false},"featured_media":1570,"comment_status":"open","ping_status":"closed","template":"elementor_theme","meta":[],"yoast_head":"<!-- This site is optimized with the Yoast SEO plugin v15.9 - https:\/\/yoast.com\/wordpress\/plugins\/seo\/ -->\r\n<title>Carp-Acryl | K\u0130EHL<\/title>\r\n<meta name=\"description\" content=\"Hal\u0131lar\u0131n Carp-Acryl ile \u015fampuanlanmas\u0131, son derece aktif, lif koruyucu bir k\u00f6p\u00fck olu\u015fturur.\" \/>\r\n<meta name=\"robots\" content=\"index, follow, max-snippet:-1, max-image-preview:large, max-video-preview:-1\" \/>\r\n<link rel=\"canonical\" href=\"http:\/\/www.kiehlturkey.com\/index.php\/urun\/carp-acryl\/\" \/>\r\n<meta property=\"og:locale\" content=\"tr_TR\" \/>\r\n<meta property=\"og:type\" content=\"article\" \/>\r\n<meta property=\"og:title\" content=\"Carp-Acryl | K\u0130EHL\" \/>\r\n<meta property=\"og:description\" content=\"Hal\u0131lar\u0131n Carp-Acryl ile \u015fampuanlanmas\u0131, son derece aktif, lif koruyucu bir k\u00f6p\u00fck olu\u015fturur.\" \/>\r\n<meta property=\"og:url\" content=\"http:\/\/www.kiehlturkey.com\/index.php\/urun\/carp-acryl\/\" \/>\r\n<meta property=\"og:site_name\" content=\"K\u0130EHL\" \/>\r\n<meta property=\"article:modified_time\" content=\"2021-02-27T20:12:47+00:00\" \/>\r\n<meta property=\"og:image\" content=\"http:\/\/www.kiehlturkey.com\/wp-content\/uploads\/2021\/02\/Untitled-1-14.jpg\" \/>\r\n\t<meta property=\"og:image:width\" content=\"500\" \/>\r\n\t<meta property=\"og:image:height\" content=\"500\" \/>\r\n<meta name=\"twitter:card\" content=\"summary_large_image\" \/>\r\n<meta name=\"twitter:label1\" content=\"Tahmini okuma s\u00fcresi\">\n\t<meta name=\"twitter:data1\" content=\"1 dakika\">\r\n<script type=\"application\/ld+json\" class=\"yoast-schema-graph\">{\"@context\":\"https:\/\/schema.org\",\"@graph\":[{\"@type\":\"WebSite\",\"@id\":\"http:\/\/www.kiehlturkey.com\/#website\",\"url\":\"http:\/\/www.kiehlturkey.com\/\",\"name\":\"K\\u0130EHL\",\"description\":\"die saubere L\\u00f6sung\",\"potentialAction\":[{\"@type\":\"SearchAction\",\"target\":\"http:\/\/www.kiehlturkey.com\/?s={search_term_string}\",\"query-input\":\"required name=search_term_string\"}],\"inLanguage\":\"tr\"},{\"@type\":\"ImageObject\",\"@id\":\"http:\/\/www.kiehlturkey.com\/index.php\/urun\/carp-acryl\/#primaryimage\",\"inLanguage\":\"tr\",\"url\":\"http:\/\/www.kiehlturkey.com\/wp-content\/uploads\/2021\/02\/Untitled-1-14.jpg\",\"width\":500,\"height\":500},{\"@type\":\"WebPage\",\"@id\":\"http:\/\/www.kiehlturkey.com\/index.php\/urun\/carp-acryl\/#webpage\",\"url\":\"http:\/\/www.kiehlturkey.com\/index.php\/urun\/carp-acryl\/\",\"name\":\"Carp-Acryl | K\\u0130EHL\",\"isPartOf\":{\"@id\":\"http:\/\/www.kiehlturkey.com\/#website\"},\"primaryImageOfPage\":{\"@id\":\"http:\/\/www.kiehlturkey.com\/index.php\/urun\/carp-acryl\/#primaryimage\"},\"datePublished\":\"2021-02-27T20:07:04+00:00\",\"dateModified\":\"2021-02-27T20:12:47+00:00\",\"description\":\"Hal\\u0131lar\\u0131n Carp-Acryl ile \\u015fampuanlanmas\\u0131, son derece aktif, lif koruyucu bir k\\u00f6p\\u00fck olu\\u015fturur.\",\"breadcrumb\":{\"@id\":\"http:\/\/www.kiehlturkey.com\/index.php\/urun\/carp-acryl\/#breadcrumb\"},\"inLanguage\":\"tr\",\"potentialAction\":[{\"@type\":\"ReadAction\",\"target\":[\"http:\/\/www.kiehlturkey.com\/index.php\/urun\/carp-acryl\/\"]}]},{\"@type\":\"BreadcrumbList\",\"@id\":\"http:\/\/www.kiehlturkey.com\/index.php\/urun\/carp-acryl\/#breadcrumb\",\"itemListElement\":[{\"@type\":\"ListItem\",\"position\":1,\"item\":{\"@type\":\"WebPage\",\"@id\":\"http:\/\/www.kiehlturkey.com\/\",\"url\":\"http:\/\/www.kiehlturkey.com\/\",\"name\":\"Ana sayfa\"}},{\"@type\":\"ListItem\",\"position\":2,\"item\":{\"@type\":\"WebPage\",\"@id\":\"http:\/\/www.kiehlturkey.com\/index.php\/urunler\/\",\"url\":\"http:\/\/www.kiehlturkey.com\/index.php\/urunler\/\",\"name\":\"\\u00dcr\\u00fcnler\"}},{\"@type\":\"ListItem\",\"position\":3,\"item\":{\"@type\":\"WebPage\",\"@id\":\"http:\/\/www.kiehlturkey.com\/index.php\/urun\/carp-acryl\/\",\"url\":\"http:\/\/www.kiehlturkey.com\/index.php\/urun\/carp-acryl\/\",\"name\":\"Carp-Acryl\"}}]}]}<\/script>\r\n<!-- \/ Yoast SEO plugin. -->","_links":{"self":[{"href":"http:\/\/www.kiehlturkey.com\/index.php\/wp-json\/wp\/v2\/product\/1564"}],"collection":[{"href":"http:\/\/www.kiehlturkey.com\/index.php\/wp-json\/wp\/v2\/product"}],"about":[{"href":"http:\/\/www.kiehlturkey.com\/index.php\/wp-json\/wp\/v2\/types\/product"}],"replies":[{"embeddable":true,"href":"http:\/\/www.kiehlturkey.com\/index.php\/wp-json\/wp\/v2\/comments?post=1564"}],"version-history":[{"count":1,"href":"http:\/\/www.kiehlturkey.com\/index.php\/wp-json\/wp\/v2\/product\/1564\/revisions"}],"predecessor-version":[{"id":1571,"href":"http:\/\/www.kiehlturkey.com\/index.php\/wp-json\/wp\/v2\/product\/1564\/revisions\/1571"}],"wp:featuredmedia":[{"embeddable":true,"href":"http:\/\/www.kiehlturkey.com\/index.php\/wp-json\/wp\/v2\/media\/1570"}],"wp:attachment":[{"href":"http:\/\/www.kiehlturkey.com\/index.php\/wp-json\/wp\/v2\/media?parent=1564"}],"curies":[{"name":"wp","href":"https:\/\/api.w.org\/{rel}","templated":true}]}}