{"id":1567,"date":"2021-02-27T20:08:34","date_gmt":"2021-02-27T20:08:34","guid":{"rendered":"https:\/\/kiehl.mcsajans.com\/?post_type=product&#038;p=1567"},"modified":"2021-02-27T20:17:00","modified_gmt":"2021-02-27T20:17:00","slug":"hodrupa-a","status":"publish","type":"product","link":"http:\/\/www.kiehlturkey.com\/index.php\/urun\/hodrupa-a\/","title":{"rendered":"Hodrupa A"},"content":{"rendered":"<p><strong><span class=\"urun_text_02\">\u00d6zellikleri : <\/span><\/strong><span class=\"urun_text_02\">Hodrupa A, mineral ya\u011flar\u0131n\u0131, egzos gaz\u0131 lekelerini ve yang\u0131n hasar\u0131n\u0131n yol a\u00e7t\u0131\u011f\u0131 is lekelerini yok etmek i\u00e7in \u00fcretilmi\u015f, az k\u00f6p\u00fcren \u00f6zel bir temizleyicidir. Hodrupa A, \u0131slak veya y\u00fcksek bas\u0131n\u00e7l\u0131 temizlemede kullan\u0131laca\u011f\u0131 zaman su ile seyreltilmelidir. Makine ve ekipmanlar\u0131n temizli\u011finde ise seyreltmeden kullan\u0131l\u0131r. Parlak metal par\u00e7alar (demir, g\u00fcm\u00fc\u015f kaplama vb.) Hodrupa A ile temizlendikten sonra paslanmazlar. \u00dcr\u00fcn, ayr\u0131ca ya\u011f ay\u0131r\u0131c\u0131lar i\u00e7in de uygundur.<\/span><strong><span class=\"urun_text_02\"><br \/>\n<\/span><\/strong><\/p>\n<p><strong><span class=\"urun_text_02\">\u0130\u00e7indekiler : <\/span><\/strong><span class=\"urun_text_02\">Aniyonik ve non-iyonik y\u00fczey etkin maddeler &lt; 5%, suda \u00e7\u00f6z\u00fcnebilen solventler, NTA 5-15%, alkaliler, paslanma \u00f6nleyiciler. pH-de\u011feri (konsantre): yakla\u015f\u0131k 13 pH-de\u011feri (kullan\u0131ma haz\u0131r sol\u00fcsyon): yakla\u015f\u0131k 11,5-12<\/span><strong><span class=\"urun_text_02\"><br \/>\n<\/span><\/strong><\/p>\n<p><strong><span class=\"urun_text_02\"><br \/>\n<\/span><\/strong><strong><span class=\"urun_text_02\">Kullan\u0131m Alanlar\u0131 : <\/span><\/strong><span class=\"urun_text_02\">\u00d6zellikle end\u00fcstriyel binalardaki ve montaj at\u00f6lyelerindeki t\u00fcm suya ve alkalilere dayan\u0131kl\u0131 y\u00fczeylerde kullan\u0131ma uygundur. Ayr\u0131ca, yang\u0131n\u0131n verdi\u011fi hasardan sonraki y\u00fczey temizli\u011fi ile montaj rampalar\u0131, torna ve kal\u0131p kesme tezgahlar\u0131 gibi lakeli veya lakesiz metal y\u00fczeylerde de kullan\u0131labilir.<\/span><strong><span class=\"urun_text_02\"><br \/>\n<\/span><\/strong><\/p>\n<p><span class=\"urun_text_02\"><strong>Kullan\u0131m \u015eekli :<\/strong> \u00a0\u0130lk uygulamadan \u00f6nce k\u00fc\u00e7\u00fck bir b\u00f6lgeyi test ediniz.<\/span><\/p>\n<p><span class=\"urun_text_02\"><strong>Y\u00fcksek bas\u0131n\u00e7l\u0131 temizlik :<\/strong>\u00a0<\/span>200 ml \u00fcr\u00fcn\u00fc 8 litre so\u011fuk suyla seyreltin.<br \/>\n<strong><span class=\"urun_text_02\"><br \/>\n<\/span><\/strong><span class=\"urun_text_02\"><strong>Temel temizlik :<\/strong>\u00a0<\/span>800 ml \u00fcr\u00fcn\u00fc 8 litre suyla seyreltin. Temizleme sol\u00fcsyonunu y\u00fczeye yay\u0131n ve 5 dakika kadar etki etmesini bekleyin. Ovun ve vakumlay\u0131n.<\/p>\n<p><span class=\"urun_text_02\"><strong>Makine temizli\u011fi :<\/strong>\u00a0<\/span>Hodrupa A&#8217;y\u0131 bir bez ya da \u00fcst\u00fcp\u00fc&#8217;n\u00fcn \u00fcst\u00fcne s\u0131k\u0131p temizlenecek olan e\u015fyalar\u0131 ovun. Paslanma \u00f6nlemenin tam etkili olmas\u0131 i\u00e7in durulamay\u0131n.<\/p>\n<p><span class=\"urun_text_02\"><strong>Uyar\u0131 :<\/strong>\u00a0<\/span>Kiehl \u00fcr\u00fcn\u00fcn us\u00fcle uygun olmayan kullan\u0131m\u0131 ve bundan do\u011facak zararlar i\u00e7in hi\u00e7bir sorumlulu\u011fu kabul etmez.<\/p>\n<p><img loading=\"lazy\" class=\"alignnone size-full wp-image-1560\" src=\"https:\/\/kiehl.mcsajans.com\/wp-content\/uploads\/2021\/02\/tahris-2.jpg\" alt=\"\" width=\"69\" height=\"79\" \/>R 36\/38 G\u00f6zleri ve deriyi tahri\u015f eder.<br \/>\nS 24\/25 Deri ve g\u00f6zlerle temas etmemesine dikkat ediniz.<br \/>\nS 37\/39 Uygun eldiven ve g\u00f6z \/ y\u00fcz koruma ekipman\u0131 kullan\u0131n\u0131z. Alkali sol\u00fcsyonu i\u00e7erir.<\/p>\n","protected":false},"excerpt":{"rendered":"<h1 class=\"detail-productname\"><span class=\"urun_baslik_01\">Hodrupa A<\/span><\/h1>\n<p><span class=\"urun_text_02\">Paslanma \u00f6nleyicili y\u00fcksek bas\u0131n\u00e7l\u0131 motor temizleyici<\/span><\/p>\n<p><span class=\"urun_text_02\"><strong>\u00d6zellikleri <\/strong>: Hodrupa A, mineral ya\u011flar\u0131n\u0131, egzos gaz\u0131 lekelerini ve yang\u0131n hasar\u0131n\u0131n yol a\u00e7t\u0131\u011f\u0131 is lekelerini yok etmek i\u00e7in \u00fcretilmi\u015f, az k\u00f6p\u00fcren \u00f6zel bir temizleyicidir. Hodrupa A, \u0131slak veya y\u00fcksek bas\u0131n\u00e7l\u0131 temizlemede kullan\u0131laca\u011f\u0131 zaman su ile seyreltilmelidir. Makine ve ekipmanlar\u0131n temizli\u011finde ise seyreltmeden kullan\u0131l\u0131r. Parlak metal par\u00e7alar (demir, g\u00fcm\u00fc\u015f kaplama vb.) Hodrupa A ile temizlendikten sonra paslanmazlar. \u00dcr\u00fcn, ayr\u0131ca ya\u011f ay\u0131r\u0131c\u0131lar i\u00e7in de uygundur.<br \/>\n<\/span><\/p>\n<p>&nbsp;<\/p>\n<p>&nbsp;<\/p>\n<hr \/>\n<p><img loading=\"lazy\" class=\"alignnone size-full wp-image-1573\" src=\"https:\/\/kiehl.mcsajans.com\/wp-content\/uploads\/2021\/02\/hodrupa_a_icon.jpg\" alt=\"\" width=\"210\" height=\"140\" \/><\/p>\n<p><strong><span class=\"urun_text_02\">Metrekare ba\u015f\u0131na t\u00fcketim<\/span><\/strong><br \/>\nMekanik \u0131slak temizlik: 1 ml<br \/>\nY\u00fcksek bas\u0131n\u00e7l\u0131 temizlik: 8 ml<br \/>\nTemel temizlik: 40 ml<br \/>\nMakine temizli\u011fi: 10 ml<\/p>\n<p><strong>Profesyonel kullan\u0131mlar i\u00e7indir!<\/strong><\/p>\n<p><strong>Paketleme<\/strong><\/p>\n<p>10 litre bidon \u00dcr. No. j 05 01 10<br \/>\n200 litre varil \u00dcr. No. j 05 01 72<\/p>\n","protected":false},"featured_media":1574,"comment_status":"open","ping_status":"closed","template":"elementor_theme","meta":[],"yoast_head":"<!-- This site is optimized with the Yoast SEO plugin v15.9 - https:\/\/yoast.com\/wordpress\/plugins\/seo\/ -->\r\n<title>Hodrupa A | K\u0130EHL<\/title>\r\n<meta name=\"description\" content=\"Hodrupa A, mineral ya\u011flar\u0131n\u0131, egzos gaz\u0131 lekelerini ve yang\u0131n hasar\u0131n\u0131n yol a\u00e7t\u0131\u011f\u0131 is lekelerini yok etmek i\u00e7in \u00fcretilmi\u015f, az k\u00f6p\u00fcren \u00f6zel bir temizleyicidir.\" \/>\r\n<meta name=\"robots\" content=\"index, follow, max-snippet:-1, max-image-preview:large, max-video-preview:-1\" \/>\r\n<link rel=\"canonical\" href=\"http:\/\/www.kiehlturkey.com\/index.php\/urun\/hodrupa-a\/\" \/>\r\n<meta property=\"og:locale\" content=\"tr_TR\" \/>\r\n<meta property=\"og:type\" content=\"article\" \/>\r\n<meta property=\"og:title\" content=\"Hodrupa A | K\u0130EHL\" \/>\r\n<meta property=\"og:description\" content=\"Hodrupa A, mineral ya\u011flar\u0131n\u0131, egzos gaz\u0131 lekelerini ve yang\u0131n hasar\u0131n\u0131n yol a\u00e7t\u0131\u011f\u0131 is lekelerini yok etmek i\u00e7in \u00fcretilmi\u015f, az k\u00f6p\u00fcren \u00f6zel bir temizleyicidir.\" \/>\r\n<meta property=\"og:url\" content=\"http:\/\/www.kiehlturkey.com\/index.php\/urun\/hodrupa-a\/\" \/>\r\n<meta property=\"og:site_name\" content=\"K\u0130EHL\" \/>\r\n<meta property=\"article:modified_time\" content=\"2021-02-27T20:17:00+00:00\" \/>\r\n<meta property=\"og:image\" content=\"http:\/\/www.kiehlturkey.com\/wp-content\/uploads\/2021\/02\/hodrupa_a.jpg\" \/>\r\n\t<meta property=\"og:image:width\" content=\"500\" \/>\r\n\t<meta property=\"og:image:height\" content=\"500\" \/>\r\n<meta name=\"twitter:card\" content=\"summary_large_image\" \/>\r\n<meta name=\"twitter:label1\" content=\"Tahmini okuma s\u00fcresi\">\n\t<meta name=\"twitter:data1\" content=\"2 dakika\">\r\n<script type=\"application\/ld+json\" class=\"yoast-schema-graph\">{\"@context\":\"https:\/\/schema.org\",\"@graph\":[{\"@type\":\"WebSite\",\"@id\":\"http:\/\/www.kiehlturkey.com\/#website\",\"url\":\"http:\/\/www.kiehlturkey.com\/\",\"name\":\"K\\u0130EHL\",\"description\":\"die saubere L\\u00f6sung\",\"potentialAction\":[{\"@type\":\"SearchAction\",\"target\":\"http:\/\/www.kiehlturkey.com\/?s={search_term_string}\",\"query-input\":\"required name=search_term_string\"}],\"inLanguage\":\"tr\"},{\"@type\":\"ImageObject\",\"@id\":\"http:\/\/www.kiehlturkey.com\/index.php\/urun\/hodrupa-a\/#primaryimage\",\"inLanguage\":\"tr\",\"url\":\"http:\/\/www.kiehlturkey.com\/wp-content\/uploads\/2021\/02\/hodrupa_a.jpg\",\"width\":500,\"height\":500},{\"@type\":\"WebPage\",\"@id\":\"http:\/\/www.kiehlturkey.com\/index.php\/urun\/hodrupa-a\/#webpage\",\"url\":\"http:\/\/www.kiehlturkey.com\/index.php\/urun\/hodrupa-a\/\",\"name\":\"Hodrupa A | K\\u0130EHL\",\"isPartOf\":{\"@id\":\"http:\/\/www.kiehlturkey.com\/#website\"},\"primaryImageOfPage\":{\"@id\":\"http:\/\/www.kiehlturkey.com\/index.php\/urun\/hodrupa-a\/#primaryimage\"},\"datePublished\":\"2021-02-27T20:08:34+00:00\",\"dateModified\":\"2021-02-27T20:17:00+00:00\",\"description\":\"Hodrupa A, mineral ya\\u011flar\\u0131n\\u0131, egzos gaz\\u0131 lekelerini ve yang\\u0131n hasar\\u0131n\\u0131n yol a\\u00e7t\\u0131\\u011f\\u0131 is lekelerini yok etmek i\\u00e7in \\u00fcretilmi\\u015f, az k\\u00f6p\\u00fcren \\u00f6zel bir temizleyicidir.\",\"breadcrumb\":{\"@id\":\"http:\/\/www.kiehlturkey.com\/index.php\/urun\/hodrupa-a\/#breadcrumb\"},\"inLanguage\":\"tr\",\"potentialAction\":[{\"@type\":\"ReadAction\",\"target\":[\"http:\/\/www.kiehlturkey.com\/index.php\/urun\/hodrupa-a\/\"]}]},{\"@type\":\"BreadcrumbList\",\"@id\":\"http:\/\/www.kiehlturkey.com\/index.php\/urun\/hodrupa-a\/#breadcrumb\",\"itemListElement\":[{\"@type\":\"ListItem\",\"position\":1,\"item\":{\"@type\":\"WebPage\",\"@id\":\"http:\/\/www.kiehlturkey.com\/\",\"url\":\"http:\/\/www.kiehlturkey.com\/\",\"name\":\"Ana sayfa\"}},{\"@type\":\"ListItem\",\"position\":2,\"item\":{\"@type\":\"WebPage\",\"@id\":\"http:\/\/www.kiehlturkey.com\/index.php\/urunler\/\",\"url\":\"http:\/\/www.kiehlturkey.com\/index.php\/urunler\/\",\"name\":\"\\u00dcr\\u00fcnler\"}},{\"@type\":\"ListItem\",\"position\":3,\"item\":{\"@type\":\"WebPage\",\"@id\":\"http:\/\/www.kiehlturkey.com\/index.php\/urun\/hodrupa-a\/\",\"url\":\"http:\/\/www.kiehlturkey.com\/index.php\/urun\/hodrupa-a\/\",\"name\":\"Hodrupa A\"}}]}]}<\/script>\r\n<!-- \/ Yoast SEO plugin. -->","_links":{"self":[{"href":"http:\/\/www.kiehlturkey.com\/index.php\/wp-json\/wp\/v2\/product\/1567"}],"collection":[{"href":"http:\/\/www.kiehlturkey.com\/index.php\/wp-json\/wp\/v2\/product"}],"about":[{"href":"http:\/\/www.kiehlturkey.com\/index.php\/wp-json\/wp\/v2\/types\/product"}],"replies":[{"embeddable":true,"href":"http:\/\/www.kiehlturkey.com\/index.php\/wp-json\/wp\/v2\/comments?post=1567"}],"version-history":[{"count":2,"href":"http:\/\/www.kiehlturkey.com\/index.php\/wp-json\/wp\/v2\/product\/1567\/revisions"}],"predecessor-version":[{"id":1575,"href":"http:\/\/www.kiehlturkey.com\/index.php\/wp-json\/wp\/v2\/product\/1567\/revisions\/1575"}],"wp:featuredmedia":[{"embeddable":true,"href":"http:\/\/www.kiehlturkey.com\/index.php\/wp-json\/wp\/v2\/media\/1574"}],"wp:attachment":[{"href":"http:\/\/www.kiehlturkey.com\/index.php\/wp-json\/wp\/v2\/media?parent=1567"}],"curies":[{"name":"wp","href":"https:\/\/api.w.org\/{rel}","templated":true}]}}