{"id":1572,"date":"2021-02-27T20:13:52","date_gmt":"2021-02-27T20:13:52","guid":{"rendered":"https:\/\/kiehl.mcsajans.com\/?post_type=product&#038;p=1572"},"modified":"2021-02-27T20:19:00","modified_gmt":"2021-02-27T20:19:00","slug":"carp-deta","status":"publish","type":"product","link":"http:\/\/www.kiehlturkey.com\/index.php\/urun\/carp-deta\/","title":{"rendered":"Carp-Deta"},"content":{"rendered":"<p><strong><span class=\"urun_text_02\">\u00d6zellikleri :<\/span><\/strong><span class=\"urun_text_02\"> Dokuma zemin d\u00f6\u015femeleri ve d\u00f6\u015femelik kuma\u015flardaki su ve solvent bazl\u0131<br \/>\n\u00e7\u00f6z\u00fcnebilir lekeleri h\u0131zl\u0131 ve etkin bir \u015fekilde \u00e7\u0131kar\u0131r.<\/span><span class=\"urun_text_02\"><br \/>\n<\/span><\/p>\n<p><strong>\u0130\u00e7indekiler : <\/strong>Aniyonik y\u00fczey etkin maddeler &lt; 5%, suda \u00e7\u00f6z\u00fcnebilen solventler, esanslar.<br \/>\npH-de\u011feri (konsantre): yakla\u015f\u0131k 9,5<\/p>\n<p><span class=\"urun_text_02\"><strong>Kullan\u0131m Alanlar\u0131 :<\/strong> T\u00fcm boya b\u0131rakmayan ve neme kar\u015f\u0131 dayan\u0131kl\u0131 dokuma zemin d\u00f6\u015femeleri ve d\u00f6\u015femelik kuma\u015flar i\u00e7in uygundur.<\/span><\/p>\n<p><span class=\"urun_text_02\"><strong>Kullan\u0131m \u015eekli :<\/strong> Materyalin boya b\u0131rak\u0131p b\u0131rakmad\u0131\u011f\u0131n\u0131 anlamak i\u00e7in ilk uygulamadan \u00f6nce<br \/>\nk\u00fc\u00e7\u00fck bir b\u00f6lgeyi test edin.<\/span><\/p>\n<p><span class=\"urun_text_02\"><strong>Leke \u00e7\u0131karma :<\/strong>\u00a0<\/span>Carp-Deta&#8217;y\u0131 bir bezin \u00fczerine p\u00fcsk\u00fcrt\u00fcn ve d\u0131\u015ftan i\u00e7eri do\u011fru ovarak<br \/>\nlekeyi \u00e7\u0131kar\u0131n. Daha sonra emici bir bez ya da ka\u011f\u0131t par\u00e7as\u0131 kullanarak emdirin. \u0130nat\u00e7\u0131 lekeler i\u00e7in Carp-Deta&#8217;y\u0131 p\u00fcsk\u00fcrtme-vakumlama y\u00f6ntemiyle kullan\u0131n (el adapt\u00f6r\u00fc).<\/p>\n<p>&nbsp;<\/p>\n","protected":false},"excerpt":{"rendered":"<h1>Carp-Deta<\/h1>\n<p><strong>Hal\u0131lar i\u00e7in leke \u00e7\u0131kar\u0131c\u0131<\/strong><\/p>\n<p><span class=\"urun_text_02\"><strong>\u00d6zellikleri <\/strong>: Dokuma zemin d\u00f6\u015femeleri ve d\u00f6\u015femelik kuma\u015flardaki su ve solvent bazl\u0131<br \/>\n\u00e7\u00f6z\u00fcnebilir lekeleri h\u0131zl\u0131 ve etkin bir \u015fekilde \u00e7\u0131kar\u0131r.<br \/>\n<\/span><\/p>\n<p>&nbsp;<\/p>\n<hr \/>\n<p><strong><span class=\"urun_text_02\">Metrekare ba\u015f\u0131na t\u00fcketim<\/span><\/strong><br \/>\nUygulamaya g\u00f6re farkl\u0131l\u0131k g\u00f6sterir.<\/p>\n<p><strong><span class=\"urun_text_02\">Paketleme<\/span><\/strong><br \/>\n6 x 500 ml sprey \u015fi\u015felik koli<br \/>\n\u00dcr. No. j 60 04 45<br \/>\nProfesyonel kullan\u0131mlar i\u00e7indir!<\/p>\n<p><strong>Profesyonel kullan\u0131mlar i\u00e7indir!<\/strong><\/p>\n<p><img loading=\"lazy\" class=\"alignnone size-full wp-image-1576\" src=\"https:\/\/kiehl.mcsajans.com\/wp-content\/uploads\/2021\/02\/carp-deta_icon.jpg\" alt=\"\" width=\"68\" height=\"67\" \/><\/p>\n","protected":false},"featured_media":1578,"comment_status":"open","ping_status":"closed","template":"elementor_theme","meta":[],"yoast_head":"<!-- This site is optimized with the Yoast SEO plugin v15.9 - https:\/\/yoast.com\/wordpress\/plugins\/seo\/ -->\r\n<title>Carp-Deta | K\u0130EHL<\/title>\r\n<meta name=\"description\" content=\"Dokuma zemin d\u00f6\u015femeleri ve d\u00f6\u015femelik kuma\u015flardaki su ve solvent bazl\u0131\u00e7\u00f6z\u00fcnebilir lekeleri h\u0131zl\u0131 ve etkin bir \u015fekilde \u00e7\u0131kar\u0131r.\" \/>\r\n<meta name=\"robots\" content=\"index, follow, max-snippet:-1, max-image-preview:large, max-video-preview:-1\" \/>\r\n<link rel=\"canonical\" href=\"http:\/\/www.kiehlturkey.com\/index.php\/urun\/carp-deta\/\" \/>\r\n<meta property=\"og:locale\" content=\"tr_TR\" \/>\r\n<meta property=\"og:type\" content=\"article\" \/>\r\n<meta property=\"og:title\" content=\"Carp-Deta | K\u0130EHL\" \/>\r\n<meta property=\"og:description\" content=\"Dokuma zemin d\u00f6\u015femeleri ve d\u00f6\u015femelik kuma\u015flardaki su ve solvent bazl\u0131\u00e7\u00f6z\u00fcnebilir lekeleri h\u0131zl\u0131 ve etkin bir \u015fekilde \u00e7\u0131kar\u0131r.\" \/>\r\n<meta property=\"og:url\" content=\"http:\/\/www.kiehlturkey.com\/index.php\/urun\/carp-deta\/\" \/>\r\n<meta property=\"og:site_name\" content=\"K\u0130EHL\" \/>\r\n<meta property=\"article:modified_time\" content=\"2021-02-27T20:19:00+00:00\" \/>\r\n<meta property=\"og:image\" content=\"http:\/\/www.kiehlturkey.com\/wp-content\/uploads\/2021\/02\/Untitled-1-15.jpg\" \/>\r\n\t<meta property=\"og:image:width\" content=\"500\" \/>\r\n\t<meta property=\"og:image:height\" content=\"500\" \/>\r\n<meta name=\"twitter:card\" content=\"summary_large_image\" \/>\r\n<meta name=\"twitter:label1\" content=\"Tahmini okuma s\u00fcresi\">\n\t<meta name=\"twitter:data1\" content=\"1 dakika\">\r\n<script type=\"application\/ld+json\" class=\"yoast-schema-graph\">{\"@context\":\"https:\/\/schema.org\",\"@graph\":[{\"@type\":\"WebSite\",\"@id\":\"http:\/\/www.kiehlturkey.com\/#website\",\"url\":\"http:\/\/www.kiehlturkey.com\/\",\"name\":\"K\\u0130EHL\",\"description\":\"die saubere L\\u00f6sung\",\"potentialAction\":[{\"@type\":\"SearchAction\",\"target\":\"http:\/\/www.kiehlturkey.com\/?s={search_term_string}\",\"query-input\":\"required name=search_term_string\"}],\"inLanguage\":\"tr\"},{\"@type\":\"ImageObject\",\"@id\":\"http:\/\/www.kiehlturkey.com\/index.php\/urun\/carp-deta\/#primaryimage\",\"inLanguage\":\"tr\",\"url\":\"http:\/\/www.kiehlturkey.com\/wp-content\/uploads\/2021\/02\/Untitled-1-15.jpg\",\"width\":500,\"height\":500},{\"@type\":\"WebPage\",\"@id\":\"http:\/\/www.kiehlturkey.com\/index.php\/urun\/carp-deta\/#webpage\",\"url\":\"http:\/\/www.kiehlturkey.com\/index.php\/urun\/carp-deta\/\",\"name\":\"Carp-Deta | K\\u0130EHL\",\"isPartOf\":{\"@id\":\"http:\/\/www.kiehlturkey.com\/#website\"},\"primaryImageOfPage\":{\"@id\":\"http:\/\/www.kiehlturkey.com\/index.php\/urun\/carp-deta\/#primaryimage\"},\"datePublished\":\"2021-02-27T20:13:52+00:00\",\"dateModified\":\"2021-02-27T20:19:00+00:00\",\"description\":\"Dokuma zemin d\\u00f6\\u015femeleri ve d\\u00f6\\u015femelik kuma\\u015flardaki su ve solvent bazl\\u0131\\u00e7\\u00f6z\\u00fcnebilir lekeleri h\\u0131zl\\u0131 ve etkin bir \\u015fekilde \\u00e7\\u0131kar\\u0131r.\",\"breadcrumb\":{\"@id\":\"http:\/\/www.kiehlturkey.com\/index.php\/urun\/carp-deta\/#breadcrumb\"},\"inLanguage\":\"tr\",\"potentialAction\":[{\"@type\":\"ReadAction\",\"target\":[\"http:\/\/www.kiehlturkey.com\/index.php\/urun\/carp-deta\/\"]}]},{\"@type\":\"BreadcrumbList\",\"@id\":\"http:\/\/www.kiehlturkey.com\/index.php\/urun\/carp-deta\/#breadcrumb\",\"itemListElement\":[{\"@type\":\"ListItem\",\"position\":1,\"item\":{\"@type\":\"WebPage\",\"@id\":\"http:\/\/www.kiehlturkey.com\/\",\"url\":\"http:\/\/www.kiehlturkey.com\/\",\"name\":\"Ana sayfa\"}},{\"@type\":\"ListItem\",\"position\":2,\"item\":{\"@type\":\"WebPage\",\"@id\":\"http:\/\/www.kiehlturkey.com\/index.php\/urunler\/\",\"url\":\"http:\/\/www.kiehlturkey.com\/index.php\/urunler\/\",\"name\":\"\\u00dcr\\u00fcnler\"}},{\"@type\":\"ListItem\",\"position\":3,\"item\":{\"@type\":\"WebPage\",\"@id\":\"http:\/\/www.kiehlturkey.com\/index.php\/urun\/carp-deta\/\",\"url\":\"http:\/\/www.kiehlturkey.com\/index.php\/urun\/carp-deta\/\",\"name\":\"Carp-Deta\"}}]}]}<\/script>\r\n<!-- \/ Yoast SEO plugin. -->","_links":{"self":[{"href":"http:\/\/www.kiehlturkey.com\/index.php\/wp-json\/wp\/v2\/product\/1572"}],"collection":[{"href":"http:\/\/www.kiehlturkey.com\/index.php\/wp-json\/wp\/v2\/product"}],"about":[{"href":"http:\/\/www.kiehlturkey.com\/index.php\/wp-json\/wp\/v2\/types\/product"}],"replies":[{"embeddable":true,"href":"http:\/\/www.kiehlturkey.com\/index.php\/wp-json\/wp\/v2\/comments?post=1572"}],"version-history":[{"count":1,"href":"http:\/\/www.kiehlturkey.com\/index.php\/wp-json\/wp\/v2\/product\/1572\/revisions"}],"predecessor-version":[{"id":1579,"href":"http:\/\/www.kiehlturkey.com\/index.php\/wp-json\/wp\/v2\/product\/1572\/revisions\/1579"}],"wp:featuredmedia":[{"embeddable":true,"href":"http:\/\/www.kiehlturkey.com\/index.php\/wp-json\/wp\/v2\/media\/1578"}],"wp:attachment":[{"href":"http:\/\/www.kiehlturkey.com\/index.php\/wp-json\/wp\/v2\/media?parent=1572"}],"curies":[{"name":"wp","href":"https:\/\/api.w.org\/{rel}","templated":true}]}}