{"id":1577,"date":"2021-02-27T20:18:06","date_gmt":"2021-02-27T20:18:06","guid":{"rendered":"https:\/\/kiehl.mcsajans.com\/?post_type=product&#038;p=1577"},"modified":"2021-02-27T20:23:43","modified_gmt":"2021-02-27T20:23:43","slug":"eloxa-prima","status":"publish","type":"product","link":"http:\/\/www.kiehlturkey.com\/index.php\/urun\/eloxa-prima\/","title":{"rendered":"Eloxa prima"},"content":{"rendered":"<p><strong><span class=\"urun_text_02\">\u00d6zellikleri : <\/span><\/strong><span class=\"urun_text_02\">Eloxa prima, \u00f6zellikle metal y\u00fczeylerdeki yap\u0131\u015fkan kirleri temizlemek i\u00e7in dizayn<br \/>\nedilmi\u015f kullan\u0131ma haz\u0131r, asit ve alkali i\u00e7ermeyen bir temizleyicidir. Uygulaman\u0131n \u00fczerinden uzun zaman ge\u00e7tikten sonra dahi sertle\u015fmeyen koruyucu bir film tabakas\u0131 olu\u015fturur. Tekrarlanan uygulamalarda bile koruyucu tabakalar a\u015f\u0131r\u0131 bir birikmeye yol a\u00e7maz. Eloxa prima ile i\u015flemden ge\u00e7irilen y\u00fczeylerin bak\u0131m\u0131 da Eloxa prima ile yap\u0131lmal\u0131d\u0131r.<\/span><strong><span class=\"urun_text_02\"><br \/>\n<\/span><\/strong><\/p>\n<p><strong><span class=\"urun_text_02\">\u0130\u00e7indekiler : <\/span><\/strong><span class=\"urun_text_02\">Mum ya\u011f\u0131, non-iyonik y\u00fczey etkin maddeler &lt; 5%, alifatik hidrokarbonlar 15-30%.<\/span><strong><span class=\"urun_text_02\"><br \/>\n<\/span><\/strong><\/p>\n<p><strong><span class=\"urun_text_02\"><br \/>\n<\/span><\/strong><strong><span class=\"urun_text_02\">Kullan\u0131m Alanlar\u0131 : <\/span><\/strong><span class=\"urun_text_02\">\u0130\u00e7 mekanlardaki paslanmaz \u00e7elik, al\u00fcminyum ya da anotlu al\u00fcminyum&#8217;dan mamul metal y\u00fczeylerin temizli\u011fi ve bak\u0131m\u0131 i\u00e7in uygundur. Metal y\u00fczeylerdeki parmak izlerini ve di\u011fer kirleri zahmetsizce \u00e7\u0131kar\u0131r.<\/span><strong><span class=\"urun_text_02\"><br \/>\n<\/span><\/strong><\/p>\n<p><strong><span class=\"urun_text_02\">Rutin temizleme (y\u00fczey temizli\u011fi) :<\/span><\/strong>\u00a0Kuru bir bezin \u00fczerine az miktarda s\u0131k\u0131n ve metal y\u00fczeyi temizleyin. Metrekare ba\u015f\u0131na t\u00fcketim Y\u00fczey yemizli\u011fi: 0,5 ml Profesyonel kullan\u0131mlar i\u00e7indir!<\/p>\n","protected":false},"excerpt":{"rendered":"<h1 class=\"detail-productname\"><span class=\"urun_baslik_05\">Eloxa prima<\/span><\/h1>\n<p><span class=\"urun_text_02\">Metal bak\u0131m\u0131<\/span><\/p>\n<p><span class=\"urun_text_02\"><strong>\u00d6zellikleri <\/strong>: Eloxa prima, \u00f6zellikle metal y\u00fczeylerdeki yap\u0131\u015fkan kirleri temizlemek i\u00e7in dizayn<br \/>\nedilmi\u015f kullan\u0131ma haz\u0131r, asit ve alkali i\u00e7ermeyen bir temizleyicidir. Uygulaman\u0131n \u00fczerinden uzun zaman ge\u00e7tikten sonra dahi sertle\u015fmeyen koruyucu bir film tabakas\u0131 olu\u015fturur. Tekrarlanan uygulamalarda bile koruyucu tabakalar a\u015f\u0131r\u0131 bir birikmeye yol a\u00e7maz. Eloxa prima ile i\u015flemden ge\u00e7irilen y\u00fczeylerin bak\u0131m\u0131 da Eloxa prima ile yap\u0131lmal\u0131d\u0131r.<\/p>\n<p><\/span><\/p>\n<p>&nbsp;<\/p>\n<p>&nbsp;<\/p>\n<hr \/>\n<p><img loading=\"lazy\" class=\"alignnone size-full wp-image-1576\" src=\"https:\/\/kiehl.mcsajans.com\/wp-content\/uploads\/2021\/02\/carp-deta_icon.jpg\" alt=\"\" width=\"68\" height=\"67\" \/><\/p>\n<p><strong><span class=\"urun_text_02\">Metrekare ba\u015f\u0131na t\u00fcketim<\/span><\/strong><br \/>\nY\u00fczey yemizli\u011fi: 0,5 ml<br \/>\nProfesyonel kullan\u0131mlar i\u00e7indir!<\/p>\n<p><strong>Profesyonel kullan\u0131mlar i\u00e7indir!<\/strong><\/p>\n<p><strong>Paketleme<\/strong><\/p>\n<p>6 x 500 ml sprey \u015fi\u015fe \u00dcr. No. j 50 03 45<\/p>\n","protected":false},"featured_media":1583,"comment_status":"open","ping_status":"closed","template":"elementor_theme","meta":[],"yoast_head":"<!-- This site is optimized with the Yoast SEO plugin v15.9 - https:\/\/yoast.com\/wordpress\/plugins\/seo\/ -->\r\n<title>Eloxa prima | K\u0130EHL<\/title>\r\n<meta name=\"description\" content=\"Eloxa prima, \u00f6zellikle metal y\u00fczeylerdeki yap\u0131\u015fkan kirleri temizlemek i\u00e7in dizaynedilmi\u015f kullan\u0131ma haz\u0131r, asit ve alkali i\u00e7ermeyen bir temizleyicidir.\" \/>\r\n<meta name=\"robots\" content=\"index, follow, max-snippet:-1, max-image-preview:large, max-video-preview:-1\" \/>\r\n<link rel=\"canonical\" href=\"http:\/\/www.kiehlturkey.com\/index.php\/urun\/eloxa-prima\/\" \/>\r\n<meta property=\"og:locale\" content=\"tr_TR\" \/>\r\n<meta property=\"og:type\" content=\"article\" \/>\r\n<meta property=\"og:title\" content=\"Eloxa prima | K\u0130EHL\" \/>\r\n<meta property=\"og:description\" content=\"Eloxa prima, \u00f6zellikle metal y\u00fczeylerdeki yap\u0131\u015fkan kirleri temizlemek i\u00e7in dizaynedilmi\u015f kullan\u0131ma haz\u0131r, asit ve alkali i\u00e7ermeyen bir temizleyicidir.\" \/>\r\n<meta property=\"og:url\" content=\"http:\/\/www.kiehlturkey.com\/index.php\/urun\/eloxa-prima\/\" \/>\r\n<meta property=\"og:site_name\" content=\"K\u0130EHL\" \/>\r\n<meta property=\"article:modified_time\" content=\"2021-02-27T20:23:43+00:00\" \/>\r\n<meta property=\"og:image\" content=\"http:\/\/www.kiehlturkey.com\/wp-content\/uploads\/2021\/02\/eloxa_prima.jpg\" \/>\r\n\t<meta property=\"og:image:width\" content=\"500\" \/>\r\n\t<meta property=\"og:image:height\" content=\"500\" \/>\r\n<meta name=\"twitter:card\" content=\"summary_large_image\" \/>\r\n<meta name=\"twitter:label1\" content=\"Tahmini okuma s\u00fcresi\">\n\t<meta name=\"twitter:data1\" content=\"1 dakika\">\r\n<script type=\"application\/ld+json\" class=\"yoast-schema-graph\">{\"@context\":\"https:\/\/schema.org\",\"@graph\":[{\"@type\":\"WebSite\",\"@id\":\"http:\/\/www.kiehlturkey.com\/#website\",\"url\":\"http:\/\/www.kiehlturkey.com\/\",\"name\":\"K\\u0130EHL\",\"description\":\"die saubere L\\u00f6sung\",\"potentialAction\":[{\"@type\":\"SearchAction\",\"target\":\"http:\/\/www.kiehlturkey.com\/?s={search_term_string}\",\"query-input\":\"required name=search_term_string\"}],\"inLanguage\":\"tr\"},{\"@type\":\"ImageObject\",\"@id\":\"http:\/\/www.kiehlturkey.com\/index.php\/urun\/eloxa-prima\/#primaryimage\",\"inLanguage\":\"tr\",\"url\":\"http:\/\/www.kiehlturkey.com\/wp-content\/uploads\/2021\/02\/eloxa_prima.jpg\",\"width\":500,\"height\":500},{\"@type\":\"WebPage\",\"@id\":\"http:\/\/www.kiehlturkey.com\/index.php\/urun\/eloxa-prima\/#webpage\",\"url\":\"http:\/\/www.kiehlturkey.com\/index.php\/urun\/eloxa-prima\/\",\"name\":\"Eloxa prima | K\\u0130EHL\",\"isPartOf\":{\"@id\":\"http:\/\/www.kiehlturkey.com\/#website\"},\"primaryImageOfPage\":{\"@id\":\"http:\/\/www.kiehlturkey.com\/index.php\/urun\/eloxa-prima\/#primaryimage\"},\"datePublished\":\"2021-02-27T20:18:06+00:00\",\"dateModified\":\"2021-02-27T20:23:43+00:00\",\"description\":\"Eloxa prima, \\u00f6zellikle metal y\\u00fczeylerdeki yap\\u0131\\u015fkan kirleri temizlemek i\\u00e7in dizaynedilmi\\u015f kullan\\u0131ma haz\\u0131r, asit ve alkali i\\u00e7ermeyen bir temizleyicidir.\",\"breadcrumb\":{\"@id\":\"http:\/\/www.kiehlturkey.com\/index.php\/urun\/eloxa-prima\/#breadcrumb\"},\"inLanguage\":\"tr\",\"potentialAction\":[{\"@type\":\"ReadAction\",\"target\":[\"http:\/\/www.kiehlturkey.com\/index.php\/urun\/eloxa-prima\/\"]}]},{\"@type\":\"BreadcrumbList\",\"@id\":\"http:\/\/www.kiehlturkey.com\/index.php\/urun\/eloxa-prima\/#breadcrumb\",\"itemListElement\":[{\"@type\":\"ListItem\",\"position\":1,\"item\":{\"@type\":\"WebPage\",\"@id\":\"http:\/\/www.kiehlturkey.com\/\",\"url\":\"http:\/\/www.kiehlturkey.com\/\",\"name\":\"Ana sayfa\"}},{\"@type\":\"ListItem\",\"position\":2,\"item\":{\"@type\":\"WebPage\",\"@id\":\"http:\/\/www.kiehlturkey.com\/index.php\/urunler\/\",\"url\":\"http:\/\/www.kiehlturkey.com\/index.php\/urunler\/\",\"name\":\"\\u00dcr\\u00fcnler\"}},{\"@type\":\"ListItem\",\"position\":3,\"item\":{\"@type\":\"WebPage\",\"@id\":\"http:\/\/www.kiehlturkey.com\/index.php\/urun\/eloxa-prima\/\",\"url\":\"http:\/\/www.kiehlturkey.com\/index.php\/urun\/eloxa-prima\/\",\"name\":\"Eloxa prima\"}}]}]}<\/script>\r\n<!-- \/ Yoast SEO plugin. -->","_links":{"self":[{"href":"http:\/\/www.kiehlturkey.com\/index.php\/wp-json\/wp\/v2\/product\/1577"}],"collection":[{"href":"http:\/\/www.kiehlturkey.com\/index.php\/wp-json\/wp\/v2\/product"}],"about":[{"href":"http:\/\/www.kiehlturkey.com\/index.php\/wp-json\/wp\/v2\/types\/product"}],"replies":[{"embeddable":true,"href":"http:\/\/www.kiehlturkey.com\/index.php\/wp-json\/wp\/v2\/comments?post=1577"}],"version-history":[{"count":2,"href":"http:\/\/www.kiehlturkey.com\/index.php\/wp-json\/wp\/v2\/product\/1577\/revisions"}],"predecessor-version":[{"id":1584,"href":"http:\/\/www.kiehlturkey.com\/index.php\/wp-json\/wp\/v2\/product\/1577\/revisions\/1584"}],"wp:featuredmedia":[{"embeddable":true,"href":"http:\/\/www.kiehlturkey.com\/index.php\/wp-json\/wp\/v2\/media\/1583"}],"wp:attachment":[{"href":"http:\/\/www.kiehlturkey.com\/index.php\/wp-json\/wp\/v2\/media?parent=1577"}],"curies":[{"name":"wp","href":"https:\/\/api.w.org\/{rel}","templated":true}]}}