{"id":1585,"date":"2021-02-27T20:24:23","date_gmt":"2021-02-27T20:24:23","guid":{"rendered":"https:\/\/kiehl.mcsajans.com\/?post_type=product&#038;p=1585"},"modified":"2021-02-27T20:29:02","modified_gmt":"2021-02-27T20:29:02","slug":"presto","status":"publish","type":"product","link":"http:\/\/www.kiehlturkey.com\/index.php\/urun\/presto\/","title":{"rendered":"Presto"},"content":{"rendered":"<p><strong><span class=\"urun_text_02\">\u00d6zellikleri : <\/span><\/strong><span class=\"urun_text_02\">Presto uyguland\u0131\u011f\u0131 y\u00fczeyde parlak bir tabaka olu\u015fturan bir temizlik ve bak\u0131m ya\u011f\u0131 em\u00fclsiyonudur. Su ve alkol lekeleri ile parmak izleri ve sair t\u00fcm kirleri yok eder. Presto uyguland\u0131ktan sonra, y\u00fczeydeki ufak hasarlar b\u00fcy\u00fck \u00f6l\u00e7\u00fcde kaybolur.<\/span><strong><span class=\"urun_text_02\"><br \/>\n<\/span><\/strong><strong><span class=\"urun_text_02\"><br \/>\n<\/span><\/strong><\/p>\n<p><strong><span class=\"urun_text_02\">\u0130\u00e7indekiler : <\/span><\/strong><span class=\"urun_text_02\">Suda \u00e7\u00f6z\u00fcnebilen solventler, em\u00fclsifiye ediciler, bak\u0131m ya\u011flar\u0131 ve esanslar.<\/span><strong><span class=\"urun_text_02\"><br \/>\n<\/span><\/strong><\/p>\n<p><strong><span class=\"urun_text_02\"><br \/>\n<\/span><\/strong><strong><span class=\"urun_text_02\">Kullan\u0131m Alanlar\u0131 : <\/span><\/strong><span class=\"urun_text_02\">Cilal\u0131, emprenyeli, s\u0131rl\u0131 ve vernikli ah\u015fap ve sentetik mobilya ve duvar panellerinde kullan\u0131ma uygundur.<\/span><strong><span class=\"urun_text_02\"><br \/>\n<\/span><\/strong><\/p>\n<p><strong><span class=\"urun_text_02\">Y\u00fczey temizli\u011fi:<\/span><\/strong>\u00a0Presto&#8217;yu kuru ve yumu\u015fak bir bez \u00fczerine p\u00fcsk\u00fcrt\u00fcn ve y\u00fczeyi parlat\u0131n.<br \/>\n\u0130nat\u00e7\u0131 lekeler i\u00e7in prosed\u00fcr\u00fc tekrarlay\u0131n.<\/p>\n","protected":false},"excerpt":{"rendered":"<h1 class=\"detail-productname\">Presto<\/h1>\n<p><span class=\"urun_text_02\">Mobilya bak\u0131m\u0131<\/span><\/p>\n<p><span class=\"urun_text_02\"><strong>\u00d6zellikleri <\/strong>: Presto uyguland\u0131\u011f\u0131 y\u00fczeyde parlak bir tabaka olu\u015fturan bir temizlik ve bak\u0131m ya\u011f\u0131 em\u00fclsiyonudur. Su ve alkol lekeleri ile parmak izleri ve sair t\u00fcm kirleri yok eder. Presto uyguland\u0131ktan sonra, y\u00fczeydeki ufak hasarlar b\u00fcy\u00fck \u00f6l\u00e7\u00fcde kaybolur.<\/span><\/p>\n<p>&nbsp;<\/p>\n<p>&nbsp;<\/p>\n<p>&nbsp;<\/p>\n<hr \/>\n<p><img loading=\"lazy\" class=\"alignnone size-full wp-image-1576\" src=\"https:\/\/kiehl.mcsajans.com\/wp-content\/uploads\/2021\/02\/carp-deta_icon.jpg\" alt=\"\" width=\"68\" height=\"67\" \/><\/p>\n<p><strong><span class=\"urun_text_02\">Metrekare ba\u015f\u0131na t\u00fcketim<\/span><\/strong><br \/>\nY\u00fczey temizli\u011fi: 0,9 ml<\/p>\n<p><strong>Profesyonel kullan\u0131mlar i\u00e7indir!<\/strong><\/p>\n<p><strong>Paketleme<\/strong><\/p>\n<p>6 x 500 ml \u015fi\u015felik koli \u00dcr. No. j 50 02 45<\/p>\n","protected":false},"featured_media":1590,"comment_status":"open","ping_status":"closed","template":"elementor_theme","meta":[],"yoast_head":"<!-- This site is optimized with the Yoast SEO plugin v15.9 - https:\/\/yoast.com\/wordpress\/plugins\/seo\/ -->\r\n<title>Presto | K\u0130EHL<\/title>\r\n<meta name=\"description\" content=\"Presto uyguland\u0131\u011f\u0131 y\u00fczeyde parlak bir tabaka olu\u015fturan bir temizlik ve bak\u0131m ya\u011f\u0131 em\u00fclsiyonudur.\" \/>\r\n<meta name=\"robots\" content=\"index, follow, max-snippet:-1, max-image-preview:large, max-video-preview:-1\" \/>\r\n<link rel=\"canonical\" href=\"http:\/\/www.kiehlturkey.com\/index.php\/urun\/presto\/\" \/>\r\n<meta property=\"og:locale\" content=\"tr_TR\" \/>\r\n<meta property=\"og:type\" content=\"article\" \/>\r\n<meta property=\"og:title\" content=\"Presto | K\u0130EHL\" \/>\r\n<meta property=\"og:description\" content=\"Presto uyguland\u0131\u011f\u0131 y\u00fczeyde parlak bir tabaka olu\u015fturan bir temizlik ve bak\u0131m ya\u011f\u0131 em\u00fclsiyonudur.\" \/>\r\n<meta property=\"og:url\" content=\"http:\/\/www.kiehlturkey.com\/index.php\/urun\/presto\/\" \/>\r\n<meta property=\"og:site_name\" content=\"K\u0130EHL\" \/>\r\n<meta property=\"article:modified_time\" content=\"2021-02-27T20:29:02+00:00\" \/>\r\n<meta property=\"og:image\" content=\"http:\/\/www.kiehlturkey.com\/wp-content\/uploads\/2021\/02\/presto.jpg\" \/>\r\n\t<meta property=\"og:image:width\" content=\"500\" \/>\r\n\t<meta property=\"og:image:height\" content=\"500\" \/>\r\n<meta name=\"twitter:card\" content=\"summary_large_image\" \/>\r\n<meta name=\"twitter:label1\" content=\"Tahmini okuma s\u00fcresi\">\n\t<meta name=\"twitter:data1\" content=\"1 dakika\">\r\n<script type=\"application\/ld+json\" class=\"yoast-schema-graph\">{\"@context\":\"https:\/\/schema.org\",\"@graph\":[{\"@type\":\"WebSite\",\"@id\":\"http:\/\/www.kiehlturkey.com\/#website\",\"url\":\"http:\/\/www.kiehlturkey.com\/\",\"name\":\"K\\u0130EHL\",\"description\":\"die saubere L\\u00f6sung\",\"potentialAction\":[{\"@type\":\"SearchAction\",\"target\":\"http:\/\/www.kiehlturkey.com\/?s={search_term_string}\",\"query-input\":\"required name=search_term_string\"}],\"inLanguage\":\"tr\"},{\"@type\":\"ImageObject\",\"@id\":\"http:\/\/www.kiehlturkey.com\/index.php\/urun\/presto\/#primaryimage\",\"inLanguage\":\"tr\",\"url\":\"http:\/\/www.kiehlturkey.com\/wp-content\/uploads\/2021\/02\/presto.jpg\",\"width\":500,\"height\":500},{\"@type\":\"WebPage\",\"@id\":\"http:\/\/www.kiehlturkey.com\/index.php\/urun\/presto\/#webpage\",\"url\":\"http:\/\/www.kiehlturkey.com\/index.php\/urun\/presto\/\",\"name\":\"Presto | K\\u0130EHL\",\"isPartOf\":{\"@id\":\"http:\/\/www.kiehlturkey.com\/#website\"},\"primaryImageOfPage\":{\"@id\":\"http:\/\/www.kiehlturkey.com\/index.php\/urun\/presto\/#primaryimage\"},\"datePublished\":\"2021-02-27T20:24:23+00:00\",\"dateModified\":\"2021-02-27T20:29:02+00:00\",\"description\":\"Presto uyguland\\u0131\\u011f\\u0131 y\\u00fczeyde parlak bir tabaka olu\\u015fturan bir temizlik ve bak\\u0131m ya\\u011f\\u0131 em\\u00fclsiyonudur.\",\"breadcrumb\":{\"@id\":\"http:\/\/www.kiehlturkey.com\/index.php\/urun\/presto\/#breadcrumb\"},\"inLanguage\":\"tr\",\"potentialAction\":[{\"@type\":\"ReadAction\",\"target\":[\"http:\/\/www.kiehlturkey.com\/index.php\/urun\/presto\/\"]}]},{\"@type\":\"BreadcrumbList\",\"@id\":\"http:\/\/www.kiehlturkey.com\/index.php\/urun\/presto\/#breadcrumb\",\"itemListElement\":[{\"@type\":\"ListItem\",\"position\":1,\"item\":{\"@type\":\"WebPage\",\"@id\":\"http:\/\/www.kiehlturkey.com\/\",\"url\":\"http:\/\/www.kiehlturkey.com\/\",\"name\":\"Ana sayfa\"}},{\"@type\":\"ListItem\",\"position\":2,\"item\":{\"@type\":\"WebPage\",\"@id\":\"http:\/\/www.kiehlturkey.com\/index.php\/urunler\/\",\"url\":\"http:\/\/www.kiehlturkey.com\/index.php\/urunler\/\",\"name\":\"\\u00dcr\\u00fcnler\"}},{\"@type\":\"ListItem\",\"position\":3,\"item\":{\"@type\":\"WebPage\",\"@id\":\"http:\/\/www.kiehlturkey.com\/index.php\/urun\/presto\/\",\"url\":\"http:\/\/www.kiehlturkey.com\/index.php\/urun\/presto\/\",\"name\":\"Presto\"}}]}]}<\/script>\r\n<!-- \/ Yoast SEO plugin. -->","_links":{"self":[{"href":"http:\/\/www.kiehlturkey.com\/index.php\/wp-json\/wp\/v2\/product\/1585"}],"collection":[{"href":"http:\/\/www.kiehlturkey.com\/index.php\/wp-json\/wp\/v2\/product"}],"about":[{"href":"http:\/\/www.kiehlturkey.com\/index.php\/wp-json\/wp\/v2\/types\/product"}],"replies":[{"embeddable":true,"href":"http:\/\/www.kiehlturkey.com\/index.php\/wp-json\/wp\/v2\/comments?post=1585"}],"version-history":[{"count":2,"href":"http:\/\/www.kiehlturkey.com\/index.php\/wp-json\/wp\/v2\/product\/1585\/revisions"}],"predecessor-version":[{"id":1591,"href":"http:\/\/www.kiehlturkey.com\/index.php\/wp-json\/wp\/v2\/product\/1585\/revisions\/1591"}],"wp:featuredmedia":[{"embeddable":true,"href":"http:\/\/www.kiehlturkey.com\/index.php\/wp-json\/wp\/v2\/media\/1590"}],"wp:attachment":[{"href":"http:\/\/www.kiehlturkey.com\/index.php\/wp-json\/wp\/v2\/media?parent=1585"}],"curies":[{"name":"wp","href":"https:\/\/api.w.org\/{rel}","templated":true}]}}