{"id":1609,"date":"2021-02-27T20:42:12","date_gmt":"2021-02-27T20:42:12","guid":{"rendered":"https:\/\/kiehl.mcsajans.com\/?post_type=product&#038;p=1609"},"modified":"2021-02-27T21:01:06","modified_gmt":"2021-02-27T21:01:06","slug":"rivas","status":"publish","type":"product","link":"http:\/\/www.kiehlturkey.com\/index.php\/urun\/rivas\/","title":{"rendered":"Rivas"},"content":{"rendered":"<p><strong><span class=\"urun_text_02\">\u00d6zellikleri : <\/span><\/strong><span class=\"urun_text_02\">M\u00fckemmel temizleme performans\u0131 g\u00f6steren, y\u00fczey etkin maddeler i\u00e7ermeyen ve h\u0131zl\u0131 kuruyan bir yo\u011fun temizleme \u00fcr\u00fcn\u00fcd\u00fcr. H\u0131zl\u0131 kuruma etkisi sayesinde, k\u0131sa bir s\u00fcre i\u00e7inde temizlenen y\u00fczey yeniden \u00fczerinde y\u00fcr\u00fcnebilir hale gelir. Bu etki, alkaliler, asitler, y\u00fczey etkin maddeler ve enzimler kullan\u0131lmadan sa\u011flan\u0131r. \u00dcr\u00fcn, hem dokuma hem de dokuma olmayan zemin kaplamalar\u0131nda kullan\u0131labildi\u011finden, mekanlardaki bu tip \u00fcr\u00fcnlerden tasarruf sa\u011flar.<\/span><span class=\"urun_text_02\"><br \/>\n<\/span><\/p>\n<p><strong><span class=\"urun_text_02\">\u0130\u00e7indekiler :\u00a0<\/span><\/strong>EU&#8217;ya uygun g\u0131da katk\u0131 maddleri: E 331, E 500, E 211. pH-de\u011feri (konsantre): yakla\u015f\u0131k 8 pH-de\u011feri (kullan\u0131ma haz\u0131r sol\u00fcsyon): yakla\u015f\u0131k 7,5<\/p>\n<p><span class=\"urun_text_02\"><strong>Kullan\u0131m \u015eekli :<\/strong>\u00a0<\/span>Ta\u015f zeminler, esnek zemin kaplamalar\u0131 ve dokuma zemin kaplamalar\u0131 gibi t\u00fcm suya dayan\u0131kl\u0131 y\u00fczeylerin genel ve rutin temizli\u011fi i\u00e7in kullan\u0131ma uygundur. \u00d6zellikle, mikro g\u00f6zenekli ya da emprenye edilmi\u015f ta\u015f zeminler ve dokuma zemin d\u00f6\u015femeleri ile d\u00f6\u015femelik kuma\u015flar ve su ge\u00e7irmez y\u00fczeylerde kullan\u0131ma uygundur.<\/p>\n<p><strong><span class=\"urun_text_02\">Kullan\u0131m \u015eekli :<\/span>\u00a0<\/strong>\u0130lk uygulamadan \u00f6nce k\u00fc\u00e7\u00fck bir b\u00f6lgeyi materyalin suya dayan\u0131kl\u0131 ve boyas\u0131 \u00e7\u0131kmaz olup olmad\u0131\u011f\u0131n\u0131 anlamak i\u00e7in test ediniz. Rutin temizleme (silme \/ y\u00fczey temizli\u011fi):<br \/>\nKirlerin yo\u011funlu\u011funa g\u00f6re 8 litre so\u011fuk suyla 10-100 ml \u00fcr\u00fcn\u00fc seyreltin veya do\u011frudan<br \/>\nseyreltmeden kullan\u0131n.<\/p>\n<p><strong><span class=\"urun_text_02\">Mekanik \u0131slak temizlik :<\/span><\/strong>\u00a0Kirlerin yo\u011funlu\u011funa g\u00f6re 100-1000 ml \u00fcr\u00fcn\u00fc 10 litre so\u011fuk suyla seyreltin.<\/p>\n<p><strong><span class=\"urun_text_02\">Leke \u00e7\u0131karma\u00a0<\/span>:<\/strong> 1:1 oran\u0131nda seyreltin veya seyreltmeden kullan\u0131n.<\/p>\n<p><strong><span class=\"urun_text_02\">Spreyleme :<\/span>\u00a0<\/strong>Kirlerin yo\u011funlu\u011funa g\u00f6re 100-1000 ml \u00fcr\u00fcn\u00fc 8 litre so\u011fuk suyla seyreltin.<\/p>\n<p><strong><span class=\"urun_text_02\">Tekstil pedi y\u00f6ntemi :<\/span><\/strong>\u00a0Kirlerin yo\u011funlu\u011funa g\u00f6re 100-1000 ml \u00fcr\u00fcn\u00fc 8 litre so\u011fuk suyla seyreltin.<\/p>\n","protected":false},"excerpt":{"rendered":"<h1>Rivas<\/h1>\n<p><strong>Y\u00fczey etkin madde i\u00e7ermeyen yo\u011fun temizleyici<\/strong><\/p>\n<p><span class=\"urun_text_02\"><strong>\u00d6zellikleri <\/strong>: M\u00fckemmel temizleme performans\u0131 g\u00f6steren, y\u00fczey etkin maddeler i\u00e7ermeyen ve h\u0131zl\u0131 kuruyan bir yo\u011fun temizleme \u00fcr\u00fcn\u00fcd\u00fcr. H\u0131zl\u0131 kuruma etkisi sayesinde, k\u0131sa bir s\u00fcre i\u00e7inde temizlenen y\u00fczey yeniden \u00fczerinde y\u00fcr\u00fcnebilir hale gelir. Bu etki, alkaliler, asitler, y\u00fczey etkin maddeler ve enzimler kullan\u0131lmadan sa\u011flan\u0131r. \u00dcr\u00fcn, hem dokuma hem de dokuma olmayan zemin kaplamalar\u0131nda kullan\u0131labildi\u011finden, mekanlardaki bu tip \u00fcr\u00fcnlerden tasarruf sa\u011flar.<\/span><\/p>\n<hr \/>\n<p><strong><span class=\"urun_text_02\">Metrekare ba\u015f\u0131na t\u00fcketim<\/span><\/strong><br \/>\nUygulamaya g\u00f6re farkl\u0131l\u0131k g\u00f6sterir.<\/p>\n<p><strong>Sadece Profesyonel Kullan\u0131mlar i\u00e7indir!<\/strong><\/p>\n<p><strong>Paketleme <\/strong><\/p>\n<p>6&#215;1 litre \u015fi\u015felik koli \u00dcr. No. j 60 06 01<br \/>\n10 litre bidon \u00dcr. No. j 60 06 10<\/p>\n<p><img loading=\"lazy\" class=\"alignnone size-medium wp-image-1614\" src=\"https:\/\/kiehl.mcsajans.com\/wp-content\/uploads\/2021\/02\/rivas_icon-300x40.jpg\" alt=\"\" width=\"300\" height=\"40\" srcset=\"http:\/\/www.kiehlturkey.com\/wp-content\/uploads\/2021\/02\/rivas_icon-300x40.jpg 300w, http:\/\/www.kiehlturkey.com\/wp-content\/uploads\/2021\/02\/rivas_icon.jpg 502w\" sizes=\"(max-width: 300px) 100vw, 300px\" \/><\/p>\n","protected":false},"featured_media":1615,"comment_status":"open","ping_status":"closed","template":"elementor_theme","meta":[],"yoast_head":"<!-- This site is optimized with the Yoast SEO plugin v15.9 - https:\/\/yoast.com\/wordpress\/plugins\/seo\/ -->\r\n<title>Rivas | K\u0130EHL<\/title>\r\n<meta name=\"description\" content=\"M\u00fckemmel temizleme performans\u0131 g\u00f6steren, y\u00fczey etkin maddeler i\u00e7ermeyen ve h\u0131zl\u0131 kuruyan bir yo\u011fun temizleme \u00fcr\u00fcn\u00fcd\u00fcr.\" \/>\r\n<meta name=\"robots\" content=\"index, follow, max-snippet:-1, max-image-preview:large, max-video-preview:-1\" \/>\r\n<link rel=\"canonical\" href=\"http:\/\/www.kiehlturkey.com\/index.php\/urun\/rivas\/\" \/>\r\n<meta property=\"og:locale\" content=\"tr_TR\" \/>\r\n<meta property=\"og:type\" content=\"article\" \/>\r\n<meta property=\"og:title\" content=\"Rivas | K\u0130EHL\" \/>\r\n<meta property=\"og:description\" content=\"M\u00fckemmel temizleme performans\u0131 g\u00f6steren, y\u00fczey etkin maddeler i\u00e7ermeyen ve h\u0131zl\u0131 kuruyan bir yo\u011fun temizleme \u00fcr\u00fcn\u00fcd\u00fcr.\" \/>\r\n<meta property=\"og:url\" content=\"http:\/\/www.kiehlturkey.com\/index.php\/urun\/rivas\/\" \/>\r\n<meta property=\"og:site_name\" content=\"K\u0130EHL\" \/>\r\n<meta property=\"article:modified_time\" content=\"2021-02-27T21:01:06+00:00\" \/>\r\n<meta property=\"og:image\" content=\"http:\/\/www.kiehlturkey.com\/wp-content\/uploads\/2021\/02\/Untitled-1-19.jpg\" \/>\r\n\t<meta property=\"og:image:width\" content=\"500\" \/>\r\n\t<meta property=\"og:image:height\" content=\"500\" \/>\r\n<meta name=\"twitter:card\" content=\"summary_large_image\" \/>\r\n<meta name=\"twitter:label1\" content=\"Tahmini okuma s\u00fcresi\">\n\t<meta name=\"twitter:data1\" content=\"1 dakika\">\r\n<script type=\"application\/ld+json\" class=\"yoast-schema-graph\">{\"@context\":\"https:\/\/schema.org\",\"@graph\":[{\"@type\":\"WebSite\",\"@id\":\"http:\/\/www.kiehlturkey.com\/#website\",\"url\":\"http:\/\/www.kiehlturkey.com\/\",\"name\":\"K\\u0130EHL\",\"description\":\"die saubere L\\u00f6sung\",\"potentialAction\":[{\"@type\":\"SearchAction\",\"target\":\"http:\/\/www.kiehlturkey.com\/?s={search_term_string}\",\"query-input\":\"required name=search_term_string\"}],\"inLanguage\":\"tr\"},{\"@type\":\"ImageObject\",\"@id\":\"http:\/\/www.kiehlturkey.com\/index.php\/urun\/rivas\/#primaryimage\",\"inLanguage\":\"tr\",\"url\":\"http:\/\/www.kiehlturkey.com\/wp-content\/uploads\/2021\/02\/Untitled-1-19.jpg\",\"width\":500,\"height\":500},{\"@type\":\"WebPage\",\"@id\":\"http:\/\/www.kiehlturkey.com\/index.php\/urun\/rivas\/#webpage\",\"url\":\"http:\/\/www.kiehlturkey.com\/index.php\/urun\/rivas\/\",\"name\":\"Rivas | K\\u0130EHL\",\"isPartOf\":{\"@id\":\"http:\/\/www.kiehlturkey.com\/#website\"},\"primaryImageOfPage\":{\"@id\":\"http:\/\/www.kiehlturkey.com\/index.php\/urun\/rivas\/#primaryimage\"},\"datePublished\":\"2021-02-27T20:42:12+00:00\",\"dateModified\":\"2021-02-27T21:01:06+00:00\",\"description\":\"M\\u00fckemmel temizleme performans\\u0131 g\\u00f6steren, y\\u00fczey etkin maddeler i\\u00e7ermeyen ve h\\u0131zl\\u0131 kuruyan bir yo\\u011fun temizleme \\u00fcr\\u00fcn\\u00fcd\\u00fcr.\",\"breadcrumb\":{\"@id\":\"http:\/\/www.kiehlturkey.com\/index.php\/urun\/rivas\/#breadcrumb\"},\"inLanguage\":\"tr\",\"potentialAction\":[{\"@type\":\"ReadAction\",\"target\":[\"http:\/\/www.kiehlturkey.com\/index.php\/urun\/rivas\/\"]}]},{\"@type\":\"BreadcrumbList\",\"@id\":\"http:\/\/www.kiehlturkey.com\/index.php\/urun\/rivas\/#breadcrumb\",\"itemListElement\":[{\"@type\":\"ListItem\",\"position\":1,\"item\":{\"@type\":\"WebPage\",\"@id\":\"http:\/\/www.kiehlturkey.com\/\",\"url\":\"http:\/\/www.kiehlturkey.com\/\",\"name\":\"Ana sayfa\"}},{\"@type\":\"ListItem\",\"position\":2,\"item\":{\"@type\":\"WebPage\",\"@id\":\"http:\/\/www.kiehlturkey.com\/index.php\/urunler\/\",\"url\":\"http:\/\/www.kiehlturkey.com\/index.php\/urunler\/\",\"name\":\"\\u00dcr\\u00fcnler\"}},{\"@type\":\"ListItem\",\"position\":3,\"item\":{\"@type\":\"WebPage\",\"@id\":\"http:\/\/www.kiehlturkey.com\/index.php\/urun\/rivas\/\",\"url\":\"http:\/\/www.kiehlturkey.com\/index.php\/urun\/rivas\/\",\"name\":\"Rivas\"}}]}]}<\/script>\r\n<!-- \/ Yoast SEO plugin. -->","_links":{"self":[{"href":"http:\/\/www.kiehlturkey.com\/index.php\/wp-json\/wp\/v2\/product\/1609"}],"collection":[{"href":"http:\/\/www.kiehlturkey.com\/index.php\/wp-json\/wp\/v2\/product"}],"about":[{"href":"http:\/\/www.kiehlturkey.com\/index.php\/wp-json\/wp\/v2\/types\/product"}],"replies":[{"embeddable":true,"href":"http:\/\/www.kiehlturkey.com\/index.php\/wp-json\/wp\/v2\/comments?post=1609"}],"version-history":[{"count":2,"href":"http:\/\/www.kiehlturkey.com\/index.php\/wp-json\/wp\/v2\/product\/1609\/revisions"}],"predecessor-version":[{"id":1629,"href":"http:\/\/www.kiehlturkey.com\/index.php\/wp-json\/wp\/v2\/product\/1609\/revisions\/1629"}],"wp:featuredmedia":[{"embeddable":true,"href":"http:\/\/www.kiehlturkey.com\/index.php\/wp-json\/wp\/v2\/media\/1615"}],"wp:attachment":[{"href":"http:\/\/www.kiehlturkey.com\/index.php\/wp-json\/wp\/v2\/media?parent=1609"}],"curies":[{"name":"wp","href":"https:\/\/api.w.org\/{rel}","templated":true}]}}