{"id":1613,"date":"2021-02-27T20:45:29","date_gmt":"2021-02-27T20:45:29","guid":{"rendered":"https:\/\/kiehl.mcsajans.com\/?post_type=product&#038;p=1613"},"modified":"2021-02-27T20:50:24","modified_gmt":"2021-02-27T20:50:24","slug":"frigosan","status":"publish","type":"product","link":"http:\/\/www.kiehlturkey.com\/index.php\/urun\/frigosan\/","title":{"rendered":"Frigosan"},"content":{"rendered":"<p><strong><span class=\"urun_text_02\">\u00d6zellikleri : <\/span><\/strong><span class=\"urun_text_02\">Frigosan, \u00e7al\u0131\u015fma esnas\u0131nda dahi kullan\u0131labilir ve so\u011fuk hava depolar\u0131ndaki ya\u011f, i\u00e7ya\u011f\u0131 ve etiket lekelerini temizler. Temizleme esnas\u0131nda besinleri d\u0131\u015far\u0131ya ta\u015f\u0131mak, deponun buzlar\u0131n\u0131 \u00e7\u00f6zmek ya da so\u011futma zincirini bozmak gerekmez. Frigosan \u201325\u00b0C&#8217;a kadar d\u00fc\u015f\u00fck \u0131s\u0131larda kullan\u0131labilir. \u00dcr\u00fcn, fazla k\u00f6p\u00fcrmedi\u011fi i\u00e7in d\u00f6ner ba\u015fl\u0131kl\u0131 makinelerle ya da spreyleme y\u00f6ntemiyle kullan\u0131labilir. Patlama korumal\u0131 makinelerin kullan\u0131m\u0131na gerek yoktur. Temizleme i\u015fleminden sonra y\u00fczeyler h\u0131zl\u0131 bir \u015fekilde kurur ve p\u00fcr\u00fczs\u00fcz bir g\u00f6r\u00fcn\u00fcm kazan\u0131r. Frigosan, besin haz\u0131rlama b\u00f6lgelerinde kullan\u0131m\u0131 sertifikaland\u0131r\u0131lm\u0131\u015f bir \u00fcr\u00fcnd\u00fcr.<\/span><\/p>\n<p><strong><span class=\"urun_text_02\">\u0130\u00e7indekiler : <\/span><\/strong><span class=\"urun_text_02\">Non-iyonik y\u00fczey etkin maddeler &lt; 5%, suda \u00e7\u00f6z\u00fcnebilen solventler, antifriz maddeler, g\u0131da boyas\u0131. pH-de\u011feri (konsantre): 8,5<\/span><span class=\"urun_text_02\"><br \/>\n<\/span><\/p>\n<p><strong><span class=\"urun_text_02\">Kullan\u0131m Alanlar\u0131 : <\/span><\/strong><span class=\"urun_text_02\">So\u011fuk hava depolar\u0131n\u0131n yer ve duvarlar\u0131ndaki seramik karolar, g\u00fcvenlik karolar\u0131, porselen karolar, end\u00fcstriyel zemin kaplamalar\u0131 (\u015fap, kaplamal\u0131 beton vb.), <\/span><span class=\"urun_text_02\">paslanmaz \u00e7elik, al\u00fcminyum ve sentetik materyaller \u00fczerinde kullan\u0131ma uygundur.<\/span><strong><span class=\"urun_text_02\"><br \/>\n<\/span><\/strong><\/p>\n<p><span class=\"urun_text_02\"><strong>Kullan\u0131m \u015eekli :<\/strong> Seyreltmeden kullan\u0131n. So\u011fuk hava depolar\u0131na su, nemli bezler ya da paspaslar\u0131n girmemesine dikkat edin!<\/span><\/p>\n<p><span class=\"urun_text_02\"><strong>Derinlemesine temizlik :<\/strong>\u00a0<\/span>\u00dcr\u00fcn\u00fc seyreltmeden zemine d\u00f6k\u00fcn ve bir paspas yard\u0131m\u0131yla yayd\u0131ktan sonra 10-15 dakika kadar etki etmesini bekleyin. D\u00f6ner ba\u015fl\u0131kl\u0131 makine ile \u00e7al\u0131\u015f\u0131n ve uygun bir bez ile ovun. Y\u00fczeyi \u0131slak vakumlu temizleyici ile vakumlay\u0131n. Ula\u015f\u0131lmas\u0131 g\u00fc\u00e7 b\u00f6lgeler i\u00e7in bir su\u00e7ek kullan\u0131n ve bir paspas ile kurulay\u0131n. Temizleme i\u015fleminden sonra zeminde kalan \u00fcr\u00fcn\u00fc tamamen ortadan kald\u0131r\u0131n. Duvarlar\u0131n ve zemin y\u00fczeylerinin temizli\u011fi i\u00e7in, \u00fcr\u00fcn\u00fc bir sprey \u015fi\u015fesi kullanarak ya da silerek uygulad\u0131ktan sonra yakla\u015f\u0131k olarak 5 dakika etki etmesini bekleyin. \u015eayet gerekiyorsa \u00e7izmeyen, yumu\u015fak bir bez ile silin. Bir su\u00e7ek ya da kuru bez par\u00e7as\u0131yla kurulay\u0131n.<\/p>\n","protected":false},"excerpt":{"rendered":"<h1 class=\"detail-productname\">Frigosan<\/h1>\n<p><span class=\"urun_text_02\">So\u011fuk hava depolar\u0131 i\u00e7in temizleyici<\/span><\/p>\n<p><span class=\"urun_text_02\"><strong>\u00d6zellikleri <\/strong>: Frigosan, \u00e7al\u0131\u015fma esnas\u0131nda dahi kullan\u0131labilir ve so\u011fuk hava depolar\u0131ndaki ya\u011f, i\u00e7ya\u011f\u0131 ve etiket lekelerini temizler. Temizleme esnas\u0131nda besinleri d\u0131\u015far\u0131ya ta\u015f\u0131mak, deponun buzlar\u0131n\u0131 \u00e7\u00f6zmek ya da so\u011futma zincirini bozmak gerekmez. Frigosan \u201325\u00b0C&#8217;a kadar d\u00fc\u015f\u00fck \u0131s\u0131larda kullan\u0131labilir. \u00dcr\u00fcn, fazla k\u00f6p\u00fcrmedi\u011fi i\u00e7in d\u00f6ner ba\u015fl\u0131kl\u0131 makinelerle ya da spreyleme y\u00f6ntemiyle kullan\u0131labilir. Patlama korumal\u0131 makinelerin kullan\u0131m\u0131na gerek yoktur. Temizleme i\u015fleminden sonra y\u00fczeyler h\u0131zl\u0131 bir \u015fekilde kurur ve p\u00fcr\u00fczs\u00fcz bir g\u00f6r\u00fcn\u00fcm kazan\u0131r. Frigosan, besin haz\u0131rlama b\u00f6lgelerinde kullan\u0131m\u0131 sertifikaland\u0131r\u0131lm\u0131\u015f bir \u00fcr\u00fcnd\u00fcr.<br \/>\n<\/span><\/p>\n<p>&nbsp;<\/p>\n<p>&nbsp;<\/p>\n<p>&nbsp;<\/p>\n<hr \/>\n<p><img loading=\"lazy\" class=\"alignnone size-full wp-image-1617\" src=\"https:\/\/kiehl.mcsajans.com\/wp-content\/uploads\/2021\/02\/frigosan_icon.jpg\" alt=\"\" width=\"144\" height=\"67\" \/><\/p>\n<p><strong><span class=\"urun_text_02\">Metrekare ba\u015f\u0131na t\u00fcketim<\/span><\/strong><br \/>\nZemin y\u00fczeylerinin derinlemesine temizli\u011fi: 250-300 ml Duvarlar\u0131n ve di\u011fer y\u00fczeylerin derinlemesine temizli\u011fi: 150 ml<\/p>\n<p><strong>Profesyonel kullan\u0131mlar i\u00e7indir!<\/strong><\/p>\n<p><strong>Paketleme<\/strong><\/p>\n<p>10 litre bidon \u00dcr. No. j 55 09 10<\/p>\n","protected":false},"featured_media":1618,"comment_status":"open","ping_status":"closed","template":"elementor_theme","meta":[],"yoast_head":"<!-- This site is optimized with the Yoast SEO plugin v15.9 - https:\/\/yoast.com\/wordpress\/plugins\/seo\/ -->\r\n<title>Frigosan | K\u0130EHL<\/title>\r\n<meta name=\"description\" content=\"Frigosan, \u00e7al\u0131\u015fma esnas\u0131nda dahi kullan\u0131labilir ve so\u011fuk hava depolar\u0131ndaki ya\u011f, i\u00e7ya\u011f\u0131 ve etiket lekelerini temizler.\" \/>\r\n<meta name=\"robots\" content=\"index, follow, max-snippet:-1, max-image-preview:large, max-video-preview:-1\" \/>\r\n<link rel=\"canonical\" href=\"http:\/\/www.kiehlturkey.com\/index.php\/urun\/frigosan\/\" \/>\r\n<meta property=\"og:locale\" content=\"tr_TR\" \/>\r\n<meta property=\"og:type\" content=\"article\" \/>\r\n<meta property=\"og:title\" content=\"Frigosan | K\u0130EHL\" \/>\r\n<meta property=\"og:description\" content=\"Frigosan, \u00e7al\u0131\u015fma esnas\u0131nda dahi kullan\u0131labilir ve so\u011fuk hava depolar\u0131ndaki ya\u011f, i\u00e7ya\u011f\u0131 ve etiket lekelerini temizler.\" \/>\r\n<meta property=\"og:url\" content=\"http:\/\/www.kiehlturkey.com\/index.php\/urun\/frigosan\/\" \/>\r\n<meta property=\"og:site_name\" content=\"K\u0130EHL\" \/>\r\n<meta property=\"article:modified_time\" content=\"2021-02-27T20:50:24+00:00\" \/>\r\n<meta property=\"og:image\" content=\"http:\/\/www.kiehlturkey.com\/wp-content\/uploads\/2021\/02\/frigosan.jpg\" \/>\r\n\t<meta property=\"og:image:width\" content=\"500\" \/>\r\n\t<meta property=\"og:image:height\" content=\"500\" \/>\r\n<meta name=\"twitter:card\" content=\"summary_large_image\" \/>\r\n<meta name=\"twitter:label1\" content=\"Tahmini okuma s\u00fcresi\">\n\t<meta name=\"twitter:data1\" content=\"2 dakika\">\r\n<script type=\"application\/ld+json\" class=\"yoast-schema-graph\">{\"@context\":\"https:\/\/schema.org\",\"@graph\":[{\"@type\":\"WebSite\",\"@id\":\"http:\/\/www.kiehlturkey.com\/#website\",\"url\":\"http:\/\/www.kiehlturkey.com\/\",\"name\":\"K\\u0130EHL\",\"description\":\"die saubere L\\u00f6sung\",\"potentialAction\":[{\"@type\":\"SearchAction\",\"target\":\"http:\/\/www.kiehlturkey.com\/?s={search_term_string}\",\"query-input\":\"required name=search_term_string\"}],\"inLanguage\":\"tr\"},{\"@type\":\"ImageObject\",\"@id\":\"http:\/\/www.kiehlturkey.com\/index.php\/urun\/frigosan\/#primaryimage\",\"inLanguage\":\"tr\",\"url\":\"http:\/\/www.kiehlturkey.com\/wp-content\/uploads\/2021\/02\/frigosan.jpg\",\"width\":500,\"height\":500},{\"@type\":\"WebPage\",\"@id\":\"http:\/\/www.kiehlturkey.com\/index.php\/urun\/frigosan\/#webpage\",\"url\":\"http:\/\/www.kiehlturkey.com\/index.php\/urun\/frigosan\/\",\"name\":\"Frigosan | K\\u0130EHL\",\"isPartOf\":{\"@id\":\"http:\/\/www.kiehlturkey.com\/#website\"},\"primaryImageOfPage\":{\"@id\":\"http:\/\/www.kiehlturkey.com\/index.php\/urun\/frigosan\/#primaryimage\"},\"datePublished\":\"2021-02-27T20:45:29+00:00\",\"dateModified\":\"2021-02-27T20:50:24+00:00\",\"description\":\"Frigosan, \\u00e7al\\u0131\\u015fma esnas\\u0131nda dahi kullan\\u0131labilir ve so\\u011fuk hava depolar\\u0131ndaki ya\\u011f, i\\u00e7ya\\u011f\\u0131 ve etiket lekelerini temizler.\",\"breadcrumb\":{\"@id\":\"http:\/\/www.kiehlturkey.com\/index.php\/urun\/frigosan\/#breadcrumb\"},\"inLanguage\":\"tr\",\"potentialAction\":[{\"@type\":\"ReadAction\",\"target\":[\"http:\/\/www.kiehlturkey.com\/index.php\/urun\/frigosan\/\"]}]},{\"@type\":\"BreadcrumbList\",\"@id\":\"http:\/\/www.kiehlturkey.com\/index.php\/urun\/frigosan\/#breadcrumb\",\"itemListElement\":[{\"@type\":\"ListItem\",\"position\":1,\"item\":{\"@type\":\"WebPage\",\"@id\":\"http:\/\/www.kiehlturkey.com\/\",\"url\":\"http:\/\/www.kiehlturkey.com\/\",\"name\":\"Ana sayfa\"}},{\"@type\":\"ListItem\",\"position\":2,\"item\":{\"@type\":\"WebPage\",\"@id\":\"http:\/\/www.kiehlturkey.com\/index.php\/urunler\/\",\"url\":\"http:\/\/www.kiehlturkey.com\/index.php\/urunler\/\",\"name\":\"\\u00dcr\\u00fcnler\"}},{\"@type\":\"ListItem\",\"position\":3,\"item\":{\"@type\":\"WebPage\",\"@id\":\"http:\/\/www.kiehlturkey.com\/index.php\/urun\/frigosan\/\",\"url\":\"http:\/\/www.kiehlturkey.com\/index.php\/urun\/frigosan\/\",\"name\":\"Frigosan\"}}]}]}<\/script>\r\n<!-- \/ Yoast SEO plugin. -->","_links":{"self":[{"href":"http:\/\/www.kiehlturkey.com\/index.php\/wp-json\/wp\/v2\/product\/1613"}],"collection":[{"href":"http:\/\/www.kiehlturkey.com\/index.php\/wp-json\/wp\/v2\/product"}],"about":[{"href":"http:\/\/www.kiehlturkey.com\/index.php\/wp-json\/wp\/v2\/types\/product"}],"replies":[{"embeddable":true,"href":"http:\/\/www.kiehlturkey.com\/index.php\/wp-json\/wp\/v2\/comments?post=1613"}],"version-history":[{"count":1,"href":"http:\/\/www.kiehlturkey.com\/index.php\/wp-json\/wp\/v2\/product\/1613\/revisions"}],"predecessor-version":[{"id":1619,"href":"http:\/\/www.kiehlturkey.com\/index.php\/wp-json\/wp\/v2\/product\/1613\/revisions\/1619"}],"wp:featuredmedia":[{"embeddable":true,"href":"http:\/\/www.kiehlturkey.com\/index.php\/wp-json\/wp\/v2\/media\/1618"}],"wp:attachment":[{"href":"http:\/\/www.kiehlturkey.com\/index.php\/wp-json\/wp\/v2\/media?parent=1613"}],"curies":[{"name":"wp","href":"https:\/\/api.w.org\/{rel}","templated":true}]}}