{"id":1620,"date":"2021-02-27T20:51:01","date_gmt":"2021-02-27T20:51:01","guid":{"rendered":"https:\/\/kiehl.mcsajans.com\/?post_type=product&#038;p=1620"},"modified":"2021-02-27T20:56:58","modified_gmt":"2021-02-27T20:56:58","slug":"grasset","status":"publish","type":"product","link":"http:\/\/www.kiehlturkey.com\/index.php\/urun\/grasset\/","title":{"rendered":"Grasset"},"content":{"rendered":"<p><strong><span class=\"urun_text_02\">\u00d6zellikleri : <\/span><\/strong><span class=\"urun_text_02\">Ya\u011f, i\u00e7ya\u011f\u0131 ve nebati ya da hayvansal alb\u00fcmin birikintilerini yok etmek i\u00e7in dizayn edilmi\u015f, alkali ve h\u0131zl\u0131 tesirli deterjan. Grasset hem so\u011fuk hem de s\u0131cak suyla kullan\u0131labilir ve iyi bir paslanma korumas\u0131 sa\u011flar. \u00dcr\u00fcn, g\u0131da bulundurulan alanlar\u0131n temizli\u011fi i\u00e7in uygun olan maddeler i\u00e7erir.<\/span><\/p>\n<p><strong><span class=\"urun_text_02\">\u0130\u00e7indekiler : <\/span><\/strong><span class=\"urun_text_02\">Aniyonik y\u00fczey etkin maddeler, non-iyonik y\u00fczey etkin maddeler, sabun &lt; 5%, suda \u00e7\u00f6z\u00fcnebilen solventler, fosfatlar &lt; 5%, alkaliler. pH-de\u011feri (konsantre): yakla\u015f\u0131k 13 pH-de\u011feri (kullan\u0131ma haz\u0131r sol\u00fcsyon): yakla\u015f\u0131k 11<\/span><span class=\"urun_text_02\"><br \/>\n<\/span><\/p>\n<p><strong><span class=\"urun_text_02\">Kullan\u0131m Alanlar\u0131 : <\/span><\/strong><span class=\"urun_text_02\">Kantin, kasap d\u00fckkanlar\u0131 ve mezbahalar, mand\u0131ralar, peynir mand\u0131ralar\u0131, ekmek f\u0131r\u0131nlar\u0131, hastaneler ve oteller gibi g\u0131da i\u015fleme alanlar\u0131n\u0131n suya ve alkalilere dayan\u0131kl\u0131 duvar ve yer zeminlerinin temizli\u011finde kullan\u0131ma uygundur. K\u00f6p\u00fck yap\u0131c\u0131 makineler i\u00e7in de uygundur. Paslanma korumas\u0131 sayesinde Grasset, anotlu al\u00fcminyum \u00fczerinde de kullan\u0131labilir. Linolyum ve su \u00e7\u00f6zeltili vernik benzeri alkalilere duyarl\u0131 y\u00fczeylerde kullan\u0131ma uygun de\u011fildir.<\/span><strong><span class=\"urun_text_02\"><br \/>\n<\/span><\/strong><\/p>\n<p><span class=\"urun_text_02\"><strong>Kullan\u0131m \u015eekli : <\/strong>\u0130lk uygulamadan \u00f6nce k\u00fc\u00e7\u00fck bir b\u00f6lgeyi materyalin alkali direncini \u00f6\u011frenmek i\u00e7in test edin.<\/span><\/p>\n<p><span class=\"urun_text_02\"><strong>Derinlemesine temizlik :<\/strong> 8 litre suya 1 litre kat\u0131n, d\u00f6ner ba\u015fl\u0131kl\u0131 makine ile temizleyin ve vakumlay\u0131n.<br \/>\n<\/span><\/p>\n<p><strong><span class=\"urun_text_02\">K\u00f6p\u00fckl\u00fc temizlik :<\/span><\/strong>\u00a0Konteyn\u0131r\u0131 seyreltilmemi\u015f \u00fcr\u00fcnle doldurun. Kirlerin yo\u011funlu\u011funa g\u00f6re, meme ayar\u0131n\u0131 1:4 ila 1:10 \u015feklinde yap\u0131n. Y\u00fczeyi k\u00f6p\u00fcklendirin. 10 dakika etki etmesini bekledikten sonra temiz suyla durulay\u0131n.<\/p>\n<p><strong><span class=\"urun_text_02\">\u0130nat\u00e7\u0131 kirlerin temizli\u011fi :<\/span><\/strong>\u00a0Grasset&#8217;i seyreltmeden sprey \u015fi\u015fesinden kullan\u0131n.<\/p>\n<p>G\u0131da maddeleriyle do\u011frudan temas eden \u00e7al\u0131\u015fma alanlar\u0131 ve mutfak tezgahlar\u0131 musluk suyu ile iyice temizlenmelidir. \u0130nat\u00e7\u0131 ya\u011f birikimi durumlar\u0131nda, s\u0131cak su (40\u00b0-60\u00b0 C civar\u0131nda) Grasset&#8217;in etkisini h\u0131zland\u0131r\u0131r. Ya\u011f ve alb\u00fcmin birikmelerinde Grasset&#8217;i ilk \u00f6nce so\u011fuk suyla tavsiye edilen \u015fekilde sol\u00fcsyon haline getirerek kullan\u0131n. Daha sonra, zemini d\u00f6ner ba\u015fl\u0131kl\u0131 makinenin tank\u0131ndan alaca\u011f\u0131n\u0131z s\u0131cak su ile ovarak temizleyin.<\/p>\n<p><img loading=\"lazy\" class=\"alignnone size-full wp-image-1622\" src=\"https:\/\/kiehl.mcsajans.com\/wp-content\/uploads\/2021\/02\/tahris-4.jpg\" alt=\"\" width=\"69\" height=\"79\" \/> R 36\/38 G\u00f6zleri ve deriyi tahri\u015f eder.<br \/>\nS 24\/25 Deri ve g\u00f6zlere temas etmemesine dikkat ediniz.<br \/>\nS 39 Uygun eldiven kullan\u0131n\u0131z.<br \/>\nAlkalin sol\u00fcsyonu i\u00e7erir.<\/p>\n","protected":false},"excerpt":{"rendered":"<h1 class=\"detail-productname\">Grasset<\/h1>\n<p><span class=\"urun_text_02\">Ya\u011f giderici<\/span><\/p>\n<p><span class=\"urun_text_02\"><strong>\u00d6zellikleri <\/strong>: Ya\u011f, i\u00e7ya\u011f\u0131 ve nebati ya da hayvansal alb\u00fcmin birikintilerini yok etmek i\u00e7in dizayn edilmi\u015f, alkali ve h\u0131zl\u0131 tesirli deterjan. Grasset hem so\u011fuk hem de s\u0131cak suyla kullan\u0131labilir ve iyi bir paslanma korumas\u0131 sa\u011flar. \u00dcr\u00fcn, g\u0131da bulundurulan alanlar\u0131n temizli\u011fi i\u00e7in uygun olan maddeler i\u00e7erir.<\/p>\n<p><\/span><\/p>\n<p>&nbsp;<\/p>\n<p>&nbsp;<\/p>\n<p>&nbsp;<\/p>\n<hr \/>\n<p><img loading=\"lazy\" class=\"alignnone size-full wp-image-1623\" src=\"https:\/\/kiehl.mcsajans.com\/wp-content\/uploads\/2021\/02\/grasset_icon.jpg\" alt=\"\" width=\"199\" height=\"129\" \/><\/p>\n<p><strong><span class=\"urun_text_02\">Metrekare ba\u015f\u0131na t\u00fcketim<\/span><\/strong><br \/>\nSilme \/ mekanik \u0131slak temizlik: 0.5-1 ml<br \/>\nY\u00fczey temizli\u011fi: 1 ml<br \/>\nDerinlemesine temizlik: 40 ml<br \/>\nK\u00f6p\u00fckl\u00fc temizlik: 20 ml<\/p>\n<p><strong>Profesyonel kullan\u0131mlar i\u00e7indir!<\/strong><\/p>\n<p><strong>Paketleme<\/strong><\/p>\n<p>6 x 1 litre \u015fi\u015felik koli \u00dcr. No. j 55 04 01<br \/>\n10 litre bidon \u00dcr. No. j 55 04 10<br \/>\n200 litre varil \u00dcr. No. j 55 04 72<\/p>\n","protected":false},"featured_media":1624,"comment_status":"open","ping_status":"closed","template":"elementor_theme","meta":[],"yoast_head":"<!-- This site is optimized with the Yoast SEO plugin v15.9 - https:\/\/yoast.com\/wordpress\/plugins\/seo\/ -->\r\n<title>Grasset | K\u0130EHL<\/title>\r\n<meta name=\"description\" content=\"Ya\u011f, i\u00e7ya\u011f\u0131 ve nebati ya da hayvansal alb\u00fcmin birikintilerini yok etmek i\u00e7in dizayn edilmi\u015f, alkali ve h\u0131zl\u0131 tesirli deterjan.\" \/>\r\n<meta name=\"robots\" content=\"index, follow, max-snippet:-1, max-image-preview:large, max-video-preview:-1\" \/>\r\n<link rel=\"canonical\" href=\"http:\/\/www.kiehlturkey.com\/index.php\/urun\/grasset\/\" \/>\r\n<meta property=\"og:locale\" content=\"tr_TR\" \/>\r\n<meta property=\"og:type\" content=\"article\" \/>\r\n<meta property=\"og:title\" content=\"Grasset | K\u0130EHL\" \/>\r\n<meta property=\"og:description\" content=\"Ya\u011f, i\u00e7ya\u011f\u0131 ve nebati ya da hayvansal alb\u00fcmin birikintilerini yok etmek i\u00e7in dizayn edilmi\u015f, alkali ve h\u0131zl\u0131 tesirli deterjan.\" \/>\r\n<meta property=\"og:url\" content=\"http:\/\/www.kiehlturkey.com\/index.php\/urun\/grasset\/\" \/>\r\n<meta property=\"og:site_name\" content=\"K\u0130EHL\" \/>\r\n<meta property=\"article:modified_time\" content=\"2021-02-27T20:56:58+00:00\" \/>\r\n<meta property=\"og:image\" content=\"http:\/\/www.kiehlturkey.com\/wp-content\/uploads\/2021\/02\/grasset.jpg\" \/>\r\n\t<meta property=\"og:image:width\" content=\"500\" \/>\r\n\t<meta property=\"og:image:height\" content=\"500\" \/>\r\n<meta name=\"twitter:card\" content=\"summary_large_image\" \/>\r\n<meta name=\"twitter:label1\" content=\"Tahmini okuma s\u00fcresi\">\n\t<meta name=\"twitter:data1\" content=\"2 dakika\">\r\n<script type=\"application\/ld+json\" class=\"yoast-schema-graph\">{\"@context\":\"https:\/\/schema.org\",\"@graph\":[{\"@type\":\"WebSite\",\"@id\":\"http:\/\/www.kiehlturkey.com\/#website\",\"url\":\"http:\/\/www.kiehlturkey.com\/\",\"name\":\"K\\u0130EHL\",\"description\":\"die saubere L\\u00f6sung\",\"potentialAction\":[{\"@type\":\"SearchAction\",\"target\":\"http:\/\/www.kiehlturkey.com\/?s={search_term_string}\",\"query-input\":\"required name=search_term_string\"}],\"inLanguage\":\"tr\"},{\"@type\":\"ImageObject\",\"@id\":\"http:\/\/www.kiehlturkey.com\/index.php\/urun\/grasset\/#primaryimage\",\"inLanguage\":\"tr\",\"url\":\"http:\/\/www.kiehlturkey.com\/wp-content\/uploads\/2021\/02\/grasset.jpg\",\"width\":500,\"height\":500},{\"@type\":\"WebPage\",\"@id\":\"http:\/\/www.kiehlturkey.com\/index.php\/urun\/grasset\/#webpage\",\"url\":\"http:\/\/www.kiehlturkey.com\/index.php\/urun\/grasset\/\",\"name\":\"Grasset | K\\u0130EHL\",\"isPartOf\":{\"@id\":\"http:\/\/www.kiehlturkey.com\/#website\"},\"primaryImageOfPage\":{\"@id\":\"http:\/\/www.kiehlturkey.com\/index.php\/urun\/grasset\/#primaryimage\"},\"datePublished\":\"2021-02-27T20:51:01+00:00\",\"dateModified\":\"2021-02-27T20:56:58+00:00\",\"description\":\"Ya\\u011f, i\\u00e7ya\\u011f\\u0131 ve nebati ya da hayvansal alb\\u00fcmin birikintilerini yok etmek i\\u00e7in dizayn edilmi\\u015f, alkali ve h\\u0131zl\\u0131 tesirli deterjan.\",\"breadcrumb\":{\"@id\":\"http:\/\/www.kiehlturkey.com\/index.php\/urun\/grasset\/#breadcrumb\"},\"inLanguage\":\"tr\",\"potentialAction\":[{\"@type\":\"ReadAction\",\"target\":[\"http:\/\/www.kiehlturkey.com\/index.php\/urun\/grasset\/\"]}]},{\"@type\":\"BreadcrumbList\",\"@id\":\"http:\/\/www.kiehlturkey.com\/index.php\/urun\/grasset\/#breadcrumb\",\"itemListElement\":[{\"@type\":\"ListItem\",\"position\":1,\"item\":{\"@type\":\"WebPage\",\"@id\":\"http:\/\/www.kiehlturkey.com\/\",\"url\":\"http:\/\/www.kiehlturkey.com\/\",\"name\":\"Ana sayfa\"}},{\"@type\":\"ListItem\",\"position\":2,\"item\":{\"@type\":\"WebPage\",\"@id\":\"http:\/\/www.kiehlturkey.com\/index.php\/urunler\/\",\"url\":\"http:\/\/www.kiehlturkey.com\/index.php\/urunler\/\",\"name\":\"\\u00dcr\\u00fcnler\"}},{\"@type\":\"ListItem\",\"position\":3,\"item\":{\"@type\":\"WebPage\",\"@id\":\"http:\/\/www.kiehlturkey.com\/index.php\/urun\/grasset\/\",\"url\":\"http:\/\/www.kiehlturkey.com\/index.php\/urun\/grasset\/\",\"name\":\"Grasset\"}}]}]}<\/script>\r\n<!-- \/ Yoast SEO plugin. -->","_links":{"self":[{"href":"http:\/\/www.kiehlturkey.com\/index.php\/wp-json\/wp\/v2\/product\/1620"}],"collection":[{"href":"http:\/\/www.kiehlturkey.com\/index.php\/wp-json\/wp\/v2\/product"}],"about":[{"href":"http:\/\/www.kiehlturkey.com\/index.php\/wp-json\/wp\/v2\/types\/product"}],"replies":[{"embeddable":true,"href":"http:\/\/www.kiehlturkey.com\/index.php\/wp-json\/wp\/v2\/comments?post=1620"}],"version-history":[{"count":1,"href":"http:\/\/www.kiehlturkey.com\/index.php\/wp-json\/wp\/v2\/product\/1620\/revisions"}],"predecessor-version":[{"id":1625,"href":"http:\/\/www.kiehlturkey.com\/index.php\/wp-json\/wp\/v2\/product\/1620\/revisions\/1625"}],"wp:featuredmedia":[{"embeddable":true,"href":"http:\/\/www.kiehlturkey.com\/index.php\/wp-json\/wp\/v2\/media\/1624"}],"wp:attachment":[{"href":"http:\/\/www.kiehlturkey.com\/index.php\/wp-json\/wp\/v2\/media?parent=1620"}],"curies":[{"name":"wp","href":"https:\/\/api.w.org\/{rel}","templated":true}]}}