{"id":1621,"date":"2021-02-27T20:51:59","date_gmt":"2021-02-27T20:51:59","guid":{"rendered":"https:\/\/kiehl.mcsajans.com\/?post_type=product&#038;p=1621"},"modified":"2021-02-27T21:22:00","modified_gmt":"2021-02-27T21:22:00","slug":"promopoxydes","status":"publish","type":"product","link":"http:\/\/www.kiehlturkey.com\/index.php\/urun\/promopoxydes\/","title":{"rendered":"ProMop\u00ae OXYDES"},"content":{"rendered":"<p><strong><span class=\"urun_text_02\">\u00d6zellikleri : <\/span><\/strong><span class=\"urun_text_02\">ProMop OXYDES, temizlik tekstilleri i\u00e7in dizayn edilmi\u015f, m\u00fckemmel a\u011fartma \u00f6zelli\u011fine sahip bir dezenfektand\u0131r. Geni\u015f antimikrobiyal spektrumu sayesinde, ProMop OXYDES 60\u00b0C derecelik y\u0131kama s\u0131cakl\u0131\u011f\u0131nda Alman Uygulamal\u0131 Hijyen Birli\u011fi (VAH) taraf\u0131ndan \u00f6ng\u00f6r\u00fclen hijyen \u015fartlar\u0131n\u0131 yerine getirir. \u00dcr\u00fcn, yak\u0131n bir zamanda VAH dezenfektan listesinde yerini alacakt\u0131r. Temizlik takviye \u00fcr\u00fcnleri ProMop WASH-ULTRA ya da ProMop CLEAN ile birlikte kullan\u0131larak yap\u0131lan a\u011fartma i\u015flemleri, lifleri korur ve kusursuz derecede temiz ve hijyenik temizlik tekstilleri sa\u011flar. ProMop OXYDES, bak\u0131m evleri ve hastanelerdeki personel ve hastalar i\u00e7in vazge\u00e7ilmez enfeksiyon prolifaksi \u00fcr\u00fcn\u00fcd\u00fcr.<\/span><span class=\"urun_text_02\"><br \/>\n<\/span><\/p>\n<p><strong><span class=\"urun_text_02\">\u0130\u00e7indekiler : <\/span><\/strong><span class=\"urun_text_02\">100 gram\u0131nda: 25 gr hidrojen peroksit, 5 gr perasetik asit. Sair i\u00e7erik: asetik asit. pH-de\u011feri (konsantre): yakla\u015f\u0131k 1 pH-de\u011feri (kullan\u0131ma haz\u0131r sol\u00fcsyon): yakla\u015f\u0131k 3,5<\/span><\/p>\n<p><span class=\"urun_text_02\"><strong>Kullan\u0131m Alanlar\u0131 :<\/strong>\u00a0<\/span>T\u00fcm alkalilere dayan\u0131kl\u0131 ve a\u011fart\u0131labilir temizlik tekstillerinin kemotermal<br \/>\ndezenfeksiyonu i\u00e7in uygundur (60\u00b0C y\u0131kama s\u0131cakl\u0131\u011f\u0131nda). \u00dczerinde kurumu\u015f kan lekeleri bulunan tekstiller i\u00e7in uygun de\u011fildir.<\/p>\n<p><span class=\"urun_text_02\"><strong>Kullan\u0131m \u015eekli :<\/strong> Paspaslar\u0131n ve silme bezlerinin 60\u00b0C derece s\u0131cakl\u0131kta y\u0131kanmas\u0131nda ProMop- WASH-ULTRA ve ProMop-WASH veya ProMop-CLEAN ile birlikte kullan\u0131l\u0131r. ProMop-OXYDES kutusunu ana y\u0131kama modunun deterjan ba\u011flant\u0131s\u0131na tak\u0131n. \u00dcr\u00fcn, \u00e7ama\u015f\u0131r makinesinin program kontrol \u00fcnitesi taraf\u0131ndan otomatik olarak seyreltilecektir.<\/span><\/p>\n<p><strong>Seyreltme tavsiyeleri:<\/strong><\/p>\n<p>Tekli \/ Temel Likit Deterjan\u00a0 ProMop\u00ae-WASH\u00a0 \u00a00,5%-1%<\/p>\n<p>Temizlik Takviyesi ProMop\u00ae-WASH-ULTRA 0,5%-1%<\/p>\n<p>Dezenfeksiyon \/ A\u011fartma ProMop\u00ae-OXYDES 0.2%-0.3%<\/p>\n<p><img loading=\"lazy\" class=\"alignnone size-full wp-image-1636\" src=\"https:\/\/kiehl.mcsajans.com\/wp-content\/uploads\/2021\/02\/asindirici.jpg\" alt=\"\" width=\"69\" height=\"79\" \/> R 7 Yang\u0131na yola\u00e7abilir.<br \/>\nR 34 Yan\u0131klara neden olur.<br \/>\nS 3\/7 Serin bir yerde a\u011fz\u0131 kapal\u0131 olarak muhafaza ediniz.<br \/>\nS 14 Yan\u0131c\u0131 maddelerden ve metal \u00e7\u00f6keltilerinden uzak tutunuz.<br \/>\nS 26 G\u00f6zlere temas etmesi halinde, g\u00f6zleri bol miktarda su ile y\u0131kay\u0131n\u0131z ve doktora ba\u015fvurunuz.<br \/>\nS 36\/37\/39 Uygun koruyucu giysiler, eldivenler, g\u00f6z \/ y\u00fcz koruyucu ekipman kullan\u0131n\u0131z.<br \/>\nS 45 Herhangi bir kaza halinde veya kendinizi iyi hissetmedi\u011finizde en yak\u0131n t\u0131p merkezine ba\u015fvurunuz. (\u00fcr\u00fcn etiketini hekime<br \/>\ng\u00f6steriniz) Hidrojen peroksit ve perasetik asit i\u00e7erir.<\/p>\n<p><img loading=\"lazy\" class=\"alignnone size-full wp-image-1642\" src=\"https:\/\/kiehl.mcsajans.com\/wp-content\/uploads\/2021\/02\/oksit.jpg\" alt=\"\" width=\"69\" height=\"79\" \/><\/p>\n","protected":false},"excerpt":{"rendered":"<h1>ProMop\u00ae OXYDES<\/h1>\n<p><strong>Temizlik tekstillerinin haz\u0131rlanmas\u0131 i\u00e7in dezenfeksiyon ve a\u011fart\u0131c\u0131 bile\u015fimi<\/strong><\/p>\n<p><span class=\"urun_text_02\"><strong>\u00d6zellikleri <\/strong>: ProMop OXYDES, temizlik tekstilleri i\u00e7in dizayn edilmi\u015f, m\u00fckemmel a\u011fartma \u00f6zelli\u011fine sahip bir dezenfektand\u0131r. Geni\u015f antimikrobiyal spektrumu sayesinde, ProMop OXYDES 60\u00b0C derecelik y\u0131kama s\u0131cakl\u0131\u011f\u0131nda Alman Uygulamal\u0131 Hijyen Birli\u011fi (VAH) taraf\u0131ndan \u00f6ng\u00f6r\u00fclen hijyen \u015fartlar\u0131n\u0131 yerine getirir. \u00dcr\u00fcn, yak\u0131n bir zamanda VAH dezenfektan listesinde yerini alacakt\u0131r. Temizlik takviye \u00fcr\u00fcnleri ProMop WASH-ULTRA ya da ProMop CLEAN ile birlikte kullan\u0131larak yap\u0131lan a\u011fartma i\u015flemleri, lifleri korur ve kusursuz derecede temiz ve hijyenik temizlik tekstilleri sa\u011flar. ProMop OXYDES, bak\u0131m evleri ve hastanelerdeki personel ve hastalar i\u00e7in vazge\u00e7ilmez enfeksiyon prolifaksi \u00fcr\u00fcn\u00fcd\u00fcr.<\/span><\/p>\n<hr \/>\n<p><strong><span class=\"urun_text_02\">Kg ba\u015f\u0131na t\u00fcketim<\/span><\/strong><br \/>\nKimyasal t\u00fcketimi \u00e7ama\u015f\u0131r makinesinin b\u00fcy\u00fckl\u00fc\u011f\u00fcne g\u00f6re de\u011fi\u015fir.<\/p>\n<p><strong>Sadece Profesyonel Kullan\u0131mlar i\u00e7indir!<\/strong><\/p>\n<p><strong>Paketleme <\/strong><\/p>\n<p>10 litre bidon \u00dcr. No. j 65 31 10<\/p>\n<p><img loading=\"lazy\" class=\"alignnone size-full wp-image-1482\" src=\"https:\/\/kiehl.mcsajans.com\/wp-content\/uploads\/2021\/02\/arenas_wash-1.jpg\" alt=\"\" width=\"66\" height=\"67\" \/><\/p>\n","protected":false},"featured_media":1627,"comment_status":"open","ping_status":"closed","template":"elementor_theme","meta":[],"yoast_head":"<!-- This site is optimized with the Yoast SEO plugin v15.9 - https:\/\/yoast.com\/wordpress\/plugins\/seo\/ -->\r\n<title>ProMop\u00ae OXYDES | K\u0130EHL<\/title>\r\n<meta name=\"description\" content=\"ProMop OXYDES, temizlik tekstilleri i\u00e7in dizayn edilmi\u015f, m\u00fckemmel a\u011fartma \u00f6zelli\u011fine sahip bir dezenfektand\u0131r.\" \/>\r\n<meta name=\"robots\" content=\"index, follow, max-snippet:-1, max-image-preview:large, max-video-preview:-1\" \/>\r\n<link rel=\"canonical\" href=\"http:\/\/www.kiehlturkey.com\/index.php\/urun\/promopoxydes\/\" \/>\r\n<meta property=\"og:locale\" content=\"tr_TR\" \/>\r\n<meta property=\"og:type\" content=\"article\" \/>\r\n<meta property=\"og:title\" content=\"ProMop\u00ae OXYDES | K\u0130EHL\" \/>\r\n<meta property=\"og:description\" content=\"ProMop OXYDES, temizlik tekstilleri i\u00e7in dizayn edilmi\u015f, m\u00fckemmel a\u011fartma \u00f6zelli\u011fine sahip bir dezenfektand\u0131r.\" \/>\r\n<meta property=\"og:url\" content=\"http:\/\/www.kiehlturkey.com\/index.php\/urun\/promopoxydes\/\" \/>\r\n<meta property=\"og:site_name\" content=\"K\u0130EHL\" \/>\r\n<meta property=\"article:modified_time\" content=\"2021-02-27T21:22:00+00:00\" \/>\r\n<meta property=\"og:image\" content=\"http:\/\/www.kiehlturkey.com\/wp-content\/uploads\/2021\/02\/Untitled-1-20.jpg\" \/>\r\n\t<meta property=\"og:image:width\" content=\"500\" \/>\r\n\t<meta property=\"og:image:height\" content=\"500\" \/>\r\n<meta name=\"twitter:card\" content=\"summary_large_image\" \/>\r\n<meta name=\"twitter:label1\" content=\"Tahmini okuma s\u00fcresi\">\n\t<meta name=\"twitter:data1\" content=\"2 dakika\">\r\n<script type=\"application\/ld+json\" class=\"yoast-schema-graph\">{\"@context\":\"https:\/\/schema.org\",\"@graph\":[{\"@type\":\"WebSite\",\"@id\":\"http:\/\/www.kiehlturkey.com\/#website\",\"url\":\"http:\/\/www.kiehlturkey.com\/\",\"name\":\"K\\u0130EHL\",\"description\":\"die saubere L\\u00f6sung\",\"potentialAction\":[{\"@type\":\"SearchAction\",\"target\":\"http:\/\/www.kiehlturkey.com\/?s={search_term_string}\",\"query-input\":\"required name=search_term_string\"}],\"inLanguage\":\"tr\"},{\"@type\":\"ImageObject\",\"@id\":\"http:\/\/www.kiehlturkey.com\/index.php\/urun\/promopoxydes\/#primaryimage\",\"inLanguage\":\"tr\",\"url\":\"http:\/\/www.kiehlturkey.com\/wp-content\/uploads\/2021\/02\/Untitled-1-20.jpg\",\"width\":500,\"height\":500},{\"@type\":\"WebPage\",\"@id\":\"http:\/\/www.kiehlturkey.com\/index.php\/urun\/promopoxydes\/#webpage\",\"url\":\"http:\/\/www.kiehlturkey.com\/index.php\/urun\/promopoxydes\/\",\"name\":\"ProMop\\u00ae OXYDES | K\\u0130EHL\",\"isPartOf\":{\"@id\":\"http:\/\/www.kiehlturkey.com\/#website\"},\"primaryImageOfPage\":{\"@id\":\"http:\/\/www.kiehlturkey.com\/index.php\/urun\/promopoxydes\/#primaryimage\"},\"datePublished\":\"2021-02-27T20:51:59+00:00\",\"dateModified\":\"2021-02-27T21:22:00+00:00\",\"description\":\"ProMop OXYDES, temizlik tekstilleri i\\u00e7in dizayn edilmi\\u015f, m\\u00fckemmel a\\u011fartma \\u00f6zelli\\u011fine sahip bir dezenfektand\\u0131r.\",\"breadcrumb\":{\"@id\":\"http:\/\/www.kiehlturkey.com\/index.php\/urun\/promopoxydes\/#breadcrumb\"},\"inLanguage\":\"tr\",\"potentialAction\":[{\"@type\":\"ReadAction\",\"target\":[\"http:\/\/www.kiehlturkey.com\/index.php\/urun\/promopoxydes\/\"]}]},{\"@type\":\"BreadcrumbList\",\"@id\":\"http:\/\/www.kiehlturkey.com\/index.php\/urun\/promopoxydes\/#breadcrumb\",\"itemListElement\":[{\"@type\":\"ListItem\",\"position\":1,\"item\":{\"@type\":\"WebPage\",\"@id\":\"http:\/\/www.kiehlturkey.com\/\",\"url\":\"http:\/\/www.kiehlturkey.com\/\",\"name\":\"Ana sayfa\"}},{\"@type\":\"ListItem\",\"position\":2,\"item\":{\"@type\":\"WebPage\",\"@id\":\"http:\/\/www.kiehlturkey.com\/index.php\/urunler\/\",\"url\":\"http:\/\/www.kiehlturkey.com\/index.php\/urunler\/\",\"name\":\"\\u00dcr\\u00fcnler\"}},{\"@type\":\"ListItem\",\"position\":3,\"item\":{\"@type\":\"WebPage\",\"@id\":\"http:\/\/www.kiehlturkey.com\/index.php\/urun\/promopoxydes\/\",\"url\":\"http:\/\/www.kiehlturkey.com\/index.php\/urun\/promopoxydes\/\",\"name\":\"ProMop\\u00ae OXYDES\"}}]}]}<\/script>\r\n<!-- \/ Yoast SEO plugin. -->","_links":{"self":[{"href":"http:\/\/www.kiehlturkey.com\/index.php\/wp-json\/wp\/v2\/product\/1621"}],"collection":[{"href":"http:\/\/www.kiehlturkey.com\/index.php\/wp-json\/wp\/v2\/product"}],"about":[{"href":"http:\/\/www.kiehlturkey.com\/index.php\/wp-json\/wp\/v2\/types\/product"}],"replies":[{"embeddable":true,"href":"http:\/\/www.kiehlturkey.com\/index.php\/wp-json\/wp\/v2\/comments?post=1621"}],"version-history":[{"count":4,"href":"http:\/\/www.kiehlturkey.com\/index.php\/wp-json\/wp\/v2\/product\/1621\/revisions"}],"predecessor-version":[{"id":1658,"href":"http:\/\/www.kiehlturkey.com\/index.php\/wp-json\/wp\/v2\/product\/1621\/revisions\/1658"}],"wp:featuredmedia":[{"embeddable":true,"href":"http:\/\/www.kiehlturkey.com\/index.php\/wp-json\/wp\/v2\/media\/1627"}],"wp:attachment":[{"href":"http:\/\/www.kiehlturkey.com\/index.php\/wp-json\/wp\/v2\/media?parent=1621"}],"curies":[{"name":"wp","href":"https:\/\/api.w.org\/{rel}","templated":true}]}}