{"id":1626,"date":"2021-02-27T20:57:25","date_gmt":"2021-02-27T20:57:25","guid":{"rendered":"https:\/\/kiehl.mcsajans.com\/?post_type=product&#038;p=1626"},"modified":"2021-02-27T21:03:53","modified_gmt":"2021-02-27T21:03:53","slug":"jet","status":"publish","type":"product","link":"http:\/\/www.kiehlturkey.com\/index.php\/urun\/jet\/","title":{"rendered":"Jet"},"content":{"rendered":"<p><strong><span class=\"urun_text_02\">\u00d6zellikleri : <\/span><\/strong><span class=\"urun_text_02\">Jet, d\u00fcz y\u00fczeyler ve objelerdeki inat\u00e7\u0131 kirleri kaz\u0131madan temizler.<\/span><\/p>\n<p><strong><span class=\"urun_text_02\">\u0130\u00e7indekiler :<\/span><\/strong><span class=\"urun_text_02\"> Non-iyonik y\u00fczey etkin maddeler &lt; 5%, parlat\u0131c\u0131 tebe\u015fir, k\u0131vam verici ajan, esanslar, koruyucular (metil-\/ metilkloroisothiazolinon). pH-de\u011feri (konsantre): yakla\u015f\u0131k 7,5<\/span><span class=\"urun_text_02\"><br \/>\n<\/span><\/p>\n<p><strong><span class=\"urun_text_02\">Kullan\u0131m Alanlar\u0131 : <\/span><\/strong><span class=\"urun_text_02\">Paslanmaz \u00e7elik, seramik, porselen, suni ta\u015f, al\u00fcminyum, bak\u0131r, pirin\u00e7 ve kromdan yap\u0131lm\u0131\u015f lavabolar, banyo k\u00fcvetleri, y\u0131kama tekneleri, karolar, masalar, duvarlar, \u00e7anaklar, tavalar, cam \/ seramik ocaklar, s\u0131hhi tesisatlar gibi \u00f6zellikle g\u0131da i\u015fleme alanlar\u0131 ve s\u0131hhi alanlardaki t\u00fcm sert y\u00fczeylerde kullan\u0131ma uygundur.<\/span><strong><span class=\"urun_text_02\"><br \/>\n<\/span><\/strong><\/p>\n<p><strong>Rutin temizlik (y\u00fczey temizli\u011fi):<\/strong> Kullanmadan \u00f6nce iyice \u00e7alkalay\u0131n\u0131z. Islak bir bez ya da s\u00fcngerin \u00fczerine bir kez p\u00fcsk\u00fcrt\u00fcn ve y\u00fczeyi ovarak silip parlat\u0131n. Arta kalan tebe\u015fir zerrecikleri temiz suyla durulanabilir. Daha sonra silerek kurulay\u0131n.<\/p>\n","protected":false},"excerpt":{"rendered":"<h1 class=\"detail-productname\">Jet<\/h1>\n<p><span class=\"urun_text_02\">Likit temizlik \u00fcr\u00fcn\u00fc<\/span><\/p>\n<p><span class=\"urun_text_02\"><strong>\u00d6zellikleri <\/strong>: Jet, d\u00fcz y\u00fczeyler ve objelerdeki inat\u00e7\u0131 kirleri kaz\u0131madan temizler.<\/span><\/p>\n<p>&nbsp;<\/p>\n<p>&nbsp;<\/p>\n<p>&nbsp;<\/p>\n<p>&nbsp;<\/p>\n<hr \/>\n<p><img loading=\"lazy\" class=\"alignnone size-full wp-image-1630\" src=\"https:\/\/kiehl.mcsajans.com\/wp-content\/uploads\/2021\/02\/jet_icon.jpg\" alt=\"\" width=\"67\" height=\"67\" \/><\/p>\n<p><strong><span class=\"urun_text_02\">Metrekare ba\u015f\u0131na t\u00fcketim<\/span><\/strong><br \/>\nY\u00fczey temizli\u011fi: 5 ml<\/p>\n<p><strong>Paketleme<\/strong><\/p>\n<p>12 x 500 ml \u015fi\u015felik koli \u00dcr. No. j 55 02 41<br \/>\nDonmaya kar\u015f\u0131 koruyunuz!<\/p>\n","protected":false},"featured_media":1632,"comment_status":"open","ping_status":"closed","template":"elementor_theme","meta":[],"yoast_head":"<!-- This site is optimized with the Yoast SEO plugin v15.9 - https:\/\/yoast.com\/wordpress\/plugins\/seo\/ -->\r\n<title>Jet | K\u0130EHL<\/title>\r\n<meta name=\"description\" content=\"Jet, d\u00fcz y\u00fczeyler ve objelerdeki inat\u00e7\u0131 kirleri kaz\u0131madan temizler.\" \/>\r\n<meta name=\"robots\" content=\"index, follow, max-snippet:-1, max-image-preview:large, max-video-preview:-1\" \/>\r\n<link rel=\"canonical\" href=\"http:\/\/www.kiehlturkey.com\/index.php\/urun\/jet\/\" \/>\r\n<meta property=\"og:locale\" content=\"tr_TR\" \/>\r\n<meta property=\"og:type\" content=\"article\" \/>\r\n<meta property=\"og:title\" content=\"Jet | K\u0130EHL\" \/>\r\n<meta property=\"og:description\" content=\"Jet, d\u00fcz y\u00fczeyler ve objelerdeki inat\u00e7\u0131 kirleri kaz\u0131madan temizler.\" \/>\r\n<meta property=\"og:url\" content=\"http:\/\/www.kiehlturkey.com\/index.php\/urun\/jet\/\" \/>\r\n<meta property=\"og:site_name\" content=\"K\u0130EHL\" \/>\r\n<meta property=\"article:modified_time\" content=\"2021-02-27T21:03:53+00:00\" \/>\r\n<meta property=\"og:image\" content=\"http:\/\/www.kiehlturkey.com\/wp-content\/uploads\/2021\/02\/jet.jpg\" \/>\r\n\t<meta property=\"og:image:width\" content=\"500\" \/>\r\n\t<meta property=\"og:image:height\" content=\"500\" \/>\r\n<meta name=\"twitter:card\" content=\"summary_large_image\" \/>\r\n<meta name=\"twitter:label1\" content=\"Tahmini okuma s\u00fcresi\">\n\t<meta name=\"twitter:data1\" content=\"1 dakika\">\r\n<script type=\"application\/ld+json\" class=\"yoast-schema-graph\">{\"@context\":\"https:\/\/schema.org\",\"@graph\":[{\"@type\":\"WebSite\",\"@id\":\"http:\/\/www.kiehlturkey.com\/#website\",\"url\":\"http:\/\/www.kiehlturkey.com\/\",\"name\":\"K\\u0130EHL\",\"description\":\"die saubere L\\u00f6sung\",\"potentialAction\":[{\"@type\":\"SearchAction\",\"target\":\"http:\/\/www.kiehlturkey.com\/?s={search_term_string}\",\"query-input\":\"required name=search_term_string\"}],\"inLanguage\":\"tr\"},{\"@type\":\"ImageObject\",\"@id\":\"http:\/\/www.kiehlturkey.com\/index.php\/urun\/jet\/#primaryimage\",\"inLanguage\":\"tr\",\"url\":\"http:\/\/www.kiehlturkey.com\/wp-content\/uploads\/2021\/02\/jet.jpg\",\"width\":500,\"height\":500},{\"@type\":\"WebPage\",\"@id\":\"http:\/\/www.kiehlturkey.com\/index.php\/urun\/jet\/#webpage\",\"url\":\"http:\/\/www.kiehlturkey.com\/index.php\/urun\/jet\/\",\"name\":\"Jet | K\\u0130EHL\",\"isPartOf\":{\"@id\":\"http:\/\/www.kiehlturkey.com\/#website\"},\"primaryImageOfPage\":{\"@id\":\"http:\/\/www.kiehlturkey.com\/index.php\/urun\/jet\/#primaryimage\"},\"datePublished\":\"2021-02-27T20:57:25+00:00\",\"dateModified\":\"2021-02-27T21:03:53+00:00\",\"description\":\"Jet, d\\u00fcz y\\u00fczeyler ve objelerdeki inat\\u00e7\\u0131 kirleri kaz\\u0131madan temizler.\",\"breadcrumb\":{\"@id\":\"http:\/\/www.kiehlturkey.com\/index.php\/urun\/jet\/#breadcrumb\"},\"inLanguage\":\"tr\",\"potentialAction\":[{\"@type\":\"ReadAction\",\"target\":[\"http:\/\/www.kiehlturkey.com\/index.php\/urun\/jet\/\"]}]},{\"@type\":\"BreadcrumbList\",\"@id\":\"http:\/\/www.kiehlturkey.com\/index.php\/urun\/jet\/#breadcrumb\",\"itemListElement\":[{\"@type\":\"ListItem\",\"position\":1,\"item\":{\"@type\":\"WebPage\",\"@id\":\"http:\/\/www.kiehlturkey.com\/\",\"url\":\"http:\/\/www.kiehlturkey.com\/\",\"name\":\"Ana sayfa\"}},{\"@type\":\"ListItem\",\"position\":2,\"item\":{\"@type\":\"WebPage\",\"@id\":\"http:\/\/www.kiehlturkey.com\/index.php\/urunler\/\",\"url\":\"http:\/\/www.kiehlturkey.com\/index.php\/urunler\/\",\"name\":\"\\u00dcr\\u00fcnler\"}},{\"@type\":\"ListItem\",\"position\":3,\"item\":{\"@type\":\"WebPage\",\"@id\":\"http:\/\/www.kiehlturkey.com\/index.php\/urun\/jet\/\",\"url\":\"http:\/\/www.kiehlturkey.com\/index.php\/urun\/jet\/\",\"name\":\"Jet\"}}]}]}<\/script>\r\n<!-- \/ Yoast SEO plugin. -->","_links":{"self":[{"href":"http:\/\/www.kiehlturkey.com\/index.php\/wp-json\/wp\/v2\/product\/1626"}],"collection":[{"href":"http:\/\/www.kiehlturkey.com\/index.php\/wp-json\/wp\/v2\/product"}],"about":[{"href":"http:\/\/www.kiehlturkey.com\/index.php\/wp-json\/wp\/v2\/types\/product"}],"replies":[{"embeddable":true,"href":"http:\/\/www.kiehlturkey.com\/index.php\/wp-json\/wp\/v2\/comments?post=1626"}],"version-history":[{"count":1,"href":"http:\/\/www.kiehlturkey.com\/index.php\/wp-json\/wp\/v2\/product\/1626\/revisions"}],"predecessor-version":[{"id":1633,"href":"http:\/\/www.kiehlturkey.com\/index.php\/wp-json\/wp\/v2\/product\/1626\/revisions\/1633"}],"wp:featuredmedia":[{"embeddable":true,"href":"http:\/\/www.kiehlturkey.com\/index.php\/wp-json\/wp\/v2\/media\/1632"}],"wp:attachment":[{"href":"http:\/\/www.kiehlturkey.com\/index.php\/wp-json\/wp\/v2\/media?parent=1626"}],"curies":[{"name":"wp","href":"https:\/\/api.w.org\/{rel}","templated":true}]}}