{"id":1647,"date":"2021-02-27T21:13:30","date_gmt":"2021-02-27T21:13:30","guid":{"rendered":"https:\/\/kiehl.mcsajans.com\/?post_type=product&#038;p=1647"},"modified":"2021-02-27T21:31:00","modified_gmt":"2021-02-27T21:31:00","slug":"promopwash-excellent","status":"publish","type":"product","link":"http:\/\/www.kiehlturkey.com\/index.php\/urun\/promopwash-excellent\/","title":{"rendered":"ProMop\u00ae-WASH-EXCELLENT"},"content":{"rendered":"<p><strong><span class=\"urun_text_02\">\u00d6zellikleri : <\/span><\/strong><span class=\"urun_text_02\">ProMop\u00ae-WASH-EXCELLENT, ana y\u0131kama modunda y\u0131kama performans\u0131n\u0131<br \/>\nartt\u0131rmak i\u00e7in dizayn edilmi\u015f fosfat i\u00e7ermeyen bir temizlik takviyesidir. ProMop- WASH ve ProMop\u00ae-WASH-EXCELLENT&#8217;in kombinasyonu sayesinde tekstillerdeki inat\u00e7\u0131 kirler bile kolayl\u0131kla \u00e7\u0131kacakt\u0131r<\/span><span class=\"urun_text_02\"><br \/>\n<\/span><\/p>\n<p><strong><span class=\"urun_text_02\">\u0130\u00e7indekiler : <\/span><\/strong><span class=\"urun_text_02\">Non-iyonik y\u00fczey etkin maddeler &lt; 5%, NTA &lt; 5%. pH-de\u011feri (konsantre): yakla\u015f\u0131k 13<\/span><\/p>\n<p><span class=\"urun_text_02\"><strong>Kullan\u0131m Alanlar\u0131 :<\/strong> ProMop\u00ae-WASH-EXCELLENT, ProMop\u00ae-WASH ile birlikte kullan\u0131ld\u0131\u011f\u0131nda t\u00fcm beyaz ve renkli tekstillerin y\u0131kanmas\u0131 i\u00e7in uygundur (y\u00fcnl\u00fc ve ipekliler hari\u00e7). L\u00fctfen tekstillerin m\u00fcnferit maksimum y\u0131kama s\u0131cakl\u0131klar\u0131na uyun. \u00dcr\u00fcn, ProMop\u00ae-WASH ve ProMop\u00ae-OXYDES ile birlikte kullan\u0131ld\u0131\u011f\u0131nda a\u011fart\u0131labilir temizlik tekstillerinin kemotermal dezenfeksiyonu i\u00e7in uygundur.<\/span><\/p>\n<p><span class=\"urun_text_02\"><strong>Kullan\u0131m \u015eekli :<\/strong> Tekstiller \u00e7e\u015fitlerine ve renklerine g\u00f6re ayr\u0131l\u0131r ve ProMop\u00ae-WASH ile ana y\u0131kama devrinde 30\u00b0C, 40\u00b0C, 60\u00b0C veya 90\u00b0C s\u0131cakl\u0131klarda y\u0131kan\u0131r (\u00fcr\u00fcn \u00fczerinde belirtilen y\u0131kama s\u0131cakl\u0131\u011f\u0131na g\u00f6re). ProMop\u00ae-WASHEXCELLENT kutusunu ana y\u0131kama modunun deterjan ba\u011flant\u0131s\u0131na tak\u0131n. \u00dcr\u00fcn, \u00e7ama\u015f\u0131r makinesinin program kontrol \u00fcnitesi taraf\u0131ndan otomatik olarak seyreltilecektir.<\/span><\/p>\n<p><strong>Seyreltme tavsiyeleri:<\/strong><\/p>\n<p>Tekli \/ Temel LikitDeterjan ProMop\u00ae-WASH 0,5%-1%<\/p>\n<p>Temizlik Takviyesi ProMop\u00ae-WASH-EXCELLENT 0,5%-1%<\/p>\n<p>Dezenfeksiyon \/ A\u011fartma ProMop\u00ae-OXYDES 0,2%-0,3%<\/p>\n<p>&nbsp;<\/p>\n<p><img loading=\"lazy\" class=\"alignnone size-full wp-image-1636\" src=\"https:\/\/kiehl.mcsajans.com\/wp-content\/uploads\/2021\/02\/asindirici.jpg\" alt=\"\" width=\"69\" height=\"79\" \/> R 38 Deriyi tahri\u015f eder.<br \/>\nR 41 G\u00f6zlere ciddi zararlar verme riski.<br \/>\nS 24\/25 Deriye ve g\u00f6zlere temas etmemesine dikkat ediniz.<br \/>\nS 26 G\u00f6zlere temas etmesi halinde, g\u00f6zleri bol miktarda su ile y\u0131kay\u0131n\u0131z ve<br \/>\ndoktora ba\u015fvurunuz.<\/p>\n","protected":false},"excerpt":{"rendered":"<h1>ProMop\u00ae-WASH-EXCELLENT<\/h1>\n<p><strong>Tekstil temizli\u011fi i\u00e7in temizlik takviyesi<\/strong><\/p>\n<p><span class=\"urun_text_02\"><strong>\u00d6zellikleri <\/strong>: ProMop-WASH, 60\u00b0C s\u0131cakl\u0131kta m\u00fckemmel bir performans g\u00f6steren, son derece konsantre, fosfat i\u00e7ermeyen likit bir deterjand\u0131r. \u0130\u00e7eri\u011findeki grile\u015fme \u00f6nleyiciler ve \u00f6zel y\u00fczey etkin madde kombinasyonu sayesinde, ProMop WASH hem tek ba\u015f\u0131na hemde ProMop WASH-ULTRA, ve ProMop OXYDES ile birlikte temel deterjan olarak kullan\u0131labilir. ProMop WASH, size ihtiyac\u0131n\u0131z olan m\u00fckemmel temizlik<\/span><\/p>\n<hr \/>\n<p><strong><span class=\"urun_text_02\">Kg ba\u015f\u0131na t\u00fcketim<\/span><\/strong><br \/>\nKimyasal t\u00fcketimi \u00e7ama\u015f\u0131r makinesinin b\u00fcy\u00fckl\u00fc\u011f\u00fcne g\u00f6re de\u011fi\u015fir.<\/p>\n<p><strong>Sadece Profesyonel Kullan\u0131mlar i\u00e7indir!<\/strong><\/p>\n<p><strong>Paketleme <\/strong><\/p>\n<p>10 litre bidon \u00dcr. No. j 65 23 10<br \/>\n20 litre bidon \u00dcr. No. j 65 23 21<\/p>\n<p><img loading=\"lazy\" class=\"alignnone size-full wp-image-1482\" src=\"https:\/\/kiehl.mcsajans.com\/wp-content\/uploads\/2021\/02\/arenas_wash-1.jpg\" alt=\"\" width=\"66\" height=\"67\" \/><\/p>\n","protected":false},"featured_media":1654,"comment_status":"open","ping_status":"closed","template":"elementor_theme","meta":[],"yoast_head":"<!-- This site is optimized with the Yoast SEO plugin v15.9 - https:\/\/yoast.com\/wordpress\/plugins\/seo\/ -->\r\n<title>ProMop\u00ae-WASH-EXCELLENT | K\u0130EHL<\/title>\r\n<meta name=\"description\" content=\"ProMop\u00ae-WASH-EXCELLENT, ana y\u0131kama modunda y\u0131kama performans\u0131n\u0131artt\u0131rmak i\u00e7in dizayn edilmi\u015f fosfat i\u00e7ermeyen bir temizlik takviyesidir.\" \/>\r\n<meta name=\"robots\" content=\"index, follow, max-snippet:-1, max-image-preview:large, max-video-preview:-1\" \/>\r\n<link rel=\"canonical\" href=\"http:\/\/www.kiehlturkey.com\/index.php\/urun\/promopwash-excellent\/\" \/>\r\n<meta property=\"og:locale\" content=\"tr_TR\" \/>\r\n<meta property=\"og:type\" content=\"article\" \/>\r\n<meta property=\"og:title\" content=\"ProMop\u00ae-WASH-EXCELLENT | K\u0130EHL\" \/>\r\n<meta property=\"og:description\" content=\"ProMop\u00ae-WASH-EXCELLENT, ana y\u0131kama modunda y\u0131kama performans\u0131n\u0131artt\u0131rmak i\u00e7in dizayn edilmi\u015f fosfat i\u00e7ermeyen bir temizlik takviyesidir.\" \/>\r\n<meta property=\"og:url\" content=\"http:\/\/www.kiehlturkey.com\/index.php\/urun\/promopwash-excellent\/\" \/>\r\n<meta property=\"og:site_name\" content=\"K\u0130EHL\" \/>\r\n<meta property=\"article:modified_time\" content=\"2021-02-27T21:31:00+00:00\" \/>\r\n<meta property=\"og:image\" content=\"http:\/\/www.kiehlturkey.com\/wp-content\/uploads\/2021\/02\/Untitled-1-22.jpg\" \/>\r\n\t<meta property=\"og:image:width\" content=\"500\" \/>\r\n\t<meta property=\"og:image:height\" content=\"500\" \/>\r\n<meta name=\"twitter:card\" content=\"summary_large_image\" \/>\r\n<meta name=\"twitter:label1\" content=\"Tahmini okuma s\u00fcresi\">\n\t<meta name=\"twitter:data1\" content=\"1 dakika\">\r\n<script type=\"application\/ld+json\" class=\"yoast-schema-graph\">{\"@context\":\"https:\/\/schema.org\",\"@graph\":[{\"@type\":\"WebSite\",\"@id\":\"http:\/\/www.kiehlturkey.com\/#website\",\"url\":\"http:\/\/www.kiehlturkey.com\/\",\"name\":\"K\\u0130EHL\",\"description\":\"die saubere L\\u00f6sung\",\"potentialAction\":[{\"@type\":\"SearchAction\",\"target\":\"http:\/\/www.kiehlturkey.com\/?s={search_term_string}\",\"query-input\":\"required name=search_term_string\"}],\"inLanguage\":\"tr\"},{\"@type\":\"ImageObject\",\"@id\":\"http:\/\/www.kiehlturkey.com\/index.php\/urun\/promopwash-excellent\/#primaryimage\",\"inLanguage\":\"tr\",\"url\":\"http:\/\/www.kiehlturkey.com\/wp-content\/uploads\/2021\/02\/Untitled-1-22.jpg\",\"width\":500,\"height\":500},{\"@type\":\"WebPage\",\"@id\":\"http:\/\/www.kiehlturkey.com\/index.php\/urun\/promopwash-excellent\/#webpage\",\"url\":\"http:\/\/www.kiehlturkey.com\/index.php\/urun\/promopwash-excellent\/\",\"name\":\"ProMop\\u00ae-WASH-EXCELLENT | K\\u0130EHL\",\"isPartOf\":{\"@id\":\"http:\/\/www.kiehlturkey.com\/#website\"},\"primaryImageOfPage\":{\"@id\":\"http:\/\/www.kiehlturkey.com\/index.php\/urun\/promopwash-excellent\/#primaryimage\"},\"datePublished\":\"2021-02-27T21:13:30+00:00\",\"dateModified\":\"2021-02-27T21:31:00+00:00\",\"description\":\"ProMop\\u00ae-WASH-EXCELLENT, ana y\\u0131kama modunda y\\u0131kama performans\\u0131n\\u0131artt\\u0131rmak i\\u00e7in dizayn edilmi\\u015f fosfat i\\u00e7ermeyen bir temizlik takviyesidir.\",\"breadcrumb\":{\"@id\":\"http:\/\/www.kiehlturkey.com\/index.php\/urun\/promopwash-excellent\/#breadcrumb\"},\"inLanguage\":\"tr\",\"potentialAction\":[{\"@type\":\"ReadAction\",\"target\":[\"http:\/\/www.kiehlturkey.com\/index.php\/urun\/promopwash-excellent\/\"]}]},{\"@type\":\"BreadcrumbList\",\"@id\":\"http:\/\/www.kiehlturkey.com\/index.php\/urun\/promopwash-excellent\/#breadcrumb\",\"itemListElement\":[{\"@type\":\"ListItem\",\"position\":1,\"item\":{\"@type\":\"WebPage\",\"@id\":\"http:\/\/www.kiehlturkey.com\/\",\"url\":\"http:\/\/www.kiehlturkey.com\/\",\"name\":\"Ana sayfa\"}},{\"@type\":\"ListItem\",\"position\":2,\"item\":{\"@type\":\"WebPage\",\"@id\":\"http:\/\/www.kiehlturkey.com\/index.php\/urunler\/\",\"url\":\"http:\/\/www.kiehlturkey.com\/index.php\/urunler\/\",\"name\":\"\\u00dcr\\u00fcnler\"}},{\"@type\":\"ListItem\",\"position\":3,\"item\":{\"@type\":\"WebPage\",\"@id\":\"http:\/\/www.kiehlturkey.com\/index.php\/urun\/promopwash-excellent\/\",\"url\":\"http:\/\/www.kiehlturkey.com\/index.php\/urun\/promopwash-excellent\/\",\"name\":\"ProMop\\u00ae-WASH-EXCELLENT\"}}]}]}<\/script>\r\n<!-- \/ Yoast SEO plugin. -->","_links":{"self":[{"href":"http:\/\/www.kiehlturkey.com\/index.php\/wp-json\/wp\/v2\/product\/1647"}],"collection":[{"href":"http:\/\/www.kiehlturkey.com\/index.php\/wp-json\/wp\/v2\/product"}],"about":[{"href":"http:\/\/www.kiehlturkey.com\/index.php\/wp-json\/wp\/v2\/types\/product"}],"replies":[{"embeddable":true,"href":"http:\/\/www.kiehlturkey.com\/index.php\/wp-json\/wp\/v2\/comments?post=1647"}],"version-history":[{"count":3,"href":"http:\/\/www.kiehlturkey.com\/index.php\/wp-json\/wp\/v2\/product\/1647\/revisions"}],"predecessor-version":[{"id":1667,"href":"http:\/\/www.kiehlturkey.com\/index.php\/wp-json\/wp\/v2\/product\/1647\/revisions\/1667"}],"wp:featuredmedia":[{"embeddable":true,"href":"http:\/\/www.kiehlturkey.com\/index.php\/wp-json\/wp\/v2\/media\/1654"}],"wp:attachment":[{"href":"http:\/\/www.kiehlturkey.com\/index.php\/wp-json\/wp\/v2\/media?parent=1647"}],"curies":[{"name":"wp","href":"https:\/\/api.w.org\/{rel}","templated":true}]}}