{"id":1655,"date":"2021-02-27T21:21:04","date_gmt":"2021-02-27T21:21:04","guid":{"rendered":"https:\/\/kiehl.mcsajans.com\/?post_type=product&#038;p=1655"},"modified":"2021-02-27T21:27:42","modified_gmt":"2021-02-27T21:27:42","slug":"torvan-konsantre-fd","status":"publish","type":"product","link":"http:\/\/www.kiehlturkey.com\/index.php\/urun\/torvan-konsantre-fd\/","title":{"rendered":"Torvan Konsantre FD"},"content":{"rendered":"<p><strong><span class=\"urun_text_02\">\u00d6zellikleri : <\/span><\/strong><span class=\"urun_text_02\">Aktif madde i\u00e7eri\u011fine sahip, h\u0131zl\u0131 etkili temizleyici. \u00c7e\u015fitli y\u00fczey etkin maddeler i\u00e7erir. At\u0131klar\u0131nda iyi ay\u0131r\u0131c\u0131 \u00f6zellikte maddeler bar\u0131nd\u0131r\u0131r. Tekstil lifleri, paspaslar ve bezlerin emiciliklerini korur. Hem g\u00fcnl\u00fck rutin temizlik hem de derinlemesine temizlik i\u00e7in ideal bir \u00fcr\u00fcnd\u00fcr. Bir\u00e7ok dezenfekte edici \u00fcr\u00fcn ile birlikte kullan\u0131labilir. Y\u00fcksek geri d\u00f6n\u00fc\u015f\u00fcml\u00fc i\u00e7eri\u011fi sayesinde \u00e7evre dostudur.<\/span><\/p>\n<p><span class=\"urun_text_02\"><strong>\u0130\u00e7indekiler :<\/strong> Non-iyonik y\u00fczey etkin maddeler 5-15%, suda \u00e7\u00f6z\u00fcnebilen solventler, potasyum sitrat, g\u0131da boyas\u0131 (Cl42051). pH-de\u011feri (konsantre): yakla\u015f\u0131k 9,5 pH-de\u011feri (kullan\u0131ma haz\u0131r sol\u00fcsyon): yakla\u015f\u0131k 7,5<br \/>\n<\/span><\/p>\n<p><span class=\"urun_text_02\"><strong>Kullan\u0131m Alanlar\u0131 :<\/strong> \u00d6zellikle g\u0131da bulundurulan alanlardaki, suya dayan\u0131kl\u0131 zemin kaplamalar\u0131 ve objeler ile korumal\u0131 zeminlerde kullan\u0131ma uygundur.<\/span><br \/>\n<span class=\"urun_text_02\"><br \/>\n<strong>Kullan\u0131m \u015eekli : <\/strong>1 \u00f6l\u00e7ek (\u00f6l\u00e7ek kapa\u011f\u0131) = 25 ml<br \/>\n<strong>Rutin temizlik (silme \/ mekanik \u0131slak temizlik \/ y\u00fczey temizli\u011fi) :<\/strong>\u00a08 litre suya 1 \u00f6l\u00e7ek. Seyreltme i\u00e7in Dosifill 1:320 \u00f6l\u00e7ek.<\/p>\n<p><strong>Derinlemesine temizlik :<\/strong>\u00a08 litre suya 2-4 \u00f6l\u00e7ek. Temizleme sol\u00fcsyonunu d\u00f6kt\u00fckten sonra ovarak temizleyin, vakumlay\u0131n ve temiz suyla durulay\u0131n. Seyreltme i\u00e7in Dosifill 1:160 \u00f6l\u00e7ek.<br \/>\n<\/span><\/p>\n","protected":false},"excerpt":{"rendered":"<h1 class=\"detail-productname\"><span class=\"urun_baslik_08\">Torvan Konsantre FD<\/span><\/h1>\n<p><span class=\"urun_text_02\">Aktif g\u0131da alan\u0131 temizli\u011fi<\/span><\/p>\n<p><span class=\"urun_text_02\"><strong>\u00d6zellikleri <\/strong>: Aktif madde i\u00e7eri\u011fine sahip, h\u0131zl\u0131 etkili temizleyici. \u00c7e\u015fitli y\u00fczey etkin maddeler i\u00e7erir. At\u0131klar\u0131nda iyi ay\u0131r\u0131c\u0131 \u00f6zellikte maddeler bar\u0131nd\u0131r\u0131r. Tekstil lifleri, paspaslar ve bezlerin emiciliklerini korur. Hem g\u00fcnl\u00fck rutin temizlik hem de derinlemesine temizlik i\u00e7in ideal bir \u00fcr\u00fcnd\u00fcr. Bir\u00e7ok dezenfekte edici \u00fcr\u00fcn ile birlikte kullan\u0131labilir. Y\u00fcksek geri d\u00f6n\u00fc\u015f\u00fcml\u00fc i\u00e7eri\u011fi sayesinde \u00e7evre dostudur.<\/span><\/p>\n<p>&nbsp;<\/p>\n<p>&nbsp;<\/p>\n<p>&nbsp;<\/p>\n<p>&nbsp;<\/p>\n<p>&nbsp;<\/p>\n<hr \/>\n<p><img loading=\"lazy\" class=\"alignnone size-full wp-image-1660\" src=\"https:\/\/kiehl.mcsajans.com\/wp-content\/uploads\/2021\/02\/torvan_konsantre_fd_icon.jpg\" alt=\"\" width=\"215\" height=\"142\" \/><\/p>\n<p><strong><span class=\"urun_text_02\">Metrekare ba\u015f\u0131na t\u00fcketim<\/span><\/strong><br \/>\nSilme \/ mekanik \u0131slak temizlik: 0,12-0,25 ml<br \/>\nY\u00fczey temizli\u011fi: 0,6 ml<br \/>\nDerinlemesine temizlik: 1,5 ml<\/p>\n<p>Profesyonel kullan\u0131mlar i\u00e7indir!<\/p>\n<p><strong>Paketleme<\/strong><\/p>\n<p>6&#215;1 litre \u00f6l\u00e7ek \u015fi\u015felik koli \u00dcr. No. j 55 08 02<br \/>\n10 litre bidon \u00dcr. No. j 55 08 10<br \/>\n200 litre varil \u00dcr. No. j 55 08 72<br \/>\nDosifill \u00f6l\u00e7ek 1:320 \u00dcr. No. z 12 10 11<br \/>\nDosifill \u00f6l\u00e7ek 1:160 \u00dcr. No. z 12 10 12<\/p>\n","protected":false},"featured_media":1661,"comment_status":"open","ping_status":"closed","template":"elementor_theme","meta":[],"yoast_head":"<!-- This site is optimized with the Yoast SEO plugin v15.9 - https:\/\/yoast.com\/wordpress\/plugins\/seo\/ -->\r\n<title>Torvan Konsantre FD | K\u0130EHL<\/title>\r\n<meta name=\"description\" content=\"Aktif madde i\u00e7eri\u011fine sahip, h\u0131zl\u0131 etkili temizleyici.\" \/>\r\n<meta name=\"robots\" content=\"index, follow, max-snippet:-1, max-image-preview:large, max-video-preview:-1\" \/>\r\n<link rel=\"canonical\" href=\"http:\/\/www.kiehlturkey.com\/index.php\/urun\/torvan-konsantre-fd\/\" \/>\r\n<meta property=\"og:locale\" content=\"tr_TR\" \/>\r\n<meta property=\"og:type\" content=\"article\" \/>\r\n<meta property=\"og:title\" content=\"Torvan Konsantre FD | K\u0130EHL\" \/>\r\n<meta property=\"og:description\" content=\"Aktif madde i\u00e7eri\u011fine sahip, h\u0131zl\u0131 etkili temizleyici.\" \/>\r\n<meta property=\"og:url\" content=\"http:\/\/www.kiehlturkey.com\/index.php\/urun\/torvan-konsantre-fd\/\" \/>\r\n<meta property=\"og:site_name\" content=\"K\u0130EHL\" \/>\r\n<meta property=\"article:modified_time\" content=\"2021-02-27T21:27:42+00:00\" \/>\r\n<meta property=\"og:image\" content=\"http:\/\/www.kiehlturkey.com\/wp-content\/uploads\/2021\/02\/torvan_konsantre_fd.jpg\" \/>\r\n\t<meta property=\"og:image:width\" content=\"500\" \/>\r\n\t<meta property=\"og:image:height\" content=\"500\" \/>\r\n<meta name=\"twitter:card\" content=\"summary_large_image\" \/>\r\n<meta name=\"twitter:label1\" content=\"Tahmini okuma s\u00fcresi\">\n\t<meta name=\"twitter:data1\" content=\"1 dakika\">\r\n<script type=\"application\/ld+json\" class=\"yoast-schema-graph\">{\"@context\":\"https:\/\/schema.org\",\"@graph\":[{\"@type\":\"WebSite\",\"@id\":\"http:\/\/www.kiehlturkey.com\/#website\",\"url\":\"http:\/\/www.kiehlturkey.com\/\",\"name\":\"K\\u0130EHL\",\"description\":\"die saubere L\\u00f6sung\",\"potentialAction\":[{\"@type\":\"SearchAction\",\"target\":\"http:\/\/www.kiehlturkey.com\/?s={search_term_string}\",\"query-input\":\"required name=search_term_string\"}],\"inLanguage\":\"tr\"},{\"@type\":\"ImageObject\",\"@id\":\"http:\/\/www.kiehlturkey.com\/index.php\/urun\/torvan-konsantre-fd\/#primaryimage\",\"inLanguage\":\"tr\",\"url\":\"http:\/\/www.kiehlturkey.com\/wp-content\/uploads\/2021\/02\/torvan_konsantre_fd.jpg\",\"width\":500,\"height\":500},{\"@type\":\"WebPage\",\"@id\":\"http:\/\/www.kiehlturkey.com\/index.php\/urun\/torvan-konsantre-fd\/#webpage\",\"url\":\"http:\/\/www.kiehlturkey.com\/index.php\/urun\/torvan-konsantre-fd\/\",\"name\":\"Torvan Konsantre FD | K\\u0130EHL\",\"isPartOf\":{\"@id\":\"http:\/\/www.kiehlturkey.com\/#website\"},\"primaryImageOfPage\":{\"@id\":\"http:\/\/www.kiehlturkey.com\/index.php\/urun\/torvan-konsantre-fd\/#primaryimage\"},\"datePublished\":\"2021-02-27T21:21:04+00:00\",\"dateModified\":\"2021-02-27T21:27:42+00:00\",\"description\":\"Aktif madde i\\u00e7eri\\u011fine sahip, h\\u0131zl\\u0131 etkili temizleyici.\",\"breadcrumb\":{\"@id\":\"http:\/\/www.kiehlturkey.com\/index.php\/urun\/torvan-konsantre-fd\/#breadcrumb\"},\"inLanguage\":\"tr\",\"potentialAction\":[{\"@type\":\"ReadAction\",\"target\":[\"http:\/\/www.kiehlturkey.com\/index.php\/urun\/torvan-konsantre-fd\/\"]}]},{\"@type\":\"BreadcrumbList\",\"@id\":\"http:\/\/www.kiehlturkey.com\/index.php\/urun\/torvan-konsantre-fd\/#breadcrumb\",\"itemListElement\":[{\"@type\":\"ListItem\",\"position\":1,\"item\":{\"@type\":\"WebPage\",\"@id\":\"http:\/\/www.kiehlturkey.com\/\",\"url\":\"http:\/\/www.kiehlturkey.com\/\",\"name\":\"Ana sayfa\"}},{\"@type\":\"ListItem\",\"position\":2,\"item\":{\"@type\":\"WebPage\",\"@id\":\"http:\/\/www.kiehlturkey.com\/index.php\/urunler\/\",\"url\":\"http:\/\/www.kiehlturkey.com\/index.php\/urunler\/\",\"name\":\"\\u00dcr\\u00fcnler\"}},{\"@type\":\"ListItem\",\"position\":3,\"item\":{\"@type\":\"WebPage\",\"@id\":\"http:\/\/www.kiehlturkey.com\/index.php\/urun\/torvan-konsantre-fd\/\",\"url\":\"http:\/\/www.kiehlturkey.com\/index.php\/urun\/torvan-konsantre-fd\/\",\"name\":\"Torvan Konsantre FD\"}}]}]}<\/script>\r\n<!-- \/ Yoast SEO plugin. -->","_links":{"self":[{"href":"http:\/\/www.kiehlturkey.com\/index.php\/wp-json\/wp\/v2\/product\/1655"}],"collection":[{"href":"http:\/\/www.kiehlturkey.com\/index.php\/wp-json\/wp\/v2\/product"}],"about":[{"href":"http:\/\/www.kiehlturkey.com\/index.php\/wp-json\/wp\/v2\/types\/product"}],"replies":[{"embeddable":true,"href":"http:\/\/www.kiehlturkey.com\/index.php\/wp-json\/wp\/v2\/comments?post=1655"}],"version-history":[{"count":3,"href":"http:\/\/www.kiehlturkey.com\/index.php\/wp-json\/wp\/v2\/product\/1655\/revisions"}],"predecessor-version":[{"id":1663,"href":"http:\/\/www.kiehlturkey.com\/index.php\/wp-json\/wp\/v2\/product\/1655\/revisions\/1663"}],"wp:featuredmedia":[{"embeddable":true,"href":"http:\/\/www.kiehlturkey.com\/index.php\/wp-json\/wp\/v2\/media\/1661"}],"wp:attachment":[{"href":"http:\/\/www.kiehlturkey.com\/index.php\/wp-json\/wp\/v2\/media?parent=1655"}],"curies":[{"name":"wp","href":"https:\/\/api.w.org\/{rel}","templated":true}]}}