{"id":1659,"date":"2021-02-27T21:22:50","date_gmt":"2021-02-27T21:22:50","guid":{"rendered":"https:\/\/kiehl.mcsajans.com\/?post_type=product&#038;p=1659"},"modified":"2021-02-27T21:28:04","modified_gmt":"2021-02-27T21:28:04","slug":"promopwash-ultra","status":"publish","type":"product","link":"http:\/\/www.kiehlturkey.com\/index.php\/urun\/promopwash-ultra\/","title":{"rendered":"ProMop\u00ae WASH-ULTRA"},"content":{"rendered":"<p><strong><span class=\"urun_text_02\">\u00d6zellikleri : <\/span><\/strong><span class=\"urun_text_02\">ProMop WASH-ULTRA, ana y\u0131kama modunda y\u0131kama performans\u0131n\u0131 artt\u0131rmak<br \/>\ni\u00e7in dizayn edilmi\u015f fosfat i\u00e7ermeyen bir temizlik takviyesidir. ProMop WASH ve ProMop WASH-ULTRA&#8217;n\u0131n kombinasyonu sayesinde temizlik tekstillerindeki inat\u00e7\u0131 kirler bile kolayl\u0131kla \u00e7\u0131kacakt\u0131r.<\/span><span class=\"urun_text_02\"><br \/>\n<\/span><\/p>\n<p><strong><span class=\"urun_text_02\">\u0130\u00e7indekiler : <\/span><\/strong><span class=\"urun_text_02\">Non-iyonik y\u00fczey etkin maddeler 5-15%, NTA 5-15%, fosfonatlar &lt; 5%, optik<\/span><span class=\"urun_text_02\"><br \/>\nparlakla\u015ft\u0131r\u0131c\u0131 &lt; 5%. pH-de\u011feri (konsantre): yakla\u015f\u0131k 14 pH-de\u011feri (kullan\u0131ma haz\u0131r sol\u00fcsyon): yakla\u015f\u0131k 12<\/span><\/p>\n<p><span class=\"urun_text_02\"><strong>Kullan\u0131m Alanlar\u0131 :<\/strong> ProMop WASH, ProMop WASH-ULTRA ile birlikte kullan\u0131ld\u0131\u011f\u0131nda alkalilere dayan\u0131kl\u0131 t\u00fcm temizlik tekstillerinin y\u0131kanmas\u0131 i\u00e7in uygundur. ProMop OXYDES ve ProMop WASH ya da ProMop CLEAN ile birlikte kullan\u0131ld\u0131\u011f\u0131nda ise alkalilere dayan\u0131kl\u0131 ve a\u011fart\u0131labilir temizlik tekstillerinin kemotermal dezenfeksiyonu i\u00e7in uygundur.<\/span><\/p>\n<p><span class=\"urun_text_02\"><strong>Kullan\u0131m \u015eekli :<\/strong> Paspaslar ve silme bezleri ProMop WASH ve ProMop WASH-ULTRA ile ana y\u0131kama modunda 60\u00b0C derecede y\u0131kan\u0131r. ProMop WASH-ULTRA kutusunu ana y\u0131kama devrinin deterjan ba\u011flant\u0131s\u0131na tak\u0131n. \u00dcr\u00fcn, \u00e7ama\u015f\u0131r makinesinin program kontrol \u00fcnitesi taraf\u0131ndan otomatik olarak seyreltilecektir.<\/span><\/p>\n<p><strong>Seyreltme tavsiyeleri:<\/strong><\/p>\n<p>Tekli \/ Temel LikitDeterjan ProMop\u00ae-WASH 0,5%-1%<\/p>\n<p>Temizlik Takviyesi ProMop\u00ae-WASH-ULTRA 0,5%-1%<\/p>\n<p>Dezenfeksiyon \/ A\u011fartma ProMop\u00ae-OXYDES 0,2%-0,3%<\/p>\n<p>&nbsp;<\/p>\n<p><img loading=\"lazy\" class=\"alignnone size-full wp-image-1636\" src=\"https:\/\/kiehl.mcsajans.com\/wp-content\/uploads\/2021\/02\/asindirici.jpg\" alt=\"\" width=\"69\" height=\"79\" \/> R 22 Yutulmas\u0131 halinde zararl\u0131d\u0131r.<br \/>\nR 35 Ciddi yan\u0131klara neden olur.<br \/>\nS 26 G\u00f6zlere temas etmesi halinde, g\u00f6zleri bol miktarda su ile y\u0131kay\u0131n\u0131z ve doktora ba\u015fvurunuz.<br \/>\nS 24\/25 Deri ve g\u00f6zlere temas etmemesine dikkat ediniz.<br \/>\nS 36\/37\/39 Uygun koruyucu giysiler, eldivenler, g\u00f6z \/ y\u00fcz koruyucu ekipman kullan\u0131n\u0131z.<br \/>\nS 45 Herhangi bir kaza halinde veya kendinizi iyi hissetmedi\u011finizde en yak\u0131n t\u0131p merkezine ba\u015fvurunuz. (\u00fcr\u00fcn etiketini hekime g\u00f6steriniz) Potasyum hidroksit i\u00e7erir.<\/p>\n","protected":false},"excerpt":{"rendered":"<h1><span class=\"urun_baslik_06\">ProMop\u00ae WASH-ULTRA<\/span><\/h1>\n<p><strong>Temizlik tekstillerinin haz\u0131rlanmas\u0131 i\u00e7in temizlik takviyesi<\/strong><\/p>\n<p><span class=\"urun_text_02\"><strong>\u00d6zellikleri <\/strong>: ProMop WASH-ULTRA, ana y\u0131kama modunda y\u0131kama performans\u0131n\u0131 artt\u0131rmak<br \/>\ni\u00e7in dizayn edilmi\u015f fosfat i\u00e7ermeyen bir temizlik takviyesidir. ProMop WASH ve ProMop WASH-ULTRA&#8217;n\u0131n kombinasyonu sayesinde temizlik tekstillerindeki inat\u00e7\u0131 kirler bile kolayl\u0131kla \u00e7\u0131kacakt\u0131r.<\/span><\/p>\n<hr \/>\n<p><strong><span class=\"urun_text_02\">Kg ba\u015f\u0131na t\u00fcketim<\/span><\/strong><br \/>\nKimyasal t\u00fcketimi \u00e7ama\u015f\u0131r makinesinin b\u00fcy\u00fckl\u00fc\u011f\u00fcne g\u00f6re de\u011fi\u015fir.<\/p>\n<p><strong>Sadece Profesyonel Kullan\u0131mlar i\u00e7indir!<\/strong><\/p>\n<p><strong>Paketleme <\/strong><\/p>\n<p>10 litre bidon \u00dcr. No. j 65 22 10<\/p>\n<p><img loading=\"lazy\" class=\"alignnone size-full wp-image-1482\" src=\"https:\/\/kiehl.mcsajans.com\/wp-content\/uploads\/2021\/02\/arenas_wash-1.jpg\" alt=\"\" width=\"66\" height=\"67\" \/><\/p>\n","protected":false},"featured_media":1664,"comment_status":"open","ping_status":"closed","template":"elementor_theme","meta":[],"yoast_head":"<!-- This site is optimized with the Yoast SEO plugin v15.9 - https:\/\/yoast.com\/wordpress\/plugins\/seo\/ -->\r\n<title>ProMop\u00ae WASH-ULTRA | K\u0130EHL<\/title>\r\n<meta name=\"description\" content=\"ProMop WASH-ULTRA, ana y\u0131kama modunda y\u0131kama performans\u0131n\u0131 artt\u0131rmaki\u00e7in dizayn edilmi\u015f fosfat i\u00e7ermeyen bir temizlik takviyesidir.\" \/>\r\n<meta name=\"robots\" content=\"index, follow, max-snippet:-1, max-image-preview:large, max-video-preview:-1\" \/>\r\n<link rel=\"canonical\" href=\"http:\/\/www.kiehlturkey.com\/index.php\/urun\/promopwash-ultra\/\" \/>\r\n<meta property=\"og:locale\" content=\"tr_TR\" \/>\r\n<meta property=\"og:type\" content=\"article\" \/>\r\n<meta property=\"og:title\" content=\"ProMop\u00ae WASH-ULTRA | K\u0130EHL\" \/>\r\n<meta property=\"og:description\" content=\"ProMop WASH-ULTRA, ana y\u0131kama modunda y\u0131kama performans\u0131n\u0131 artt\u0131rmaki\u00e7in dizayn edilmi\u015f fosfat i\u00e7ermeyen bir temizlik takviyesidir.\" \/>\r\n<meta property=\"og:url\" content=\"http:\/\/www.kiehlturkey.com\/index.php\/urun\/promopwash-ultra\/\" \/>\r\n<meta property=\"og:site_name\" content=\"K\u0130EHL\" \/>\r\n<meta property=\"article:modified_time\" content=\"2021-02-27T21:28:04+00:00\" \/>\r\n<meta property=\"og:image\" content=\"http:\/\/www.kiehlturkey.com\/wp-content\/uploads\/2021\/02\/Untitled-1-23.jpg\" \/>\r\n\t<meta property=\"og:image:width\" content=\"500\" \/>\r\n\t<meta property=\"og:image:height\" content=\"500\" \/>\r\n<meta name=\"twitter:card\" content=\"summary_large_image\" \/>\r\n<meta name=\"twitter:label1\" content=\"Tahmini okuma s\u00fcresi\">\n\t<meta name=\"twitter:data1\" content=\"2 dakika\">\r\n<script type=\"application\/ld+json\" class=\"yoast-schema-graph\">{\"@context\":\"https:\/\/schema.org\",\"@graph\":[{\"@type\":\"WebSite\",\"@id\":\"http:\/\/www.kiehlturkey.com\/#website\",\"url\":\"http:\/\/www.kiehlturkey.com\/\",\"name\":\"K\\u0130EHL\",\"description\":\"die saubere L\\u00f6sung\",\"potentialAction\":[{\"@type\":\"SearchAction\",\"target\":\"http:\/\/www.kiehlturkey.com\/?s={search_term_string}\",\"query-input\":\"required name=search_term_string\"}],\"inLanguage\":\"tr\"},{\"@type\":\"ImageObject\",\"@id\":\"http:\/\/www.kiehlturkey.com\/index.php\/urun\/promopwash-ultra\/#primaryimage\",\"inLanguage\":\"tr\",\"url\":\"http:\/\/www.kiehlturkey.com\/wp-content\/uploads\/2021\/02\/Untitled-1-23.jpg\",\"width\":500,\"height\":500},{\"@type\":\"WebPage\",\"@id\":\"http:\/\/www.kiehlturkey.com\/index.php\/urun\/promopwash-ultra\/#webpage\",\"url\":\"http:\/\/www.kiehlturkey.com\/index.php\/urun\/promopwash-ultra\/\",\"name\":\"ProMop\\u00ae WASH-ULTRA | K\\u0130EHL\",\"isPartOf\":{\"@id\":\"http:\/\/www.kiehlturkey.com\/#website\"},\"primaryImageOfPage\":{\"@id\":\"http:\/\/www.kiehlturkey.com\/index.php\/urun\/promopwash-ultra\/#primaryimage\"},\"datePublished\":\"2021-02-27T21:22:50+00:00\",\"dateModified\":\"2021-02-27T21:28:04+00:00\",\"description\":\"ProMop WASH-ULTRA, ana y\\u0131kama modunda y\\u0131kama performans\\u0131n\\u0131 artt\\u0131rmaki\\u00e7in dizayn edilmi\\u015f fosfat i\\u00e7ermeyen bir temizlik takviyesidir.\",\"breadcrumb\":{\"@id\":\"http:\/\/www.kiehlturkey.com\/index.php\/urun\/promopwash-ultra\/#breadcrumb\"},\"inLanguage\":\"tr\",\"potentialAction\":[{\"@type\":\"ReadAction\",\"target\":[\"http:\/\/www.kiehlturkey.com\/index.php\/urun\/promopwash-ultra\/\"]}]},{\"@type\":\"BreadcrumbList\",\"@id\":\"http:\/\/www.kiehlturkey.com\/index.php\/urun\/promopwash-ultra\/#breadcrumb\",\"itemListElement\":[{\"@type\":\"ListItem\",\"position\":1,\"item\":{\"@type\":\"WebPage\",\"@id\":\"http:\/\/www.kiehlturkey.com\/\",\"url\":\"http:\/\/www.kiehlturkey.com\/\",\"name\":\"Ana sayfa\"}},{\"@type\":\"ListItem\",\"position\":2,\"item\":{\"@type\":\"WebPage\",\"@id\":\"http:\/\/www.kiehlturkey.com\/index.php\/urunler\/\",\"url\":\"http:\/\/www.kiehlturkey.com\/index.php\/urunler\/\",\"name\":\"\\u00dcr\\u00fcnler\"}},{\"@type\":\"ListItem\",\"position\":3,\"item\":{\"@type\":\"WebPage\",\"@id\":\"http:\/\/www.kiehlturkey.com\/index.php\/urun\/promopwash-ultra\/\",\"url\":\"http:\/\/www.kiehlturkey.com\/index.php\/urun\/promopwash-ultra\/\",\"name\":\"ProMop\\u00ae WASH-ULTRA\"}}]}]}<\/script>\r\n<!-- \/ Yoast SEO plugin. -->","_links":{"self":[{"href":"http:\/\/www.kiehlturkey.com\/index.php\/wp-json\/wp\/v2\/product\/1659"}],"collection":[{"href":"http:\/\/www.kiehlturkey.com\/index.php\/wp-json\/wp\/v2\/product"}],"about":[{"href":"http:\/\/www.kiehlturkey.com\/index.php\/wp-json\/wp\/v2\/types\/product"}],"replies":[{"embeddable":true,"href":"http:\/\/www.kiehlturkey.com\/index.php\/wp-json\/wp\/v2\/comments?post=1659"}],"version-history":[{"count":1,"href":"http:\/\/www.kiehlturkey.com\/index.php\/wp-json\/wp\/v2\/product\/1659\/revisions"}],"predecessor-version":[{"id":1665,"href":"http:\/\/www.kiehlturkey.com\/index.php\/wp-json\/wp\/v2\/product\/1659\/revisions\/1665"}],"wp:featuredmedia":[{"embeddable":true,"href":"http:\/\/www.kiehlturkey.com\/index.php\/wp-json\/wp\/v2\/media\/1664"}],"wp:attachment":[{"href":"http:\/\/www.kiehlturkey.com\/index.php\/wp-json\/wp\/v2\/media?parent=1659"}],"curies":[{"name":"wp","href":"https:\/\/api.w.org\/{rel}","templated":true}]}}