{"id":1666,"date":"2021-02-27T21:28:05","date_gmt":"2021-02-27T21:28:05","guid":{"rendered":"https:\/\/kiehl.mcsajans.com\/?post_type=product&#038;p=1666"},"modified":"2021-02-27T21:34:14","modified_gmt":"2021-02-27T21:34:14","slug":"vinox","status":"publish","type":"product","link":"http:\/\/www.kiehlturkey.com\/index.php\/urun\/vinox\/","title":{"rendered":"Vinox"},"content":{"rendered":"<p><strong><span class=\"urun_text_02\">\u00d6zellikleri : <\/span><\/strong><span class=\"urun_text_02\">Paslanma korumal\u0131, son derece aktif asit bazl\u0131 temizleyici. Boya ve esans i\u00e7ermez. Kire\u00e7ta\u015f\u0131 birikintileri, su kaynakl\u0131 kire\u00e7 ve hayvansal ya da nebati k\u00f6kenli i\u00e7ya\u011f\u0131 ve ya\u011flar\u0131 yok eder. Vinox kokusuz bir \u00fcr\u00fcnd\u00fcr ve az k\u00f6p\u00fcrd\u00fc\u011f\u00fc i\u00e7in d\u00f6ner ba\u015fl\u0131kl\u0131 makinelerle kullan\u0131labilir. \u00dcr\u00fcn\u00fcn asitlere duyarl\u0131 y\u00fczeylerde kullan\u0131m\u0131, materyali geri d\u00f6n\u00fc\u015fs\u00fcz bir \u015fekilde zedeleyecektir.<\/span><\/p>\n<p><span class=\"urun_text_02\"><strong>\u0130\u00e7indekiler :<\/strong> Non-iyonik y\u00fczey etkin maddeler 5-15 %, inorganik asitler, paslanma \u00f6nleyiciler. pH-de\u011feri (konsantre): yakla\u015f\u0131k 0,5 pH-de\u011feri (kullan\u0131ma haz\u0131r sol\u00fcsyon): yakla\u015f\u0131k 1,5<br \/>\n<\/span><\/p>\n<p><span class=\"urun_text_02\"><strong>Kullan\u0131m Alanlar\u0131 :<\/strong> \u00d6zellikle mutfak ve g\u0131da i\u015fleme alanlar\u0131ndaki seramik duvar, yer karolar\u0131, g\u00fcvenlik karolar\u0131, \u00e7al\u0131\u015fma tezgahlar\u0131 ve paslanmaz \u00e7elikten yap\u0131lm\u0131\u015f tank benzeri t\u00fcm asitlere ve suya dayan\u0131kl\u0131 y\u00fczeyler ve objelerde kullan\u0131ma uygundur. Suya ve asitlere dayan\u0131kl\u0131 zemin kaplamalar\u0131ndaki \u00e7imento kal\u0131nt\u0131lar\u0131n\u0131 yok etmek i\u00e7in de kullan\u0131labilir. Biti\u015ftirilmi\u015f y\u00fczeyler ve objeler muhafaza edilmelidir.<\/span><\/p>\n<p><span class=\"urun_text_02\"><strong>Derinlemesine temizlik :<\/strong>\u00a0Kirlerin yo\u011funlu\u011funa g\u00f6re 1 litre Vinox&#8217;u 2-8 litre so\u011fuk suyla seyreltin. Temizlenecek alan\u0131 \u00f6nce temiz suyla \u0131slat\u0131n. Daha sonra sol\u00fcsyonu zemine yay\u0131n, d\u00f6ner ba\u015fl\u0131kl\u0131 makine ve f\u0131r\u00e7ayla \u00e7al\u0131\u015f\u0131n. Bir m\u00fcddet etki etmesini bekledikten sonra suyla iyice durulay\u0131n<\/span><\/p>\n<p><span class=\"urun_text_02\"><strong>Y\u00fczey temizli\u011fi :<\/strong>\u00a0<\/span>Kirlerin yo\u011funlu\u011funa g\u00f6re 0,5 litre Vinox&#8217;u 5-8 litre so\u011fuk suyla seyreltin. Sol\u00fcsyonu sprey kutusuna koyun ve y\u00fczeye s\u0131k\u0131n. Bir m\u00fcddet etki etmesini bekledikten sonra suyla iyice durulay\u0131n. Biti\u015ftirilmi\u015f, asitlere duyarl\u0131 y\u00fczeylerde kullan\u0131rken dikkatli olun ve m\u00fcmk\u00fcnse b\u00f6yle y\u00fczeyleri \u00f6nceden korumaya al\u0131n. Vinox, fazla k\u00f6p\u00fcrmedi\u011fi i\u00e7in k\u00f6p\u00fck \u00fcniteleri ile de kullan\u0131labilir.<\/p>\n<p><strong><span class=\"urun_text_02\">Uyar\u0131 :<\/span><\/strong> Kiehl \u00fcr\u00fcn\u00fcn usule uygun olmayan kullan\u0131m\u0131 ve bundan do\u011facak zararlar i\u00e7in hi\u00e7bir sorumlulu\u011fu kabul etmez.<\/p>\n<p><img loading=\"lazy\" class=\"alignnone size-full wp-image-1669\" src=\"https:\/\/kiehl.mcsajans.com\/wp-content\/uploads\/2021\/02\/asindirici-2.jpg\" alt=\"\" width=\"69\" height=\"79\" \/> R 34 Yan\u0131klara neden olur.<br \/>\nS 24\/25 Deri ve g\u00f6zlere temas etmemesine dikkat ediniz.<br \/>\nS 37\/39 Uygun eldiven ve y\u00fcz\/g\u00f6z koruyucu ekipmanlar kullan\u0131n\u0131z.<br \/>\nFosforik asit i\u00e7erir.<\/p>\n","protected":false},"excerpt":{"rendered":"<h1 class=\"detail-productname\">Vinox<\/h1>\n<p><span class=\"urun_text_02\">Kantinler ve yemek fabrikalar\u0131 i\u00e7in kire\u00e7 ve ya\u011f temizleyici<\/span><\/p>\n<p><span class=\"urun_text_02\"><strong>\u00d6zellikleri <\/strong>: Paslanma korumal\u0131, son derece aktif asit bazl\u0131 temizleyici. Boya ve esans i\u00e7ermez. Kire\u00e7ta\u015f\u0131 birikintileri, su kaynakl\u0131 kire\u00e7 ve hayvansal ya da nebati k\u00f6kenli i\u00e7ya\u011f\u0131 ve ya\u011flar\u0131 yok eder. Vinox kokusuz bir \u00fcr\u00fcnd\u00fcr ve az k\u00f6p\u00fcrd\u00fc\u011f\u00fc i\u00e7in d\u00f6ner ba\u015fl\u0131kl\u0131 makinelerle kullan\u0131labilir. \u00dcr\u00fcn\u00fcn asitlere duyarl\u0131 y\u00fczeylerde kullan\u0131m\u0131, materyali geri d\u00f6n\u00fc\u015fs\u00fcz bir \u015fekilde zedeleyecektir.<br \/>\n<\/span><\/p>\n<p>&nbsp;<\/p>\n<p>&nbsp;<\/p>\n<p>&nbsp;<\/p>\n<p>&nbsp;<\/p>\n<p>&nbsp;<\/p>\n<hr \/>\n<p><img loading=\"lazy\" class=\"alignnone size-full wp-image-1671\" src=\"https:\/\/kiehl.mcsajans.com\/wp-content\/uploads\/2021\/02\/vinox_icon.jpg\" alt=\"\" width=\"218\" height=\"67\" \/><\/p>\n<p><strong><span class=\"urun_text_02\">Metrekare ba\u015f\u0131na t\u00fcketim<\/span><\/strong><br \/>\nDerinlemesine temizlik: 75-150 ml<br \/>\nY\u00fczey temizli\u011fi: 5 ml<\/p>\n<p>Profesyonel kullan\u0131mlar i\u00e7indir!<\/p>\n<p><strong>Paketleme<\/strong><\/p>\n<p>10 litre bidon \u00dcr. No. j 55 06 10<br \/>\n200 litre varil \u00dcr. No. j 55 06 72<\/p>\n","protected":false},"featured_media":1672,"comment_status":"open","ping_status":"closed","template":"elementor_theme","meta":[],"yoast_head":"<!-- This site is optimized with the Yoast SEO plugin v15.9 - https:\/\/yoast.com\/wordpress\/plugins\/seo\/ -->\r\n<title>Vinox | K\u0130EHL<\/title>\r\n<meta name=\"description\" content=\"Paslanma korumal\u0131, son derece aktif asit bazl\u0131 temizleyici.\" \/>\r\n<meta name=\"robots\" content=\"index, follow, max-snippet:-1, max-image-preview:large, max-video-preview:-1\" \/>\r\n<link rel=\"canonical\" href=\"http:\/\/www.kiehlturkey.com\/index.php\/urun\/vinox\/\" \/>\r\n<meta property=\"og:locale\" content=\"tr_TR\" \/>\r\n<meta property=\"og:type\" content=\"article\" \/>\r\n<meta property=\"og:title\" content=\"Vinox | K\u0130EHL\" \/>\r\n<meta property=\"og:description\" content=\"Paslanma korumal\u0131, son derece aktif asit bazl\u0131 temizleyici.\" \/>\r\n<meta property=\"og:url\" content=\"http:\/\/www.kiehlturkey.com\/index.php\/urun\/vinox\/\" \/>\r\n<meta property=\"og:site_name\" content=\"K\u0130EHL\" \/>\r\n<meta property=\"article:modified_time\" content=\"2021-02-27T21:34:14+00:00\" \/>\r\n<meta property=\"og:image\" content=\"http:\/\/www.kiehlturkey.com\/wp-content\/uploads\/2021\/02\/vinox.jpg\" \/>\r\n\t<meta property=\"og:image:width\" content=\"500\" \/>\r\n\t<meta property=\"og:image:height\" content=\"500\" \/>\r\n<meta name=\"twitter:card\" content=\"summary_large_image\" \/>\r\n<meta name=\"twitter:label1\" content=\"Tahmini okuma s\u00fcresi\">\n\t<meta name=\"twitter:data1\" content=\"2 dakika\">\r\n<script type=\"application\/ld+json\" class=\"yoast-schema-graph\">{\"@context\":\"https:\/\/schema.org\",\"@graph\":[{\"@type\":\"WebSite\",\"@id\":\"http:\/\/www.kiehlturkey.com\/#website\",\"url\":\"http:\/\/www.kiehlturkey.com\/\",\"name\":\"K\\u0130EHL\",\"description\":\"die saubere L\\u00f6sung\",\"potentialAction\":[{\"@type\":\"SearchAction\",\"target\":\"http:\/\/www.kiehlturkey.com\/?s={search_term_string}\",\"query-input\":\"required name=search_term_string\"}],\"inLanguage\":\"tr\"},{\"@type\":\"ImageObject\",\"@id\":\"http:\/\/www.kiehlturkey.com\/index.php\/urun\/vinox\/#primaryimage\",\"inLanguage\":\"tr\",\"url\":\"http:\/\/www.kiehlturkey.com\/wp-content\/uploads\/2021\/02\/vinox.jpg\",\"width\":500,\"height\":500},{\"@type\":\"WebPage\",\"@id\":\"http:\/\/www.kiehlturkey.com\/index.php\/urun\/vinox\/#webpage\",\"url\":\"http:\/\/www.kiehlturkey.com\/index.php\/urun\/vinox\/\",\"name\":\"Vinox | K\\u0130EHL\",\"isPartOf\":{\"@id\":\"http:\/\/www.kiehlturkey.com\/#website\"},\"primaryImageOfPage\":{\"@id\":\"http:\/\/www.kiehlturkey.com\/index.php\/urun\/vinox\/#primaryimage\"},\"datePublished\":\"2021-02-27T21:28:05+00:00\",\"dateModified\":\"2021-02-27T21:34:14+00:00\",\"description\":\"Paslanma korumal\\u0131, son derece aktif asit bazl\\u0131 temizleyici.\",\"breadcrumb\":{\"@id\":\"http:\/\/www.kiehlturkey.com\/index.php\/urun\/vinox\/#breadcrumb\"},\"inLanguage\":\"tr\",\"potentialAction\":[{\"@type\":\"ReadAction\",\"target\":[\"http:\/\/www.kiehlturkey.com\/index.php\/urun\/vinox\/\"]}]},{\"@type\":\"BreadcrumbList\",\"@id\":\"http:\/\/www.kiehlturkey.com\/index.php\/urun\/vinox\/#breadcrumb\",\"itemListElement\":[{\"@type\":\"ListItem\",\"position\":1,\"item\":{\"@type\":\"WebPage\",\"@id\":\"http:\/\/www.kiehlturkey.com\/\",\"url\":\"http:\/\/www.kiehlturkey.com\/\",\"name\":\"Ana sayfa\"}},{\"@type\":\"ListItem\",\"position\":2,\"item\":{\"@type\":\"WebPage\",\"@id\":\"http:\/\/www.kiehlturkey.com\/index.php\/urunler\/\",\"url\":\"http:\/\/www.kiehlturkey.com\/index.php\/urunler\/\",\"name\":\"\\u00dcr\\u00fcnler\"}},{\"@type\":\"ListItem\",\"position\":3,\"item\":{\"@type\":\"WebPage\",\"@id\":\"http:\/\/www.kiehlturkey.com\/index.php\/urun\/vinox\/\",\"url\":\"http:\/\/www.kiehlturkey.com\/index.php\/urun\/vinox\/\",\"name\":\"Vinox\"}}]}]}<\/script>\r\n<!-- \/ Yoast SEO plugin. -->","_links":{"self":[{"href":"http:\/\/www.kiehlturkey.com\/index.php\/wp-json\/wp\/v2\/product\/1666"}],"collection":[{"href":"http:\/\/www.kiehlturkey.com\/index.php\/wp-json\/wp\/v2\/product"}],"about":[{"href":"http:\/\/www.kiehlturkey.com\/index.php\/wp-json\/wp\/v2\/types\/product"}],"replies":[{"embeddable":true,"href":"http:\/\/www.kiehlturkey.com\/index.php\/wp-json\/wp\/v2\/comments?post=1666"}],"version-history":[{"count":1,"href":"http:\/\/www.kiehlturkey.com\/index.php\/wp-json\/wp\/v2\/product\/1666\/revisions"}],"predecessor-version":[{"id":1673,"href":"http:\/\/www.kiehlturkey.com\/index.php\/wp-json\/wp\/v2\/product\/1666\/revisions\/1673"}],"wp:featuredmedia":[{"embeddable":true,"href":"http:\/\/www.kiehlturkey.com\/index.php\/wp-json\/wp\/v2\/media\/1672"}],"wp:attachment":[{"href":"http:\/\/www.kiehlturkey.com\/index.php\/wp-json\/wp\/v2\/media?parent=1666"}],"curies":[{"name":"wp","href":"https:\/\/api.w.org\/{rel}","templated":true}]}}