{"id":1670,"date":"2021-02-27T21:32:29","date_gmt":"2021-02-27T21:32:29","guid":{"rendered":"https:\/\/kiehl.mcsajans.com\/?post_type=product&#038;p=1670"},"modified":"2021-02-27T21:39:41","modified_gmt":"2021-02-27T21:39:41","slug":"alkona","status":"publish","type":"product","link":"http:\/\/www.kiehlturkey.com\/index.php\/urun\/alkona\/","title":{"rendered":"Alkona"},"content":{"rendered":"<p><strong><span class=\"urun_text_02\">\u00d6zellikleri : <\/span><\/strong><span class=\"urun_text_02\">Y\u00fczey aktif temizleyici. P\u00fcr\u00fczs\u00fcz bir \u015fekilde kurur, ho\u015f kokuludur.<\/span><span class=\"urun_text_02\"><br \/>\n<\/span><\/p>\n<p><span class=\"urun_text_02\"><strong>\u0130\u00e7indekiler :<\/strong>\u00a0<\/span>Aniyonik y\u00fczey etkin maddeler &lt; 5%, non-iyonik y\u00fczey etkin maddeler &lt; 5%, suda \u00e7\u00f6z\u00fcnebilen solventler, katk\u0131 maddeleri ve esanslar. pH-de\u011feri (konsantre): yakla\u015f\u0131k 6 pH-de\u011feri (kullan\u0131ma haz\u0131r sol\u00fcsyon): yakla\u015f\u0131k 7<\/p>\n<p><span class=\"urun_text_02\"><strong>Kullan\u0131m Alanlar\u0131 :<\/strong> T\u00fcm suya dayan\u0131kl\u0131 y\u00fczeylerde, objelerde ve zemin kaplamalar\u0131nda kullan\u0131ma uygundur.<br \/>\n<\/span><\/p>\n<p><strong><span class=\"urun_text_02\">Kullan\u0131m \u015eekli :<\/span><\/strong><br \/>\n<strong><span class=\"urun_text_02\">Rutin temizlik (silme \/ mekanik \u0131slak temizlik) :<\/span><\/strong>\u00a08 litre so\u011fuk suya 80 ml.<\/p>\n<p><strong><span class=\"urun_text_02\">Rutin temizlik (y\u00fczey temizli\u011fi) :<\/span><\/strong><br \/>\n4 litre so\u011fuk suya 40 ml.<\/p>\n","protected":false},"excerpt":{"rendered":"<h1>Alkona<\/h1>\n<p><strong>Alkol bazl\u0131 temizleyici<\/strong><\/p>\n<p><span class=\"urun_text_02\"><strong>\u00d6zellikleri <\/strong>:\u00a0 Y\u00fczey aktif temizleyici. P\u00fcr\u00fczs\u00fcz bir \u015fekilde kurur, ho\u015f kokuludur.<\/span><\/p>\n<hr \/>\n<p><strong><span class=\"urun_text_02\">Metrekare ba\u015f\u0131na t\u00fcketim<\/span><\/strong><br \/>\nSilme \/ mekanik \u0131slak temizlik: 0,8 ml<br \/>\nY\u00fczey temizli\u011fi: 0,6 ml<\/p>\n<p><strong>Sadece Profesyonel Kullan\u0131mlar i\u00e7indir!<\/strong><\/p>\n<p><strong>Paketleme <\/strong><\/p>\n<p>6 x 1 litre \u015fi\u015felik koli \u00dcr. No. j 25 04 01<br \/>\n10 litre bidon \u00dcr. No. j 25 04 10<br \/>\n200 litre varil \u00dcr. No. j 25 04 72<\/p>\n<p><img loading=\"lazy\" class=\"alignnone size-full wp-image-1675\" src=\"https:\/\/kiehl.mcsajans.com\/wp-content\/uploads\/2021\/02\/rutin-temizlik.jpg\" alt=\"\" width=\"214\" height=\"67\" \/><\/p>\n<p>&nbsp;<\/p>\n","protected":false},"featured_media":1678,"comment_status":"open","ping_status":"closed","template":"elementor_theme","meta":[],"yoast_head":"<!-- This site is optimized with the Yoast SEO plugin v15.9 - https:\/\/yoast.com\/wordpress\/plugins\/seo\/ -->\r\n<title>Alkona | K\u0130EHL<\/title>\r\n<meta name=\"description\" content=\"H\u0131zl\u0131 ve g\u00fcvenlik mikrobiyolojik etkinin ve kuruma s\u00fcresinin k\u0131sa olmas\u0131 gereken her t\u00fcrl\u00fc alan\u0131n herhangibir art\u0131k b\u0131rakmadan dezenfeksiyonu ve temizli\u011fini sa\u011flayan kullan\u0131ma haz\u0131r dezenfektan temizleyicidir.\" \/>\r\n<meta name=\"robots\" content=\"index, follow, max-snippet:-1, max-image-preview:large, max-video-preview:-1\" \/>\r\n<link rel=\"canonical\" href=\"http:\/\/www.kiehlturkey.com\/index.php\/urun\/alkona\/\" \/>\r\n<meta property=\"og:locale\" content=\"tr_TR\" \/>\r\n<meta property=\"og:type\" content=\"article\" \/>\r\n<meta property=\"og:title\" content=\"Alkona | K\u0130EHL\" \/>\r\n<meta property=\"og:description\" content=\"H\u0131zl\u0131 ve g\u00fcvenlik mikrobiyolojik etkinin ve kuruma s\u00fcresinin k\u0131sa olmas\u0131 gereken her t\u00fcrl\u00fc alan\u0131n herhangibir art\u0131k b\u0131rakmadan dezenfeksiyonu ve temizli\u011fini sa\u011flayan kullan\u0131ma haz\u0131r dezenfektan temizleyicidir.\" \/>\r\n<meta property=\"og:url\" content=\"http:\/\/www.kiehlturkey.com\/index.php\/urun\/alkona\/\" \/>\r\n<meta property=\"og:site_name\" content=\"K\u0130EHL\" \/>\r\n<meta property=\"article:modified_time\" content=\"2021-02-27T21:39:41+00:00\" \/>\r\n<meta property=\"og:image\" content=\"http:\/\/www.kiehlturkey.com\/wp-content\/uploads\/2021\/02\/Untitled-1-24.jpg\" \/>\r\n\t<meta property=\"og:image:width\" content=\"500\" \/>\r\n\t<meta property=\"og:image:height\" content=\"500\" \/>\r\n<meta name=\"twitter:card\" content=\"summary_large_image\" \/>\r\n<meta name=\"twitter:label1\" content=\"Tahmini okuma s\u00fcresi\">\n\t<meta name=\"twitter:data1\" content=\"1 dakika\">\r\n<script type=\"application\/ld+json\" class=\"yoast-schema-graph\">{\"@context\":\"https:\/\/schema.org\",\"@graph\":[{\"@type\":\"WebSite\",\"@id\":\"http:\/\/www.kiehlturkey.com\/#website\",\"url\":\"http:\/\/www.kiehlturkey.com\/\",\"name\":\"K\\u0130EHL\",\"description\":\"die saubere L\\u00f6sung\",\"potentialAction\":[{\"@type\":\"SearchAction\",\"target\":\"http:\/\/www.kiehlturkey.com\/?s={search_term_string}\",\"query-input\":\"required name=search_term_string\"}],\"inLanguage\":\"tr\"},{\"@type\":\"ImageObject\",\"@id\":\"http:\/\/www.kiehlturkey.com\/index.php\/urun\/alkona\/#primaryimage\",\"inLanguage\":\"tr\",\"url\":\"http:\/\/www.kiehlturkey.com\/wp-content\/uploads\/2021\/02\/Untitled-1-24.jpg\",\"width\":500,\"height\":500},{\"@type\":\"WebPage\",\"@id\":\"http:\/\/www.kiehlturkey.com\/index.php\/urun\/alkona\/#webpage\",\"url\":\"http:\/\/www.kiehlturkey.com\/index.php\/urun\/alkona\/\",\"name\":\"Alkona | K\\u0130EHL\",\"isPartOf\":{\"@id\":\"http:\/\/www.kiehlturkey.com\/#website\"},\"primaryImageOfPage\":{\"@id\":\"http:\/\/www.kiehlturkey.com\/index.php\/urun\/alkona\/#primaryimage\"},\"datePublished\":\"2021-02-27T21:32:29+00:00\",\"dateModified\":\"2021-02-27T21:39:41+00:00\",\"description\":\"H\\u0131zl\\u0131 ve g\\u00fcvenlik mikrobiyolojik etkinin ve kuruma s\\u00fcresinin k\\u0131sa olmas\\u0131 gereken her t\\u00fcrl\\u00fc alan\\u0131n herhangibir art\\u0131k b\\u0131rakmadan dezenfeksiyonu ve temizli\\u011fini sa\\u011flayan kullan\\u0131ma haz\\u0131r dezenfektan temizleyicidir.\",\"breadcrumb\":{\"@id\":\"http:\/\/www.kiehlturkey.com\/index.php\/urun\/alkona\/#breadcrumb\"},\"inLanguage\":\"tr\",\"potentialAction\":[{\"@type\":\"ReadAction\",\"target\":[\"http:\/\/www.kiehlturkey.com\/index.php\/urun\/alkona\/\"]}]},{\"@type\":\"BreadcrumbList\",\"@id\":\"http:\/\/www.kiehlturkey.com\/index.php\/urun\/alkona\/#breadcrumb\",\"itemListElement\":[{\"@type\":\"ListItem\",\"position\":1,\"item\":{\"@type\":\"WebPage\",\"@id\":\"http:\/\/www.kiehlturkey.com\/\",\"url\":\"http:\/\/www.kiehlturkey.com\/\",\"name\":\"Ana sayfa\"}},{\"@type\":\"ListItem\",\"position\":2,\"item\":{\"@type\":\"WebPage\",\"@id\":\"http:\/\/www.kiehlturkey.com\/index.php\/urunler\/\",\"url\":\"http:\/\/www.kiehlturkey.com\/index.php\/urunler\/\",\"name\":\"\\u00dcr\\u00fcnler\"}},{\"@type\":\"ListItem\",\"position\":3,\"item\":{\"@type\":\"WebPage\",\"@id\":\"http:\/\/www.kiehlturkey.com\/index.php\/urun\/alkona\/\",\"url\":\"http:\/\/www.kiehlturkey.com\/index.php\/urun\/alkona\/\",\"name\":\"Alkona\"}}]}]}<\/script>\r\n<!-- \/ Yoast SEO plugin. -->","_links":{"self":[{"href":"http:\/\/www.kiehlturkey.com\/index.php\/wp-json\/wp\/v2\/product\/1670"}],"collection":[{"href":"http:\/\/www.kiehlturkey.com\/index.php\/wp-json\/wp\/v2\/product"}],"about":[{"href":"http:\/\/www.kiehlturkey.com\/index.php\/wp-json\/wp\/v2\/types\/product"}],"replies":[{"embeddable":true,"href":"http:\/\/www.kiehlturkey.com\/index.php\/wp-json\/wp\/v2\/comments?post=1670"}],"version-history":[{"count":1,"href":"http:\/\/www.kiehlturkey.com\/index.php\/wp-json\/wp\/v2\/product\/1670\/revisions"}],"predecessor-version":[{"id":1679,"href":"http:\/\/www.kiehlturkey.com\/index.php\/wp-json\/wp\/v2\/product\/1670\/revisions\/1679"}],"wp:featuredmedia":[{"embeddable":true,"href":"http:\/\/www.kiehlturkey.com\/index.php\/wp-json\/wp\/v2\/media\/1678"}],"wp:attachment":[{"href":"http:\/\/www.kiehlturkey.com\/index.php\/wp-json\/wp\/v2\/media?parent=1670"}],"curies":[{"name":"wp","href":"https:\/\/api.w.org\/{rel}","templated":true}]}}