{"id":1674,"date":"2021-02-27T21:34:47","date_gmt":"2021-02-27T21:34:47","guid":{"rendered":"https:\/\/kiehl.mcsajans.com\/?post_type=product&#038;p=1674"},"modified":"2021-02-27T21:40:01","modified_gmt":"2021-02-27T21:40:01","slug":"vinoxin","status":"publish","type":"product","link":"http:\/\/www.kiehlturkey.com\/index.php\/urun\/vinoxin\/","title":{"rendered":"Vinoxin"},"content":{"rendered":"<p><strong><span class=\"urun_text_02\">\u00d6zellikleri : <\/span><\/strong><span class=\"urun_text_02\">Vinoxin, kullan\u0131ma haz\u0131r, asit bazl\u0131, g\u00fc\u00e7l\u00fc bir temizleyicidir. Boya ve esans i\u00e7ermez ve mutfaklar ile g\u0131da i\u015fleme alanlar\u0131ndaki asitlere ve suya dayan\u0131kl\u0131 y\u00fczeyleri nazik\u00e7e temizler. Vinoxin, kire\u00e7 birikintilerini, su kaynakl\u0131 kireci ve hayvansal ya da nebati k\u00f6kenli ya\u011f ve i\u00e7ya\u011flar\u0131n\u0131 yok eder. \u00dcr\u00fcn, p\u00fcr\u00fczs\u00fcz bir \u015fekilde kurur ve y\u00fczeyde m\u00fckemmel bir parlakl\u0131k sa\u011flar. \u00dcr\u00fcn\u00fcn asitlere duyarl\u0131 y\u00fczeylerde kullan\u0131m\u0131, materyali geri d\u00f6n\u00fc\u015fs\u00fcz bir \u015fekilde zedeleyecektir.<\/span><\/p>\n<p><span class=\"urun_text_02\"><strong>\u0130\u00e7indekiler :<\/strong> \u0130norganik asitler, aniyonik y\u00fczey etkin maddeler &lt; 5%, paslanma \u00f6nleyiciler. pH-de\u011feri (kullan\u0131ma haz\u0131r sol\u00fcsyon): yakla\u015f\u0131k 1,5<br \/>\n<\/span><\/p>\n<p><span class=\"urun_text_02\"><strong>Kullan\u0131m Alanlar\u0131 :<\/strong> \u00d6zellikle mutfak ve g\u0131da i\u015fleme alanlar\u0131ndaki paslanmaz \u00e7elikten yap\u0131lm\u0131\u015f i\u015f tezgahlar\u0131, nakliye ara\u00e7lar\u0131, nakliye \u015feritleri benzeri t\u00fcm asitlere ve suya dayan\u0131kl\u0131 y\u00fczeyler ve objelerde kullan\u0131ma uygundur.<\/span><\/p>\n<p><strong><span class=\"urun_text_02\">Kullan\u0131m \u015eekli : <\/span><\/strong>Derinizi korumak i\u00e7in uygun eldivenler giyiniz. \u0130lk uygulamadan \u00f6nce k\u00fc\u00e7\u00fck bir b\u00f6lgeyi materyalin asitlere dayan\u0131kl\u0131 olup olmad\u0131\u011f\u0131n\u0131 anlamak i\u00e7in test edin.<\/p>\n<p><span class=\"urun_text_02\"><strong>Y\u00fczey temizli\u011fi :<\/strong>\u00a0<\/span>Vinoxin&#8217;i y\u00fczeye seyreltmeden yumu\u015fak bir bez ya da s\u00fcngerle s\u00fcr\u00fcn ve suyla iyice durulay\u0131n. Asitlere duyarl\u0131 birle\u015fme noktalar\u0131 \u00f6nceden \u0131slat\u0131lmal\u0131d\u0131r. Asitlere duyarl\u0131 biti\u015ftirilmi\u015f y\u00fczeyler koruma alt\u0131na al\u0131nmal\u0131d\u0131r.<\/p>\n<p><strong><span class=\"urun_text_02\">Uyar\u0131: <\/span><\/strong>Kiehl \u00fcr\u00fcn\u00fcn usule uygun olmayan kullan\u0131m\u0131 ve bundan do\u011facak zararlar i\u00e7in hi\u00e7bir sorumlulu\u011fu kabul etmez.<\/p>\n","protected":false},"excerpt":{"rendered":"<h1 class=\"detail-productname\">Vinoxin<\/h1>\n<p><span class=\"urun_text_02\">Paslanmaz \u00e7elik ve asitlere dayan\u0131kl\u0131 y\u00fczeyler i\u00e7in temizleyici<\/span><\/p>\n<p><span class=\"urun_text_02\"><strong>\u00d6zellikleri <\/strong>: Vinoxin, kullan\u0131ma haz\u0131r, asit bazl\u0131, g\u00fc\u00e7l\u00fc bir temizleyicidir. Boya ve esans i\u00e7ermez ve mutfaklar ile g\u0131da i\u015fleme alanlar\u0131ndaki asitlere ve suya dayan\u0131kl\u0131 y\u00fczeyleri nazik\u00e7e temizler. Vinoxin, kire\u00e7 birikintilerini, su kaynakl\u0131 kireci ve hayvansal ya da nebati k\u00f6kenli ya\u011f ve i\u00e7ya\u011flar\u0131n\u0131 yok eder. \u00dcr\u00fcn, p\u00fcr\u00fczs\u00fcz bir \u015fekilde kurur ve y\u00fczeyde m\u00fckemmel bir parlakl\u0131k sa\u011flar. \u00dcr\u00fcn\u00fcn asitlere duyarl\u0131 y\u00fczeylerde kullan\u0131m\u0131, materyali geri d\u00f6n\u00fc\u015fs\u00fcz bir \u015fekilde zedeleyecektir.<br \/>\n<\/span><\/p>\n<p>&nbsp;<\/p>\n<p>&nbsp;<\/p>\n<p>&nbsp;<\/p>\n<p>&nbsp;<\/p>\n<p>&nbsp;<\/p>\n<hr \/>\n<p><img loading=\"lazy\" class=\"alignnone size-full wp-image-1630\" src=\"https:\/\/kiehl.mcsajans.com\/wp-content\/uploads\/2021\/02\/jet_icon.jpg\" alt=\"\" width=\"67\" height=\"67\" \/><\/p>\n<p><strong><span class=\"urun_text_02\">Metrekare ba\u015f\u0131na t\u00fcketim<\/span><\/strong><br \/>\nY\u00fczey temizli\u011fi: 5 ml<\/p>\n<p>Profesyonel kullan\u0131mlar i\u00e7indir!<\/p>\n<p><strong>Paketleme<\/strong><\/p>\n<p>12 x 500 ml \u015fi\u015felik koli \u00dcr. No. j 55 07 41<\/p>\n","protected":false},"featured_media":1676,"comment_status":"open","ping_status":"closed","template":"elementor_theme","meta":[],"yoast_head":"<!-- This site is optimized with the Yoast SEO plugin v15.9 - https:\/\/yoast.com\/wordpress\/plugins\/seo\/ -->\r\n<title>Vinoxin | K\u0130EHL<\/title>\r\n<meta name=\"description\" content=\"Vinoxin, kullan\u0131ma haz\u0131r, asit bazl\u0131, g\u00fc\u00e7l\u00fc bir temizleyicidir.\" \/>\r\n<meta name=\"robots\" content=\"index, follow, max-snippet:-1, max-image-preview:large, max-video-preview:-1\" \/>\r\n<link rel=\"canonical\" href=\"http:\/\/www.kiehlturkey.com\/index.php\/urun\/vinoxin\/\" \/>\r\n<meta property=\"og:locale\" content=\"tr_TR\" \/>\r\n<meta property=\"og:type\" content=\"article\" \/>\r\n<meta property=\"og:title\" content=\"Vinoxin | K\u0130EHL\" \/>\r\n<meta property=\"og:description\" content=\"Vinoxin, kullan\u0131ma haz\u0131r, asit bazl\u0131, g\u00fc\u00e7l\u00fc bir temizleyicidir.\" \/>\r\n<meta property=\"og:url\" content=\"http:\/\/www.kiehlturkey.com\/index.php\/urun\/vinoxin\/\" \/>\r\n<meta property=\"og:site_name\" content=\"K\u0130EHL\" \/>\r\n<meta property=\"article:modified_time\" content=\"2021-02-27T21:40:01+00:00\" \/>\r\n<meta property=\"og:image\" content=\"http:\/\/www.kiehlturkey.com\/wp-content\/uploads\/2021\/02\/vinoxin.jpg\" \/>\r\n\t<meta property=\"og:image:width\" content=\"500\" \/>\r\n\t<meta property=\"og:image:height\" content=\"500\" \/>\r\n<meta name=\"twitter:card\" content=\"summary_large_image\" \/>\r\n<meta name=\"twitter:label1\" content=\"Tahmini okuma s\u00fcresi\">\n\t<meta name=\"twitter:data1\" content=\"1 dakika\">\r\n<script type=\"application\/ld+json\" class=\"yoast-schema-graph\">{\"@context\":\"https:\/\/schema.org\",\"@graph\":[{\"@type\":\"WebSite\",\"@id\":\"http:\/\/www.kiehlturkey.com\/#website\",\"url\":\"http:\/\/www.kiehlturkey.com\/\",\"name\":\"K\\u0130EHL\",\"description\":\"die saubere L\\u00f6sung\",\"potentialAction\":[{\"@type\":\"SearchAction\",\"target\":\"http:\/\/www.kiehlturkey.com\/?s={search_term_string}\",\"query-input\":\"required name=search_term_string\"}],\"inLanguage\":\"tr\"},{\"@type\":\"ImageObject\",\"@id\":\"http:\/\/www.kiehlturkey.com\/index.php\/urun\/vinoxin\/#primaryimage\",\"inLanguage\":\"tr\",\"url\":\"http:\/\/www.kiehlturkey.com\/wp-content\/uploads\/2021\/02\/vinoxin.jpg\",\"width\":500,\"height\":500},{\"@type\":\"WebPage\",\"@id\":\"http:\/\/www.kiehlturkey.com\/index.php\/urun\/vinoxin\/#webpage\",\"url\":\"http:\/\/www.kiehlturkey.com\/index.php\/urun\/vinoxin\/\",\"name\":\"Vinoxin | K\\u0130EHL\",\"isPartOf\":{\"@id\":\"http:\/\/www.kiehlturkey.com\/#website\"},\"primaryImageOfPage\":{\"@id\":\"http:\/\/www.kiehlturkey.com\/index.php\/urun\/vinoxin\/#primaryimage\"},\"datePublished\":\"2021-02-27T21:34:47+00:00\",\"dateModified\":\"2021-02-27T21:40:01+00:00\",\"description\":\"Vinoxin, kullan\\u0131ma haz\\u0131r, asit bazl\\u0131, g\\u00fc\\u00e7l\\u00fc bir temizleyicidir.\",\"breadcrumb\":{\"@id\":\"http:\/\/www.kiehlturkey.com\/index.php\/urun\/vinoxin\/#breadcrumb\"},\"inLanguage\":\"tr\",\"potentialAction\":[{\"@type\":\"ReadAction\",\"target\":[\"http:\/\/www.kiehlturkey.com\/index.php\/urun\/vinoxin\/\"]}]},{\"@type\":\"BreadcrumbList\",\"@id\":\"http:\/\/www.kiehlturkey.com\/index.php\/urun\/vinoxin\/#breadcrumb\",\"itemListElement\":[{\"@type\":\"ListItem\",\"position\":1,\"item\":{\"@type\":\"WebPage\",\"@id\":\"http:\/\/www.kiehlturkey.com\/\",\"url\":\"http:\/\/www.kiehlturkey.com\/\",\"name\":\"Ana sayfa\"}},{\"@type\":\"ListItem\",\"position\":2,\"item\":{\"@type\":\"WebPage\",\"@id\":\"http:\/\/www.kiehlturkey.com\/index.php\/urunler\/\",\"url\":\"http:\/\/www.kiehlturkey.com\/index.php\/urunler\/\",\"name\":\"\\u00dcr\\u00fcnler\"}},{\"@type\":\"ListItem\",\"position\":3,\"item\":{\"@type\":\"WebPage\",\"@id\":\"http:\/\/www.kiehlturkey.com\/index.php\/urun\/vinoxin\/\",\"url\":\"http:\/\/www.kiehlturkey.com\/index.php\/urun\/vinoxin\/\",\"name\":\"Vinoxin\"}}]}]}<\/script>\r\n<!-- \/ Yoast SEO plugin. -->","_links":{"self":[{"href":"http:\/\/www.kiehlturkey.com\/index.php\/wp-json\/wp\/v2\/product\/1674"}],"collection":[{"href":"http:\/\/www.kiehlturkey.com\/index.php\/wp-json\/wp\/v2\/product"}],"about":[{"href":"http:\/\/www.kiehlturkey.com\/index.php\/wp-json\/wp\/v2\/types\/product"}],"replies":[{"embeddable":true,"href":"http:\/\/www.kiehlturkey.com\/index.php\/wp-json\/wp\/v2\/comments?post=1674"}],"version-history":[{"count":1,"href":"http:\/\/www.kiehlturkey.com\/index.php\/wp-json\/wp\/v2\/product\/1674\/revisions"}],"predecessor-version":[{"id":1677,"href":"http:\/\/www.kiehlturkey.com\/index.php\/wp-json\/wp\/v2\/product\/1674\/revisions\/1677"}],"wp:featuredmedia":[{"embeddable":true,"href":"http:\/\/www.kiehlturkey.com\/index.php\/wp-json\/wp\/v2\/media\/1676"}],"wp:attachment":[{"href":"http:\/\/www.kiehlturkey.com\/index.php\/wp-json\/wp\/v2\/media?parent=1674"}],"curies":[{"name":"wp","href":"https:\/\/api.w.org\/{rel}","templated":true}]}}