{"id":1680,"date":"2021-02-27T21:40:23","date_gmt":"2021-02-27T21:40:23","guid":{"rendered":"https:\/\/kiehl.mcsajans.com\/?post_type=product&#038;p=1680"},"modified":"2021-02-27T21:46:38","modified_gmt":"2021-02-27T21:46:38","slug":"xon-forte","status":"publish","type":"product","link":"http:\/\/www.kiehlturkey.com\/index.php\/urun\/xon-forte\/","title":{"rendered":"Xon-forte"},"content":{"rendered":"<p><strong><span class=\"urun_text_02\">\u00d6zellikleri : <\/span><\/strong><span class=\"urun_text_02\">Protein, i\u00e7ya\u011f\u0131, yanm\u0131\u015f ya da pi\u015fmi\u015f yemek art\u0131klar\u0131 gibi g\u0131da birikintilerini yok eder. Xon-forte ile temizlenen ve g\u0131da haz\u0131rlanmas\u0131nda kullan\u0131lan alanlar \u00e7e\u015fme suyu ile durulanmal\u0131d\u0131r. Xon-forte, g\u0131da haz\u0131rlama alanlar\u0131 i\u00e7in g\u00fcvenilirli\u011fi sertifikaland\u0131r\u0131lm\u0131\u015f bir \u00fcr\u00fcnd\u00fcr.<\/span><\/p>\n<p><span class=\"urun_text_02\"><strong>\u0130\u00e7indekiler :<\/strong> Non-iyonik y\u00fczey etkin maddeler &lt; 5%, sabun &lt; 5%, fosfatlar &lt; 5%, suda \u00e7\u00f6z\u00fcnebilen solventler, alkaliler, g\u0131da boyas\u0131 (Cl47005). pH-de\u011feri (konsantre): yakla\u015f\u0131k 13,5 pH-de\u011feri (kullan\u0131ma haz\u0131r sol\u00fcsyon): yakla\u015f\u0131k 13<br \/>\n<\/span><\/p>\n<p><span class=\"urun_text_02\"><strong>Kullan\u0131m Alanlar\u0131 :<\/strong> Izgara, f\u0131r\u0131n, s\u0131cak tabak, frit\u00f6z, davlumbaz, duvar ve yer karolar\u0131 gibi mutfaklarda ve g\u0131da haz\u0131rlama alanlar\u0131nda bulunan alkalilere dayan\u0131kl\u0131 t\u00fcm y\u00fczeylerde kullan\u0131ma uygundur. Al\u00fcminyum, anotlu al\u00fcminyum ve emaye gibi alkalilere duyarl\u0131 y\u00fczeylerde kullanmay\u0131n\u0131z.<\/span><\/p>\n<p><strong><span class=\"urun_text_02\">Kullan\u0131m \u015eekli :<\/span><\/strong><span class=\"urun_text_02\">llk uygulamadan \u00f6nce k\u00fc\u00e7\u00fck bir b\u00f6lgeyi materyalin alkali direncini \u00f6\u011frenmek i\u00e7in test edin. Xon-forte&#8217;yi seyreltmeden kullan\u0131n.<\/span><strong><span class=\"urun_text_02\"><br \/>\n<\/span><\/strong><\/p>\n<p><b><span class=\"urun_text_02\">Rutin temizlik (y\u00fczey temizli\u011fi) :<\/span>\u00a0<\/b>Temizlenecek e\u015fyay\u0131 (\u0131zgara, f\u0131r\u0131n vb.) max. 30\u00b0C&#8217;ya kadar \u0131s\u0131t\u0131p kapat\u0131n. Xon-forte&#8217;yi y\u00fczeye s\u0131k\u0131n ve 5-10 dakika etki etmesini bekleyin. Daha sonra bir bez ile ovun ve iyice durulay\u0131n. Ovalayarak kurulay\u0131n.<b><\/p>\n<p><span class=\"urun_text_02\">K\u00f6p\u00fckl\u00fc temizleme :\u00a0<\/span><\/b>Konteyn\u0131r\u0131 seyreltilmemi\u015f \u00fcr\u00fcnle doldurun. Meme pozisyonunu 1:4 ila 1:10 aras\u0131 bir konuma ayarlay\u0131n.<br \/>\n<b><br \/>\n<span class=\"urun_text_02\">Derinlemesine temizlik :<\/span>\u00a0<\/b>8 litre so\u011fuk suya 1 litre kat\u0131n. Temizleme sol\u00fcsyonunu zemine yay\u0131n, yakla\u015f\u0131k 10 dakika etki etmesini bekleyin. Daha sonra ovun ve kirli sol\u00fcsyonu vakumlad\u0131ktan sonra temiz suyla iyice durulay\u0131n. Sprey \u015fi\u015fesini 10 litrelik bidondan tekrar doldurun.<br \/>\n<b><br \/>\n<span class=\"urun_text_02\">Uyar\u0131 :<\/span><\/b> Kiehl \u00fcr\u00fcn\u00fcn\u00a0usule uygun olmayan kullan\u0131m\u0131 ve bundan do\u011facak zararlar i\u00e7in hi\u00e7bir sorumlulu\u011fu kabul etmez.<\/p>\n<p><img loading=\"lazy\" class=\"alignnone size-full wp-image-1683\" src=\"https:\/\/kiehl.mcsajans.com\/wp-content\/uploads\/2021\/02\/asindirici-4.jpg\" alt=\"\" width=\"69\" height=\"79\" \/> R 34 Yan\u0131klara neden olur.<br \/>\nS 24\/25 Deri ve g\u00f6zlere temas etmemesine dikkat ediniz.<br \/>\nS 26 G\u00f6zlere temas etmesi halinde, g\u00f6zleri bol miktarda su ile y\u0131kay\u0131n\u0131z ve<br \/>\ndoktora ba\u015fvurunuz.<br \/>\nS 36\/37\/39 Uygun eldiven ve y\u00fcz\/g\u00f6z koruyucu ekipmanlar kullan\u0131n\u0131z.<br \/>\nS 45 Herhangi bir kaza halinde veya kendinizi iyi hissetmedi\u011finizde en yak\u0131n t\u0131p merkezine ba\u015fvurunuz (\u00fcr\u00fcn etiketini hekime g\u00f6steriniz). Alkali sol\u00fcsyonlar\u0131 i\u00e7erir.<\/p>\n","protected":false},"excerpt":{"rendered":"<h1 class=\"detail-productname\"><span class=\"urun_baslik_08\">Xon-forte<\/span><\/h1>\n<p><span class=\"urun_text_02\">G\u0131da alanlar\u0131 i\u00e7in k\u00f6p\u00fckl\u00fc temizleyici<\/span><\/p>\n<p><span class=\"urun_text_02\"><strong>\u00d6zellikleri <\/strong>: Protein, i\u00e7ya\u011f\u0131, yanm\u0131\u015f ya da pi\u015fmi\u015f yemek art\u0131klar\u0131 gibi g\u0131da birikintilerini yok eder. Xon-forte ile temizlenen ve g\u0131da haz\u0131rlanmas\u0131nda kullan\u0131lan alanlar \u00e7e\u015fme suyu ile durulanmal\u0131d\u0131r. Xon-forte, g\u0131da haz\u0131rlama alanlar\u0131 i\u00e7in g\u00fcvenilirli\u011fi sertifikaland\u0131r\u0131lm\u0131\u015f bir \u00fcr\u00fcnd\u00fcr.<br \/>\n<\/span><\/p>\n<p>&nbsp;<\/p>\n<p>&nbsp;<\/p>\n<p>&nbsp;<\/p>\n<p>&nbsp;<\/p>\n<p>&nbsp;<\/p>\n<hr \/>\n<p><img loading=\"lazy\" class=\"alignnone size-full wp-image-1684\" src=\"https:\/\/kiehl.mcsajans.com\/wp-content\/uploads\/2021\/02\/xon-forte_icon.jpg\" alt=\"\" width=\"114\" height=\"120\" \/><\/p>\n<p><strong><span class=\"urun_text_02\">Metrekare ba\u015f\u0131na t\u00fcketim<\/span><\/strong><br \/>\nDerinlemesine temizlik: 75-150 ml<br \/>\nY\u00fczey temizli\u011fi: 5 ml<\/p>\n<p>Profesyonel kullan\u0131mlar i\u00e7indir!<\/p>\n<p><strong>Paketleme<\/strong><\/p>\n<p>Y\u00fczey temizli\u011fi: 0.5-1 ml<br \/>\nDerinlemesine temizlik: 40 ml<br \/>\nK\u00f6p\u00fckl\u00fc temizlik: 20 ml<\/p>\n","protected":false},"featured_media":1688,"comment_status":"open","ping_status":"closed","template":"elementor_theme","meta":[],"yoast_head":"<!-- This site is optimized with the Yoast SEO plugin v15.9 - https:\/\/yoast.com\/wordpress\/plugins\/seo\/ -->\r\n<title>Xon-forte | K\u0130EHL<\/title>\r\n<meta name=\"description\" content=\"Protein, i\u00e7ya\u011f\u0131, yanm\u0131\u015f ya da pi\u015fmi\u015f yemek art\u0131klar\u0131 gibi g\u0131da birikintilerini yok eder.\" \/>\r\n<meta name=\"robots\" content=\"index, follow, max-snippet:-1, max-image-preview:large, max-video-preview:-1\" \/>\r\n<link rel=\"canonical\" href=\"http:\/\/www.kiehlturkey.com\/index.php\/urun\/xon-forte\/\" \/>\r\n<meta property=\"og:locale\" content=\"tr_TR\" \/>\r\n<meta property=\"og:type\" content=\"article\" \/>\r\n<meta property=\"og:title\" content=\"Xon-forte | K\u0130EHL\" \/>\r\n<meta property=\"og:description\" content=\"Protein, i\u00e7ya\u011f\u0131, yanm\u0131\u015f ya da pi\u015fmi\u015f yemek art\u0131klar\u0131 gibi g\u0131da birikintilerini yok eder.\" \/>\r\n<meta property=\"og:url\" content=\"http:\/\/www.kiehlturkey.com\/index.php\/urun\/xon-forte\/\" \/>\r\n<meta property=\"og:site_name\" content=\"K\u0130EHL\" \/>\r\n<meta property=\"article:modified_time\" content=\"2021-02-27T21:46:38+00:00\" \/>\r\n<meta property=\"og:image\" content=\"http:\/\/www.kiehlturkey.com\/wp-content\/uploads\/2021\/02\/xon-forte.jpg\" \/>\r\n\t<meta property=\"og:image:width\" content=\"500\" \/>\r\n\t<meta property=\"og:image:height\" content=\"500\" \/>\r\n<meta name=\"twitter:card\" content=\"summary_large_image\" \/>\r\n<meta name=\"twitter:label1\" content=\"Tahmini okuma s\u00fcresi\">\n\t<meta name=\"twitter:data1\" content=\"2 dakika\">\r\n<script type=\"application\/ld+json\" class=\"yoast-schema-graph\">{\"@context\":\"https:\/\/schema.org\",\"@graph\":[{\"@type\":\"WebSite\",\"@id\":\"http:\/\/www.kiehlturkey.com\/#website\",\"url\":\"http:\/\/www.kiehlturkey.com\/\",\"name\":\"K\\u0130EHL\",\"description\":\"die saubere L\\u00f6sung\",\"potentialAction\":[{\"@type\":\"SearchAction\",\"target\":\"http:\/\/www.kiehlturkey.com\/?s={search_term_string}\",\"query-input\":\"required name=search_term_string\"}],\"inLanguage\":\"tr\"},{\"@type\":\"ImageObject\",\"@id\":\"http:\/\/www.kiehlturkey.com\/index.php\/urun\/xon-forte\/#primaryimage\",\"inLanguage\":\"tr\",\"url\":\"http:\/\/www.kiehlturkey.com\/wp-content\/uploads\/2021\/02\/xon-forte.jpg\",\"width\":500,\"height\":500},{\"@type\":\"WebPage\",\"@id\":\"http:\/\/www.kiehlturkey.com\/index.php\/urun\/xon-forte\/#webpage\",\"url\":\"http:\/\/www.kiehlturkey.com\/index.php\/urun\/xon-forte\/\",\"name\":\"Xon-forte | K\\u0130EHL\",\"isPartOf\":{\"@id\":\"http:\/\/www.kiehlturkey.com\/#website\"},\"primaryImageOfPage\":{\"@id\":\"http:\/\/www.kiehlturkey.com\/index.php\/urun\/xon-forte\/#primaryimage\"},\"datePublished\":\"2021-02-27T21:40:23+00:00\",\"dateModified\":\"2021-02-27T21:46:38+00:00\",\"description\":\"Protein, i\\u00e7ya\\u011f\\u0131, yanm\\u0131\\u015f ya da pi\\u015fmi\\u015f yemek art\\u0131klar\\u0131 gibi g\\u0131da birikintilerini yok eder.\",\"breadcrumb\":{\"@id\":\"http:\/\/www.kiehlturkey.com\/index.php\/urun\/xon-forte\/#breadcrumb\"},\"inLanguage\":\"tr\",\"potentialAction\":[{\"@type\":\"ReadAction\",\"target\":[\"http:\/\/www.kiehlturkey.com\/index.php\/urun\/xon-forte\/\"]}]},{\"@type\":\"BreadcrumbList\",\"@id\":\"http:\/\/www.kiehlturkey.com\/index.php\/urun\/xon-forte\/#breadcrumb\",\"itemListElement\":[{\"@type\":\"ListItem\",\"position\":1,\"item\":{\"@type\":\"WebPage\",\"@id\":\"http:\/\/www.kiehlturkey.com\/\",\"url\":\"http:\/\/www.kiehlturkey.com\/\",\"name\":\"Ana sayfa\"}},{\"@type\":\"ListItem\",\"position\":2,\"item\":{\"@type\":\"WebPage\",\"@id\":\"http:\/\/www.kiehlturkey.com\/index.php\/urunler\/\",\"url\":\"http:\/\/www.kiehlturkey.com\/index.php\/urunler\/\",\"name\":\"\\u00dcr\\u00fcnler\"}},{\"@type\":\"ListItem\",\"position\":3,\"item\":{\"@type\":\"WebPage\",\"@id\":\"http:\/\/www.kiehlturkey.com\/index.php\/urun\/xon-forte\/\",\"url\":\"http:\/\/www.kiehlturkey.com\/index.php\/urun\/xon-forte\/\",\"name\":\"Xon-forte\"}}]}]}<\/script>\r\n<!-- \/ Yoast SEO plugin. -->","_links":{"self":[{"href":"http:\/\/www.kiehlturkey.com\/index.php\/wp-json\/wp\/v2\/product\/1680"}],"collection":[{"href":"http:\/\/www.kiehlturkey.com\/index.php\/wp-json\/wp\/v2\/product"}],"about":[{"href":"http:\/\/www.kiehlturkey.com\/index.php\/wp-json\/wp\/v2\/types\/product"}],"replies":[{"embeddable":true,"href":"http:\/\/www.kiehlturkey.com\/index.php\/wp-json\/wp\/v2\/comments?post=1680"}],"version-history":[{"count":1,"href":"http:\/\/www.kiehlturkey.com\/index.php\/wp-json\/wp\/v2\/product\/1680\/revisions"}],"predecessor-version":[{"id":1689,"href":"http:\/\/www.kiehlturkey.com\/index.php\/wp-json\/wp\/v2\/product\/1680\/revisions\/1689"}],"wp:featuredmedia":[{"embeddable":true,"href":"http:\/\/www.kiehlturkey.com\/index.php\/wp-json\/wp\/v2\/media\/1688"}],"wp:attachment":[{"href":"http:\/\/www.kiehlturkey.com\/index.php\/wp-json\/wp\/v2\/media?parent=1680"}],"curies":[{"name":"wp","href":"https:\/\/api.w.org\/{rel}","templated":true}]}}